{"id":46,"date":"2017-12-07T11:05:46","date_gmt":"2017-12-07T10:05:46","guid":{"rendered":"http:\/\/test.13muz.eu\/?page_id=46"},"modified":"2026-02-11T13:28:14","modified_gmt":"2026-02-11T12:28:14","slug":"wizja-i-misja-domu-kultury-13-muz","status":"publish","type":"page","link":"https:\/\/13muz.eu\/en\/wizja-i-misja-domu-kultury-13-muz\/","title":{"rendered":"Wizja i misja Domu Kultury \u201e13 Muz\u201d"},"content":{"rendered":"<h2 style=\"text-align: justify;\">\u201eNowa\u201d misja i wizja.<\/h2>\n<p style=\"text-align: justify;\"><a href=\"https:\/\/13muz.eu\/wp-content\/uploads\/2026\/01\/Program-strategiczny-dzialania-instytucji-DK-13-Muz_Waldemar-Kulpa_14.12.2025.pdf\" target=\"_blank\" rel=\"noopener\">Strategiczny program dzia\u0142ania na lata 2026-2028 &#8211; kliknij, aby przeczyta\u0107 wi\u0119cej<\/a><\/p>\n<p>Misja i wizja Domu Kultury \u201e13 Muz\u201d stanowi\u0105 fundament kierunk\u00f3w programowych, organizacyjnych i spo\u0142ecznych instytucji. Okre\u015blaj\u0105 jej to\u017csamo\u015b\u0107, warto\u015bci oraz aspiracje na kolejne lata rozwoju zar\u00f3wno w obszarze dzia\u0142alno\u015bci artystycznej, jak i edukacyjnej, spo\u0142ecznej czy cyfrowej.<br \/>\nS\u0105 odpowiedzi\u0105 na zmieniaj\u0105c\u0105 si\u0119 rzeczywisto\u015b\u0107 kulturow\u0105, potrzeby mieszka\u0144c\u00f3w oraz wyzwania, jakie stoj\u0105 przed wsp\u00f3\u0142czesnymi instytucjami kultury.<\/p>\n<p style=\"text-align: justify;\">W latach 2017\u20132025 DK \u201e13 Muz\u201d przeszed\u0142 jeden z najbardziej dynamicznych etap\u00f3w w swojej historii: odbudowa\u0142 swoj\u0105 rozpoznawalno\u015b\u0107, stworzy\u0142 silne marki wydarze\u0144, poszerzy\u0142 program, wzmocni\u0142 kompetencje zespo\u0142u, zorganizowa\u0142 ponad dwa tysi\u0105ce wydarze\u0144 i zbudowa\u0142 trwa\u0142e relacje z publiczno\u015bci\u0105. Ten rozw\u00f3j, poparty do\u015bwiadczeniem i konsekwentn\u0105 prac\u0105 programow\u0105, wyznacza naturalny moment na zdefiniowanie na nowo cel\u00f3w i kierunk\u00f3w, kt\u00f3re b\u0119d\u0105 prowadzi\u0107 instytucj\u0119 w nadchodz\u0105cej dekadzie.<\/p>\n<p style=\"text-align: justify;\">Nowa misja i wizja odpowiadaj\u0105 na europejskie standardy dost\u0119pno\u015bci, inkluzywno\u015bci i zr\u00f3wnowa\u017conego rozwoju, a jednocze\u015bnie czerpi\u0105 z bogatej historii instytucji od Czwartk\u00f3w Literackich z 1946 roku, przez wieloletnie cykle muzyczne i edukacyjne, a\u017c po wsp\u00f3\u0142czesne dzia\u0142ania cyfrowe, interdyscyplinarne i spo\u0142eczne. Okre\u015blaj\u0105 one nie tylko to, czym jest dzi\u015b Dom Kultury \u201e13 Muz\u201d, lecz przede wszystkim jakim chce by\u0107 w przysz\u0142o\u015bci &#8211; nowoczesnym, otwartym i zaanga\u017cowanym o\u015brodkiem kultury, odpowiadaj\u0105cym na potrzeby mieszka\u0144c\u00f3w i wyznaczaj\u0105cym kierunki rozwoju dla kultury w regionie.<\/p>\n<h3>Nowa misja.<\/h3>\n<p style=\"text-align: justify;\">Misj\u0105 Domu Kultury \u201e13 Muz\u201d jest tworzenie otwartej, interdyscyplinarnej i dost\u0119pnej przestrzeni kultury, kt\u00f3ra rozwija wra\u017cliwo\u015b\u0107, kreatywno\u015b\u0107 i uczestnictwo wszystkich grup spo\u0142ecznych. Instytucja realizuje swoje zadania poprzez profesjonalny, nowoczesny i zr\u00f3wnowa\u017cony model dzia\u0142ania, zgodny z europejskimi standardami inkluzywno\u015bci, dost\u0119pno\u015bci, edukacji kulturowej i r\u00f3\u017cnorodno\u015bci artystycznej.<br \/>\nDK \u201e13 Muz\u201d s\u0142u\u017cy mieszka\u0144com jako demokratyczna, go\u015bcinna i tw\u00f3rcza platforma spotka\u0144 &#8211; miejsca, ludzi, idei i sztuk, odpowiadaj\u0105ca na realne potrzeby spo\u0142eczno\u015bci lokalnej, buduj\u0105ca to\u017csamo\u015b\u0107 regionu oraz wspieraj\u0105ca rozw\u00f3j kultury wsp\u00f3\u0142czesnej.<\/p>\n<p style=\"text-align: justify;\">Nasz\u0105 misj\u0105 jest r\u00f3wnie\u017c piel\u0119gnowanie dziedzictwa instytucji, wzmacnianie kompetencji uczestnik\u00f3w, rozwijanie wsp\u00f3\u0142pracy lokalnej, og\u00f3lnopolskiej i mi\u0119dzynarodowej oraz kszta\u0142towanie kultury zaanga\u017cowanej, dost\u0119pnej i przysz\u0142o\u015bciowej.<\/p>\n<p style=\"text-align: center;\"><strong>Realizujemy kultur\u0119 w spos\u00f3b nowoczesny, dost\u0119pny, partnerski i zr\u00f3wnowa\u017cony &#8211; dla wszystkich mieszka\u0144c\u00f3w, we wszystkich obszarach sztuki, zgodnie z najwy\u017cszymi europejskimi standardami.<\/strong><\/p>\n<h3>Nowa wizja.<\/h3>\n<h4>1. Instytucja interdyscyplinarna.<\/h4>\n<p style=\"text-align: justify;\">\u201e13 Muz\u201d to nowoczesny dom kultury XXI wieku, kt\u00f3ry w jednym miejscu \u0142\u0105czy sztuki wizualne, muzyk\u0119, literatur\u0119, taniec, teatr, dzia\u0142ania performatywne, edukacj\u0119, dzia\u0142ania spo\u0142eczne i cyfrowe. <strong>To przestrze\u0144, gdzie spotyka si\u0119 profesjonalna sztuka, tw\u00f3rczo\u015b\u0107 amatorska i edukacja artystyczna.<\/strong><\/p>\n<h4>2. Lider dost\u0119pnej, inkluzywnej kultury.<\/h4>\n<p style=\"text-align: justify;\">Instytucja dzia\u0142a w oparciu o Model Dost\u0119pnej Kultury NCK, europejskie standardy r\u00f3wno\u015bci szans i zasady zr\u00f3wnowa\u017conego rozwoju, <strong>\u201e13 Muz\u201d jest miejscem, w kt\u00f3rym ka\u017cdy bez wzgl\u0119du na wiek, kompetencje, sprawno\u015b\u0107, status spo\u0142eczny czy pochodzenie mo\u017ce tworzy\u0107, do\u015bwiadcza\u0107 i wsp\u00f3\u0142uczestniczy\u0107 w kulturze.<\/strong><\/p>\n<h4>3. Dom kultury zakorzeniony w spo\u0142eczno\u015bci.<\/h4>\n<p style=\"text-align: justify;\">Instytucja jest centrum \u017cycia lokalnego, wzmacnia wi\u0119zi spo\u0142eczne, rozwija kapita\u0142 spo\u0142eczny, wspiera grupy tw\u00f3rcze i animuje znacz\u0105ce dla mieszka\u0144c\u00f3w wydarzenia.<br \/>\nMarki instytucji takie jak: \u201eZachodniopomorskie Spotkania Artystyczne Senior\u00f3w\u201d, \u201eFestiwal Sztuk UHURU\u201d, \u201eInspektor Jass na tropie\u201d , \u201eZ g\u00f3rnej p\u00f3\u0142ki\u201d, orkiestra \u201eSzczeci\u0144ska Trzynastka\u201d czy galerie \u201eFoyer\u201d i \u201eEnter\u201d, platformy internetowe, tworz\u0105 jej unikaln\u0105 to\u017csamo\u015b\u0107 i buduj\u0105 renom\u0119 na poziomie regionalnym i og\u00f3lnopolskim.<\/p>\n<h4>4. Instytucja kultury przysz\u0142o\u015bci \u2013 silna cyfrowo.<\/h4>\n<p style=\"text-align: justify;\">\u201e13 Muz\u201d rozwija dzia\u0142ania online, streamingi, platformy edukacyjne i filmowe projekty internetowe m.in. \u201eTemat Rzeka\u201d, \u201eLecim za Szczecin\u201d, \u201eReymont \u2013 \u017bywe Opowie\u015bci\u201d, dzi\u0119ki czemu kultura staje si\u0119 dost\u0119pna tak\u017ce poza murami budynku i poza granicami regionu.<\/p>\n<h4>5. Przestrze\u0144 partnerska i wsp\u00f3\u0142pracuj\u0105ca.<\/h4>\n<p style=\"text-align: justify;\">Instytucja dzia\u0142a w oparciu o sieciowanie i wsp\u00f3\u0142prac\u0119 z artystami, organizacjami spo\u0142ecznymi (m.in. wzorcowa wsp\u00f3\u0142praca z Fundacj\u0105 Las Sztuki i galeri\u0105 \u201eTworz\u0119 si\u0119\u201d), szko\u0142ami, uczelniami, instytucjami kultury i partnerami mi\u0119dzynarodowymi.<\/p>\n<h4>6. Nowoczesna instytucja po modernizacji.<\/h4>\n<p style=\"text-align: justify;\">Po remoncie DK \u201e13 Muz\u201d stanie si\u0119 w pe\u0142ni dost\u0119pn\u0105 architektonicznie, funkcjonaln\u0105 i nowocze\u015bnie wyposa\u017con\u0105 instytucj\u0105 kultury. Nowy model funkcjonowania umo\u017cliwi realizacj\u0119 wielowymiarowego programu, odpowiadaj\u0105cego standardom europejskim i oczekiwaniom mieszka\u0144c\u00f3w.<\/p>\n<h4>7. Renomowany o\u015brodek kultury o rozpoznawalnej marce.<\/h4>\n<p style=\"text-align: left;\">Dzi\u0119ki markom stworzonym w latach 2017\u20132025 oraz konsekwentnym dzia\u0142aniom programowym i digitalizacyjnym, \u201e13 Muz\u201d utrwali swoja pozycj\u0119 jako wiod\u0105cy dom kultury w regionie &#8211; nowoczesny, odwa\u017cny, profesjonalny i spo\u0142ecznie odpowiedzialny.<\/p>\n<p style=\"text-align: center;\"><strong>Dom Kultury \u201e13 Muz\u201d to nowoczesny, dost\u0119pny i interdyscyplinarny o\u015brodek kultury, kt\u00f3ry \u0142\u0105czy tradycj\u0119 z innowacj\u0105, edukacj\u0119 z tw\u00f3rczo\u015bci\u0105, dzia\u0142alno\u015b\u0107 lokaln\u0105 z mi\u0119dzynarodow\u0105 buduj\u0105c otwart\u0105, r\u00f3\u017cnorodn\u0105 i zaanga\u017cowan\u0105 spo\u0142ecznie wsp\u00f3lnot\u0119 kultury.<\/strong><\/p>\n<p><img loading=\"lazy\" decoding=\"async\" class=\"aligncenter size-full wp-image-72707\" src=\"http:\/\/13muz.eu\/wp-content\/uploads\/2026\/02\/Diagram-misja-i-wizja-scaled.jpg\" alt=\"\" width=\"1811\" height=\"2560\" srcset=\"https:\/\/13muz.eu\/wp-content\/uploads\/2026\/02\/Diagram-misja-i-wizja-scaled.jpg 1811w, https:\/\/13muz.eu\/wp-content\/uploads\/2026\/02\/Diagram-misja-i-wizja-212x300.jpg 212w, https:\/\/13muz.eu\/wp-content\/uploads\/2026\/02\/Diagram-misja-i-wizja-724x1024.jpg 724w, https:\/\/13muz.eu\/wp-content\/uploads\/2026\/02\/Diagram-misja-i-wizja-768x1086.jpg 768w, https:\/\/13muz.eu\/wp-content\/uploads\/2026\/02\/Diagram-misja-i-wizja-1086x1536.jpg 1086w, https:\/\/13muz.eu\/wp-content\/uploads\/2026\/02\/Diagram-misja-i-wizja-1448x2048.jpg 1448w, https:\/\/13muz.eu\/wp-content\/uploads\/2026\/02\/Diagram-misja-i-wizja-400x566.jpg 400w\" sizes=\"auto, (max-width: 1811px) 100vw, 1811px\" \/><\/p>\n","protected":false},"excerpt":{"rendered":"<p>\u201eNowa\u201d misja i wizja. Strategiczny program dzia\u0142ania na lata 2026-2028 &#8211; kliknij, aby przeczyta\u0107 wi\u0119cej Misja i wizja Domu Kultury \u201e13 Muz\u201d stanowi\u0105 fundament kierunk\u00f3w programowych, organizacyjnych i spo\u0142ecznych instytucji. Okre\u015blaj\u0105 jej to\u017csamo\u015b\u0107, warto\u015bci oraz aspiracje na kolejne lata rozwoju zar\u00f3wno w obszarze dzia\u0142alno\u015bci artystycznej, jak i edukacyjnej, spo\u0142ecznej czy cyfrowej. S\u0105 odpowiedzi\u0105 na zmieniaj\u0105c\u0105 si\u0119 rzeczywisto\u015b\u0107 kulturow\u0105, potrzeby mieszka\u0144c\u00f3w oraz wyzwania, jakie stoj\u0105 przed wsp\u00f3\u0142czesnymi instytucjami kultury. W latach 2017\u20132025 DK \u201e13 Muz\u201d przeszed\u0142 jeden z najbardziej dynamicznych etap\u00f3w w swojej historii: odbudowa\u0142 swoj\u0105 rozpoznawalno\u015b\u0107, stworzy\u0142 silne marki wydarze\u0144, poszerzy\u0142 program, wzmocni\u0142 kompetencje zespo\u0142u, zorganizowa\u0142 ponad dwa tysi\u0105ce wydarze\u0144 [&hellip;]<\/p>\n","protected":false},"author":1,"featured_media":0,"parent":0,"menu_order":0,"comment_status":"closed","ping_status":"closed","template":"","meta":{"ngg_post_thumbnail":0,"_price":"","_stock":"","_tribe_ticket_header":"","_tribe_default_ticket_provider":"","_ticket_start_date":"","_ticket_end_date":"","_tribe_ticket_show_description":"","_tribe_ticket_show_not_going":false,"_tribe_ticket_use_global_stock":"","_tribe_ticket_global_stock_level":"","_global_stock_mode":"","_global_stock_cap":"","_tribe_rsvp_for_event":"","_tribe_ticket_going_count":"","_tribe_ticket_not_going_count":"","_tribe_tickets_list":"[]","_tribe_ticket_has_attendee_info_fields":false,"footnotes":"","_tec_slr_enabled":"","_tec_slr_layout":""},"class_list":["post-46","page","type-page","status-publish","hentry"],"ticketed":false,"post_mailing_queue_ids":[],"_links":{"self":[{"href":"https:\/\/13muz.eu\/en\/wp-json\/wp\/v2\/pages\/46","targetHints":{"allow":["GET"]}}],"collection":[{"href":"https:\/\/13muz.eu\/en\/wp-json\/wp\/v2\/pages"}],"about":[{"href":"https:\/\/13muz.eu\/en\/wp-json\/wp\/v2\/types\/page"}],"author":[{"embeddable":true,"href":"https:\/\/13muz.eu\/en\/wp-json\/wp\/v2\/users\/1"}],"replies":[{"embeddable":true,"href":"https:\/\/13muz.eu\/en\/wp-json\/wp\/v2\/comments?post=46"}],"version-history":[{"count":8,"href":"https:\/\/13muz.eu\/en\/wp-json\/wp\/v2\/pages\/46\/revisions"}],"predecessor-version":[{"id":72710,"href":"https:\/\/13muz.eu\/en\/wp-json\/wp\/v2\/pages\/46\/revisions\/72710"}],"wp:attachment":[{"href":"https:\/\/13muz.eu\/en\/wp-json\/wp\/v2\/media?parent=46"}],"curies":[{"name":"wp","href":"https:\/\/api.w.org\/{rel}","templated":true}]}}