{"id":44,"date":"2017-12-07T11:04:55","date_gmt":"2017-12-07T11:04:55","guid":{"rendered":"http:\/\/test.13muz.eu\/?page_id=44"},"modified":"2023-07-04T13:24:55","modified_gmt":"2023-07-04T11:24:55","slug":"o-nas","status":"publish","type":"page","link":"https:\/\/13muz.eu\/en\/o-nas\/","title":{"rendered":"O NAS"},"content":{"rendered":"<p style=\"text-align: justify;\">Dom Kultury \u201e13 Muz\u201d to miejska instytucja kultury, kt\u00f3rej dzia\u0142ania koncentruj\u0105 s<img loading=\"lazy\" decoding=\"async\" class=\"wp-image-220 alignleft\" src=\"http:\/\/test.13muz.eu\/wp-content\/uploads\/2017\/12\/onas1-300x204.jpg\" alt=\"\" width=\"224\" height=\"152\" srcset=\"https:\/\/13muz.eu\/wp-content\/uploads\/2017\/12\/onas1-300x204.jpg 300w, https:\/\/13muz.eu\/wp-content\/uploads\/2017\/12\/onas1-768x524.jpg 768w, https:\/\/13muz.eu\/wp-content\/uploads\/2017\/12\/onas1.jpg 1024w, https:\/\/13muz.eu\/wp-content\/uploads\/2017\/12\/onas1-620x420.jpg 620w, https:\/\/13muz.eu\/wp-content\/uploads\/2017\/12\/onas1-400x273.jpg 400w\" sizes=\"auto, (max-width: 224px) 100vw, 224px\" \/>i\u0119 wok\u00f3\u0142&nbsp;rozpoznawania, rozbudzania i zaspokajania potrzeb i aspiracji kulturalnych Szczecinian, a tak\u017ce&nbsp;rozwoju,&nbsp;promocji i popularyzacji wszelkich form aktywno\u015bci zwi\u0105zanych z kultur\u0105 i sztuk\u0105.<\/p>\n<p style=\"text-align: justify;\">Wsp\u00f3\u0142praca z wieloma wa\u017cnymi podmiotami \u017cycia kulturalnego dzia\u0142aj\u0105cymi na terenie miasta i poza nim, gwarantuje szeroki wachlarz wydarze\u0144, warsztat\u00f3w i przer\u00f3\u017cnych form dzia\u0142a\u0144, kt\u00f3re na co dzie\u0144 podejmujemy, aby zaciekawi\u0107 naszych odbiorc\u00f3w, artyst\u00f3w i tw\u00f3rc\u00f3w.<\/p>\n<p><img loading=\"lazy\" decoding=\"async\" class=\"wp-image-13723 alignright\" src=\"http:\/\/test.13muz.eu\/wp-content\/uploads\/2018\/05\/21741300_1663716870319026_725780511183882278_o-2-1024x672.jpg\" alt=\"\" width=\"453\" height=\"297\" srcset=\"https:\/\/13muz.eu\/wp-content\/uploads\/2018\/05\/21741300_1663716870319026_725780511183882278_o-2-1024x672.jpg 1024w, https:\/\/13muz.eu\/wp-content\/uploads\/2018\/05\/21741300_1663716870319026_725780511183882278_o-2-300x197.jpg 300w, https:\/\/13muz.eu\/wp-content\/uploads\/2018\/05\/21741300_1663716870319026_725780511183882278_o-2-768x504.jpg 768w, https:\/\/13muz.eu\/wp-content\/uploads\/2018\/05\/21741300_1663716870319026_725780511183882278_o-2-400x262.jpg 400w, https:\/\/13muz.eu\/wp-content\/uploads\/2018\/05\/21741300_1663716870319026_725780511183882278_o-2.jpg 1270w\" sizes=\"auto, (max-width: 453px) 100vw, 453px\" \/><\/p>\n<p>&nbsp;<\/p>\n<h4>Dowiedz si\u0119 wi\u0119cej:<\/h4>\n<ul class=\"sitemap\">\n<li style=\"list-style-type: none;\">\n<ul>\n<li style=\"text-align: left;\"><a class=\"list-main\" href=\"http:\/\/13muz.eu\/wizja-i-misja-domu-kultury-13-muz\/\">Wizja i misja domu kultury \u201e13 Muz\u201d<\/a><\/li>\n<li style=\"text-align: left;\"><a class=\"list-main\" href=\"http:\/\/13muz.eu\/nasze-miejsca\/\">Nasze miejsca<\/a><\/li>\n<li style=\"text-align: left;\"><a class=\"list-main\" href=\"http:\/\/13muz.eu\/zespol-domu-kultury-13-muz\/\">Zesp\u00f3\u0142 Domu Kultury \u201e13 Muz\u201d<\/a><\/li>\n<li style=\"text-align: left;\"><a class=\"list-main\" href=\"http:\/\/13muz.eu\/rezydenci-domu-kultury-13-muz\/\">Rezydenci Domu Kultury \u201e13 Muz\u201d<\/a><\/li>\n<li style=\"text-align: left;\"><a class=\"list-main\" href=\"https:\/\/13muz.eu\/szczecinska-trzynastka-orkiestra-deta-domu-kultury-13-muz\/\">Szczeci\u0144ska Trzynastka &#8211; orkiestra d\u0119ta Domu Kultury \u201e13 Muz\u201d<\/a><\/li>\n<li style=\"text-align: left;\"><a class=\"list-main\" href=\"http:\/\/13muz.eu\/historia\/\">Historia<\/a><\/li>\n<li style=\"text-align: left;\"><a class=\"list-main\" href=\"http:\/\/13muz.eu\/Publikacje\/\">Publikacje<\/a><\/li>\n<li style=\"text-align: left;\"><a class=\"list-main\" href=\"http:\/\/13muz.eu\/logo-13-muz\/\">Logo \u201e13 Muz\u201d<\/a><\/li>\n<\/ul>\n<\/li>\n<\/ul>\n","protected":false},"excerpt":{"rendered":"<p>Dom Kultury \u201e13 Muz\u201d to miejska instytucja kultury, kt\u00f3rej dzia\u0142ania koncentruj\u0105 si\u0119 wok\u00f3\u0142&nbsp;rozpoznawania, rozbudzania i zaspokajania potrzeb i aspiracji kulturalnych Szczecinian, a tak\u017ce&nbsp;rozwoju,&nbsp;promocji i popularyzacji wszelkich form aktywno\u015bci zwi\u0105zanych z kultur\u0105 i sztuk\u0105. Wsp\u00f3\u0142praca z wieloma wa\u017cnymi podmiotami \u017cycia kulturalnego dzia\u0142aj\u0105cymi na terenie miasta i poza nim, gwarantuje szeroki wachlarz wydarze\u0144, warsztat\u00f3w i przer\u00f3\u017cnych form dzia\u0142a\u0144, kt\u00f3re na co dzie\u0144 podejmujemy, aby zaciekawi\u0107 naszych odbiorc\u00f3w, artyst\u00f3w i tw\u00f3rc\u00f3w. &nbsp; Dowiedz si\u0119 wi\u0119cej: Wizja i misja domu kultury \u201e13 Muz\u201d Nasze miejsca Zesp\u00f3\u0142 Domu Kultury \u201e13 Muz\u201d Rezydenci Domu Kultury \u201e13 Muz\u201d Szczeci\u0144ska Trzynastka &#8211; orkiestra d\u0119ta Domu Kultury \u201e13 Muz\u201d [&hellip;]<\/p>\n","protected":false},"author":1,"featured_media":0,"parent":0,"menu_order":0,"comment_status":"closed","ping_status":"closed","template":"","meta":{"ngg_post_thumbnail":0,"_price":"","_stock":"","_tribe_ticket_header":"","_tribe_default_ticket_provider":"","_ticket_start_date":"","_ticket_end_date":"","_tribe_ticket_show_description":"","_tribe_ticket_show_not_going":false,"_tribe_ticket_use_global_stock":"","_tribe_ticket_global_stock_level":"","_global_stock_mode":"","_global_stock_cap":"","_tribe_rsvp_for_event":"","_tribe_ticket_going_count":"","_tribe_ticket_not_going_count":"","_tribe_tickets_list":"[]","_tribe_ticket_has_attendee_info_fields":false,"footnotes":"","_tec_slr_enabled":"","_tec_slr_layout":""},"class_list":["post-44","page","type-page","status-publish","hentry"],"ticketed":false,"post_mailing_queue_ids":[],"_links":{"self":[{"href":"https:\/\/13muz.eu\/en\/wp-json\/wp\/v2\/pages\/44","targetHints":{"allow":["GET"]}}],"collection":[{"href":"https:\/\/13muz.eu\/en\/wp-json\/wp\/v2\/pages"}],"about":[{"href":"https:\/\/13muz.eu\/en\/wp-json\/wp\/v2\/types\/page"}],"author":[{"embeddable":true,"href":"https:\/\/13muz.eu\/en\/wp-json\/wp\/v2\/users\/1"}],"replies":[{"embeddable":true,"href":"https:\/\/13muz.eu\/en\/wp-json\/wp\/v2\/comments?post=44"}],"version-history":[{"count":0,"href":"https:\/\/13muz.eu\/en\/wp-json\/wp\/v2\/pages\/44\/revisions"}],"wp:attachment":[{"href":"https:\/\/13muz.eu\/en\/wp-json\/wp\/v2\/media?parent=44"}],"curies":[{"name":"wp","href":"https:\/\/api.w.org\/{rel}","templated":true}]}}