{"id":42457,"date":"2021-11-18T14:25:50","date_gmt":"2021-11-18T13:25:50","guid":{"rendered":"https:\/\/13muz.eu\/?page_id=42457"},"modified":"2023-10-06T08:45:42","modified_gmt":"2023-10-06T06:45:42","slug":"joga-dla-osob-po-kryzysach-psychicznych","status":"publish","type":"page","link":"https:\/\/13muz.eu\/en\/joga-dla-osob-po-kryzysach-psychicznych\/","title":{"rendered":"Joga dla os\u00f3b po kryzysach psychicznych"},"content":{"rendered":"<p>&nbsp;<\/p>\n<p><img loading=\"lazy\" decoding=\"async\" class=\"size-medium wp-image-42458 alignleft\" src=\"https:\/\/13muz.eu\/wp-content\/uploads\/2021\/11\/Joga-dla-osob-po-kryzysach-psychicznych-300x193.jpg\" alt=\"\" width=\"300\" height=\"193\" srcset=\"https:\/\/13muz.eu\/wp-content\/uploads\/2021\/11\/Joga-dla-osob-po-kryzysach-psychicznych-300x193.jpg 300w, https:\/\/13muz.eu\/wp-content\/uploads\/2021\/11\/Joga-dla-osob-po-kryzysach-psychicznych-1024x660.jpg 1024w, https:\/\/13muz.eu\/wp-content\/uploads\/2021\/11\/Joga-dla-osob-po-kryzysach-psychicznych-768x495.jpg 768w, https:\/\/13muz.eu\/wp-content\/uploads\/2021\/11\/Joga-dla-osob-po-kryzysach-psychicznych-1536x990.jpg 1536w, https:\/\/13muz.eu\/wp-content\/uploads\/2021\/11\/Joga-dla-osob-po-kryzysach-psychicznych-400x258.jpg 400w, https:\/\/13muz.eu\/wp-content\/uploads\/2021\/11\/Joga-dla-osob-po-kryzysach-psychicznych.jpg 1920w\" sizes=\"auto, (max-width: 300px) 100vw, 300px\" \/><\/p>\n<p style=\"text-align: justify;\">Od listopada 2021 r. Stowarzyszenie Rodzin i Przyjaci\u00f3\u0142 Os\u00f3b Mniejszych Szans \u201eWi\u0119\u017a\u201d we wsp\u00f3\u0142pracy z Domem Kultury \u201e13 Muz\u201d organizuje treningi jogi dla os\u00f3b po kryzysach psychicznych, prowadzone przez Tomasza Doro\u017cy\u0144skiego dyplomowanego nauczyciela Hatha i Ashtanga Yogi.<\/p>\n<p style=\"text-align: justify;\">Celem trening\u00f3w jest wi\u0119ksza \u015bwiadomo\u015b\u0107 oddechu i cia\u0142a, co ma sprzyja\u0107 lepszej r\u00f3wnowadze psychicznej uczestnik\u00f3w zaj\u0119\u0107, kt\u00f3rych elementem s\u0105 te\u017c treningi relaksacji, maj\u0105ce wprowadzi\u0107 spok\u00f3j i uwa\u017cno\u015b\u0107 na otaczaj\u0105cy \u015bwiat.<\/p>\n<p style=\"text-align: justify;\">W obecnych czasach rozprasza nas wiele bod\u017ac\u00f3w, kt\u00f3re wprowadzaj\u0105 zam\u0119t i wpychaj\u0105 nas do swoich baniek informacyjnych. Dlatego te\u017c ka\u017cde dzia\u0142anie, kt\u00f3re cho\u0107 na chwil\u0119 pozwala zatrzyma\u0107 si\u0119, przyjrze\u0107 si\u0119 swojemu organizmowi i wyj\u015b\u0107 ze swoich utartych \u015bcie\u017cek bywa oczyszczaj\u0105ce i pozwala odzyska\u0107 r\u00f3wnowag\u0119 psychiczn\u0105.<\/p>\n<p style=\"text-align: justify;\">Zaj\u0119cia odbywaj\u0105 si\u0119 w <strong>czwartki<\/strong> o godzinie <strong>13:00<\/strong> w Sali Lustrzanej.<\/p>\n<p style=\"text-align: justify;\">Oficjalna strona Stowarzyszenia Rodzin i Przyjaci\u00f3\u0142 Os\u00f3b Mniejszych Szans \u201eWi\u0119\u017a\u201d:<strong> <a href=\"http:\/\/www.wiez.org.pl\/\" target=\"_blank\" rel=\"noopener\">http:\/\/www.wiez.org.pl\/<\/a><\/strong> oraz strona na Facebook\u2019u <a href=\"https:\/\/www.facebook.com\/WiezSzczecin\" target=\"_blank\" rel=\"noopener\"><strong>https:\/\/www.facebook.com\/WiezSzczecin<\/strong><\/a><\/p>\n","protected":false},"excerpt":{"rendered":"<p>&nbsp; Od listopada 2021 r. Stowarzyszenie Rodzin i Przyjaci\u00f3\u0142 Os\u00f3b Mniejszych Szans \u201eWi\u0119\u017a\u201d we wsp\u00f3\u0142pracy z Domem Kultury \u201e13 Muz\u201d organizuje treningi jogi dla os\u00f3b po kryzysach psychicznych, prowadzone przez Tomasza Doro\u017cy\u0144skiego dyplomowanego nauczyciela Hatha i Ashtanga Yogi. Celem trening\u00f3w jest wi\u0119ksza \u015bwiadomo\u015b\u0107 oddechu i cia\u0142a, co ma sprzyja\u0107 lepszej r\u00f3wnowadze psychicznej uczestnik\u00f3w zaj\u0119\u0107, kt\u00f3rych elementem s\u0105 te\u017c treningi relaksacji, maj\u0105ce wprowadzi\u0107 spok\u00f3j i uwa\u017cno\u015b\u0107 na otaczaj\u0105cy \u015bwiat. W obecnych czasach rozprasza nas wiele bod\u017ac\u00f3w, kt\u00f3re wprowadzaj\u0105 zam\u0119t i wpychaj\u0105 nas do swoich baniek informacyjnych. Dlatego te\u017c ka\u017cde dzia\u0142anie, kt\u00f3re cho\u0107 na chwil\u0119 pozwala zatrzyma\u0107 si\u0119, przyjrze\u0107 si\u0119 swojemu organizmowi [&hellip;]<\/p>\n","protected":false},"author":4,"featured_media":0,"parent":0,"menu_order":0,"comment_status":"closed","ping_status":"closed","template":"","meta":{"ngg_post_thumbnail":0,"_price":"","_stock":"","_tribe_ticket_header":"","_tribe_default_ticket_provider":"","_ticket_start_date":"","_ticket_end_date":"","_tribe_ticket_show_description":"","_tribe_ticket_show_not_going":false,"_tribe_ticket_use_global_stock":"","_tribe_ticket_global_stock_level":"","_global_stock_mode":"","_global_stock_cap":"","_tribe_rsvp_for_event":"","_tribe_ticket_going_count":"","_tribe_ticket_not_going_count":"","_tribe_tickets_list":"[]","_tribe_ticket_has_attendee_info_fields":false,"footnotes":"","_tec_slr_enabled":"","_tec_slr_layout":""},"class_list":["post-42457","page","type-page","status-publish","hentry"],"ticketed":false,"post_mailing_queue_ids":[],"_links":{"self":[{"href":"https:\/\/13muz.eu\/en\/wp-json\/wp\/v2\/pages\/42457","targetHints":{"allow":["GET"]}}],"collection":[{"href":"https:\/\/13muz.eu\/en\/wp-json\/wp\/v2\/pages"}],"about":[{"href":"https:\/\/13muz.eu\/en\/wp-json\/wp\/v2\/types\/page"}],"author":[{"embeddable":true,"href":"https:\/\/13muz.eu\/en\/wp-json\/wp\/v2\/users\/4"}],"replies":[{"embeddable":true,"href":"https:\/\/13muz.eu\/en\/wp-json\/wp\/v2\/comments?post=42457"}],"version-history":[{"count":0,"href":"https:\/\/13muz.eu\/en\/wp-json\/wp\/v2\/pages\/42457\/revisions"}],"wp:attachment":[{"href":"https:\/\/13muz.eu\/en\/wp-json\/wp\/v2\/media?parent=42457"}],"curies":[{"name":"wp","href":"https:\/\/api.w.org\/{rel}","templated":true}]}}