{"id":41430,"date":"2021-10-05T15:11:31","date_gmt":"2021-10-05T13:11:31","guid":{"rendered":"https:\/\/13muz.eu\/?page_id=41430"},"modified":"2025-01-07T11:45:06","modified_gmt":"2025-01-07T10:45:06","slug":"biodanza-dla-seniorow","status":"publish","type":"page","link":"https:\/\/13muz.eu\/en\/biodanza-dla-seniorow\/","title":{"rendered":"Biodanza dla Senior\u00f3w"},"content":{"rendered":"<p style=\"text-align: justify;\"><img loading=\"lazy\" decoding=\"async\" class=\"size-medium wp-image-41422 alignleft\" src=\"https:\/\/13muz.eu\/wp-content\/uploads\/2021\/10\/Joanna-Tamaya-Swierczynska-1-300x200.jpg\" alt=\"\" width=\"300\" height=\"200\" srcset=\"https:\/\/13muz.eu\/wp-content\/uploads\/2021\/10\/Joanna-Tamaya-Swierczynska-1-300x200.jpg 300w, https:\/\/13muz.eu\/wp-content\/uploads\/2021\/10\/Joanna-Tamaya-Swierczynska-1-1024x682.jpg 1024w, https:\/\/13muz.eu\/wp-content\/uploads\/2021\/10\/Joanna-Tamaya-Swierczynska-1-768x512.jpg 768w, https:\/\/13muz.eu\/wp-content\/uploads\/2021\/10\/Joanna-Tamaya-Swierczynska-1-1536x1023.jpg 1536w, https:\/\/13muz.eu\/wp-content\/uploads\/2021\/10\/Joanna-Tamaya-Swierczynska-1-150x100.jpg 150w, https:\/\/13muz.eu\/wp-content\/uploads\/2021\/10\/Joanna-Tamaya-Swierczynska-1-400x267.jpg 400w, https:\/\/13muz.eu\/wp-content\/uploads\/2021\/10\/Joanna-Tamaya-Swierczynska-1.jpg 1600w\" sizes=\"auto, (max-width: 300px) 100vw, 300px\" \/>Rolando Toro, tw\u00f3rca Biodanzy, widzia\u0142 proces starzenia si\u0119 przede wszystkim jako kompleksowy rezultat struktury biograficznej i dziedzicznej osobnika.<\/p>\n<p style=\"text-align: justify;\">Starzenie jest r\u00f3wnie\u017c form\u0105 stylu \u017cycia, przyzwyczaje\u0144, kt\u00f3re mamy w stosunku do siebie i do innych. Na przyk\u0142ad odosobnienie przyspiesza proces starzenia si\u0119. M\u00f3wi\u0105c o stylu \u017cycia, badania przeprowadzone zar\u00f3wno w geriatrii jak i rehabilitacji, podkre\u015blaj\u0105 jak wa\u017cny jest ruch, komunikacja i relacje afektywne, emocjonalne w procesie starzenia. Wiele symptom\u00f3w, kt\u00f3re w przesz\u0142o\u015bci by\u0142y uznawane za nieodwracalne w gerontologii, w rezultacie okaza\u0142y si\u0119 by\u0107 spowodowane z\u0142ym od\u017cywianiem, odwodnieniem czy samotno\u015bci\u0105, lub czynnikami \u015brodowiskowymi.<\/p>\n<p style=\"text-align: justify;\">Wg Roland Toro, starzenie nie mo\u017ce by\u0107 widziane tylko i wy\u0142\u0105cznie jako utrata lub og\u00f3lne zmniejszenie zdolno\u015bci u os\u00f3b w trzecim wieku. Proces starzenia to ca\u0142o\u015bciowa forma rozwoju, w czasie kt\u00f3rej niekt\u00f3re funkcje zmniejszaj\u0105 si\u0119, inne natomiast s\u0105 zachowywane i zwi\u0119kszaj\u0105 si\u0119. P\u00f3\u017any potencja\u0142 mo\u017cna zaobserwowa\u0107 z Rainera Maria Rilke, Picasso, Tiziano czy Beethovena. Wolno\u015b\u0107 ekspresji, si\u0142a i wielko\u015b\u0107 stworzonych dzie\u0142, nie mog\u0142aby zaistnie\u0107, je\u017celi nie dzi\u0119ki dojrza\u0142o\u015bci trzeciego wieku.<\/p>\n<p style=\"text-align: justify;\">Niestety wiele zdolno\u015bci, kt\u00f3re przychodz\u0105 wraz z procesem starzenia, jest u\u015bpionych, ignorowanych, cz\u0119sto niedocenianych, przez co nie s\u0105 r\u00f3wnie\u017c pobudzane. Od emerytury czas wolny powinien by\u0107 wype\u0142niony zaj\u0119ciami wybranymi dla przyjemno\u015bci. To mo\u017ce wydawa\u0107 si\u0119 trudne na pocz\u0105tku, ale jest wiele dowod\u00f3w na to, \u017ce jest mo\u017cliwe. Osoba, kt\u00f3ra starzeje si\u0119 mo\u017ce \u017cy\u0107 &#8211; tu i teraz &#8211; o\u015bwiecona pi\u0119knym \u015bwiat\u0142em przesz\u0142o\u015bci. Tylko w ten spos\u00f3b natura zamieni si\u0119 w przyjaci\u00f3\u0142k\u0119 i zacznie dzieli\u0107 si\u0119 swoimi tajemnicami. W trzecim wieku mo\u017cna zachowa\u0107 m\u0142odzie\u0144czy entuzjazm, w dalszym ci\u0105gu fascynowa\u0107 si\u0119 \u017cyciem i jego owocami. Najlepsza droga do tego prowadzi poprzez zachowanie wi\u0119zi ze \u015bwiatem i z innymi.<\/p>\n<p><img loading=\"lazy\" decoding=\"async\" class=\"alignnone size-medium wp-image-41426 alignright\" src=\"https:\/\/13muz.eu\/wp-content\/uploads\/2021\/10\/Joanna-Tamaya-Swierczynska-2-300x200.jpg\" alt=\"\" width=\"300\" height=\"200\" srcset=\"https:\/\/13muz.eu\/wp-content\/uploads\/2021\/10\/Joanna-Tamaya-Swierczynska-2-300x200.jpg 300w, https:\/\/13muz.eu\/wp-content\/uploads\/2021\/10\/Joanna-Tamaya-Swierczynska-2-1024x682.jpg 1024w, https:\/\/13muz.eu\/wp-content\/uploads\/2021\/10\/Joanna-Tamaya-Swierczynska-2-768x512.jpg 768w, https:\/\/13muz.eu\/wp-content\/uploads\/2021\/10\/Joanna-Tamaya-Swierczynska-2-1536x1023.jpg 1536w, https:\/\/13muz.eu\/wp-content\/uploads\/2021\/10\/Joanna-Tamaya-Swierczynska-2-150x100.jpg 150w, https:\/\/13muz.eu\/wp-content\/uploads\/2021\/10\/Joanna-Tamaya-Swierczynska-2-400x267.jpg 400w, https:\/\/13muz.eu\/wp-content\/uploads\/2021\/10\/Joanna-Tamaya-Swierczynska-2.jpg 1600w\" sizes=\"auto, (max-width: 300px) 100vw, 300px\" \/><\/p>\n<p style=\"text-align: justify;\">Biodanza dla senior\u00f3w m.in. to:<br \/>\n&#8211; poprawa mo\u017cliwo\u015bci ruchowych<br \/>\n&#8211; zmniejszenie objaw\u00f3w psychosomatycznych<br \/>\n&#8211; podniesienie swojej energii \u017cyciowej, odnalezienie rado\u015bci w \u017cyciu<br \/>\n&#8211; umocnienie wiary w siebie<br \/>\n&#8211; odnowienie lub stworzenie wi\u0119zi towarzyskich<br \/>\n&#8211; zmniejszenie napi\u0119cia i sztywno\u015bci mi\u0119\u015bni<br \/>\n&#8211; rozwini\u0119cie ekspresji kreatywnej<br \/>\n&#8211; pobudzenie pami\u0119ci<\/p>\n<p style=\"text-align: justify;\">Biodanza nie proponuje wiecznej m\u0142odo\u015bci, ale zachowanie i umocnienie w sobie rado\u015bci z \u017cycia i do \u017cycia.<\/p>\n<p style=\"text-align: justify;\">Termin: czwartki o godz. 10:00<br \/>\nMiejsce: Sala Lustrzana<\/p>\n<p><img loading=\"lazy\" decoding=\"async\" class=\"size-medium wp-image-41487 alignleft\" src=\"https:\/\/13muz.eu\/wp-content\/uploads\/2021\/10\/Biodanza-300x200.jpg\" alt=\"\" width=\"300\" height=\"200\" srcset=\"https:\/\/13muz.eu\/wp-content\/uploads\/2021\/10\/Biodanza-300x200.jpg 300w, https:\/\/13muz.eu\/wp-content\/uploads\/2021\/10\/Biodanza-1024x683.jpg 1024w, https:\/\/13muz.eu\/wp-content\/uploads\/2021\/10\/Biodanza-768x512.jpg 768w, https:\/\/13muz.eu\/wp-content\/uploads\/2021\/10\/Biodanza-1536x1024.jpg 1536w, https:\/\/13muz.eu\/wp-content\/uploads\/2021\/10\/Biodanza-150x100.jpg 150w, https:\/\/13muz.eu\/wp-content\/uploads\/2021\/10\/Biodanza-400x267.jpg 400w, https:\/\/13muz.eu\/wp-content\/uploads\/2021\/10\/Biodanza.jpg 1620w\" sizes=\"auto, (max-width: 300px) 100vw, 300px\" \/><\/p>\n<p style=\"text-align: justify;\">Wst\u0119p wolny &#8211; grupa min. 10 os\u00f3b.&nbsp;<\/p>\n<p style=\"text-align: justify;\">Zapisy telefonicznie lub sms pod numer tel.: 571 096&nbsp;896 &#8211; Joanna Tamaya \u015awierczy\u0144ska.<\/p>\n<p style=\"text-align: justify;\">Na zaj\u0119cia nale\u017cy ubra\u0107 si\u0119 wygodnie i warto przynie\u015b\u0107 ze sob\u0105 wod\u0119. Ta\u0144czymy na boso lub w skarpetkach.&nbsp;<\/p>\n<p><a href=\"https:\/\/13muz.eu\/joanna-tamaya-swierczynska\/\" target=\"_blank\" rel=\"noopener\"><strong>Joanna Tamaya \u015awierczy\u0144ska<\/strong><\/a><\/p>\n<p style=\"text-align: justify;\">Zapraszamy tak\u017ce na zaj\u0119cia: <a href=\"https:\/\/13muz.eu\/biodanza-taniec-zycia\/\" target=\"_blank\" rel=\"noopener\">Biodanza &#8211; taniec \u017cycia<\/a>.<\/p>\n","protected":false},"excerpt":{"rendered":"<p>Rolando Toro, tw\u00f3rca Biodanzy, widzia\u0142 proces starzenia si\u0119 przede wszystkim jako kompleksowy rezultat struktury biograficznej i dziedzicznej osobnika. Starzenie jest r\u00f3wnie\u017c form\u0105 stylu \u017cycia, przyzwyczaje\u0144, kt\u00f3re mamy w stosunku do siebie i do innych. Na przyk\u0142ad odosobnienie przyspiesza proces starzenia si\u0119. M\u00f3wi\u0105c o stylu \u017cycia, badania przeprowadzone zar\u00f3wno w geriatrii jak i rehabilitacji, podkre\u015blaj\u0105 jak wa\u017cny jest ruch, komunikacja i relacje afektywne, emocjonalne w procesie starzenia. Wiele symptom\u00f3w, kt\u00f3re w przesz\u0142o\u015bci by\u0142y uznawane za nieodwracalne w gerontologii, w rezultacie okaza\u0142y si\u0119 by\u0107 spowodowane z\u0142ym od\u017cywianiem, odwodnieniem czy samotno\u015bci\u0105, lub czynnikami \u015brodowiskowymi. Wg Roland Toro, starzenie nie mo\u017ce by\u0107 widziane tylko [&hellip;]<\/p>\n","protected":false},"author":4,"featured_media":0,"parent":0,"menu_order":0,"comment_status":"closed","ping_status":"closed","template":"","meta":{"ngg_post_thumbnail":0,"_price":"","_stock":"","_tribe_ticket_header":"","_tribe_default_ticket_provider":"","_ticket_start_date":"","_ticket_end_date":"","_tribe_ticket_show_description":"","_tribe_ticket_show_not_going":false,"_tribe_ticket_use_global_stock":"","_tribe_ticket_global_stock_level":"","_global_stock_mode":"","_global_stock_cap":"","_tribe_rsvp_for_event":"","_tribe_ticket_going_count":"","_tribe_ticket_not_going_count":"","_tribe_tickets_list":"[]","_tribe_ticket_has_attendee_info_fields":false,"footnotes":"","_tec_slr_enabled":"","_tec_slr_layout":""},"class_list":["post-41430","page","type-page","status-publish","hentry"],"ticketed":false,"post_mailing_queue_ids":[],"_links":{"self":[{"href":"https:\/\/13muz.eu\/en\/wp-json\/wp\/v2\/pages\/41430","targetHints":{"allow":["GET"]}}],"collection":[{"href":"https:\/\/13muz.eu\/en\/wp-json\/wp\/v2\/pages"}],"about":[{"href":"https:\/\/13muz.eu\/en\/wp-json\/wp\/v2\/types\/page"}],"author":[{"embeddable":true,"href":"https:\/\/13muz.eu\/en\/wp-json\/wp\/v2\/users\/4"}],"replies":[{"embeddable":true,"href":"https:\/\/13muz.eu\/en\/wp-json\/wp\/v2\/comments?post=41430"}],"version-history":[{"count":0,"href":"https:\/\/13muz.eu\/en\/wp-json\/wp\/v2\/pages\/41430\/revisions"}],"wp:attachment":[{"href":"https:\/\/13muz.eu\/en\/wp-json\/wp\/v2\/media?parent=41430"}],"curies":[{"name":"wp","href":"https:\/\/api.w.org\/{rel}","templated":true}]}}