{"id":39825,"date":"2021-07-14T12:21:51","date_gmt":"2021-07-14T10:21:51","guid":{"rendered":"https:\/\/13muz.eu\/?page_id=39825"},"modified":"2026-04-24T13:17:43","modified_gmt":"2026-04-24T11:17:43","slug":"szczecinska-trzynastka-orkiestra-deta-domu-kultury-13-muz","status":"publish","type":"page","link":"https:\/\/13muz.eu\/en\/szczecinska-trzynastka-orkiestra-deta-domu-kultury-13-muz\/","title":{"rendered":"Szczeci\u0144ska Trzynastka &#8211; orkiestra d\u0119ta Domu Kultury \u201e13 Muz\u201d"},"content":{"rendered":"<p style=\"text-align: justify;\"><img loading=\"lazy\" decoding=\"async\" class=\"alignleft  wp-image-39826\" src=\"https:\/\/13muz.eu\/wp-content\/uploads\/2021\/07\/logo_black.jpg\" alt=\"\" width=\"222\" height=\"222\" srcset=\"https:\/\/13muz.eu\/wp-content\/uploads\/2021\/07\/logo_black.jpg 948w, https:\/\/13muz.eu\/wp-content\/uploads\/2021\/07\/logo_black-300x300.jpg 300w, https:\/\/13muz.eu\/wp-content\/uploads\/2021\/07\/logo_black-150x150.jpg 150w, https:\/\/13muz.eu\/wp-content\/uploads\/2021\/07\/logo_black-768x768.jpg 768w, https:\/\/13muz.eu\/wp-content\/uploads\/2021\/07\/logo_black-130x130.jpg 130w, https:\/\/13muz.eu\/wp-content\/uploads\/2021\/07\/logo_black-400x400.jpg 400w\" sizes=\"auto, (max-width: 222px) 100vw, 222px\" \/>Szczeci\u0144ska Trzynastka &#8211; orkiestra d\u0119ta zosta\u0142a powo\u0142ana w 2021 r. z inicjatywy <a href=\"https:\/\/13muz.eu\/waldemar-kulpa\/\" target=\"_blank\" rel=\"noopener\"><strong>Waldemara Kulpy<\/strong><\/a>, dyrektora Domu Kultury \u201e13 Muz\u201d przez <a href=\"https:\/\/13muz.eu\/mateusz-kupski-szczecinska-trzynastka-orkiestra-deta\/\" target=\"_blank\" rel=\"noopener\"><strong>Mateusza Kupskiego<\/strong><\/a>, dyrektora artystycznego i dyrygenta orkiestry.<\/p>\r\n<p style=\"text-align: justify;\">Celem Orkiestry jest propagowanie idei zjednoczenia spo\u0142eczno\u015bci muzyk\u00f3w graj\u0105cych na instrumentach d\u0119tych, nie zwa\u017caj\u0105c, czy kto\u015b jest amatorem, uczniem czy profesjonalist\u0105, a tak\u017ce zaszczepienie tradycji orkiestr d\u0119tych w naszym mie\u015bcie. Chcieliby\u015bmy, by wyst\u0119py Orkiestry odbywa\u0142y si\u0119 wsz\u0119dzie tam, gdzie mo\u017cemy muzyk\u0105 umila\u0107 czas mieszka\u0144com Szczecina oraz turystom odwiedzaj\u0105cym miasto &#8211; na scenach wewn\u0119trznych i plenerowych, podczas \u015bwi\u0105t i wydarze\u0144 kulturalnych. \u0141\u0105czymy wiele pokole\u0144 muzyk\u00f3w, dlatego w sk\u0142ad zespo\u0142u wchodz\u0105: Zesp\u00f3\u0142&nbsp;&nbsp; D\u0119ty&nbsp;&nbsp; Blaszany Domu Kultury \u201e13 Muz\u201d, uczniowie szczeci\u0144skich szk\u00f3\u0142 muzycznych, a tak\u017ce szkoleni przez nas amatorzy &#8211; osoby bez wykszta\u0142cenia muzycznego, ale z muzyczn\u0105 pasj\u0105.<\/p>\r\n<p><img loading=\"lazy\" decoding=\"async\" class=\"size-medium wp-image-70907 alignright\" src=\"http:\/\/13muz.eu\/wp-content\/uploads\/2025\/12\/27.01.2026-Szczecinska-Trzynastka-orkiestra-deta-DK-13-Muz-1920-300x225.jpg\" alt=\"\" width=\"300\" height=\"225\" srcset=\"https:\/\/13muz.eu\/wp-content\/uploads\/2025\/12\/27.01.2026-Szczecinska-Trzynastka-orkiestra-deta-DK-13-Muz-1920-300x225.jpg 300w, https:\/\/13muz.eu\/wp-content\/uploads\/2025\/12\/27.01.2026-Szczecinska-Trzynastka-orkiestra-deta-DK-13-Muz-1920-1024x767.jpg 1024w, https:\/\/13muz.eu\/wp-content\/uploads\/2025\/12\/27.01.2026-Szczecinska-Trzynastka-orkiestra-deta-DK-13-Muz-1920-768x576.jpg 768w, https:\/\/13muz.eu\/wp-content\/uploads\/2025\/12\/27.01.2026-Szczecinska-Trzynastka-orkiestra-deta-DK-13-Muz-1920-1536x1151.jpg 1536w, https:\/\/13muz.eu\/wp-content\/uploads\/2025\/12\/27.01.2026-Szczecinska-Trzynastka-orkiestra-deta-DK-13-Muz-1920-400x300.jpg 400w, https:\/\/13muz.eu\/wp-content\/uploads\/2025\/12\/27.01.2026-Szczecinska-Trzynastka-orkiestra-deta-DK-13-Muz-1920.jpg 1920w\" sizes=\"auto, (max-width: 300px) 100vw, 300px\" \/><\/p>\r\n<p style=\"text-align: justify;\">Organizacj\u0105 i prowadzeniem zespo\u0142\u00f3w zajmuje si\u0119 Mateusz Kupski, na co dzie\u0144 pe\u0142ni\u0105cy funkcj\u0119 pierwszego puzonisty w orkiestrze Filharmonii im. Mieczys\u0142awa Kar\u0142owicza w Szczecinie. Jest absolwentem Akademii Muzycznej im. Karola Szymanowskiego w Katowicach. Wsp\u00f3\u0142pracowa\u0142 z wieloma orkiestrami polskimi i mi\u0119dzynarodowymi, m. in.: z Narodow\u0105 Orkiestr\u0105 Symfoniczn\u0105 Polskiego Radia, Filharmoni\u0105 Gorzowsk\u0105, Oper\u0105 \u015al\u0105sk\u0105 w Bytomiu, Filharmoni\u0105 im. J\u00f3zefa Elsnera w Opolu, I, CULTURE Orchestra. Mateusz Kupski jest r\u00f3wnie\u017c pedagogiem w ZPSM przy ul. Starom\u0142y\u0144skiej w Szczecinie oraz wyk\u0142adowc\u0105 w Akademii Sztuki w Szczecinie.<\/p>\r\n<p>Kontakt: Mateusz Kupski &#8211; <a href=\"mailto:orkiestra@13muz.eu\">orkiestra@13muz.eu<\/a> \/ +48 883 108 366<\/p>\r\n<p>Koncerty \u201eSzczeci\u0144skiej Trzynastki\u201d orkiestry d\u0119tej Domu Kultury \u201e13 Muz\u201d wspiera <strong><a href=\"https:\/\/szczecin.eu\/pl\" target=\"_blank\" rel=\"noopener\">Miasto Szczecin<\/a><\/strong>.<\/p>\r\n<p><a href=\"https:\/\/13muz.eu\/zdjecia\/koncerty\/nggallery\/koncerty\/koncert-inauguracyjny-szczecinskiej-trzynastki\" target=\"_blank\" rel=\"noopener\">Zdj\u0119cia z koncertu inauguracyjnego<\/a><\/p>\r\n<p><strong>\u017bagle 2021<\/strong> &#8211;&nbsp;<a href=\"https:\/\/youtu.be\/_WOIT8_w2v0\" target=\"_blank\" rel=\"noopener\">video<\/a>&nbsp;oraz&nbsp;<a href=\"https:\/\/13muz.eu\/zdjecia\/koncerty\/nggallery\/koncerty\/zagle-2021-szczecinska-trzynastka\" target=\"_blank\" rel=\"noopener\">galeria zdj\u0119\u0107<\/a><\/p>\r\n<p><strong>\u017bagle 2022 <\/strong>&#8211; <a href=\"https:\/\/13muz.eu\/zdjecia\/koncerty\/nggallery\/koncerty\/zagle-2022-szczecinska-trzynastka\" target=\"_blank\" rel=\"noopener\">galeria zdj\u0119\u0107<\/a><\/p>\r\n<p>Foto galeria &#8211; zdj\u0119cia z wybranych koncert\u00f3w: <a href=\"https:\/\/13muz.eu\/zdjecia\/koncerty\/nggallery\/album\/szczecinska-trzynastka-orkiestra-deta-dk-13-muz-8\" target=\"_blank\" rel=\"noopener\">21.04.2026<\/a> \/&nbsp;<a href=\"https:\/\/13muz.eu\/zdjecia\/koncerty\/nggallery\/album\/szczecinska-trzynastka-orkiestra-deta-dk-13-muz-koncert-noworoczny-5\" target=\"_blank\" rel=\"noopener\">27.01.2026<\/a> \/&nbsp;<a href=\"https:\/\/13muz.eu\/zdjecia\/koncerty\/nggallery\/koncerty\/szczecinska-trzynastka-orkiestra-deta-dk-13-muz\" target=\"_blank\" rel=\"noopener\">09.12.2025 <\/a>\/&nbsp;<a href=\"https:\/\/13muz.eu\/zdjecia\/koncerty\/nggallery\/koncerty\/szczecinska-trzynastka-orkiestra-deta-dk-13-muz-koncert-z-okazji-narodowego-swieta-niepodleglosci\" target=\"_blank\" rel=\"noopener\">04.11.2025<\/a> \/&nbsp;<a href=\"https:\/\/13muz.eu\/zdjecia\/koncerty\/nggallery\/koncerty\/20250415-szczecinska-trzynastka-orkiestra-deta-dk-13-muz-koncert\" target=\"_blank\" rel=\"noopener\">15.04.2025<\/a> \/&nbsp;<a href=\"https:\/\/13muz.eu\/zdjecia\/koncerty\/nggallery\/koncerty\/szczecinska-trzynastka-koncert-karnawalowy\" target=\"_blank\" rel=\"noopener\">28.01.2025<\/a> \/&nbsp;<a href=\"https:\/\/13muz.eu\/zdjecia\/koncerty\/nggallery\/koncerty\/trzynastka-swiatecznie-koncert-orkiestry-detej-dk-13-muz\" target=\"_blank\" rel=\"noopener\">17.12.2024<\/a> \/&nbsp;<a href=\"https:\/\/13muz.eu\/zdjecia\/koncerty\/nggallery\/koncerty\/szczecinska-trzynastka-orkiestra-deta-domu-kultury-13-muz-iii-koncert-projektu-muzyczna-interwencja\" target=\"_blank\" rel=\"noopener\">15.10.2024<\/a> \/ <a href=\"https:\/\/13muz.eu\/zdjecia\/koncerty\/nggallery\/koncerty\/szczecinska-trzynastka-orkiestra-deta-dk-13-muz-trzecie-urodziny\" target=\"_blank\" rel=\"noopener\">18.06.2024<\/a> \/&nbsp; <a href=\"https:\/\/13muz.eu\/zdjecia\/koncerty\/nggallery\/album\/szczecinska-trzynastka-trzynastka-swiatecznie\" target=\"_blank\" rel=\"noopener\">21.12.2023<\/a> \/ <a href=\"https:\/\/13muz.eu\/zdjecia\/koncerty\/nggallery\/koncerty\/szczecinska-trzynastka-orkiestra-deta-dk-13-muz-koncert\" target=\"_blank\" rel=\"noopener\">24.10.2023<\/a> \/ <a href=\"https:\/\/13muz.eu\/zdjecia\/koncerty\/nggallery\/koncerty\/szczecinska-trzynastka-z-13-muz-w-ogrodach-srodmiescie\" target=\"_blank\" rel=\"noopener\">02.09.2023<\/a> \/ <a href=\"https:\/\/13muz.eu\/zdjecia\/koncerty\/nggallery\/koncerty\/szczecinska-trzynastka-orkiestra-deta-dk-13-muz-koncert-noworoczny\" target=\"_blank\" rel=\"noopener\">24.01.2023<\/a> \/ <a href=\"https:\/\/13muz.eu\/zdjecia\/koncerty\/nggallery\/koncerty\/szczecinska-trzynastka-orkiestra-deta-dk-13-muz-koncert-mikolajkowy\" target=\"_blank\" rel=\"noopener\">06.12.2022<\/a> \/ <a href=\"https:\/\/13muz.eu\/zdjecia\/koncerty\/nggallery\/koncerty\/koncert-szczecinskiej-trzynastki-z-okazji-swieta-niepodleglosci\" target=\"_blank\" rel=\"noopener\">09.11.2021<\/a> \/ <a href=\"https:\/\/13muz.eu\/zdjecia\/koncerty\/nggallery\/koncerty\/koncert-szczecinskiej-trzynastki-z-okazji-dnia-nauczyciela\" target=\"_blank\" rel=\"noopener\">12.10.2021<\/a> \/ <a href=\"https:\/\/13muz.eu\/zdjecia\/koncerty\/nggallery\/koncerty\/koncert-szczecinskiej-trzynastki\" target=\"_blank\" rel=\"noopener\">21.09.2021<\/a> \/&nbsp;<a href=\"https:\/\/13muz.eu\/pozostale-wydarzenia\/nggallery\/album\/szczecinska-trzynastka_slawosz-uznanski-wisniewski_mural\" target=\"_blank\" rel=\"noopener\">S\u0142awosz Uzna\u0144ski-Wi\u015bniewski &#8211; Mural<\/a><\/p>\r\n<p><a href=\"https:\/\/13muz.eu\/wydarzenie\/nabor-do-szczecinskiej-trzynastki-orkiestry-detej-domu-kultury-13-muz\/?instance_id=1626\" target=\"_blank\" rel=\"noopener\"><strong>Nab\u00f3r<\/strong><\/a>&nbsp;do orkiestry.<\/p>\r\n<p><strong><a href=\"https:\/\/13muz.eu\/najblizsze-koncerty-szczecinskiej-trzynastki-orkiestry-detej-domu-kultury-13-muz\/\" target=\"_blank\" rel=\"noopener\">Najbli\u017csze koncerty<\/a><\/strong><\/p>\r\n<p>Szczeci\u0144ska Trzynastka na <a href=\"https:\/\/www.facebook.com\/SzczecinskaTrzynastka\" target=\"_blank\" rel=\"noopener\"><strong>FB<\/strong><\/a><\/p>\r\n<p><strong><a href=\"https:\/\/13muz.eu\/wydarzenie\/16-08-g-1200-premiera-pierwszego-wideoklipu-szczecinskiej-trzynastki\/?instance_id=2151\" target=\"_blank\" rel=\"noopener\">Pierwszy<\/a><\/strong>&nbsp;wideoklip Szczeci\u0144skiej Trzynastki<\/p>\r\n<p><a href=\"https:\/\/youtu.be\/OheE2K5nS-M?si=C5GIacbakh8_236y\" target=\"_blank\" rel=\"noopener\"><strong>Teledysk<\/strong><\/a> z udzia\u0142em m.in. Szczeci\u0144skiej Trzynastki zrealizowany w ramach pomocy dla powodzian<\/p>\r\n","protected":false},"excerpt":{"rendered":"<p>Szczeci\u0144ska Trzynastka &#8211; orkiestra d\u0119ta zosta\u0142a powo\u0142ana w 2021 r. z inicjatywy Waldemara Kulpy, dyrektora Domu Kultury \u201e13 Muz\u201d przez Mateusza Kupskiego, dyrektora artystycznego i dyrygenta orkiestry. Celem Orkiestry jest propagowanie idei zjednoczenia spo\u0142eczno\u015bci muzyk\u00f3w graj\u0105cych na instrumentach d\u0119tych, nie zwa\u017caj\u0105c, czy kto\u015b jest amatorem, uczniem czy profesjonalist\u0105, a tak\u017ce zaszczepienie tradycji orkiestr d\u0119tych w naszym mie\u015bcie. Chcieliby\u015bmy, by wyst\u0119py Orkiestry odbywa\u0142y si\u0119 wsz\u0119dzie tam, gdzie mo\u017cemy muzyk\u0105 umila\u0107 czas mieszka\u0144com Szczecina oraz turystom odwiedzaj\u0105cym miasto &#8211; na scenach wewn\u0119trznych i plenerowych, podczas \u015bwi\u0105t i wydarze\u0144 kulturalnych. \u0141\u0105czymy wiele pokole\u0144 muzyk\u00f3w, dlatego w sk\u0142ad zespo\u0142u wchodz\u0105: Zesp\u00f3\u0142&nbsp;&nbsp; D\u0119ty&nbsp;&nbsp; Blaszany Domu [&hellip;]<\/p>\n","protected":false},"author":2,"featured_media":0,"parent":0,"menu_order":0,"comment_status":"closed","ping_status":"closed","template":"","meta":{"ngg_post_thumbnail":0,"_price":"","_stock":"","_tribe_ticket_header":"","_tribe_default_ticket_provider":"","_ticket_start_date":"","_ticket_end_date":"","_tribe_ticket_show_description":"","_tribe_ticket_show_not_going":false,"_tribe_ticket_use_global_stock":"","_tribe_ticket_global_stock_level":"","_global_stock_mode":"","_global_stock_cap":"","_tribe_rsvp_for_event":"","_tribe_ticket_going_count":"","_tribe_ticket_not_going_count":"","_tribe_tickets_list":"[]","_tribe_ticket_has_attendee_info_fields":false,"footnotes":"","_tec_slr_enabled":"","_tec_slr_layout":""},"class_list":["post-39825","page","type-page","status-publish","hentry"],"ticketed":false,"post_mailing_queue_ids":[],"_links":{"self":[{"href":"https:\/\/13muz.eu\/en\/wp-json\/wp\/v2\/pages\/39825","targetHints":{"allow":["GET"]}}],"collection":[{"href":"https:\/\/13muz.eu\/en\/wp-json\/wp\/v2\/pages"}],"about":[{"href":"https:\/\/13muz.eu\/en\/wp-json\/wp\/v2\/types\/page"}],"author":[{"embeddable":true,"href":"https:\/\/13muz.eu\/en\/wp-json\/wp\/v2\/users\/2"}],"replies":[{"embeddable":true,"href":"https:\/\/13muz.eu\/en\/wp-json\/wp\/v2\/comments?post=39825"}],"version-history":[{"count":7,"href":"https:\/\/13muz.eu\/en\/wp-json\/wp\/v2\/pages\/39825\/revisions"}],"predecessor-version":[{"id":74339,"href":"https:\/\/13muz.eu\/en\/wp-json\/wp\/v2\/pages\/39825\/revisions\/74339"}],"wp:attachment":[{"href":"https:\/\/13muz.eu\/en\/wp-json\/wp\/v2\/media?parent=39825"}],"curies":[{"name":"wp","href":"https:\/\/api.w.org\/{rel}","templated":true}]}}