{"id":36582,"date":"2020-12-29T14:33:26","date_gmt":"2020-12-29T13:33:26","guid":{"rendered":"https:\/\/13muz.eu\/?page_id=36582"},"modified":"2026-01-09T14:02:31","modified_gmt":"2026-01-09T13:02:31","slug":"strategiczny-program-dzialania-domu-kultury-13-muz-na-lata-2021-2025","status":"publish","type":"page","link":"https:\/\/13muz.eu\/en\/strategiczny-program-dzialania-domu-kultury-13-muz-na-lata-2021-2025\/","title":{"rendered":"Strategiczny program dzia\u0142ania Domu Kultury \u201e13 Muz\u201d na lata 2021-2025"},"content":{"rendered":"<p style=\"text-align: justify;\">Zgodnie z Zarz\u0105dzeniem Prezydenta Miasta Szczecin nr 651\/20 z dnia 22 grudnia 2020 r. na stanowisko dyrektora Domu Kultury \u201e13 Muz\u201d w Szczecinie zosta\u0142 powo\u0142any Waldemar Kulpa na okres 01.01.2021-31.12.2025 r.&nbsp;<\/p>\n<p style=\"text-align: justify;\">W za\u0142\u0105czniku do pobrania Strategiczny program dzia\u0142ania Domu Kultury \u201e13 Muz\u201d na lata 2021-2025.<\/p>\n<p>Za\u0142\u0105czniki:<\/p>\n<p><a href=\"https:\/\/13muz.eu\/wp-content\/uploads\/2021\/01\/Zarz\u0105dzenie-nr-651_20-PMS_powo\u0142anie-dyrektora-13-Muz.pdf\" target=\"_blank\" rel=\"noopener noreferrer\">Zarz\u0105dzenie Prezydenta Miasta Szczecin<\/a><\/p>\n<p><a href=\"https:\/\/13muz.eu\/wp-content\/uploads\/2021\/01\/Program-strategiczny-dzia\u0142ania-instytucji-DK-13-Muz-2021-2025.pdf\" target=\"_blank\" rel=\"noopener noreferrer\">Strategiczny program dzia\u0142ania Domu Kultury \u201e13 Muz\u201d na lata 2021-2025<\/a><\/p>\n","protected":false},"excerpt":{"rendered":"<p>Zgodnie z Zarz\u0105dzeniem Prezydenta Miasta Szczecin nr 651\/20 z dnia 22 grudnia 2020 r. na stanowisko dyrektora Domu Kultury \u201e13 Muz\u201d w Szczecinie zosta\u0142 powo\u0142any Waldemar Kulpa na okres 01.01.2021-31.12.2025 r.&nbsp; W za\u0142\u0105czniku do pobrania Strategiczny program dzia\u0142ania Domu Kultury \u201e13 Muz\u201d na lata 2021-2025. Za\u0142\u0105czniki: Zarz\u0105dzenie Prezydenta Miasta Szczecin Strategiczny program dzia\u0142ania Domu Kultury \u201e13 Muz\u201d na lata 2021-2025<\/p>\n","protected":false},"author":2,"featured_media":0,"parent":0,"menu_order":0,"comment_status":"closed","ping_status":"closed","template":"","meta":{"ngg_post_thumbnail":0,"_price":"","_stock":"","_tribe_ticket_header":"","_tribe_default_ticket_provider":"","_ticket_start_date":"","_ticket_end_date":"","_tribe_ticket_show_description":"","_tribe_ticket_show_not_going":false,"_tribe_ticket_use_global_stock":"","_tribe_ticket_global_stock_level":"","_global_stock_mode":"","_global_stock_cap":"","_tribe_rsvp_for_event":"","_tribe_ticket_going_count":"","_tribe_ticket_not_going_count":"","_tribe_tickets_list":"[]","_tribe_ticket_has_attendee_info_fields":false,"footnotes":"","_tec_slr_enabled":"","_tec_slr_layout":""},"class_list":["post-36582","page","type-page","status-publish","hentry"],"ticketed":false,"post_mailing_queue_ids":[],"_links":{"self":[{"href":"https:\/\/13muz.eu\/en\/wp-json\/wp\/v2\/pages\/36582","targetHints":{"allow":["GET"]}}],"collection":[{"href":"https:\/\/13muz.eu\/en\/wp-json\/wp\/v2\/pages"}],"about":[{"href":"https:\/\/13muz.eu\/en\/wp-json\/wp\/v2\/types\/page"}],"author":[{"embeddable":true,"href":"https:\/\/13muz.eu\/en\/wp-json\/wp\/v2\/users\/2"}],"replies":[{"embeddable":true,"href":"https:\/\/13muz.eu\/en\/wp-json\/wp\/v2\/comments?post=36582"}],"version-history":[{"count":0,"href":"https:\/\/13muz.eu\/en\/wp-json\/wp\/v2\/pages\/36582\/revisions"}],"wp:attachment":[{"href":"https:\/\/13muz.eu\/en\/wp-json\/wp\/v2\/media?parent=36582"}],"curies":[{"name":"wp","href":"https:\/\/api.w.org\/{rel}","templated":true}]}}