{"id":33881,"date":"2020-07-16T13:48:54","date_gmt":"2020-07-16T11:48:54","guid":{"rendered":"https:\/\/13muz.eu\/?page_id=33881"},"modified":"2020-07-16T13:52:03","modified_gmt":"2020-07-16T11:52:03","slug":"niepodlegla","status":"publish","type":"page","link":"https:\/\/13muz.eu\/en\/niepodlegla\/","title":{"rendered":"Niepodleg\u0142a"},"content":{"rendered":"<p style=\"text-align: justify;\"><img loading=\"lazy\" decoding=\"async\" class=\"alignleft  wp-image-33847\" src=\"https:\/\/13muz.eu\/wp-content\/uploads\/2020\/07\/niepodleg\u0142a.jpg\" alt=\"\" width=\"477\" height=\"144\" srcset=\"https:\/\/13muz.eu\/wp-content\/uploads\/2020\/07\/niepodleg\u0142a.jpg 543w, https:\/\/13muz.eu\/wp-content\/uploads\/2020\/07\/niepodleg\u0142a-300x91.jpg 300w, https:\/\/13muz.eu\/wp-content\/uploads\/2020\/07\/niepodleg\u0142a-400x121.jpg 400w\" sizes=\"auto, (max-width: 477px) 100vw, 477px\" \/>Projekt Dofinansowano ze \u015brodk\u00f3w Programu Wieloletniego NIEPODLEG\u0141A na lata 2017-2022 w ramach Programu Dotacyjnego \u201cKoalicje dla Niepodleg\u0142ej\u201d.<\/p>\n<ul>\n<li><a href=\"https:\/\/13muz.eu\/szczecinskie-bohaterki\/\" target=\"_blank\" rel=\"noopener noreferrer\">Szczeci\u0144skie Bohaterki<\/a><\/li>\n<\/ul>\n","protected":false},"excerpt":{"rendered":"<p>Projekt Dofinansowano ze \u015brodk\u00f3w Programu Wieloletniego NIEPODLEG\u0141A na lata 2017-2022 w ramach Programu Dotacyjnego \u201cKoalicje dla Niepodleg\u0142ej\u201d. Szczeci\u0144skie Bohaterki<\/p>\n","protected":false},"author":2,"featured_media":0,"parent":0,"menu_order":0,"comment_status":"closed","ping_status":"closed","template":"","meta":{"ngg_post_thumbnail":0,"_price":"","_stock":"","_tribe_ticket_header":"","_tribe_default_ticket_provider":"","_ticket_start_date":"","_ticket_end_date":"","_tribe_ticket_show_description":"","_tribe_ticket_show_not_going":false,"_tribe_ticket_use_global_stock":"","_tribe_ticket_global_stock_level":"","_global_stock_mode":"","_global_stock_cap":"","_tribe_rsvp_for_event":"","_tribe_ticket_going_count":"","_tribe_ticket_not_going_count":"","_tribe_tickets_list":"[]","_tribe_ticket_has_attendee_info_fields":false,"footnotes":"","_tec_slr_enabled":"","_tec_slr_layout":""},"class_list":["post-33881","page","type-page","status-publish","hentry"],"ticketed":false,"post_mailing_queue_ids":[],"_links":{"self":[{"href":"https:\/\/13muz.eu\/en\/wp-json\/wp\/v2\/pages\/33881","targetHints":{"allow":["GET"]}}],"collection":[{"href":"https:\/\/13muz.eu\/en\/wp-json\/wp\/v2\/pages"}],"about":[{"href":"https:\/\/13muz.eu\/en\/wp-json\/wp\/v2\/types\/page"}],"author":[{"embeddable":true,"href":"https:\/\/13muz.eu\/en\/wp-json\/wp\/v2\/users\/2"}],"replies":[{"embeddable":true,"href":"https:\/\/13muz.eu\/en\/wp-json\/wp\/v2\/comments?post=33881"}],"version-history":[{"count":0,"href":"https:\/\/13muz.eu\/en\/wp-json\/wp\/v2\/pages\/33881\/revisions"}],"wp:attachment":[{"href":"https:\/\/13muz.eu\/en\/wp-json\/wp\/v2\/media?parent=33881"}],"curies":[{"name":"wp","href":"https:\/\/api.w.org\/{rel}","templated":true}]}}