{"id":33846,"date":"2020-07-06T12:48:31","date_gmt":"2020-07-06T10:48:31","guid":{"rendered":"https:\/\/13muz.eu\/?page_id=33846"},"modified":"2020-07-16T13:51:07","modified_gmt":"2020-07-16T11:51:07","slug":"szczecinskie-bohaterki","status":"publish","type":"page","link":"https:\/\/13muz.eu\/en\/szczecinskie-bohaterki\/","title":{"rendered":"Szczeci\u0144skie Bohaterki"},"content":{"rendered":"<p><img loading=\"lazy\" decoding=\"async\" class=\"alignleft  wp-image-33847\" src=\"https:\/\/13muz.eu\/wp-content\/uploads\/2020\/07\/niepodleg\u0142a.jpg\" alt=\"\" width=\"337\" height=\"102\" srcset=\"https:\/\/13muz.eu\/wp-content\/uploads\/2020\/07\/niepodleg\u0142a.jpg 543w, https:\/\/13muz.eu\/wp-content\/uploads\/2020\/07\/niepodleg\u0142a-300x91.jpg 300w, https:\/\/13muz.eu\/wp-content\/uploads\/2020\/07\/niepodleg\u0142a-400x121.jpg 400w\" sizes=\"auto, (max-width: 337px) 100vw, 337px\" \/><\/p>\n<p style=\"text-align: justify;\">Przez kolejne dekady losy Polski by\u0142y dramatyczne, a Polakom towarzyszy\u0142y represje i trudna walka o Niepodleg\u0142o\u015b\u0107. Na kartach historii bohatersko zapisali si\u0119 g\u0142\u00f3wnie m\u0119\u017cczy\u017ani, przyw\u00f3dcy, politycy. Jednak nie przypadkowo rocznica 100-lecia Niepodleg\u0142o\u015bci zbiega si\u0119 z rocznic\u0105 nadania praw wyborczych kobiet. Historia (Herstoria) bohaterskich Polek jest zbyt ma\u0142o znana,&nbsp; by powszechnie \u0142\u0105czy\u0107 walk\u0119 o Niepodleg\u0142o\u015b\u0107 z kobietami. Warto zatem przypomnie\u0107 zas\u0142ugi i postaci polskich kobiet, kt\u00f3re podejmowa\u0142y trud walki. Odda\u0107 cze\u015b\u0107 ich pami\u0119ci, aby kolejne pokolenia zna\u0142y nie tylko zas\u0142u\u017conych ojc\u00f3w, ale r\u00f3wnie\u017c zas\u0142u\u017cone matki. Jako spadkobiercy poprzednich pokole\u0144 nie mo\u017cemy zapomnie\u0107 o&nbsp; kobietach w historii odzyskiwania niepodleg\u0142o\u015bci naszego kraju. Celem projektu jest przedstawienie postaci, kt\u00f3re zas\u0142uguj\u0105 za swoj\u0105 dzia\u0142alno\u015b\u0107 i po\u015bwi\u0119cenie na pami\u0119\u0107 w\u015br\u00f3d kolejnych pokole\u0144 Polak\u00f3w.<\/p>\n<p style=\"text-align: justify;\">Projekt Niepodleg\u0142e przywo\u0142uje pami\u0119\u0107 o kobietach zas\u0142u\u017conych w walce o niepodleg\u0142o\u015b\u0107 w skali og\u00f3lnopolskiej, jak i lokalnej.<\/p>\n<p style=\"text-align: justify;\">W programie Koalicje dla Niepodleg\u0142ej \u2013 koalicjantami s\u0105:<br \/>\n&#8211; Uniwersytet Szczeci\u0144ski Wydzia\u0142 Humanistyczny<br \/>\n&#8211; Stowarzyszenie Uniwersytet Trzeciego Wieku w Szczecinie<br \/>\n&#8211; Collegium Balticum Szczeci\u0144ska Szko\u0142a Wy\u017csza<br \/>\n&#8211; Zesp\u00f3\u0142 Szk\u00f3\u0142 Og\u00f3lnokszta\u0142c\u0105cych Nr 6 w Szczecinie<\/p>\n<p style=\"text-align: justify;\">Projekt Dofinansowano ze \u015brodk\u00f3w Programu Wieloletniego NIEPODLEG\u0141A na lata 2017-2022 w ramach Programu Dotacyjnego \u201cKoalicje dla Niepodleg\u0142ej\u201d.<\/p>\n<p style=\"text-align: justify;\">Kurator, koordynacja, opieka artystyczna: Magdalena Tyczka<\/p>\n","protected":false},"excerpt":{"rendered":"<p>Przez kolejne dekady losy Polski by\u0142y dramatyczne, a Polakom towarzyszy\u0142y represje i trudna walka o Niepodleg\u0142o\u015b\u0107. Na kartach historii bohatersko zapisali si\u0119 g\u0142\u00f3wnie m\u0119\u017cczy\u017ani, przyw\u00f3dcy, politycy. Jednak nie przypadkowo rocznica 100-lecia Niepodleg\u0142o\u015bci zbiega si\u0119 z rocznic\u0105 nadania praw wyborczych kobiet. Historia (Herstoria) bohaterskich Polek jest zbyt ma\u0142o znana,&nbsp; by powszechnie \u0142\u0105czy\u0107 walk\u0119 o Niepodleg\u0142o\u015b\u0107 z kobietami. Warto zatem przypomnie\u0107 zas\u0142ugi i postaci polskich kobiet, kt\u00f3re podejmowa\u0142y trud walki. Odda\u0107 cze\u015b\u0107 ich pami\u0119ci, aby kolejne pokolenia zna\u0142y nie tylko zas\u0142u\u017conych ojc\u00f3w, ale r\u00f3wnie\u017c zas\u0142u\u017cone matki. Jako spadkobiercy poprzednich pokole\u0144 nie mo\u017cemy zapomnie\u0107 o&nbsp; kobietach w historii odzyskiwania niepodleg\u0142o\u015bci naszego kraju. Celem [&hellip;]<\/p>\n","protected":false},"author":4,"featured_media":0,"parent":0,"menu_order":0,"comment_status":"closed","ping_status":"closed","template":"","meta":{"ngg_post_thumbnail":0,"_price":"","_stock":"","_tribe_ticket_header":"","_tribe_default_ticket_provider":"","_ticket_start_date":"","_ticket_end_date":"","_tribe_ticket_show_description":"","_tribe_ticket_show_not_going":false,"_tribe_ticket_use_global_stock":"","_tribe_ticket_global_stock_level":"","_global_stock_mode":"","_global_stock_cap":"","_tribe_rsvp_for_event":"","_tribe_ticket_going_count":"","_tribe_ticket_not_going_count":"","_tribe_tickets_list":"[]","_tribe_ticket_has_attendee_info_fields":false,"footnotes":"","_tec_slr_enabled":"","_tec_slr_layout":""},"class_list":["post-33846","page","type-page","status-publish","hentry"],"ticketed":false,"post_mailing_queue_ids":[],"_links":{"self":[{"href":"https:\/\/13muz.eu\/en\/wp-json\/wp\/v2\/pages\/33846","targetHints":{"allow":["GET"]}}],"collection":[{"href":"https:\/\/13muz.eu\/en\/wp-json\/wp\/v2\/pages"}],"about":[{"href":"https:\/\/13muz.eu\/en\/wp-json\/wp\/v2\/types\/page"}],"author":[{"embeddable":true,"href":"https:\/\/13muz.eu\/en\/wp-json\/wp\/v2\/users\/4"}],"replies":[{"embeddable":true,"href":"https:\/\/13muz.eu\/en\/wp-json\/wp\/v2\/comments?post=33846"}],"version-history":[{"count":0,"href":"https:\/\/13muz.eu\/en\/wp-json\/wp\/v2\/pages\/33846\/revisions"}],"wp:attachment":[{"href":"https:\/\/13muz.eu\/en\/wp-json\/wp\/v2\/media?parent=33846"}],"curies":[{"name":"wp","href":"https:\/\/api.w.org\/{rel}","templated":true}]}}