{"id":33560,"date":"2020-06-22T13:15:01","date_gmt":"2020-06-22T11:15:01","guid":{"rendered":"https:\/\/13muz.eu\/?page_id=33560"},"modified":"2020-06-26T09:42:00","modified_gmt":"2020-06-26T07:42:00","slug":"szczecin-poetow","status":"publish","type":"page","link":"https:\/\/13muz.eu\/en\/szczecin-poetow\/","title":{"rendered":"Szczecin poet\u00f3w"},"content":{"rendered":"<p style=\"text-align: justify;\"><a href=\"https:\/\/www.youtube.com\/watch?v=3URwJvpsxjk\" target=\"_blank\" rel=\"noopener noreferrer\"><img loading=\"lazy\" decoding=\"async\" class=\"size-medium wp-image-33561 alignleft\" src=\"https:\/\/13muz.eu\/wp-content\/uploads\/2020\/06\/2.-Szczecin-poet\u00f3w-300x159.jpg\" alt=\"\" width=\"300\" height=\"159\" srcset=\"https:\/\/13muz.eu\/wp-content\/uploads\/2020\/06\/2.-Szczecin-poet\u00f3w-300x159.jpg 300w, https:\/\/13muz.eu\/wp-content\/uploads\/2020\/06\/2.-Szczecin-poet\u00f3w-1024x544.jpg 1024w, https:\/\/13muz.eu\/wp-content\/uploads\/2020\/06\/2.-Szczecin-poet\u00f3w-768x408.jpg 768w, https:\/\/13muz.eu\/wp-content\/uploads\/2020\/06\/2.-Szczecin-poet\u00f3w-1536x816.jpg 1536w, https:\/\/13muz.eu\/wp-content\/uploads\/2020\/06\/2.-Szczecin-poet\u00f3w-2048x1088.jpg 2048w, https:\/\/13muz.eu\/wp-content\/uploads\/2020\/06\/2.-Szczecin-poet\u00f3w-600x315.jpg 600w, https:\/\/13muz.eu\/wp-content\/uploads\/2020\/06\/2.-Szczecin-poet\u00f3w-400x212.jpg 400w\" sizes=\"auto, (max-width: 300px) 100vw, 300px\" \/><\/a>Aktorzy z Salonu Artystycznego Senior\u00f3w wraz z m\u0142odzie\u017c\u0105 z Teatru Uhuru (Dom Kultury \u201e13 Muz\u201d) we wsp\u00f3\u0142pracy z Instytutem Literatury i Nowych Medi\u00f3w Uniwersytetu Szczeci\u0144skiego przygotowali wyj\u0105tkowe nagranie \u2013 recytacj\u0119 utwor\u00f3w szczeci\u0144skich poet\u00f3w. Us\u0142yszymy wiersze zar\u00f3wno tych autor\u00f3w, kt\u00f3rzy pisali zaraz po wojnie, jak i zupe\u0142nie wsp\u00f3\u0142czesnych. Prezentacja obejmuje teksty, kt\u00f3rych tematyka dotyczy naszego miasta. W\u015br\u00f3d poet\u00f3w znale\u017ali si\u0119: Konstanty Ildefons Ga\u0142czy\u0144ski, Tymoteusz Karpowicz, Ryszard Grabowski, Witold Wirpsza, J\u00f3zef Bursewicz, Eliasz Rajzman, Krzysztof Niewrz\u0119da, Anna Frajlich, Helena Raszka, Inga Iwasi\u00f3w, Piotr Micha\u0142owski, Wiktoria Klera, Leszek Dembek, Artur Daniel Liskowacki, Tomasz Majzel oraz Adam Zieli\u0144ski (\u0141ona).<\/p>\n<p style=\"text-align: justify;\">Wyb\u00f3r utwor\u00f3w:<br \/>\nJerzy Madejski \u2013 literaturoznawca, krytyk literacki, profesor Instytutu Literatury i Nowych Medi\u00f3w Uniwersytetu Szczeci\u0144skiego, wiceprezes Polskiego Towarzystwa Autobiograficznego, redaktor naczelny (z Ing\u0105 Iwasi\u00f3w) pisma \u201eAutobiografia. Literatura. Kultura. Media\u201d, wsp\u00f3\u0142organizator szczeci\u0144skiego festiwalu Dni Kultury \u017bydowskiej Adlojada.<\/p>\n<p style=\"text-align: justify;\">Pawe\u0142 Dziel \u2013 absolwent polonistyki oraz socjologii Uniwersytetu Szczeci\u0144skiego, kustosz w Bibliotece G\u0142\u00f3wnej US, doktorant na Wydziale Humanistycznym US, autor publikacji z zakresu wsp\u00f3\u0142czesnej literatury polskiej, organizator wydarze\u0144 kulturalno-edukacyjnych.<\/p>\n<p style=\"text-align: justify;\">Wprowadzenie do prezentacji \u2013 Pawe\u0142 Dziel<\/p>\n<p style=\"text-align: justify;\">W programie wyst\u0105pili:<\/p>\n<p style=\"text-align: justify;\">Aktorzy Salonu Artystycznego Senior\u00f3w:<br \/>\nAleksandra Szachniewicz<br \/>\nJoanna Pietro\u0142aj<br \/>\nEl\u017cbieta Kolczewska<br \/>\nDanuta Szyd\u0142o<br \/>\nKrystyna Wawrzyn<br \/>\nDanuta Miechowicz&nbsp;<br \/>\nHalina Wojtczak<br \/>\nGra\u017cyna Wolska<br \/>\nJulia Pardon<br \/>\nRyszard Lasota<\/p>\n<p style=\"text-align: justify;\">Aktorzy Teatru Uhuru:<br \/>\nKatarzyna Pawlikowska<br \/>\nAdrian Po\u0142czy\u0144ski<br \/>\nNatalia Borowik<br \/>\nKlaudia Nowak<br \/>\nKaja D\u0119bczy\u0144ska<br \/>\nMi\u0142osz Be\u0142dzikowski<\/p>\n<p style=\"text-align: justify;\">Salon Artystyczny Senior\u00f3w SAS powsta\u0142 w Domu Kultury \u201e13 Muz\u201d na pocz\u0105tku 2017. Jest to grupa aktywnych szczeci\u0144skich senior\u00f3w, kt\u00f3ra w spos\u00f3b tw\u00f3rczy i atrakcyjny wsp\u00f3\u0142tworzy program Domu Kultury \u201e13 Muz\u201d pod k\u0105tem ludzi starszych. Rada programowa SAS przygotowuje regularnie nowe wydarzenia artystyczne z my\u015bl\u0105 o seniorach. W ramach SAS dzia\u0142a kilka grup tw\u00f3rczych takich jak: Teatr Janusza, Teatr Boscha, Grupa Poetycka oraz Duet wokalny Andrzej i Lidia. W ramach dzia\u0142alno\u015bci SAS prezentowane s\u0105 na scenie DK \u201e13 Muz\u201d dokonania artystyczne senior\u00f3w g\u0142\u00f3wnie ze Szczecina i wojew\u00f3dztwa zachodniopomorskiego, spektakle teatralne i kabaretowe, projekcje film\u00f3w, wystawy plastyczne, prezentacje poetyckie i wokalne.<\/p>\n<p style=\"text-align: justify;\">Teatr Uhuru od ponad 20 lat, od 1997 roku istnia\u0142 i tworzy\u0142 w Gryfi\u0144skim Domu Kultury pod kierunkiem Janusza<\/p>\n<p style=\"text-align: justify;\">Janiszewskiego, by\u0142ego aktora Teatru Kana i animatora kultury. Obecnie po dw\u00f3ch latach przerwy teatr wznowi\u0142 swoj\u0105 dzia\u0142alno\u015b\u0107 w szczeci\u0144skim Domu Kultury \u201e13 Muz\u201d jako kontynuacj\u0119 stylistyki, filozofii i sztuki offowego teatru m\u0142odzie\u017cowego, w kt\u00f3rym dominuj\u0105ca cech\u0105 tw\u00f3rczo\u015bci jest wolno\u015b\u0107 wyra\u017cania siebie i swoich pogl\u0105d\u00f3w&nbsp;na \u015bwiat i sztuk\u0119 (\u201euhuru\u201d w suahili znaczy \u201cwolno\u015b\u0107\u201d). Do grupy teatralnej nale\u017cy m\u0142odzie\u017c ze szk\u00f3\u0142 \u015brednich oraz&nbsp;studenci. Od stycznia tego roku aktorzy regularnie spotykali si\u0119 co tydzie\u0144 w realu podczas wsp\u00f3lnych \u0107wicze\u0144 i&nbsp;pr\u00f3b, ale po og\u0142oszeniu kwarantanny ca\u0142\u0105 dzia\u0142alno\u015b\u0107 postanowili\u015bmy kontynuowa\u0107 w Internecie. Od marca tego roku grupa pracuje zdalnie spotykaj\u0105c si\u0119 na czacie i tworz\u0105c wsp\u00f3lne projekty w sieci.<\/p>\n<p style=\"text-align: justify;\">Koordynacja projektu oraz opieka artystyczna: Janusz Janiszewski<br \/>\nOrganizator: Dom Kultury \u201e13 Muz\u201d w Szczecinie<br \/>\nWsp\u00f3\u0142praca: Instytut Literatury i Nowych Medi\u00f3w \/ Uniwersytet Szczeci\u0144ski<br \/>\nNagranie, monta\u017c i oprawa graficzna video: Marek Brzezi\u0144ski i J\u0119drzej Brzezi\u0144ski<\/p>\n<p>Wydarzenie na <a href=\"https:\/\/www.facebook.com\/events\/1880214768786805\/\" target=\"_blank\" rel=\"noopener noreferrer\"><strong>FB<\/strong><\/a><\/p>\n<p>Dofinansowano ze \u015brodk\u00f3w Narodowego Centrum Kultury w ramach programu \u201eKultura w Sieci\u201d<\/p>\n","protected":false},"excerpt":{"rendered":"<p>Aktorzy z Salonu Artystycznego Senior\u00f3w wraz z m\u0142odzie\u017c\u0105 z Teatru Uhuru (Dom Kultury \u201e13 Muz\u201d) we wsp\u00f3\u0142pracy z Instytutem Literatury i Nowych Medi\u00f3w Uniwersytetu Szczeci\u0144skiego przygotowali wyj\u0105tkowe nagranie \u2013 recytacj\u0119 utwor\u00f3w szczeci\u0144skich poet\u00f3w. Us\u0142yszymy wiersze zar\u00f3wno tych autor\u00f3w, kt\u00f3rzy pisali zaraz po wojnie, jak i zupe\u0142nie wsp\u00f3\u0142czesnych. Prezentacja obejmuje teksty, kt\u00f3rych tematyka dotyczy naszego miasta. W\u015br\u00f3d poet\u00f3w znale\u017ali si\u0119: Konstanty Ildefons Ga\u0142czy\u0144ski, Tymoteusz Karpowicz, Ryszard Grabowski, Witold Wirpsza, J\u00f3zef Bursewicz, Eliasz Rajzman, Krzysztof Niewrz\u0119da, Anna Frajlich, Helena Raszka, Inga Iwasi\u00f3w, Piotr Micha\u0142owski, Wiktoria Klera, Leszek Dembek, Artur Daniel Liskowacki, Tomasz Majzel oraz Adam Zieli\u0144ski (\u0141ona). Wyb\u00f3r utwor\u00f3w: Jerzy Madejski \u2013 [&hellip;]<\/p>\n","protected":false},"author":4,"featured_media":0,"parent":0,"menu_order":0,"comment_status":"closed","ping_status":"closed","template":"","meta":{"ngg_post_thumbnail":0,"_price":"","_stock":"","_tribe_ticket_header":"","_tribe_default_ticket_provider":"","_ticket_start_date":"","_ticket_end_date":"","_tribe_ticket_show_description":"","_tribe_ticket_show_not_going":false,"_tribe_ticket_use_global_stock":"","_tribe_ticket_global_stock_level":"","_global_stock_mode":"","_global_stock_cap":"","_tribe_rsvp_for_event":"","_tribe_ticket_going_count":"","_tribe_ticket_not_going_count":"","_tribe_tickets_list":"[]","_tribe_ticket_has_attendee_info_fields":false,"footnotes":"","_tec_slr_enabled":"","_tec_slr_layout":""},"class_list":["post-33560","page","type-page","status-publish","hentry"],"ticketed":false,"post_mailing_queue_ids":[],"_links":{"self":[{"href":"https:\/\/13muz.eu\/en\/wp-json\/wp\/v2\/pages\/33560","targetHints":{"allow":["GET"]}}],"collection":[{"href":"https:\/\/13muz.eu\/en\/wp-json\/wp\/v2\/pages"}],"about":[{"href":"https:\/\/13muz.eu\/en\/wp-json\/wp\/v2\/types\/page"}],"author":[{"embeddable":true,"href":"https:\/\/13muz.eu\/en\/wp-json\/wp\/v2\/users\/4"}],"replies":[{"embeddable":true,"href":"https:\/\/13muz.eu\/en\/wp-json\/wp\/v2\/comments?post=33560"}],"version-history":[{"count":0,"href":"https:\/\/13muz.eu\/en\/wp-json\/wp\/v2\/pages\/33560\/revisions"}],"wp:attachment":[{"href":"https:\/\/13muz.eu\/en\/wp-json\/wp\/v2\/media?parent=33560"}],"curies":[{"name":"wp","href":"https:\/\/api.w.org\/{rel}","templated":true}]}}