{"id":33492,"date":"2020-06-18T13:52:56","date_gmt":"2020-06-18T11:52:56","guid":{"rendered":"https:\/\/13muz.eu\/?page_id=33492"},"modified":"2020-06-18T14:01:49","modified_gmt":"2020-06-18T12:01:49","slug":"dig-it-bit-win-przeglad-sztuki-cyfrowej-i-multimedialnej","status":"publish","type":"page","link":"https:\/\/13muz.eu\/en\/dig-it-bit-win-przeglad-sztuki-cyfrowej-i-multimedialnej\/","title":{"rendered":"DIG.IT &#8211; BIT.WIN"},"content":{"rendered":"<p>Przegl\u0105d sztuki cyfrowej i multimedialnej.<\/p>\n<p><img loading=\"lazy\" decoding=\"async\" class=\"size-medium wp-image-33495 alignleft\" src=\"https:\/\/13muz.eu\/wp-content\/uploads\/2020\/06\/MWaleszczyk_public-digit-300x200.jpg\" alt=\"\" width=\"300\" height=\"200\" srcset=\"https:\/\/13muz.eu\/wp-content\/uploads\/2020\/06\/MWaleszczyk_public-digit-300x200.jpg 300w, https:\/\/13muz.eu\/wp-content\/uploads\/2020\/06\/MWaleszczyk_public-digit-1024x683.jpg 1024w, https:\/\/13muz.eu\/wp-content\/uploads\/2020\/06\/MWaleszczyk_public-digit-768x512.jpg 768w, https:\/\/13muz.eu\/wp-content\/uploads\/2020\/06\/MWaleszczyk_public-digit-1536x1024.jpg 1536w, https:\/\/13muz.eu\/wp-content\/uploads\/2020\/06\/MWaleszczyk_public-digit-2048x1365.jpg 2048w, https:\/\/13muz.eu\/wp-content\/uploads\/2020\/06\/MWaleszczyk_public-digit-150x100.jpg 150w, https:\/\/13muz.eu\/wp-content\/uploads\/2020\/06\/MWaleszczyk_public-digit-400x267.jpg 400w\" sizes=\"auto, (max-width: 300px) 100vw, 300px\" \/><\/p>\n<p style=\"text-align: justify;\">Na co dzie\u0144 korzystamy z wielu urz\u0105dze\u0144 cyfrowych jak laptopy, aparaty czy telefony. Nie wyobra\u017camy sobie dnia bez \u0142\u0105czno\u015bci z Internetem, a tym bardziej bez pobierania lub wysy\u0142ania informacji wizualnych czy tekstowych. Rzeczywisto\u015b\u0107 cyfrowa coraz bardziej staje si\u0119 zintegrowana<br \/>\nz nasz\u0105 codzienno\u015bci\u0105. Ale r\u00f3wnie\u017c my stajemy si\u0119 odbiorcami i uczestnikami rzeczywisto\u015bci cyfrowej bardziej, ni\u017c rzeczywisto\u015bci realnej. Granica mi\u0119dzy nimi staje si\u0119 coraz trudniej rozpoznawalna. Przenikanie si\u0119 tych rzeczywisto\u015bci poszerza nasz zakres poznania i projektowania na niespotykan\u0105 dot\u0105d skale. Mo\u017cemy tworzy\u0107 nowe cyfrowe przestrzenie, interakcyjne grafiki, czy poszerzon\u0105 rzeczywisto\u015b\u0107.<\/p>\n<p style=\"text-align: justify;\">Przegl\u0105d obejmuje cykl prezentacji sztuki cyfrowej w r\u00f3\u017cnych przestrzeniach zar\u00f3wno wirtualnych, jak i rzeczywistych. S\u0105 to interdyscyplinarne realizacje \u0142\u0105cz\u0105ce j\u0119zyk programowania, projektowania cyfrowego, druku cyfrowego oraz druk 3D. Autorami s\u0105 mi\u0119dzy innymi studenci z Polsko-Japo\u0144skiej Akademii Technik Komputerowych, Uniwersytetu Artystycznego.&nbsp;<\/p>\n<p style=\"text-align: justify;\">Kurator, koordynacja, opieka artystyczna: Magdalena Tyczka<\/p>\n<p>Grafika: Maciej Waleszczyk<\/p>\n","protected":false},"excerpt":{"rendered":"<p>Przegl\u0105d sztuki cyfrowej i multimedialnej. Na co dzie\u0144 korzystamy z wielu urz\u0105dze\u0144 cyfrowych jak laptopy, aparaty czy telefony. Nie wyobra\u017camy sobie dnia bez \u0142\u0105czno\u015bci z Internetem, a tym bardziej bez pobierania lub wysy\u0142ania informacji wizualnych czy tekstowych. Rzeczywisto\u015b\u0107 cyfrowa coraz bardziej staje si\u0119 zintegrowana z nasz\u0105 codzienno\u015bci\u0105. Ale r\u00f3wnie\u017c my stajemy si\u0119 odbiorcami i uczestnikami rzeczywisto\u015bci cyfrowej bardziej, ni\u017c rzeczywisto\u015bci realnej. Granica mi\u0119dzy nimi staje si\u0119 coraz trudniej rozpoznawalna. Przenikanie si\u0119 tych rzeczywisto\u015bci poszerza nasz zakres poznania i projektowania na niespotykan\u0105 dot\u0105d skale. Mo\u017cemy tworzy\u0107 nowe cyfrowe przestrzenie, interakcyjne grafiki, czy poszerzon\u0105 rzeczywisto\u015b\u0107. Przegl\u0105d obejmuje cykl prezentacji sztuki cyfrowej w [&hellip;]<\/p>\n","protected":false},"author":4,"featured_media":0,"parent":0,"menu_order":0,"comment_status":"closed","ping_status":"closed","template":"","meta":{"ngg_post_thumbnail":0,"_price":"","_stock":"","_tribe_ticket_header":"","_tribe_default_ticket_provider":"","_ticket_start_date":"","_ticket_end_date":"","_tribe_ticket_show_description":"","_tribe_ticket_show_not_going":false,"_tribe_ticket_use_global_stock":"","_tribe_ticket_global_stock_level":"","_global_stock_mode":"","_global_stock_cap":"","_tribe_rsvp_for_event":"","_tribe_ticket_going_count":"","_tribe_ticket_not_going_count":"","_tribe_tickets_list":"[]","_tribe_ticket_has_attendee_info_fields":false,"footnotes":"","_tec_slr_enabled":"","_tec_slr_layout":""},"class_list":["post-33492","page","type-page","status-publish","hentry"],"ticketed":false,"post_mailing_queue_ids":[],"_links":{"self":[{"href":"https:\/\/13muz.eu\/en\/wp-json\/wp\/v2\/pages\/33492","targetHints":{"allow":["GET"]}}],"collection":[{"href":"https:\/\/13muz.eu\/en\/wp-json\/wp\/v2\/pages"}],"about":[{"href":"https:\/\/13muz.eu\/en\/wp-json\/wp\/v2\/types\/page"}],"author":[{"embeddable":true,"href":"https:\/\/13muz.eu\/en\/wp-json\/wp\/v2\/users\/4"}],"replies":[{"embeddable":true,"href":"https:\/\/13muz.eu\/en\/wp-json\/wp\/v2\/comments?post=33492"}],"version-history":[{"count":0,"href":"https:\/\/13muz.eu\/en\/wp-json\/wp\/v2\/pages\/33492\/revisions"}],"wp:attachment":[{"href":"https:\/\/13muz.eu\/en\/wp-json\/wp\/v2\/media?parent=33492"}],"curies":[{"name":"wp","href":"https:\/\/api.w.org\/{rel}","templated":true}]}}