{"id":33422,"date":"2020-06-10T10:23:52","date_gmt":"2020-06-10T08:23:52","guid":{"rendered":"https:\/\/13muz.eu\/?page_id=33422"},"modified":"2022-10-18T12:47:33","modified_gmt":"2022-10-18T10:47:33","slug":"spotkania-z-mistrzem","status":"publish","type":"page","link":"https:\/\/13muz.eu\/en\/spotkania-z-mistrzem\/","title":{"rendered":"SPOTKANIA Z MISTRZEM"},"content":{"rendered":"<p style=\"text-align: justify;\"><img loading=\"lazy\" decoding=\"async\" class=\"size-medium wp-image-33487 alignleft\" src=\"https:\/\/13muz.eu\/wp-content\/uploads\/2020\/06\/SzM_baner-300x251.jpg\" alt=\"\" width=\"300\" height=\"251\" srcset=\"https:\/\/13muz.eu\/wp-content\/uploads\/2020\/06\/SzM_baner-300x251.jpg 300w, https:\/\/13muz.eu\/wp-content\/uploads\/2020\/06\/SzM_baner-1024x856.jpg 1024w, https:\/\/13muz.eu\/wp-content\/uploads\/2020\/06\/SzM_baner-768x642.jpg 768w, https:\/\/13muz.eu\/wp-content\/uploads\/2020\/06\/SzM_baner-1536x1284.jpg 1536w, https:\/\/13muz.eu\/wp-content\/uploads\/2020\/06\/SzM_baner-2048x1713.jpg 2048w, https:\/\/13muz.eu\/wp-content\/uploads\/2020\/06\/SzM_baner-400x335.jpg 400w\" sizes=\"auto, (max-width: 300px) 100vw, 300px\" \/>Cykl spotka\u0144 maj\u0105cych na celu przybli\u017cenie sylwetek wybitnych przedstawicieli r\u00f3\u017cnych zawod\u00f3w.<\/p>\n<p style=\"text-align: justify;\">Dzi\u0119ki bezpo\u015brednim relacjom, kt\u00f3rych mo\u017cemy wys\u0142ucha\u0107 od zaproszonych go\u015bci oraz prezentacjom towarzysz\u0105cym wystawom, przede wszystkim m\u0142odzie\u017c mo\u017ce zapozna\u0107 si\u0119 ze specyfik\u0105 danego zawodu.<\/p>\n<p style=\"text-align: justify;\">W\u015br\u00f3d zaproszonych Mistrz\u00f3w w Sali Kominkowej Domu Kultury \u201e13 Muz\u201d go\u015bcili\u015bmy m.in. <strong>Ann\u0119 Augustynowicz<\/strong> \u2013 re\u017cyser teatraln\u0105, <strong>Jerzego Undro<\/strong> &#8211; polskiego fotografa, fotoreportera, korespondenta wojennego, <strong>Lex\u2019a Drewi\u0144skiego<\/strong> \u2013 cenionego plakacist\u0119 i profesora Akademii Sztuki w Szczecinie, czy <strong>Sylwi\u0119 R\u00f3\u017cyck\u0105<\/strong> \u2013 piosenkark\u0119 i aktork\u0119 Teatru Polskiego w Szczecinie.<\/p>\n","protected":false},"excerpt":{"rendered":"<p>Cykl spotka\u0144 maj\u0105cych na celu przybli\u017cenie sylwetek wybitnych przedstawicieli r\u00f3\u017cnych zawod\u00f3w. Dzi\u0119ki bezpo\u015brednim relacjom, kt\u00f3rych mo\u017cemy wys\u0142ucha\u0107 od zaproszonych go\u015bci oraz prezentacjom towarzysz\u0105cym wystawom, przede wszystkim m\u0142odzie\u017c mo\u017ce zapozna\u0107 si\u0119 ze specyfik\u0105 danego zawodu. W\u015br\u00f3d zaproszonych Mistrz\u00f3w w Sali Kominkowej Domu Kultury \u201e13 Muz\u201d go\u015bcili\u015bmy m.in. Ann\u0119 Augustynowicz \u2013 re\u017cyser teatraln\u0105, Jerzego Undro &#8211; polskiego fotografa, fotoreportera, korespondenta wojennego, Lex\u2019a Drewi\u0144skiego \u2013 cenionego plakacist\u0119 i profesora Akademii Sztuki w Szczecinie, czy Sylwi\u0119 R\u00f3\u017cyck\u0105 \u2013 piosenkark\u0119 i aktork\u0119 Teatru Polskiego w Szczecinie.<\/p>\n","protected":false},"author":4,"featured_media":0,"parent":0,"menu_order":0,"comment_status":"closed","ping_status":"closed","template":"","meta":{"ngg_post_thumbnail":0,"_price":"","_stock":"","_tribe_ticket_header":"","_tribe_default_ticket_provider":"","_ticket_start_date":"","_ticket_end_date":"","_tribe_ticket_show_description":"","_tribe_ticket_show_not_going":false,"_tribe_ticket_use_global_stock":"","_tribe_ticket_global_stock_level":"","_global_stock_mode":"","_global_stock_cap":"","_tribe_rsvp_for_event":"","_tribe_ticket_going_count":"","_tribe_ticket_not_going_count":"","_tribe_tickets_list":"[]","_tribe_ticket_has_attendee_info_fields":false,"footnotes":"","_tec_slr_enabled":"","_tec_slr_layout":""},"class_list":["post-33422","page","type-page","status-publish","hentry"],"ticketed":false,"post_mailing_queue_ids":[],"_links":{"self":[{"href":"https:\/\/13muz.eu\/en\/wp-json\/wp\/v2\/pages\/33422","targetHints":{"allow":["GET"]}}],"collection":[{"href":"https:\/\/13muz.eu\/en\/wp-json\/wp\/v2\/pages"}],"about":[{"href":"https:\/\/13muz.eu\/en\/wp-json\/wp\/v2\/types\/page"}],"author":[{"embeddable":true,"href":"https:\/\/13muz.eu\/en\/wp-json\/wp\/v2\/users\/4"}],"replies":[{"embeddable":true,"href":"https:\/\/13muz.eu\/en\/wp-json\/wp\/v2\/comments?post=33422"}],"version-history":[{"count":0,"href":"https:\/\/13muz.eu\/en\/wp-json\/wp\/v2\/pages\/33422\/revisions"}],"wp:attachment":[{"href":"https:\/\/13muz.eu\/en\/wp-json\/wp\/v2\/media?parent=33422"}],"curies":[{"name":"wp","href":"https:\/\/api.w.org\/{rel}","templated":true}]}}