{"id":33223,"date":"2020-05-22T14:56:16","date_gmt":"2020-05-22T12:56:16","guid":{"rendered":"https:\/\/13muz.eu\/?page_id=33223"},"modified":"2023-08-16T14:29:05","modified_gmt":"2023-08-16T12:29:05","slug":"tomasz-dorozynski","status":"publish","type":"page","link":"https:\/\/13muz.eu\/en\/tomasz-dorozynski\/","title":{"rendered":"Tomasz Doro\u017cy\u0144ski"},"content":{"rendered":"<p style=\"text-align: justify;\"><img loading=\"lazy\" decoding=\"async\" class=\"alignleft  wp-image-33224\" src=\"https:\/\/13muz.eu\/wp-content\/uploads\/2020\/05\/TomaszDoro\u017cy\u0144ski-1024x900.jpg\" alt=\"\" width=\"411\" height=\"361\" srcset=\"https:\/\/13muz.eu\/wp-content\/uploads\/2020\/05\/TomaszDoro\u017cy\u0144ski-1024x900.jpg 1024w, https:\/\/13muz.eu\/wp-content\/uploads\/2020\/05\/TomaszDoro\u017cy\u0144ski-300x264.jpg 300w, https:\/\/13muz.eu\/wp-content\/uploads\/2020\/05\/TomaszDoro\u017cy\u0144ski-768x675.jpg 768w, https:\/\/13muz.eu\/wp-content\/uploads\/2020\/05\/TomaszDoro\u017cy\u0144ski-1536x1350.jpg 1536w, https:\/\/13muz.eu\/wp-content\/uploads\/2020\/05\/TomaszDoro\u017cy\u0144ski-400x352.jpg 400w, https:\/\/13muz.eu\/wp-content\/uploads\/2020\/05\/TomaszDoro\u017cy\u0144ski.jpg 1920w\" sizes=\"auto, (max-width: 411px) 100vw, 411px\" \/>W 2001 roku, pierwszy raz roz\u0142o\u017cy\u0142em mat\u0119 na yogowej sali. Od tego czasu, yoga staje si\u0119 cz\u0119\u015bci\u0105 mnie a ja, mam nadziej\u0119, cz\u0119\u015bci\u0105 yogi.<\/p>\n<p style=\"text-align: justify;\">Jestem dyplomowanym nauczycielem Hatha Yogi i Ashtanga Yogi. Po kilku latach, sp\u0119dzonych na zaj\u0119ciach, asystach i prowadzeniu samodzielnych zaj\u0119\u0107 w jednej ze szczeci\u0144skich szk\u00f3\u0142, okaza\u0142o si\u0119, \u017ce tym, czego uczy mnie yoga, jest ch\u0119\u0107 rozwoju, zdobywania wiedzy, poszerzania horyzont\u00f3w, poszukiwania niezale\u017cno\u015bci, pod\u0105\u017cania w kierunku nieograniczonej, wewn\u0119trznej wolno\u015bci.<\/p>\n<p style=\"text-align: justify;\">Przez osiem lat prowadzi\u0142em yogowe zaj\u0119cia w jednej ze szczeci\u0144skich szk\u00f3\u0142 ta\u0144ca, doskonal\u0105c sw\u00f3j nauczycielski warsztat. Od 2018 roku pod przyjaznymi skrzyd\u0142ami Domu Kultury \u201e13 Muz\u201d, prowadz\u0119 w\u0142asn\u0105 Szko\u0142\u0119 Yogi \u201eYoga w Muzach\u201d.<\/p>\n<p style=\"text-align: justify;\">W mi\u0119dzyczasie uko\u0144czy\u0142em kilkana\u015bcie kurs\u00f3w nauczycielskich (w tym dwa w Indiach), bra\u0142em udzia\u0142 w dziesi\u0105tkach yogowych warsztat\u00f3w. Tym jednak, co moim zdaniem, jest najwa\u017cniejsze w yogowej, nauczycielskiej \u015bcie\u017cce, s\u0105 samotne godziny w\u0142asnej praktyki na macie. St\u0105d te\u017c moja fascynacja systemem Ashtanga Yoga.<\/p>\n<p style=\"text-align: justify;\">Moim zadaniem, jako nauczyciela, nie jest \u201eprzywi\u0105zanie\u201d Ci\u0119 do jednego miejsca, czy do jednego prowadz\u0105cego. Celem nauczyciela, powinno by\u0107 pokazanie drogi i niesko\u0144czonej mo\u017cliwo\u015bci wyboru.<\/p>\n<p style=\"text-align: justify;\">Chc\u0105c uzupe\u0142ni\u0107 terapeutyczn\u0105 moc asan, kierowany ch\u0119ci\u0105 pomagania sobie i innym, zdoby\u0142em r\u00f3wnie\u017c \u201eu \u017ar\u00f3d\u0142a\u201d, w Tajlandii, dyplom masa\u017cysty masa\u017cu tajskiego. Z ca\u0142ego serca polecam, jego niezwyk\u0142e, uwalniaj\u0105ce dzia\u0142anie.<\/p>\n<p style=\"text-align: justify;\">Zapraszam na zaj\u0119cia:<br \/>\n&#8211; <a href=\"https:\/\/13muz.eu\/joga-bez-barier\/\" target=\"_blank\" rel=\"noopener\">Joga bez barier<\/a> \/ poniedzia\u0142ki<br \/>\n&#8211; <a href=\"https:\/\/13muz.eu\/joga-w-muzach\/\" target=\"_blank\" rel=\"noopener\">Joga dla senior\u00f3w<\/a> \/ wtorki<br \/>\n&#8211; <a href=\"https:\/\/13muz.eu\/joga-dla-osob-z-niepelnosprawnoscia-wzroku\/\" target=\"_blank\" rel=\"noopener\">Joga dla os\u00f3b z niepe\u0142nosprawno\u015bci\u0105 wzroku<\/a> \/ pi\u0105tki<\/p>\n<p>Tomasz Doro\u017cy\u0144ski<\/p>\n","protected":false},"excerpt":{"rendered":"<p>W 2001 roku, pierwszy raz roz\u0142o\u017cy\u0142em mat\u0119 na yogowej sali. Od tego czasu, yoga staje si\u0119 cz\u0119\u015bci\u0105 mnie a ja, mam nadziej\u0119, cz\u0119\u015bci\u0105 yogi. Jestem dyplomowanym nauczycielem Hatha Yogi i Ashtanga Yogi. Po kilku latach, sp\u0119dzonych na zaj\u0119ciach, asystach i prowadzeniu samodzielnych zaj\u0119\u0107 w jednej ze szczeci\u0144skich szk\u00f3\u0142, okaza\u0142o si\u0119, \u017ce tym, czego uczy mnie yoga, jest ch\u0119\u0107 rozwoju, zdobywania wiedzy, poszerzania horyzont\u00f3w, poszukiwania niezale\u017cno\u015bci, pod\u0105\u017cania w kierunku nieograniczonej, wewn\u0119trznej wolno\u015bci. Przez osiem lat prowadzi\u0142em yogowe zaj\u0119cia w jednej ze szczeci\u0144skich szk\u00f3\u0142 ta\u0144ca, doskonal\u0105c sw\u00f3j nauczycielski warsztat. Od 2018 roku pod przyjaznymi skrzyd\u0142ami Domu Kultury \u201e13 Muz\u201d, prowadz\u0119 w\u0142asn\u0105 Szko\u0142\u0119 [&hellip;]<\/p>\n","protected":false},"author":2,"featured_media":0,"parent":0,"menu_order":0,"comment_status":"closed","ping_status":"closed","template":"","meta":{"ngg_post_thumbnail":0,"_price":"","_stock":"","_tribe_ticket_header":"","_tribe_default_ticket_provider":"","_ticket_start_date":"","_ticket_end_date":"","_tribe_ticket_show_description":"","_tribe_ticket_show_not_going":false,"_tribe_ticket_use_global_stock":"","_tribe_ticket_global_stock_level":"","_global_stock_mode":"","_global_stock_cap":"","_tribe_rsvp_for_event":"","_tribe_ticket_going_count":"","_tribe_ticket_not_going_count":"","_tribe_tickets_list":"[]","_tribe_ticket_has_attendee_info_fields":false,"footnotes":"","_tec_slr_enabled":"","_tec_slr_layout":""},"class_list":["post-33223","page","type-page","status-publish","hentry"],"ticketed":false,"post_mailing_queue_ids":[],"_links":{"self":[{"href":"https:\/\/13muz.eu\/en\/wp-json\/wp\/v2\/pages\/33223","targetHints":{"allow":["GET"]}}],"collection":[{"href":"https:\/\/13muz.eu\/en\/wp-json\/wp\/v2\/pages"}],"about":[{"href":"https:\/\/13muz.eu\/en\/wp-json\/wp\/v2\/types\/page"}],"author":[{"embeddable":true,"href":"https:\/\/13muz.eu\/en\/wp-json\/wp\/v2\/users\/2"}],"replies":[{"embeddable":true,"href":"https:\/\/13muz.eu\/en\/wp-json\/wp\/v2\/comments?post=33223"}],"version-history":[{"count":0,"href":"https:\/\/13muz.eu\/en\/wp-json\/wp\/v2\/pages\/33223\/revisions"}],"wp:attachment":[{"href":"https:\/\/13muz.eu\/en\/wp-json\/wp\/v2\/media?parent=33223"}],"curies":[{"name":"wp","href":"https:\/\/api.w.org\/{rel}","templated":true}]}}