{"id":32,"date":"2017-11-29T22:45:04","date_gmt":"2017-11-29T22:45:04","guid":{"rendered":"http:\/\/test.13muz.eu\/?page_id=32"},"modified":"2026-01-09T14:14:31","modified_gmt":"2026-01-09T13:14:31","slug":"bip","status":"publish","type":"page","link":"https:\/\/13muz.eu\/en\/bip\/","title":{"rendered":"BIP"},"content":{"rendered":"<h3><img loading=\"lazy\" decoding=\"async\" class=\"wp-image-50777 alignnone\" src=\"https:\/\/13muz.eu\/wp-content\/uploads\/2023\/04\/logo_bip-1024x364.jpg\" alt=\"\" width=\"193\" height=\"69\" srcset=\"https:\/\/13muz.eu\/wp-content\/uploads\/2023\/04\/logo_bip-1024x364.jpg 1024w, https:\/\/13muz.eu\/wp-content\/uploads\/2023\/04\/logo_bip-300x107.jpg 300w, https:\/\/13muz.eu\/wp-content\/uploads\/2023\/04\/logo_bip-768x273.jpg 768w, https:\/\/13muz.eu\/wp-content\/uploads\/2023\/04\/logo_bip-400x142.jpg 400w, https:\/\/13muz.eu\/wp-content\/uploads\/2023\/04\/logo_bip.jpg 1095w\" sizes=\"auto, (max-width: 193px) 100vw, 193px\" \/>&nbsp; &nbsp; &nbsp; &nbsp; &nbsp; &nbsp; <strong>Dom Kultury \u201e13 Muz\u201d<\/strong><\/h3>\n<ul class=\"sitemap\">\n<li style=\"list-style-type: none;\">\n<ul>\n<li><a class=\"list-main\" href=\"http:\/\/13muz.eu\/status-prawny\/\">STATUS PRAWNY<\/a><\/li>\n<li><a class=\"list-main\" href=\"http:\/\/13muz.eu\/statut\/\">STATUT<\/a><\/li>\n<li><a class=\"list-main\" href=\"http:\/\/13muz.eu\/regulamin-i-schemat-organizacyjny\/\">REGULAMIN I SCHEMAT ORGANIZACYJNY<\/a><\/li>\n<li><a class=\"list-main\" href=\"http:\/\/13muz.eu\/dane-formalno-prawne\/\">DANE FORMALNO-PRAWNE<\/a><\/li>\n<li><a class=\"list-main\" href=\"https:\/\/13muz.eu\/elektroniczna-skrzynka-podawcza\/\">ELEKTRONICZNA SKRZYNKA PODAWCZA<\/a><\/li>\n<li><a class=\"list-main\" href=\"https:\/\/13muz.eu\/przedmiot-dzialalnosci\/\">PRZEDMIOT DZIA\u0141ALNO\u015aCI<\/a><\/li>\n<li><a class=\"list-main\" href=\"https:\/\/13muz.eu\/strategiczny-program-dzialania-domu-kultury-13-muz\/\" target=\"_blank\" rel=\"noopener\">Strategiczny program dzia\u0142ania Domu Kultury \u201e13 Muz\u201d<\/a><\/li>\n<li><a class=\"list-main\" href=\"http:\/\/13muz.eu\/budzet\/\">BUD\u017bET<\/a><\/li>\n<li><a class=\"list-main\" href=\"http:\/\/13muz.eu\/sprawozdania-finansowe\/\">SPRAWOZDANIA FINANSOWE<\/a><\/li>\n<li><a class=\"list-main\" href=\"http:\/\/13muz.eu\/majatek\/\">MAJ\u0104TEK<\/a><\/li>\n<li><a class=\"list-main\" href=\"http:\/\/13muz.eu\/zamowienia-publiczne\/\">ZAM\u00d3WIENIA PUBLICZNE<\/a><\/li>\n<li><a class=\"list-main\" href=\"http:\/\/13muz.eu\/pracownicy\/\">PRACOWNICY<\/a><\/li>\n<li><a class=\"list-main\" href=\"http:\/\/13muz.eu\/udostepnianie-informacji-publicznej\/\">UDOST\u0118PNIANIE INFORMACJI PUBLICZNEJ<\/a><\/li>\n<li><a class=\"list-main\" href=\"http:\/\/13muz.eu\/informacje-o-rodo\/\">INFORMACJE O RODO<\/a><\/li>\n<li><a class=\"list-main\" href=\"https:\/\/13muz.eu\/ochrona-danych-osobowych-i-wizerunku-uczestnika-wydarzen-w-dk-13-muz\/\">OCHRONA DANYCH OSOBOWYCH I WIZERUNKU UCZESTNIKA<\/a><\/li>\n<li><a class=\"list-main\" href=\"https:\/\/13muz.eu\/deklaracja-dostepnosci-dom-kultury-13-muz\/\">Deklaracja dost\u0119pno\u015bci DOM KULTURY \u201e13 MUZ\u201d<\/a><\/li>\n<li><a class=\"list-main\" href=\"https:\/\/13muz.eu\/raporty-o-stanie-zapewniania-dostepnosci-podmiotu-publicznego\/\">Raporty o stanie zapewniania dost\u0119pno\u015bci podmiotu publicznego<\/a><\/li>\n<li><a class=\"list-main\" href=\"https:\/\/13muz.eu\/standardy-ochrony-maloletnich\/\">Standardy ochrony ma\u0142oletnich<\/a><\/li>\n<li><a class=\"list-main\" href=\"http:\/\/13muz.eu\/redakcja\/\">REDAKCJA<\/a><\/li>\n<li><a class=\"list-main\" href=\"http:\/\/13muz.eu\/dziennik-zmian\/\">DZIENNIK ZMIAN<\/a><\/li>\n<\/ul>\n<\/li>\n<\/ul>\n","protected":false},"excerpt":{"rendered":"<p>&nbsp; &nbsp; &nbsp; &nbsp; &nbsp; &nbsp; Dom Kultury \u201e13 Muz\u201d STATUS PRAWNY STATUT REGULAMIN I SCHEMAT ORGANIZACYJNY DANE FORMALNO-PRAWNE ELEKTRONICZNA SKRZYNKA PODAWCZA PRZEDMIOT DZIA\u0141ALNO\u015aCI Strategiczny program dzia\u0142ania Domu Kultury \u201e13 Muz\u201d BUD\u017bET SPRAWOZDANIA FINANSOWE MAJ\u0104TEK ZAM\u00d3WIENIA PUBLICZNE PRACOWNICY UDOST\u0118PNIANIE INFORMACJI PUBLICZNEJ INFORMACJE O RODO OCHRONA DANYCH OSOBOWYCH I WIZERUNKU UCZESTNIKA Deklaracja dost\u0119pno\u015bci DOM KULTURY \u201e13 MUZ\u201d Raporty o stanie zapewniania dost\u0119pno\u015bci podmiotu publicznego Standardy ochrony ma\u0142oletnich REDAKCJA DZIENNIK ZMIAN<\/p>\n","protected":false},"author":1,"featured_media":0,"parent":0,"menu_order":0,"comment_status":"closed","ping_status":"closed","template":"","meta":{"ngg_post_thumbnail":0,"_price":"","_stock":"","_tribe_ticket_header":"","_tribe_default_ticket_provider":"","_ticket_start_date":"","_ticket_end_date":"","_tribe_ticket_show_description":"","_tribe_ticket_show_not_going":false,"_tribe_ticket_use_global_stock":"","_tribe_ticket_global_stock_level":"","_global_stock_mode":"","_global_stock_cap":"","_tribe_rsvp_for_event":"","_tribe_ticket_going_count":"","_tribe_ticket_not_going_count":"","_tribe_tickets_list":"[]","_tribe_ticket_has_attendee_info_fields":false,"footnotes":"","_tec_slr_enabled":"","_tec_slr_layout":""},"class_list":["post-32","page","type-page","status-publish","hentry"],"ticketed":false,"post_mailing_queue_ids":[],"_links":{"self":[{"href":"https:\/\/13muz.eu\/en\/wp-json\/wp\/v2\/pages\/32","targetHints":{"allow":["GET"]}}],"collection":[{"href":"https:\/\/13muz.eu\/en\/wp-json\/wp\/v2\/pages"}],"about":[{"href":"https:\/\/13muz.eu\/en\/wp-json\/wp\/v2\/types\/page"}],"author":[{"embeddable":true,"href":"https:\/\/13muz.eu\/en\/wp-json\/wp\/v2\/users\/1"}],"replies":[{"embeddable":true,"href":"https:\/\/13muz.eu\/en\/wp-json\/wp\/v2\/comments?post=32"}],"version-history":[{"count":0,"href":"https:\/\/13muz.eu\/en\/wp-json\/wp\/v2\/pages\/32\/revisions"}],"wp:attachment":[{"href":"https:\/\/13muz.eu\/en\/wp-json\/wp\/v2\/media?parent=32"}],"curies":[{"name":"wp","href":"https:\/\/api.w.org\/{rel}","templated":true}]}}