{"id":30819,"date":"2020-01-07T21:20:57","date_gmt":"2020-01-07T20:20:57","guid":{"rendered":"https:\/\/13muz.eu\/?page_id=30819"},"modified":"2025-02-24T14:45:52","modified_gmt":"2025-02-24T13:45:52","slug":"teatr-janusza","status":"publish","type":"page","link":"https:\/\/13muz.eu\/en\/teatr-janusza\/","title":{"rendered":"Teatr Janusza \/ Salon Artystyczny Senior\u00f3w DK \u201e13 Muz\u201d"},"content":{"rendered":"<p style=\"text-align: justify;\"><img loading=\"lazy\" decoding=\"async\" class=\"wp-image-30700 alignleft\" src=\"https:\/\/13muz.eu\/wp-content\/uploads\/2019\/12\/Teatr-Janusza-1024x683.jpg\" alt=\"\" width=\"566\" height=\"377\" srcset=\"https:\/\/13muz.eu\/wp-content\/uploads\/2019\/12\/Teatr-Janusza-1024x683.jpg 1024w, https:\/\/13muz.eu\/wp-content\/uploads\/2019\/12\/Teatr-Janusza-300x200.jpg 300w, https:\/\/13muz.eu\/wp-content\/uploads\/2019\/12\/Teatr-Janusza-768x512.jpg 768w, https:\/\/13muz.eu\/wp-content\/uploads\/2019\/12\/Teatr-Janusza-150x100.jpg 150w, https:\/\/13muz.eu\/wp-content\/uploads\/2019\/12\/Teatr-Janusza-400x267.jpg 400w, https:\/\/13muz.eu\/wp-content\/uploads\/2019\/12\/Teatr-Janusza.jpg 1920w\" sizes=\"auto, (max-width: 566px) 100vw, 566px\" \/><\/p>\n<p style=\"text-align: justify;\">Teatr Janusza to amatorska grupa teatralna senior\u00f3w, kt\u00f3ra dzia\u0142a od stycznia 2019 r. w Domu Kultury \u201e13 Muz\u201d jako cz\u0119\u015b\u0107 Salonu Artystycznego Senior\u00f3w. Teatr tworzy spektakle teatralne i programy sceniczne. Ma ju\u017c na swoim koncie kilka du\u017cych spektakli prezentowanych na scenie Domu Kultury \u201e13 Muz\u201d oraz poza Szczecinem:<br \/>\n&#8211; \u201eWa\u0142\u0119sa moja mi\u0142o\u015b\u0107\u201d<br \/>\n&#8211; \u201eS\u0142owo sta\u0142o si\u0119 cia\u0142em, czyli seksodyna 3021\u201d<br \/>\n&#8211; \u201eEndorfina 3022, czyli powr\u00f3t na Ziemi\u0119\u201d (spektakl dla dzieci)<br \/>\n&#8211; \u201eMuza\u201d o Delfinie Potockiej<br \/>\n&#8211; \u201eSzeherezada i Internet\u201d<\/p>\n<p style=\"text-align: justify;\">Ponadto teatr zrealizowa\u0142 wiele program\u00f3w poetyckich, satyrycznych oraz teatralno-muzycznych dla dzieci, senior\u00f3w i dla szerokiej publiczno\u015bci.<\/p>\n<p style=\"text-align: justify;\">Spotkania grupy odbywaj\u0105 si\u0119 w \u015brody w godz. 10:00-13:00 w Sali Kominkowej Domu Kultury \u201e13 Muz\u201d.<\/p>\n<p style=\"text-align: justify;\">Opieka artystyczna i organizacyjna nad <a href=\"https:\/\/13muz.eu\/rezydenci-salon-artystyczny-seniorow\/\" target=\"_blank\" rel=\"noopener\"><strong>Salonem Artystycznym Senior\u00f3w<\/strong><\/a>: <a href=\"mailto:j.janiszewski@13muz.eu\" target=\"_blank\" rel=\"noopener\">j.janiszewski@13muz.eu<\/a>, 501&nbsp;791&nbsp;491<\/p>\n","protected":false},"excerpt":{"rendered":"<p>Teatr Janusza to amatorska grupa teatralna senior\u00f3w, kt\u00f3ra dzia\u0142a od stycznia 2019 r. w Domu Kultury \u201e13 Muz\u201d jako cz\u0119\u015b\u0107 Salonu Artystycznego Senior\u00f3w. Teatr tworzy spektakle teatralne i programy sceniczne. Ma ju\u017c na swoim koncie kilka du\u017cych spektakli prezentowanych na scenie Domu Kultury \u201e13 Muz\u201d oraz poza Szczecinem: &#8211; \u201eWa\u0142\u0119sa moja mi\u0142o\u015b\u0107\u201d &#8211; \u201eS\u0142owo sta\u0142o si\u0119 cia\u0142em, czyli seksodyna 3021\u201d &#8211; \u201eEndorfina 3022, czyli powr\u00f3t na Ziemi\u0119\u201d (spektakl dla dzieci) &#8211; \u201eMuza\u201d o Delfinie Potockiej &#8211; \u201eSzeherezada i Internet\u201d Ponadto teatr zrealizowa\u0142 wiele program\u00f3w poetyckich, satyrycznych oraz teatralno-muzycznych dla dzieci, senior\u00f3w i dla szerokiej publiczno\u015bci. Spotkania grupy odbywaj\u0105 si\u0119 w [&hellip;]<\/p>\n","protected":false},"author":2,"featured_media":0,"parent":0,"menu_order":0,"comment_status":"closed","ping_status":"closed","template":"","meta":{"ngg_post_thumbnail":0,"_price":"","_stock":"","_tribe_ticket_header":"","_tribe_default_ticket_provider":"","_ticket_start_date":"","_ticket_end_date":"","_tribe_ticket_show_description":"","_tribe_ticket_show_not_going":false,"_tribe_ticket_use_global_stock":"","_tribe_ticket_global_stock_level":"","_global_stock_mode":"","_global_stock_cap":"","_tribe_rsvp_for_event":"","_tribe_ticket_going_count":"","_tribe_ticket_not_going_count":"","_tribe_tickets_list":"[]","_tribe_ticket_has_attendee_info_fields":false,"footnotes":"","_tec_slr_enabled":"","_tec_slr_layout":""},"class_list":["post-30819","page","type-page","status-publish","hentry"],"ticketed":false,"post_mailing_queue_ids":[],"_links":{"self":[{"href":"https:\/\/13muz.eu\/en\/wp-json\/wp\/v2\/pages\/30819","targetHints":{"allow":["GET"]}}],"collection":[{"href":"https:\/\/13muz.eu\/en\/wp-json\/wp\/v2\/pages"}],"about":[{"href":"https:\/\/13muz.eu\/en\/wp-json\/wp\/v2\/types\/page"}],"author":[{"embeddable":true,"href":"https:\/\/13muz.eu\/en\/wp-json\/wp\/v2\/users\/2"}],"replies":[{"embeddable":true,"href":"https:\/\/13muz.eu\/en\/wp-json\/wp\/v2\/comments?post=30819"}],"version-history":[{"count":0,"href":"https:\/\/13muz.eu\/en\/wp-json\/wp\/v2\/pages\/30819\/revisions"}],"wp:attachment":[{"href":"https:\/\/13muz.eu\/en\/wp-json\/wp\/v2\/media?parent=30819"}],"curies":[{"name":"wp","href":"https:\/\/api.w.org\/{rel}","templated":true}]}}