{"id":30727,"date":"2019-12-27T18:07:45","date_gmt":"2019-12-27T17:07:45","guid":{"rendered":"https:\/\/13muz.eu\/?page_id=30727"},"modified":"2025-07-25T08:32:51","modified_gmt":"2025-07-25T06:32:51","slug":"teatr-uhuru-mlodziezowa-pracownia-teatralna","status":"publish","type":"page","link":"https:\/\/13muz.eu\/en\/teatr-uhuru-mlodziezowa-pracownia-teatralna\/","title":{"rendered":"Teatr Uhuru &#8211; M\u0142odzie\u017cowa Pracownia Teatralna"},"content":{"rendered":"<p style=\"text-align: justify;\"><img loading=\"lazy\" decoding=\"async\" class=\"size-medium wp-image-43293 alignleft\" src=\"https:\/\/13muz.eu\/wp-content\/uploads\/2022\/01\/Mlodziezowa-pracowania-teatralna-Teatr-Uhuru-1920-1-300x156.jpg\" alt=\"\" width=\"300\" height=\"156\" srcset=\"https:\/\/13muz.eu\/wp-content\/uploads\/2022\/01\/Mlodziezowa-pracowania-teatralna-Teatr-Uhuru-1920-1-300x156.jpg 300w, https:\/\/13muz.eu\/wp-content\/uploads\/2022\/01\/Mlodziezowa-pracowania-teatralna-Teatr-Uhuru-1920-1-1024x534.jpg 1024w, https:\/\/13muz.eu\/wp-content\/uploads\/2022\/01\/Mlodziezowa-pracowania-teatralna-Teatr-Uhuru-1920-1-768x400.jpg 768w, https:\/\/13muz.eu\/wp-content\/uploads\/2022\/01\/Mlodziezowa-pracowania-teatralna-Teatr-Uhuru-1920-1-1536x801.jpg 1536w, https:\/\/13muz.eu\/wp-content\/uploads\/2022\/01\/Mlodziezowa-pracowania-teatralna-Teatr-Uhuru-1920-1-400x209.jpg 400w, https:\/\/13muz.eu\/wp-content\/uploads\/2022\/01\/Mlodziezowa-pracowania-teatralna-Teatr-Uhuru-1920-1.jpg 1920w\" sizes=\"auto, (max-width: 300px) 100vw, 300px\" \/><\/p>\n<p style=\"text-align: justify;\">Na zaj\u0119cia teatralne zapraszamy m\u0142odzie\u017c licealn\u0105 i student\u00f3w. Pracownia jest otwarta dla ka\u017cdego, kto chcia\u0142by odkrywa\u0107 i rozwija\u0107 swoje zainteresowania aktorskie, poprzez warsztaty, \u0107wiczenia i tworzenie wybranej przez siebie formy sztuki scenicznej.<\/p>\n<p style=\"text-align: justify;\">G\u0142\u00f3wn\u0105 zasad\u0105 i filozofi\u0105 w naszej tw\u00f3rczo\u015bci jest wolno\u015b\u0107 wyra\u017cania siebie i swoich pogl\u0105d\u00f3w na \u015bwiat i sztuk\u0119 (\u201euhuru\u201d w suahili znaczy \u201ewolno\u015b\u0107\u201d).<\/p>\n<p style=\"text-align: justify;\">W ramach pracowni teatralnej odbywaj\u0105 si\u0119: warsztaty aktorskie, warsztaty emisji g\u0142osu, sztuka recytacji, tworzenie spektakli, zaj\u0119cia przygotowawcze do szk\u00f3\u0142 teatralnych, przygotowanie do konkurs\u00f3w recytatorskich, wyjazdy zagraniczne i udzia\u0142 w mi\u0119dzynarodowych projektach artystycznych w ramach projekt\u00f3w europejskich wymiany m\u0142odzie\u017cy.<\/p>\n<p style=\"text-align: justify;\">W czerwcu odbywa si\u0119 organizowany corocznie przez Teatr Uhuru Festiwal Sztuk Uhuru. <a href=\"https:\/\/13muz.eu\/event\/17-22-06-nie-z-rowno-wazeni-iii-festiwal-sztuk-uhuru\/\" target=\"_blank\" rel=\"noopener\">Link do III edycji wydarzenia<\/a>.<\/p>\n<p>Zaj\u0119cia prowadzi instruktor Janusz Janiszewski.<\/p>\n<p style=\"text-align: justify;\">Spotkania odbywaj\u0105 si\u0119 w dw\u00f3ch grupach:<br \/>\n&#8211; Wtorki w godz. 16:00 &#8211; 20:00 &nbsp;&#8211; warsztaty teatralne oraz tworzenie spektaklu<br \/>\n&#8211; Czwartki w godz. 16:00 &#8211; 20:00 &#8211; sztuka s\u0142owa i teatr jednego aktora<\/p>\n<p style=\"text-align: justify;\">Teatr Uhuru powsta\u0142 w 1997 r. w M\u0142odzie\u017cowym Domu Kultury w Gryfinie (obecnie Gryfi\u0144ski Dom Kultury). Za\u0142o\u017cycielem i kierownikiem artystycznym teatru jest Janusz Janiszewski, aktor szczeci\u0144skiego Teatru Kana, re\u017cyser, polonista i pedagog teatralny.<\/p>\n<p style=\"text-align: justify;\">Obecnie od kilku lat teatr dzia\u0142a pod egid\u0105 Domu Kultury \u201e13 Muz\u201d w Szczecinie pod kierunkiem Janusza Janiszewskiego, kt\u00f3ry utworzy\u0142 dla aktywnej tw\u00f3rczo m\u0142odzie\u017cy Pracowni\u0119 Teatraln\u0105 Teatr Uhuru skupiaj\u0105c\u0105 uczni\u00f3w szk\u00f3\u0142 \u015brednich i student\u00f3w realizuj\u0105cych w niej r\u00f3\u017cne pasje artystyczne: aktorstwo, re\u017cyseri\u0119, sztuki plastyczne i literackie oraz inne formy sceniczne.<\/p>\n<p style=\"text-align: justify;\">Od pocz\u0105tku swego istnienia Teatr Uhuru w ramach swojej dzia\u0142alno\u015bci jako grupa tw\u00f3rcza wsp\u00f3\u0142pracuje z zagranicznymi, g\u0142\u00f3wnie z niemieckimi o\u015brodkami kultury uczestnicz\u0105c w projektach wymiany m\u0142odzie\u017cy oraz wsp\u00f3\u0142organizuj\u0105c mi\u0119dzynarodowe warsztaty teatralne.<\/p>\n<p style=\"text-align: justify;\">Teatr ma na swoim koncie kilkadziesi\u0105t przedstawie\u0144. Najwi\u0119ksze uznanie, wiele nagr\u00f3d i wyr\u00f3\u017cnie\u0144 przynios\u0142y mu takie spektakle jak: \u201ePewna mucha\u201d, \u201ePolly i Molly\u201d, \u201eCia\u0142o\u201d, widowisko plenerowe \u201eApocalypsis\u201d czy najg\u0142o\u015bniejszy spektakl \u201ePierogi\u201d. Wsp\u00f3\u0142tw\u00f3rczyni\u0105 wielu sukces\u00f3w teatru jest Violina Janiszewska (wsp\u00f3\u0142praca re\u017cyserska i scenariuszowa, kostiumy i scenografia).<\/p>\n<p style=\"text-align: justify;\">Wszystkie przedstawienia s\u0105 spektaklami autorskimi. G\u0142\u00f3wn\u0105 zasad\u0105 tw\u00f3rcz\u0105 teatru jest \u201ewolno\u015b\u0107 wszelako pojmowana\u201d, g\u0142\u00f3wnie chodzi o wolno\u015b\u0107 wypowiedzi artystycznej i ekspresji tw\u00f3rczej. (S\u0142owo \u201eUhuru\u201d w j\u0119zyku suahili znaczy w\u0142a\u015bnie wolno\u015b\u0107). Podstaw\u0105 dzia\u0142alno\u015bci jest stworzenie szerokiej przestrzeni w\u0142asnej kreatywno\u015bci i mo\u017cliwo\u015bci autoekspresji dla ka\u017cdego uczestnika pracowni teatralnej.<\/p>\n<p style=\"text-align: justify;\">Teatr Uhuru jest wielokrotnym laureatem og\u00f3lnopolskich festiwali teatralnych i zdobywc\u0105 wielu presti\u017cowych nagr\u00f3d za scenariusze, re\u017cyseri\u0119 i aktorstwo.<\/p>\n<p><strong>Kontakt:<\/strong><br \/>\nJanusz Janiszewski<br \/>\ne-mail: <a href=\"mailto:j.janiszewski@13muz.eu\" target=\"_blank\" rel=\"noopener noreferrer\">j.janiszewski@13muz.eu<\/a><br \/>\ntel: +48 501 791&nbsp;491<\/p>\n<p><a href=\"https:\/\/13muz.eu\/wp-content\/uploads\/2023\/07\/20230630_GS_Teatr-Uhuru.pdf\" target=\"_blank\" rel=\"noopener\">Artyku\u0142 prasowy G\u0142os Szczeci\u0144ski 30 czerwca 2023 r.<\/a><\/p>\n","protected":false},"excerpt":{"rendered":"<p>Na zaj\u0119cia teatralne zapraszamy m\u0142odzie\u017c licealn\u0105 i student\u00f3w. Pracownia jest otwarta dla ka\u017cdego, kto chcia\u0142by odkrywa\u0107 i rozwija\u0107 swoje zainteresowania aktorskie, poprzez warsztaty, \u0107wiczenia i tworzenie wybranej przez siebie formy sztuki scenicznej. G\u0142\u00f3wn\u0105 zasad\u0105 i filozofi\u0105 w naszej tw\u00f3rczo\u015bci jest wolno\u015b\u0107 wyra\u017cania siebie i swoich pogl\u0105d\u00f3w na \u015bwiat i sztuk\u0119 (\u201euhuru\u201d w suahili znaczy \u201ewolno\u015b\u0107\u201d). W ramach pracowni teatralnej odbywaj\u0105 si\u0119: warsztaty aktorskie, warsztaty emisji g\u0142osu, sztuka recytacji, tworzenie spektakli, zaj\u0119cia przygotowawcze do szk\u00f3\u0142 teatralnych, przygotowanie do konkurs\u00f3w recytatorskich, wyjazdy zagraniczne i udzia\u0142 w mi\u0119dzynarodowych projektach artystycznych w ramach projekt\u00f3w europejskich wymiany m\u0142odzie\u017cy. W czerwcu odbywa si\u0119 organizowany corocznie przez [&hellip;]<\/p>\n","protected":false},"author":2,"featured_media":0,"parent":0,"menu_order":0,"comment_status":"closed","ping_status":"closed","template":"","meta":{"ngg_post_thumbnail":0,"_price":"","_stock":"","_tribe_ticket_header":"","_tribe_default_ticket_provider":"","_ticket_start_date":"","_ticket_end_date":"","_tribe_ticket_show_description":"","_tribe_ticket_show_not_going":false,"_tribe_ticket_use_global_stock":"","_tribe_ticket_global_stock_level":"","_global_stock_mode":"","_global_stock_cap":"","_tribe_rsvp_for_event":"","_tribe_ticket_going_count":"","_tribe_ticket_not_going_count":"","_tribe_tickets_list":"[]","_tribe_ticket_has_attendee_info_fields":false,"footnotes":"","_tec_slr_enabled":"","_tec_slr_layout":""},"class_list":["post-30727","page","type-page","status-publish","hentry"],"ticketed":false,"post_mailing_queue_ids":[],"_links":{"self":[{"href":"https:\/\/13muz.eu\/en\/wp-json\/wp\/v2\/pages\/30727","targetHints":{"allow":["GET"]}}],"collection":[{"href":"https:\/\/13muz.eu\/en\/wp-json\/wp\/v2\/pages"}],"about":[{"href":"https:\/\/13muz.eu\/en\/wp-json\/wp\/v2\/types\/page"}],"author":[{"embeddable":true,"href":"https:\/\/13muz.eu\/en\/wp-json\/wp\/v2\/users\/2"}],"replies":[{"embeddable":true,"href":"https:\/\/13muz.eu\/en\/wp-json\/wp\/v2\/comments?post=30727"}],"version-history":[{"count":0,"href":"https:\/\/13muz.eu\/en\/wp-json\/wp\/v2\/pages\/30727\/revisions"}],"wp:attachment":[{"href":"https:\/\/13muz.eu\/en\/wp-json\/wp\/v2\/media?parent=30727"}],"curies":[{"name":"wp","href":"https:\/\/api.w.org\/{rel}","templated":true}]}}