{"id":21280,"date":"2019-01-31T22:18:57","date_gmt":"2019-01-31T21:18:57","guid":{"rendered":"https:\/\/13muz.eu\/?page_id=21280"},"modified":"2019-01-31T22:19:32","modified_gmt":"2019-01-31T21:19:32","slug":"ochrona-danych-osobowych-i-wizerunku-uczestnika-wydarzen-w-dk-13-muz","status":"publish","type":"page","link":"https:\/\/13muz.eu\/en\/ochrona-danych-osobowych-i-wizerunku-uczestnika-wydarzen-w-dk-13-muz\/","title":{"rendered":"Ochrona danych osobowych i wizerunku uczestnika wydarze\u0144 w DK \u201e13 Muz\u201d"},"content":{"rendered":"<p style=\"text-align: center;\"><strong>Ochrona danych osobowych i wizerunku uczestnika imprezy zorganizowanej przez Dom Kultury \u201e13 Muz\u201d w Szczecinie<\/strong><\/p>\n<p style=\"text-align: justify;\">Zgodnie z art. 6 ust. 1 lit. c oraz art. 9 ust. 2 lit. a rozporz\u0105dzenia Parlamentu Europejskiego i Rady UE 2016\/679 z dnia 27 kwietnia 2016 r. w sprawie ochrony os\u00f3b fizycznych w zwi\u0105zku z przetwarzaniem danych osobowych i w sprawie swobodnego przep\u0142ywu takich danych oraz uchylenia dyrektywy 95\/46\/WE (og\u00f3lne rozporz\u0105dzenie w sprawie ochrony danych &#8211; RODO) oraz ustaw\u0105 z dnia 10 maja 2018 r. o ochronie danych osobowych (Dz.U. z 2018 r., poz. 1000) informuj\u0119, \u017ce:<\/p>\n<ul style=\"text-align: justify;\">\n<li>Poprzez przyst\u0105pienie do udzia\u0142u w imprezie uczestnicy wyra\u017caj\u0105 zgod\u0119 na przetwarzanie swoich danych osobowych przez Dom Kultury \u201e13 Muz\u201d w Szczecinie,<\/li>\n<li>Administratorem danych osobowych jest Dom Kultury \u201e13 Muz\u201d w Szczecinie, Pl. \u017bo\u0142nierza 2, 70 &#8211; 551 Szczecin, kontakt z inspektorem ochrony danych osobowych na adres mailowy <em><a href=\"mailto:zgody@13muz.eu\">zgody@13muz.eu<\/a><\/em><em>,<\/em><\/li>\n<li>Dom Kultury \u201e13 Muz\u201d zastrzega sobie prawo do utrwalenia przebiegu imprezy w formie zapisu fotograficznego, filmowego oraz d\u017awi\u0119kowego w celach dokumentacyjnych, edukacyjnych i promocyjno-marketingowych,<\/li>\n<li>Udzia\u0142 w imprezie oznacza wyra\u017cenie przez uczestnika zgody na przetwarzanie danych osobowych &#8211; wizerunku w spos\u00f3b opisany w pkt 2, a tak\u017ce na jego rozpowszechnianie bez ogranicze\u0144 terytorialnych i czasowych, w szczeg\u00f3lno\u015bci poprzez umieszczanie fotografii, film\u00f3w i nagra\u0144 d\u017awi\u0119kowych w serwisach internetowych prowadzonych przez Dom Kultury \u201e13 Muz\u201d, w innych elektronicznych \u015brodkach przekazu zarz\u0105dzanych lub wykorzystywanych w dowolnym zakresie przez Dom Kultury \u201e13 Muz\u201d, a tak\u017ce w publikacjach i serwisach os\u00f3b trzecich, z zastrze\u017ceniem, \u017ce przedmiotowe fotografie i filmy w publikacjach os\u00f3b trzecich mog\u0105 jedynie ilustrowa\u0107 informacje o dzia\u0142alno\u015bci prowadzonej przez Dom Kultury \u201e13 Muz\u201d, a ich wykorzystywanie w innym kontek\u015bcie nie jest dozwolone,<\/li>\n<li>Dom Kultury \u201e13 Muz\u201d zapewnia, \u017ce wizerunek uczestnik\u00f3w imprez nie b\u0119dzie wykorzystywany przez niego w celach zarobkowych, a uczestnicy wyra\u017caj\u0105 zgod\u0119 i przyjmuj\u0105 do wiadomo\u015bci, \u017ce z tytu\u0142u jego u\u017cycia nie przys\u0142uguj\u0105 im jakiekolwiek roszczenia, w szczeg\u00f3lno\u015bci prawo do wynagrodzenia,<\/li>\n<li>Ka\u017cdy, kto korzysta z imprez organizowanych przez Dom Kultury \u201e13 Muz\u201d &nbsp;i nie wyra\u017ca zgody na przetwarzanie jego danych osobowych (w tym wizerunku) w ramach nagra\u0144 wizualnych i d\u017awi\u0119kowych dokonywanych przez Dom Kultury \u201e13 Muz\u201d w celach promocyjnych i rozpowszechniania dzia\u0142a\u0144 Dom Kultury \u201e13 Muz\u201d, jest zobowi\u0105zany zg\u0142osi\u0107 to niezw\u0142ocznie w formie pisemnej Administratorowi danych osobowych tj. Dyrektorowi Domu Kultury \u201e13 Muz\u201d (adres mailowy <em><a href=\"mailto:zgody@13muz.eu\">zgody@13muz.eu<\/a><\/em><em>)<\/em>,<\/li>\n<li>Dom Kultury \u201e13 Muz\u201d nie przekazuje, nie sprzedaje i nie u\u017cycza zgromadzonych danych osobowych uczestnik\u00f3w innym osobom lub instytucjom. Dane osobowe podane przez uczestnika (wizerunek, imi\u0119 i nazwisko, adres e-mail itp.) b\u0119d\u0105 jednak przetwarzane przez Dom Kultury \u201e13 Muz\u201d w celach marketingowych, przeprowadzenia warsztat\u00f3w oraz w celach komunikacji pomi\u0119dzy Domem Kultury \u201e13 Muz\u201d a uczestnikiem;<\/li>\n<li>Dane osobowe przechowywane s\u0105 przez okres nie d\u0142u\u017cszy, ni\u017c jest to niezb\u0119dne do cel\u00f3w, w&nbsp;kt\u00f3rych dane te s\u0105 przetwarzane.<\/li>\n<li>Informacje o prawach osoby, kt\u00f3rej dane s\u0105 przetwarzane:<\/li>\n<\/ul>\n<p style=\"text-align: justify;\">&nbsp;<\/p>\n<ol>\n<li style=\"text-align: justify;\">Uczestnik ma prawo za\u017c\u0105da\u0107 od Domu Kultury \u201e13 Muz\u201d: dost\u0119pu do swoich danych osobowych, ich sprostowania (poprawiania), ich usuni\u0119cia w okre\u015blonych przypadkach, lub ograniczenia przetwarzania.<\/li>\n<li style=\"text-align: justify;\">Uczestnik ma prawo otrzyma\u0107 w ka\u017cdej chwili kopi\u0119 danych osobowych podlegaj\u0105cych przetwarzaniu, z tym, \u017ce za wszelkie kolejne kopie Dom Kultury \u201e13 Muz\u201d mo\u017ce pobra\u0107 op\u0142at\u0119 w rozs\u0105dnej wysoko\u015bci wynikaj\u0105cej z koszt\u00f3w administracyjnych.<\/li>\n<li style=\"text-align: justify;\">Uczestnik ma prawo do przenoszenia danych, mo\u017ce te\u017c zleci\u0107 przes\u0142anie tych danych bezpo\u015brednio innemu podmiotowi.<\/li>\n<li style=\"text-align: justify;\">Uczestnik ma prawo do wniesienia skargi do organu nadzorczego &#8211; Prezesa Urz\u0119du Ochrony Danych Osobowych, je\u017celi uwa\u017ca, \u017ce przetwarzamy dane niezgodnie z prawem.<\/li>\n<li style=\"text-align: justify;\">Uczestnik ma prawo w ka\u017cdej chwili wycofa\u0107 swoj\u0105 zgod\u0119 na przetwarzanie tych danych, kt\u00f3re s\u0105 przetwarzane na podstawie jego zgody.<\/li>\n<li style=\"text-align: justify;\">Dom Kultury \u201e13 Muz\u201d nie podejmuje decyzji w spos\u00f3b zautomatyzowany, w szczeg\u00f3lno\u015bci nie dokonuje profilowania. Dom Kultury \u201e13 Muz\u201d nie przeka\u017ce danych osobowych do pa\u0144stw trzecich ani do organizacji mi\u0119dzynarodowych.<\/li>\n<\/ol>\n<p style=\"text-align: right;\">&nbsp;&nbsp;&nbsp;&nbsp;&nbsp;&nbsp;&nbsp;&nbsp;&nbsp;&nbsp;&nbsp;&nbsp;&nbsp;&nbsp;&nbsp;&nbsp;&nbsp;&nbsp;&nbsp;&nbsp;&nbsp;&nbsp;&nbsp;&nbsp;&nbsp;&nbsp;&nbsp;&nbsp;&nbsp;&nbsp;&nbsp;&nbsp;&nbsp;&nbsp;&nbsp;&nbsp;&nbsp;&nbsp;&nbsp;&nbsp;&nbsp;&nbsp;&nbsp;&nbsp;&nbsp;&nbsp;&nbsp;&nbsp;&nbsp;&nbsp;&nbsp;&nbsp;&nbsp;&nbsp;&nbsp;&nbsp;&nbsp;&nbsp;&nbsp;&nbsp;&nbsp;&nbsp;&nbsp;&nbsp;&nbsp;&nbsp;&nbsp;&nbsp;&nbsp;&nbsp;&nbsp;&nbsp;&nbsp;&nbsp;&nbsp; <em>Administrator Danych Osobowych<\/em><\/p>\n<p style=\"text-align: right;\"><em>&nbsp;&nbsp;&nbsp;&nbsp;&nbsp;&nbsp;&nbsp;&nbsp;&nbsp;&nbsp;&nbsp;&nbsp;&nbsp;&nbsp;&nbsp;&nbsp;&nbsp;&nbsp;&nbsp;&nbsp;&nbsp;&nbsp;&nbsp;&nbsp;&nbsp;&nbsp;&nbsp;&nbsp;&nbsp;&nbsp;&nbsp;&nbsp;&nbsp;&nbsp;&nbsp;&nbsp;&nbsp;&nbsp;&nbsp;&nbsp;&nbsp;&nbsp;&nbsp;&nbsp;&nbsp;&nbsp;&nbsp;&nbsp;&nbsp;&nbsp;&nbsp;&nbsp;&nbsp;&nbsp;&nbsp;&nbsp;&nbsp;&nbsp;&nbsp;&nbsp;&nbsp;&nbsp;&nbsp;&nbsp;&nbsp;&nbsp;&nbsp;&nbsp;&nbsp;&nbsp;&nbsp;&nbsp;&nbsp;&nbsp;&nbsp; Domu Kultury \u201e13 Muz\u201d w Szczecinie<\/em><\/p>\n","protected":false},"excerpt":{"rendered":"<p>Ochrona danych osobowych i wizerunku uczestnika imprezy zorganizowanej przez Dom Kultury \u201e13 Muz\u201d w Szczecinie Zgodnie z art. 6 ust. 1 lit. c oraz art. 9 ust. 2 lit. a rozporz\u0105dzenia Parlamentu Europejskiego i Rady UE 2016\/679 z dnia 27 kwietnia 2016 r. w sprawie ochrony os\u00f3b fizycznych w zwi\u0105zku z przetwarzaniem danych osobowych i w sprawie swobodnego przep\u0142ywu takich danych oraz uchylenia dyrektywy 95\/46\/WE (og\u00f3lne rozporz\u0105dzenie w sprawie ochrony danych &#8211; RODO) oraz ustaw\u0105 z dnia 10 maja 2018 r. o ochronie danych osobowych (Dz.U. z 2018 r., poz. 1000) informuj\u0119, \u017ce: Poprzez przyst\u0105pienie do udzia\u0142u w imprezie uczestnicy [&hellip;]<\/p>\n","protected":false},"author":2,"featured_media":0,"parent":0,"menu_order":0,"comment_status":"closed","ping_status":"closed","template":"","meta":{"ngg_post_thumbnail":0,"_price":"","_stock":"","_tribe_ticket_header":"","_tribe_default_ticket_provider":"","_ticket_start_date":"","_ticket_end_date":"","_tribe_ticket_show_description":"","_tribe_ticket_show_not_going":false,"_tribe_ticket_use_global_stock":"","_tribe_ticket_global_stock_level":"","_global_stock_mode":"","_global_stock_cap":"","_tribe_rsvp_for_event":"","_tribe_ticket_going_count":"","_tribe_ticket_not_going_count":"","_tribe_tickets_list":"[]","_tribe_ticket_has_attendee_info_fields":false,"footnotes":"","_tec_slr_enabled":"","_tec_slr_layout":""},"class_list":["post-21280","page","type-page","status-publish","hentry"],"ticketed":false,"post_mailing_queue_ids":[],"_links":{"self":[{"href":"https:\/\/13muz.eu\/en\/wp-json\/wp\/v2\/pages\/21280","targetHints":{"allow":["GET"]}}],"collection":[{"href":"https:\/\/13muz.eu\/en\/wp-json\/wp\/v2\/pages"}],"about":[{"href":"https:\/\/13muz.eu\/en\/wp-json\/wp\/v2\/types\/page"}],"author":[{"embeddable":true,"href":"https:\/\/13muz.eu\/en\/wp-json\/wp\/v2\/users\/2"}],"replies":[{"embeddable":true,"href":"https:\/\/13muz.eu\/en\/wp-json\/wp\/v2\/comments?post=21280"}],"version-history":[{"count":0,"href":"https:\/\/13muz.eu\/en\/wp-json\/wp\/v2\/pages\/21280\/revisions"}],"wp:attachment":[{"href":"https:\/\/13muz.eu\/en\/wp-json\/wp\/v2\/media?parent=21280"}],"curies":[{"name":"wp","href":"https:\/\/api.w.org\/{rel}","templated":true}]}}