{"id":20254,"date":"2019-01-09T08:53:37","date_gmt":"2019-01-09T07:53:37","guid":{"rendered":"https:\/\/13muz.eu\/?page_id=20254"},"modified":"2019-01-31T11:59:31","modified_gmt":"2019-01-31T10:59:31","slug":"profilaktyka","status":"publish","type":"page","link":"https:\/\/13muz.eu\/en\/profilaktyka\/","title":{"rendered":"Profilaktyka"},"content":{"rendered":"<p class=\"ox-4abf0f6c7b-MsoNormal\" style=\"text-align: center;\">Informujemy, i\u017c w 2018 r. dzia\u0142alno\u015b\u0107 galerii dla dzieci \u201ePrzepraszam.Tworz\u0119 si\u0119!\u201d zosta\u0142a wsparta finansowo przez <strong>Wydzia\u0142 Spraw Spo\u0142ecznych Urz\u0119du Miasta Szczecin<\/strong>. Otrzymane \u015brodki&nbsp; (25&nbsp;000 z\u0142) przeznaczone na przeprowadzenie dzia\u0142a\u0144 w zakresie artterapii w ramach prowadzonych w DK 13 Muz tematycznych warsztat\u00f3w pt. Eksperymentalne Place Zabaw. Wszystkie z przeprowadzonych aktywno\u015bci zwi\u0105zanych z profilaktyk\u0105 problem\u00f3w alkoholowych mia\u0142y charakter edukacyjny i opiera\u0142y si\u0119 &nbsp;na wsp\u00f3\u0142pracy animatora z dzieckiem i jego opiekunem.<\/p>\n<p class=\"ox-4abf0f6c7b-MsoNormal\" style=\"text-align: center;\">Podstaw\u0105 dla dzia\u0142a\u0144 j.w. jest uchwa\u0142a nr XXXVI\/1074\/17 RMS z dnia 19.12.2017 r. w sprawie \u201eProgramu Profilaktyki i Rozwi\u0105zywania Problem\u00f3w Alkoholowych oraz Przeciwdzia\u0142ania Narkomanii dla Miasta Szczecin na 2018 rok\u201d.<\/p>\n<p style=\"text-align: center;\">Przeprowadzono m.in warsztaty profilaktyczne &#8220;Malowanie butelek&#8221;<\/p>\n<p style=\"text-align: center;\">W ramach dzia\u0142a\u0144 uczestnicy warsztat\u00f3w Eksperymentalnych Plac\u00f3w Zabaw otrzymywali &#8220;Kaczki Niepijaczki&#8221; z rebusami i zagadkami o tre\u015bci profilaktycznej.<\/p>\n<p><img loading=\"lazy\" decoding=\"async\" class=\"alignnone size-medium wp-image-21239\" src=\"https:\/\/13muz.eu\/wp-content\/uploads\/2019\/01\/kaczka-2-300x214.jpg\" alt=\"\" width=\"300\" height=\"214\" srcset=\"https:\/\/13muz.eu\/wp-content\/uploads\/2019\/01\/kaczka-2-300x214.jpg 300w, https:\/\/13muz.eu\/wp-content\/uploads\/2019\/01\/kaczka-2-768x548.jpg 768w, https:\/\/13muz.eu\/wp-content\/uploads\/2019\/01\/kaczka-2-1024x730.jpg 1024w, https:\/\/13muz.eu\/wp-content\/uploads\/2019\/01\/kaczka-2-400x285.jpg 400w\" sizes=\"auto, (max-width: 300px) 100vw, 300px\" \/><img loading=\"lazy\" decoding=\"async\" class=\"alignnone size-medium wp-image-21241\" src=\"https:\/\/13muz.eu\/wp-content\/uploads\/2019\/01\/kaczka_labirynt1-300x214.jpg\" alt=\"\" width=\"300\" height=\"214\" srcset=\"https:\/\/13muz.eu\/wp-content\/uploads\/2019\/01\/kaczka_labirynt1-300x214.jpg 300w, https:\/\/13muz.eu\/wp-content\/uploads\/2019\/01\/kaczka_labirynt1-768x548.jpg 768w, https:\/\/13muz.eu\/wp-content\/uploads\/2019\/01\/kaczka_labirynt1-1024x730.jpg 1024w, https:\/\/13muz.eu\/wp-content\/uploads\/2019\/01\/kaczka_labirynt1-400x285.jpg 400w\" sizes=\"auto, (max-width: 300px) 100vw, 300px\" \/><img loading=\"lazy\" decoding=\"async\" class=\"alignnone size-medium wp-image-21240\" src=\"https:\/\/13muz.eu\/wp-content\/uploads\/2019\/01\/kaczka_dopasuj1-300x214.jpg\" alt=\"\" width=\"300\" height=\"214\" srcset=\"https:\/\/13muz.eu\/wp-content\/uploads\/2019\/01\/kaczka_dopasuj1-300x214.jpg 300w, https:\/\/13muz.eu\/wp-content\/uploads\/2019\/01\/kaczka_dopasuj1-768x548.jpg 768w, https:\/\/13muz.eu\/wp-content\/uploads\/2019\/01\/kaczka_dopasuj1-1024x730.jpg 1024w, https:\/\/13muz.eu\/wp-content\/uploads\/2019\/01\/kaczka_dopasuj1-400x285.jpg 400w\" sizes=\"auto, (max-width: 300px) 100vw, 300px\" \/><\/p>\n<p>&nbsp;<\/p>\n<p>&nbsp;<\/p>\n","protected":false},"excerpt":{"rendered":"<p>Informujemy, i\u017c w 2018 r. dzia\u0142alno\u015b\u0107 galerii dla dzieci \u201ePrzepraszam.Tworz\u0119 si\u0119!\u201d zosta\u0142a wsparta finansowo przez Wydzia\u0142 Spraw Spo\u0142ecznych Urz\u0119du Miasta Szczecin. Otrzymane \u015brodki&nbsp; (25&nbsp;000 z\u0142) przeznaczone na przeprowadzenie dzia\u0142a\u0144 w zakresie artterapii w ramach prowadzonych w DK 13 Muz tematycznych warsztat\u00f3w pt. Eksperymentalne Place Zabaw. Wszystkie z przeprowadzonych aktywno\u015bci zwi\u0105zanych z profilaktyk\u0105 problem\u00f3w alkoholowych mia\u0142y charakter edukacyjny i opiera\u0142y si\u0119 &nbsp;na wsp\u00f3\u0142pracy animatora z dzieckiem i jego opiekunem. Podstaw\u0105 dla dzia\u0142a\u0144 j.w. jest uchwa\u0142a nr XXXVI\/1074\/17 RMS z dnia 19.12.2017 r. w sprawie \u201eProgramu Profilaktyki i Rozwi\u0105zywania Problem\u00f3w Alkoholowych oraz Przeciwdzia\u0142ania Narkomanii dla Miasta Szczecin na 2018 rok\u201d. Przeprowadzono m.in [&hellip;]<\/p>\n","protected":false},"author":1,"featured_media":21239,"parent":0,"menu_order":0,"comment_status":"closed","ping_status":"closed","template":"","meta":{"ngg_post_thumbnail":0,"_price":"","_stock":"","_tribe_ticket_header":"","_tribe_default_ticket_provider":"","_ticket_start_date":"","_ticket_end_date":"","_tribe_ticket_show_description":"","_tribe_ticket_show_not_going":false,"_tribe_ticket_use_global_stock":"","_tribe_ticket_global_stock_level":"","_global_stock_mode":"","_global_stock_cap":"","_tribe_rsvp_for_event":"","_tribe_ticket_going_count":"","_tribe_ticket_not_going_count":"","_tribe_tickets_list":"[]","_tribe_ticket_has_attendee_info_fields":false,"footnotes":"","_tec_slr_enabled":"","_tec_slr_layout":""},"class_list":["post-20254","page","type-page","status-publish","has-post-thumbnail","hentry"],"ticketed":false,"post_mailing_queue_ids":[],"_links":{"self":[{"href":"https:\/\/13muz.eu\/en\/wp-json\/wp\/v2\/pages\/20254","targetHints":{"allow":["GET"]}}],"collection":[{"href":"https:\/\/13muz.eu\/en\/wp-json\/wp\/v2\/pages"}],"about":[{"href":"https:\/\/13muz.eu\/en\/wp-json\/wp\/v2\/types\/page"}],"author":[{"embeddable":true,"href":"https:\/\/13muz.eu\/en\/wp-json\/wp\/v2\/users\/1"}],"replies":[{"embeddable":true,"href":"https:\/\/13muz.eu\/en\/wp-json\/wp\/v2\/comments?post=20254"}],"version-history":[{"count":0,"href":"https:\/\/13muz.eu\/en\/wp-json\/wp\/v2\/pages\/20254\/revisions"}],"wp:featuredmedia":[{"embeddable":true,"href":"https:\/\/13muz.eu\/en\/wp-json\/wp\/v2\/media\/21239"}],"wp:attachment":[{"href":"https:\/\/13muz.eu\/en\/wp-json\/wp\/v2\/media?parent=20254"}],"curies":[{"name":"wp","href":"https:\/\/api.w.org\/{rel}","templated":true}]}}