{"id":196,"date":"2017-12-07T11:33:28","date_gmt":"2017-12-07T11:33:28","guid":{"rendered":"http:\/\/test.13muz.eu\/?page_id=196"},"modified":"2024-03-26T11:28:11","modified_gmt":"2024-03-26T10:28:11","slug":"wynajem-sali-kominkowej","status":"publish","type":"page","link":"https:\/\/13muz.eu\/en\/wynajem-sali-kominkowej\/","title":{"rendered":"Wynajem sali kominkowej"},"content":{"rendered":"<p style=\"text-align: justify;\">Polecamy Pa\u0144stwu wynajem Sali Kominkowej, stanowi\u0105cej przepi\u0119kne barokowe wn\u0119trze przedwojennego kasyna wojskowego. Mie\u015bci si\u0119 ona w Pa\u0142acu pod G\u0142owami, klasycystycznym budynku z ko\u0144ca XVIII wieku, w kt\u00f3rym Dom Kultury \u201e13 Muz\u201d ma swoj\u0105 siedzib\u0119.<\/p>\r\n<p style=\"text-align: justify;\">Ta niezwyk\u0142a i urokliwa przestrze\u0144 historyczna sprawdza si\u0119 doskonale zar\u00f3wno przy organizacji wydarze\u0144 artystycznych (koncert\u00f3w, spektakli teatralnych, spotka\u0144 autorskich), jak i edukacyjnych (szkole\u0144, kurs\u00f3w), urz\u0119dowych (rekrutacji, spotka\u0144) i szeregu innych imprez i uroczysto\u015bci.<\/p>\r\n<p style=\"text-align: justify;\">W zak\u0142adce <strong><a href=\"https:\/\/13muz.eu\/zdjecia\/\" target=\"_blank\" rel=\"noopener\">GALERIA<\/a><\/strong> znajd\u0105 Pa\u0144stwo zdj\u0119cia z koncert\u00f3w, spektakli teatralnych i innych wydarze\u0144 ukazuj\u0105ce niezwyk\u0142e pi\u0119kno i charakter tej historycznej przestrzeni.<\/p>\r\n<p>Zdj\u0119cia z <a href=\"https:\/\/13muz.eu\/zdjecia\/koncerty\/\" target=\"_blank\" rel=\"noopener\"><strong>wydarze\u0144 muzycznych<\/strong><\/a> w Sali Kominkowej.<br>Zdj\u0119cia ze <strong><a href=\"https:\/\/13muz.eu\/spektakle\/\" target=\"_blank\" rel=\"noopener\">spektakli teatralnych<\/a><\/strong> maj\u0105cych miejsce w wi\u0119kszo\u015bci w Sali Kominkowej.<br>Zdj\u0119cia z <a href=\"https:\/\/13muz.eu\/pozostale-wydarzenia\/\" target=\"_blank\" rel=\"noopener\"><strong>pozosta\u0142ych wydarze\u0144<\/strong><\/a> maj\u0105cych miejsce w wi\u0119kszo\u015bci w Sali Kominkowej.<\/p>\r\n<p style=\"text-align: justify;\">Pa\u0142ac pod G\u0142owami po\u0142o\u017cony jest w centrum miasta (pl. \u017bo\u0142nierza Polskiego 2), co czyni go wyj\u0105tkowo atrakcyjnym logistycznie miejscem. Posiadamy tak\u017ce kameralny parking wewn\u0119trzy, kt\u00f3ry mo\u017ce by\u0107 pomocny przy zaparkowaniu auta ze sprz\u0119tem technicznym, scenicznym, rekwizytami etc.<\/p>\r\n<p style=\"text-align: justify;\">Oferujemy tak\u017ce wynajem sprz\u0119tu elektronicznego wraz z jego obs\u0142ug\u0105.<\/p>\r\n<p style=\"text-align: justify;\">Poni\u017cej znajduje si\u0119 druk rezerwacji sali wraz z cennikiem.<\/p>\r\n<p style=\"text-align: justify;\">W celu wynaj\u0119cia sali prosimy o jego wype\u0142nienie, przes\u0142anie na adres:&nbsp;<a href=\"mailto:m.ostasz@13muz.eu\">m.ostasz@13muz.eu<\/a>&nbsp;i kontakt telefoniczny (<strong>Marta Ostasz: &nbsp;+48 502 383 070<\/strong>) w celu potwierdzenia terminu oraz warunk\u00f3w rezerwacji.<\/p>\r\n<p style=\"text-align: justify;\">do pobrania docx: &nbsp;<a href=\"https:\/\/13muz.eu\/wp-content\/uploads\/2022\/10\/Zarzadzenie-Nr-15-2022-Zal.-Nr-1-Sala-Kominkowa-druk-rezerwacji.docx\" target=\"_blank\" rel=\"noopener noreferrer\">druk rezerwacji Sali Kominkowej<\/a>&nbsp;<br>do pobrania pdf: &nbsp;<a href=\"https:\/\/13muz.eu\/wp-content\/uploads\/2022\/10\/Zarzadzenie-Nr-15-2022-Zal.-Nr-1-Sala-Kominkowa-druk-rezerwacji.pdf\" target=\"_blank\" rel=\"noopener noreferrer\">druk rezerwacji Sali Kominkowej<\/a><\/p>\r\n\r\n<div class=\"wp-block-group\"><div class=\"wp-block-group__inner-container is-layout-flow wp-block-group-is-layout-flow\">\r\n<figure class=\"wp-block-gallery has-nested-images columns-default is-cropped wp-block-gallery-1 is-layout-flex wp-block-gallery-is-layout-flex\">\r\n<figure class=\"wp-block-image size-large\"><img loading=\"lazy\" decoding=\"async\" width=\"800\" height=\"800\" data-id=\"236\" class=\"wp-image-236\" src=\"https:\/\/13muz.eu\/wp-content\/uploads\/2017\/12\/salakominkowa3.jpg\" alt=\"\" srcset=\"https:\/\/13muz.eu\/wp-content\/uploads\/2017\/12\/salakominkowa3.jpg 800w, https:\/\/13muz.eu\/wp-content\/uploads\/2017\/12\/salakominkowa3-150x150.jpg 150w, https:\/\/13muz.eu\/wp-content\/uploads\/2017\/12\/salakominkowa3-300x300.jpg 300w, https:\/\/13muz.eu\/wp-content\/uploads\/2017\/12\/salakominkowa3-768x768.jpg 768w, https:\/\/13muz.eu\/wp-content\/uploads\/2017\/12\/salakominkowa3-130x130.jpg 130w, https:\/\/13muz.eu\/wp-content\/uploads\/2017\/12\/salakominkowa3-400x400.jpg 400w\" sizes=\"auto, (max-width: 800px) 100vw, 800px\" \/><\/figure>\r\n\r\n\r\n\r\n<figure class=\"wp-block-image size-large\"><img loading=\"lazy\" decoding=\"async\" width=\"800\" height=\"800\" data-id=\"235\" class=\"wp-image-235\" src=\"https:\/\/13muz.eu\/wp-content\/uploads\/2017\/12\/salakominkowa2.jpg\" alt=\"\" srcset=\"https:\/\/13muz.eu\/wp-content\/uploads\/2017\/12\/salakominkowa2.jpg 800w, https:\/\/13muz.eu\/wp-content\/uploads\/2017\/12\/salakominkowa2-150x150.jpg 150w, https:\/\/13muz.eu\/wp-content\/uploads\/2017\/12\/salakominkowa2-300x300.jpg 300w, https:\/\/13muz.eu\/wp-content\/uploads\/2017\/12\/salakominkowa2-768x768.jpg 768w, https:\/\/13muz.eu\/wp-content\/uploads\/2017\/12\/salakominkowa2-130x130.jpg 130w, https:\/\/13muz.eu\/wp-content\/uploads\/2017\/12\/salakominkowa2-400x400.jpg 400w\" sizes=\"auto, (max-width: 800px) 100vw, 800px\" \/><\/figure>\r\n\r\n\r\n\r\n<figure class=\"wp-block-image size-large\"><img loading=\"lazy\" decoding=\"async\" width=\"800\" height=\"800\" data-id=\"234\" class=\"wp-image-234\" src=\"https:\/\/13muz.eu\/wp-content\/uploads\/2017\/12\/salakominkowa1.jpg\" alt=\"\" srcset=\"https:\/\/13muz.eu\/wp-content\/uploads\/2017\/12\/salakominkowa1.jpg 800w, https:\/\/13muz.eu\/wp-content\/uploads\/2017\/12\/salakominkowa1-150x150.jpg 150w, https:\/\/13muz.eu\/wp-content\/uploads\/2017\/12\/salakominkowa1-300x300.jpg 300w, https:\/\/13muz.eu\/wp-content\/uploads\/2017\/12\/salakominkowa1-768x768.jpg 768w, https:\/\/13muz.eu\/wp-content\/uploads\/2017\/12\/salakominkowa1-130x130.jpg 130w, https:\/\/13muz.eu\/wp-content\/uploads\/2017\/12\/salakominkowa1-400x400.jpg 400w\" sizes=\"auto, (max-width: 800px) 100vw, 800px\" \/><\/figure>\r\n<\/figure>\r\n<\/div><\/div>\r\n","protected":false},"excerpt":{"rendered":"<p>Polecamy Pa\u0144stwu wynajem Sali Kominkowej, stanowi\u0105cej przepi\u0119kne barokowe wn\u0119trze przedwojennego kasyna wojskowego. Mie\u015bci si\u0119 ona w Pa\u0142acu pod G\u0142owami, klasycystycznym budynku z ko\u0144ca XVIII wieku, w kt\u00f3rym Dom Kultury \u201e13 Muz\u201d ma swoj\u0105 siedzib\u0119. Ta niezwyk\u0142a i urokliwa przestrze\u0144 historyczna sprawdza si\u0119 doskonale zar\u00f3wno przy organizacji wydarze\u0144 artystycznych (koncert\u00f3w, spektakli teatralnych, spotka\u0144 autorskich), jak i edukacyjnych (szkole\u0144, kurs\u00f3w), urz\u0119dowych (rekrutacji, spotka\u0144) i szeregu innych imprez i uroczysto\u015bci. W zak\u0142adce GALERIA znajd\u0105 Pa\u0144stwo zdj\u0119cia z koncert\u00f3w, spektakli teatralnych i innych wydarze\u0144 ukazuj\u0105ce niezwyk\u0142e pi\u0119kno i charakter tej historycznej przestrzeni. Zdj\u0119cia z wydarze\u0144 muzycznych w Sali Kominkowej.Zdj\u0119cia ze spektakli teatralnych maj\u0105cych miejsce [&hellip;]<\/p>\n","protected":false},"author":1,"featured_media":0,"parent":0,"menu_order":0,"comment_status":"closed","ping_status":"closed","template":"","meta":{"ngg_post_thumbnail":0,"_price":"","_stock":"","_tribe_ticket_header":"","_tribe_default_ticket_provider":"","_ticket_start_date":"","_ticket_end_date":"","_tribe_ticket_show_description":"","_tribe_ticket_show_not_going":false,"_tribe_ticket_use_global_stock":"","_tribe_ticket_global_stock_level":"","_global_stock_mode":"","_global_stock_cap":"","_tribe_rsvp_for_event":"","_tribe_ticket_going_count":"","_tribe_ticket_not_going_count":"","_tribe_tickets_list":"[]","_tribe_ticket_has_attendee_info_fields":false,"footnotes":"","_tec_slr_enabled":"","_tec_slr_layout":""},"class_list":["post-196","page","type-page","status-publish","hentry"],"ticketed":false,"post_mailing_queue_ids":[],"_links":{"self":[{"href":"https:\/\/13muz.eu\/en\/wp-json\/wp\/v2\/pages\/196","targetHints":{"allow":["GET"]}}],"collection":[{"href":"https:\/\/13muz.eu\/en\/wp-json\/wp\/v2\/pages"}],"about":[{"href":"https:\/\/13muz.eu\/en\/wp-json\/wp\/v2\/types\/page"}],"author":[{"embeddable":true,"href":"https:\/\/13muz.eu\/en\/wp-json\/wp\/v2\/users\/1"}],"replies":[{"embeddable":true,"href":"https:\/\/13muz.eu\/en\/wp-json\/wp\/v2\/comments?post=196"}],"version-history":[{"count":0,"href":"https:\/\/13muz.eu\/en\/wp-json\/wp\/v2\/pages\/196\/revisions"}],"wp:attachment":[{"href":"https:\/\/13muz.eu\/en\/wp-json\/wp\/v2\/media?parent=196"}],"curies":[{"name":"wp","href":"https:\/\/api.w.org\/{rel}","templated":true}]}}