{"id":194,"date":"2017-12-07T11:33:15","date_gmt":"2017-12-07T11:33:15","guid":{"rendered":"http:\/\/test.13muz.eu\/?page_id=194"},"modified":"2026-03-18T11:37:50","modified_gmt":"2026-03-18T10:37:50","slug":"dziennik-zmian","status":"publish","type":"page","link":"https:\/\/13muz.eu\/en\/dziennik-zmian\/","title":{"rendered":"Dziennik zmian"},"content":{"rendered":"<p>Dziennik zmian Biuletynu Informacji Publicznej Domu Kultury \u201e13 Muz\u201d<\/p>\n<table class=\"table table-striped\">\n<tbody>\n<tr>\n<th class=\"TabelaNazwaPola\">Rozdzia\u0142<\/th>\n<th class=\"TabelaNazwaPola\">Data modyfikacji<\/th>\n<th class=\"TabelaNazwaPola\">Osoba<\/th>\n<th class=\"TabelaNazwaPola\">Opis zmiany<\/th>\n<\/tr>\n<tr>\n<td class=\"TabelaWartoscPola\">Standardy ochrony ma\u0142oletnich<\/td>\n<td class=\"TabelaWartoscPola\">2026-03-17 12:05<\/td>\n<td class=\"TabelaWartoscPola\">Waldemar Kulpa<\/td>\n<td class=\"TabelaWartoscPola\">aktualizacja<\/td>\n<\/tr>\n<tr>\n<td class=\"TabelaWartoscPola\">Deklaracja dost\u0119pno\u015bci<\/td>\n<td class=\"TabelaWartoscPola\">2026-03-17 12:05<\/td>\n<td class=\"TabelaWartoscPola\">Waldemar Kulpa<\/td>\n<td class=\"TabelaWartoscPola\">aktualizacja<\/td>\n<\/tr>\n<tr>\n<td class=\"TabelaWartoscPola\">Deklaracja dost\u0119pno\u015bci<\/td>\n<td class=\"TabelaWartoscPola\">2025-03-18 12:05<\/td>\n<td class=\"TabelaWartoscPola\">Waldemar Kulpa<\/td>\n<td class=\"TabelaWartoscPola\">aktualizacja<\/td>\n<\/tr>\n<tr>\n<td class=\"TabelaWartoscPola\">Zam\u00f3wienia publiczne<\/td>\n<td class=\"TabelaWartoscPola\">2025-03-11 12:05<\/td>\n<td class=\"TabelaWartoscPola\">Waldemar Kulpa<\/td>\n<td class=\"TabelaWartoscPola\">Og\u0142oszenie o zam\u00f3wieniu<\/td>\n<\/tr>\n<tr>\n<td class=\"TabelaWartoscPola\">Zam\u00f3wienia publiczne<\/td>\n<td class=\"TabelaWartoscPola\">2024-10-23 10:25<\/td>\n<td class=\"TabelaWartoscPola\">Waldemar Kulpa<\/td>\n<td class=\"TabelaWartoscPola\">Og\u0142oszenie o zam\u00f3wieniu<\/td>\n<\/tr>\n<tr>\n<td class=\"TabelaWartoscPola\">Zam\u00f3wienia publiczne<\/td>\n<td class=\"TabelaWartoscPola\">2024-10-04 14:25<\/td>\n<td class=\"TabelaWartoscPola\">Waldemar Kulpa<\/td>\n<td class=\"TabelaWartoscPola\">Og\u0142oszenie o zam\u00f3wieniu<\/td>\n<\/tr>\n<tr>\n<td class=\"TabelaWartoscPola\">Zam\u00f3wienia publiczne<\/td>\n<td class=\"TabelaWartoscPola\">2024-09-04 13:50<\/td>\n<td class=\"TabelaWartoscPola\">Waldemar Kulpa<\/td>\n<td class=\"TabelaWartoscPola\">Og\u0142oszenie o zam\u00f3wieniu<\/td>\n<\/tr>\n<tr>\n<td class=\"TabelaWartoscPola\">Sprawozdanie finansowe<\/td>\n<td class=\"TabelaWartoscPola\">2024-08-30 13:01<\/td>\n<td class=\"TabelaWartoscPola\">Waldemar Kulpa<\/td>\n<td class=\"TabelaWartoscPola\">Sprawozdanie finansowe za 2023 r.<\/td>\n<\/tr>\n<tr>\n<td class=\"TabelaWartoscPola\">Sprawozdanie finansowe<\/td>\n<td class=\"TabelaWartoscPola\">2024-08-30 13:00<\/td>\n<td class=\"TabelaWartoscPola\">Waldemar Kulpa<\/td>\n<td class=\"TabelaWartoscPola\">Sprawozdanie finansowe za 2022 r.<\/td>\n<\/tr>\n<tr>\n<td class=\"TabelaWartoscPola\">Standardy ochrony ma\u0142oletnich<\/td>\n<td class=\"TabelaWartoscPola\">2024-08-09 13:47<\/td>\n<td class=\"TabelaWartoscPola\">Waldemar Kulpa<\/td>\n<td class=\"TabelaWartoscPola\">Standardy ochrony ma\u0142oletnich<\/td>\n<\/tr>\n<tr>\n<td class=\"TabelaWartoscPola\">Deklaracja dost\u0119pno\u015bci<\/td>\n<td class=\"TabelaWartoscPola\">2024-03-22 12:05<\/td>\n<td class=\"TabelaWartoscPola\">Waldemar Kulpa<\/td>\n<td class=\"TabelaWartoscPola\">aktualizacja<\/td>\n<\/tr>\n<tr>\n<td class=\"TabelaWartoscPola\">Elektroniczna skrzynka podawcza<\/td>\n<td class=\"TabelaWartoscPola\">2023-11-02 14:49<\/td>\n<td class=\"TabelaWartoscPola\">Waldemar Kulpa<\/td>\n<td class=\"TabelaWartoscPola\">Elektroniczna skrzynka podawcza<\/td>\n<\/tr>\n<tr>\n<td class=\"TabelaWartoscPola\">Zam\u00f3wienia publiczne<\/td>\n<td class=\"TabelaWartoscPola\">2023-10-16 11:15<\/td>\n<td class=\"TabelaWartoscPola\">Waldemar Kulpa<\/td>\n<td class=\"TabelaWartoscPola\">Og\u0142oszenie o zam\u00f3wieniu<\/td>\n<\/tr>\n<tr>\n<td class=\"TabelaWartoscPola\">Zam\u00f3wienia publiczne<\/td>\n<td class=\"TabelaWartoscPola\">2023-10-12 14:53<\/td>\n<td class=\"TabelaWartoscPola\">Waldemar Kulpa<\/td>\n<td class=\"TabelaWartoscPola\">Og\u0142oszenie o zam\u00f3wieniu<\/td>\n<\/tr>\n<tr>\n<td class=\"TabelaWartoscPola\">Zam\u00f3wienia publiczne<\/td>\n<td class=\"TabelaWartoscPola\">2023-06-28 12:38<\/td>\n<td class=\"TabelaWartoscPola\">Waldemar Kulpa<\/td>\n<td class=\"TabelaWartoscPola\">Og\u0142oszenie o zam\u00f3wieniu<\/td>\n<\/tr>\n<tr>\n<td class=\"TabelaWartoscPola\">Zam\u00f3wienia publiczne<\/td>\n<td class=\"TabelaWartoscPola\">2023-02-14 10:00<\/td>\n<td class=\"TabelaWartoscPola\">Waldemar Kulpa<\/td>\n<td class=\"TabelaWartoscPola\">Og\u0142oszenie o zam\u00f3wieniu<\/td>\n<\/tr>\n<tr>\n<td class=\"TabelaWartoscPola\">Zam\u00f3wienia publiczne<\/td>\n<td class=\"TabelaWartoscPola\">2023-02-07 10:26<\/td>\n<td class=\"TabelaWartoscPola\">Waldemar Kulpa<\/td>\n<td class=\"TabelaWartoscPola\">Og\u0142oszenie o zam\u00f3wieniu<\/td>\n<\/tr>\n<tr>\n<td class=\"TabelaWartoscPola\">Sprawozdanie finansowe<\/td>\n<td class=\"TabelaWartoscPola\">2022-07-21 15:37<\/td>\n<td class=\"TabelaWartoscPola\">Waldemar Kulpa<\/td>\n<td class=\"TabelaWartoscPola\">Sprawozdanie finansowe za 2021 r.<\/td>\n<\/tr>\n<tr>\n<td class=\"TabelaWartoscPola\">Sprawozdanie finansowe<\/td>\n<td class=\"TabelaWartoscPola\">2022-07-21 15:17<\/td>\n<td class=\"TabelaWartoscPola\">Waldemar Kulpa<\/td>\n<td class=\"TabelaWartoscPola\">Sprawozdanie finansowe za 2020 r.<\/td>\n<\/tr>\n<tr>\n<td class=\"TabelaWartoscPola\">Zam\u00f3wienia publiczne<\/td>\n<td class=\"TabelaWartoscPola\">2022-04-25 11:15<\/td>\n<td class=\"TabelaWartoscPola\">Waldemar Kulpa<\/td>\n<td class=\"TabelaWartoscPola\">Og\u0142oszenie o wyborze<\/td>\n<\/tr>\n<tr>\n<td class=\"TabelaWartoscPola\">Zam\u00f3wienia publiczne<\/td>\n<td class=\"TabelaWartoscPola\">2022-04-07 11:32<\/td>\n<td class=\"TabelaWartoscPola\">Waldemar Kulpa<\/td>\n<td class=\"TabelaWartoscPola\">Og\u0142oszenie o zam\u00f3wieniu<\/td>\n<\/tr>\n<tr>\n<td class=\"TabelaWartoscPola\">Bud\u017cet<\/td>\n<td class=\"TabelaWartoscPola\">2022-04-20 12:51<\/td>\n<td class=\"TabelaWartoscPola\">Waldemar Kulpa<\/td>\n<td class=\"TabelaWartoscPola\">aktualizacja<\/td>\n<\/tr>\n<tr>\n<td class=\"TabelaWartoscPola\">Zam\u00f3wienia publiczne<\/td>\n<td class=\"TabelaWartoscPola\">2021-04-21 14:27<\/td>\n<td class=\"TabelaWartoscPola\">Waldemar Kulpa<\/td>\n<td class=\"TabelaWartoscPola\">Og\u0142oszenie o zam\u00f3wieniu<\/td>\n<\/tr>\n<tr>\n<td class=\"TabelaWartoscPola\">Bud\u017cet<\/td>\n<td class=\"TabelaWartoscPola\">2021-04-21 10:55<\/td>\n<td class=\"TabelaWartoscPola\">Waldemar Kulpa<\/td>\n<td class=\"TabelaWartoscPola\">aktualizacja<\/td>\n<\/tr>\n<tr>\n<td class=\"TabelaWartoscPola\">Deklaracja dost\u0119pno\u015bci<\/td>\n<td class=\"TabelaWartoscPola\">2021-03-30 12:05<\/td>\n<td class=\"TabelaWartoscPola\">Waldemar Kulpa<\/td>\n<td class=\"TabelaWartoscPola\">aktualizacja<\/td>\n<\/tr>\n<tr>\n<td class=\"TabelaWartoscPola\">Deklaracja dost\u0119pno\u015bci<\/td>\n<td class=\"TabelaWartoscPola\">2020-11-16 12:29<\/td>\n<td class=\"TabelaWartoscPola\">Waldemar Kulpa<\/td>\n<td class=\"TabelaWartoscPola\">nowa pozycja<\/td>\n<\/tr>\n<tr>\n<td class=\"TabelaWartoscPola\">Program dzia\u0142alno\u015bci na lata 2021-2025<\/td>\n<td class=\"TabelaWartoscPola\">2020-12-29 14:33<\/td>\n<td class=\"TabelaWartoscPola\">Waldemar Kulpa<\/td>\n<td class=\"TabelaWartoscPola\">nowa pozycja<\/td>\n<\/tr>\n<tr>\n<td class=\"TabelaWartoscPola\">Sprawozdania finansowe<\/td>\n<td class=\"TabelaWartoscPola\">2020-08-26 18:26<\/td>\n<td class=\"TabelaWartoscPola\">Waldemar Kulpa<\/td>\n<td class=\"TabelaWartoscPola\">Sprawozdanie finansowe za 2019 r.<\/td>\n<\/tr>\n<tr>\n<td class=\"TabelaWartoscPola\">Sprawozdanie finansowe<\/td>\n<td class=\"TabelaWartoscPola\">2019-05-06 20:23<\/td>\n<td class=\"TabelaWartoscPola\">Waldemar Kulpa<\/td>\n<td class=\"TabelaWartoscPola\">Sprawozdanie finansowe za 2018 r.<\/td>\n<\/tr>\n<tr>\n<td class=\"TabelaWartoscPola\">Ochrona danych osobowych i wizerunku uczestnika<\/td>\n<td class=\"TabelaWartoscPola\">2019-01-31 22:18<\/td>\n<td class=\"TabelaWartoscPola\">Waldemar Kulpa<\/td>\n<td class=\"TabelaWartoscPola\">Ochrona danych osobowych i wizerunku uczestnika<\/td>\n<\/tr>\n<tr>\n<td class=\"TabelaWartoscPola\">Pracownicy<\/td>\n<td class=\"TabelaWartoscPola\">2019-01-31 22:00<\/td>\n<td class=\"TabelaWartoscPola\">Waldemar Kulpa<\/td>\n<td class=\"TabelaWartoscPola\">Regulamin naboru pracownika<\/td>\n<\/tr>\n<tr>\n<td class=\"TabelaWartoscPola\">Bud\u017cet<\/td>\n<td class=\"TabelaWartoscPola\">2018-05-05 12:00<\/td>\n<td class=\"TabelaWartoscPola\">Waldemar Kulpa<\/td>\n<td class=\"TabelaWartoscPola\">aktualizacja<\/td>\n<\/tr>\n<tr>\n<td class=\"TabelaWartoscPola\">Redakcja<\/td>\n<td class=\"TabelaWartoscPola\">2018-05-04 15:43<\/td>\n<td class=\"TabelaWartoscPola\">Maja Olendzka<\/td>\n<td class=\"TabelaWartoscPola\">aktualizacja<\/td>\n<\/tr>\n<\/tbody>\n<\/table>\n<p>&nbsp;<\/p>\n","protected":false},"excerpt":{"rendered":"<p>Dziennik zmian Biuletynu Informacji Publicznej Domu Kultury \u201e13 Muz\u201d Rozdzia\u0142 Data modyfikacji Osoba Opis zmiany Standardy ochrony ma\u0142oletnich 2026-03-17 12:05 Waldemar Kulpa aktualizacja Deklaracja dost\u0119pno\u015bci 2026-03-17 12:05 Waldemar Kulpa aktualizacja Deklaracja dost\u0119pno\u015bci 2025-03-18 12:05 Waldemar Kulpa aktualizacja Zam\u00f3wienia publiczne 2025-03-11 12:05 Waldemar Kulpa Og\u0142oszenie o zam\u00f3wieniu Zam\u00f3wienia publiczne 2024-10-23 10:25 Waldemar Kulpa Og\u0142oszenie o zam\u00f3wieniu Zam\u00f3wienia publiczne 2024-10-04 14:25 Waldemar Kulpa Og\u0142oszenie o zam\u00f3wieniu Zam\u00f3wienia publiczne 2024-09-04 13:50 Waldemar Kulpa Og\u0142oszenie o zam\u00f3wieniu Sprawozdanie finansowe 2024-08-30 13:01 Waldemar Kulpa Sprawozdanie finansowe za 2023 r. Sprawozdanie finansowe 2024-08-30 13:00 Waldemar Kulpa Sprawozdanie finansowe za 2022 r. Standardy ochrony ma\u0142oletnich 2024-08-09 13:47 [&hellip;]<\/p>\n","protected":false},"author":1,"featured_media":0,"parent":0,"menu_order":0,"comment_status":"closed","ping_status":"closed","template":"","meta":{"ngg_post_thumbnail":0,"_price":"","_stock":"","_tribe_ticket_header":"","_tribe_default_ticket_provider":"","_ticket_start_date":"","_ticket_end_date":"","_tribe_ticket_show_description":"","_tribe_ticket_show_not_going":false,"_tribe_ticket_use_global_stock":"","_tribe_ticket_global_stock_level":"","_global_stock_mode":"","_global_stock_cap":"","_tribe_rsvp_for_event":"","_tribe_ticket_going_count":"","_tribe_ticket_not_going_count":"","_tribe_tickets_list":"[]","_tribe_ticket_has_attendee_info_fields":false,"footnotes":"","_tec_slr_enabled":"","_tec_slr_layout":""},"class_list":["post-194","page","type-page","status-publish","hentry"],"ticketed":false,"post_mailing_queue_ids":[],"_links":{"self":[{"href":"https:\/\/13muz.eu\/en\/wp-json\/wp\/v2\/pages\/194","targetHints":{"allow":["GET"]}}],"collection":[{"href":"https:\/\/13muz.eu\/en\/wp-json\/wp\/v2\/pages"}],"about":[{"href":"https:\/\/13muz.eu\/en\/wp-json\/wp\/v2\/types\/page"}],"author":[{"embeddable":true,"href":"https:\/\/13muz.eu\/en\/wp-json\/wp\/v2\/users\/1"}],"replies":[{"embeddable":true,"href":"https:\/\/13muz.eu\/en\/wp-json\/wp\/v2\/comments?post=194"}],"version-history":[{"count":3,"href":"https:\/\/13muz.eu\/en\/wp-json\/wp\/v2\/pages\/194\/revisions"}],"predecessor-version":[{"id":73588,"href":"https:\/\/13muz.eu\/en\/wp-json\/wp\/v2\/pages\/194\/revisions\/73588"}],"wp:attachment":[{"href":"https:\/\/13muz.eu\/en\/wp-json\/wp\/v2\/media?parent=194"}],"curies":[{"name":"wp","href":"https:\/\/api.w.org\/{rel}","templated":true}]}}