{"id":19,"date":"2017-11-28T23:12:13","date_gmt":"2017-11-28T23:12:13","guid":{"rendered":"http:\/\/test.13muz.eu\/?page_id=19"},"modified":"2024-12-18T13:19:32","modified_gmt":"2024-12-18T12:19:32","slug":"galeria","status":"publish","type":"page","link":"https:\/\/13muz.eu\/en\/galeria\/","title":{"rendered":"GALERIA"},"content":{"rendered":"<ul class=\"sitemap\">\n<li style=\"list-style-type: none;\">\n<ul>\n<li><a class=\"list-main\" href=\"http:\/\/www.13muz.eu\/filmy\/\">Filmy<\/a><\/li>\n<li><a class=\"list-main\" href=\"http:\/\/www.13muz.eu\/zdjecia\/\">Zdj\u0119cia<\/a>\n<ul>\n<li><a href=\"http:\/\/13muz.eu\/zdjecia\/koncerty\/\">Koncerty<\/a><\/li>\n<li><a href=\"http:\/\/13muz.eu\/zdjecia\/spektakle\/\">Spektakle<\/a><\/li>\n<li><a href=\"https:\/\/13muz.eu\/wernisaze\/\">Wernisa\u017ce<\/a><\/li>\n<li><a href=\"http:\/\/13muz.eu\/zdjecia\/warsztaty\/\">Warsztaty<\/a><\/li>\n<li><a href=\"http:\/\/13muz.eu\/pozostale-wydarzenia\/\">Pozosta\u0142e Wydarzenia<\/a><\/li>\n<\/ul>\n<\/li>\n<\/ul>\n<\/li>\n<\/ul>\n","protected":false},"excerpt":{"rendered":"<p>Filmy Zdj\u0119cia Koncerty Spektakle Wernisa\u017ce Warsztaty Pozosta\u0142e Wydarzenia<\/p>\n","protected":false},"author":1,"featured_media":0,"parent":0,"menu_order":0,"comment_status":"closed","ping_status":"closed","template":"","meta":{"ngg_post_thumbnail":0,"_price":"","_stock":"","_tribe_ticket_header":"","_tribe_default_ticket_provider":"","_ticket_start_date":"","_ticket_end_date":"","_tribe_ticket_show_description":"","_tribe_ticket_show_not_going":false,"_tribe_ticket_use_global_stock":"","_tribe_ticket_global_stock_level":"","_global_stock_mode":"","_global_stock_cap":"","_tribe_rsvp_for_event":"","_tribe_ticket_going_count":"","_tribe_ticket_not_going_count":"","_tribe_tickets_list":"[]","_tribe_ticket_has_attendee_info_fields":false,"footnotes":"","_tec_slr_enabled":"","_tec_slr_layout":""},"class_list":["post-19","page","type-page","status-publish","hentry"],"ticketed":false,"post_mailing_queue_ids":[],"_links":{"self":[{"href":"https:\/\/13muz.eu\/en\/wp-json\/wp\/v2\/pages\/19","targetHints":{"allow":["GET"]}}],"collection":[{"href":"https:\/\/13muz.eu\/en\/wp-json\/wp\/v2\/pages"}],"about":[{"href":"https:\/\/13muz.eu\/en\/wp-json\/wp\/v2\/types\/page"}],"author":[{"embeddable":true,"href":"https:\/\/13muz.eu\/en\/wp-json\/wp\/v2\/users\/1"}],"replies":[{"embeddable":true,"href":"https:\/\/13muz.eu\/en\/wp-json\/wp\/v2\/comments?post=19"}],"version-history":[{"count":0,"href":"https:\/\/13muz.eu\/en\/wp-json\/wp\/v2\/pages\/19\/revisions"}],"wp:attachment":[{"href":"https:\/\/13muz.eu\/en\/wp-json\/wp\/v2\/media?parent=19"}],"curies":[{"name":"wp","href":"https:\/\/api.w.org\/{rel}","templated":true}]}}