{"id":18165,"date":"2018-11-08T10:38:52","date_gmt":"2018-11-08T09:38:52","guid":{"rendered":"http:\/\/13muz.eu\/?page_id=18165"},"modified":"2018-11-08T10:43:06","modified_gmt":"2018-11-08T09:43:06","slug":"rezydenci-miejska-biblioteka-publiczna-w-szczecinie","status":"publish","type":"page","link":"https:\/\/13muz.eu\/en\/rezydenci-miejska-biblioteka-publiczna-w-szczecinie\/","title":{"rendered":"Miejska Biblioteka Publiczna w Szczecinie"},"content":{"rendered":"<p><img loading=\"lazy\" decoding=\"async\" class=\"size-medium wp-image-18168 alignleft\" src=\"http:\/\/13muz.eu\/wp-content\/uploads\/2018\/11\/MBPlogo-300x195.jpg\" alt=\"\" width=\"300\" height=\"195\" srcset=\"https:\/\/13muz.eu\/wp-content\/uploads\/2018\/11\/MBPlogo-300x195.jpg 300w, https:\/\/13muz.eu\/wp-content\/uploads\/2018\/11\/MBPlogo-768x500.jpg 768w, https:\/\/13muz.eu\/wp-content\/uploads\/2018\/11\/MBPlogo-800x520.jpg 800w, https:\/\/13muz.eu\/wp-content\/uploads\/2018\/11\/MBPlogo-400x260.jpg 400w, https:\/\/13muz.eu\/wp-content\/uploads\/2018\/11\/MBPlogo.jpg 1008w\" sizes=\"auto, (max-width: 300px) 100vw, 300px\" \/><\/p>\n<p><strong>Miejska Biblioteka Publiczna w Szczecinie<\/strong> jest instytucj\u0105 kultury. Celem jej dzia\u0142alno\u015bci jest zaspokajanie oraz rozwijanie potrzeb czytelniczych spo\u0142ecze\u0144stwa, wspomaganie systemu edukacji i wychowania oraz upowszechnianie wiedzy i informacji na temat kultury i nauki.&nbsp;<\/p>\n<ul>\n<li><a href=\"http:\/\/www.mbp.szczecin.pl\" target=\"_blank\" rel=\"noopener\">Strona internetowa MBP.<\/a>&nbsp;<\/li>\n<\/ul>\n<p>&nbsp;<\/p>\n","protected":false},"excerpt":{"rendered":"<p>Miejska Biblioteka Publiczna w Szczecinie jest instytucj\u0105 kultury. Celem jej dzia\u0142alno\u015bci jest zaspokajanie oraz rozwijanie potrzeb czytelniczych spo\u0142ecze\u0144stwa, wspomaganie systemu edukacji i wychowania oraz upowszechnianie wiedzy i informacji na temat kultury i nauki.&nbsp; Strona internetowa MBP.&nbsp; &nbsp;<\/p>\n","protected":false},"author":3,"featured_media":18168,"parent":0,"menu_order":0,"comment_status":"closed","ping_status":"closed","template":"","meta":{"ngg_post_thumbnail":0,"_price":"","_stock":"","_tribe_ticket_header":"","_tribe_default_ticket_provider":"","_ticket_start_date":"","_ticket_end_date":"","_tribe_ticket_show_description":"","_tribe_ticket_show_not_going":false,"_tribe_ticket_use_global_stock":"","_tribe_ticket_global_stock_level":"","_global_stock_mode":"","_global_stock_cap":"","_tribe_rsvp_for_event":"","_tribe_ticket_going_count":"","_tribe_ticket_not_going_count":"","_tribe_tickets_list":"[]","_tribe_ticket_has_attendee_info_fields":false,"footnotes":"","_tec_slr_enabled":"","_tec_slr_layout":""},"class_list":["post-18165","page","type-page","status-publish","has-post-thumbnail","hentry"],"ticketed":false,"post_mailing_queue_ids":[],"_links":{"self":[{"href":"https:\/\/13muz.eu\/en\/wp-json\/wp\/v2\/pages\/18165","targetHints":{"allow":["GET"]}}],"collection":[{"href":"https:\/\/13muz.eu\/en\/wp-json\/wp\/v2\/pages"}],"about":[{"href":"https:\/\/13muz.eu\/en\/wp-json\/wp\/v2\/types\/page"}],"author":[{"embeddable":true,"href":"https:\/\/13muz.eu\/en\/wp-json\/wp\/v2\/users\/3"}],"replies":[{"embeddable":true,"href":"https:\/\/13muz.eu\/en\/wp-json\/wp\/v2\/comments?post=18165"}],"version-history":[{"count":0,"href":"https:\/\/13muz.eu\/en\/wp-json\/wp\/v2\/pages\/18165\/revisions"}],"wp:featuredmedia":[{"embeddable":true,"href":"https:\/\/13muz.eu\/en\/wp-json\/wp\/v2\/media\/18168"}],"wp:attachment":[{"href":"https:\/\/13muz.eu\/en\/wp-json\/wp\/v2\/media?parent=18165"}],"curies":[{"name":"wp","href":"https:\/\/api.w.org\/{rel}","templated":true}]}}