{"id":18068,"date":"2018-10-31T18:33:37","date_gmt":"2018-10-31T17:33:37","guid":{"rendered":"http:\/\/13muz.eu\/?page_id=18068"},"modified":"2024-03-19T11:36:39","modified_gmt":"2024-03-19T10:36:39","slug":"rezydenci-radoslaw-herdzik","status":"publish","type":"page","link":"https:\/\/13muz.eu\/en\/rezydenci-radoslaw-herdzik\/","title":{"rendered":"Rados\u0142aw Herdzik"},"content":{"rendered":"<p style=\"text-align: justify;\"><img loading=\"lazy\" decoding=\"async\" class=\"alignright wp-image-18069\" src=\"http:\/\/13muz.eu\/wp-content\/uploads\/2018\/10\/Rados\u0142aw-Herdzik.jpg\" alt=\"\" width=\"460\" height=\"307\" srcset=\"https:\/\/13muz.eu\/wp-content\/uploads\/2018\/10\/Rados\u0142aw-Herdzik.jpg 800w, https:\/\/13muz.eu\/wp-content\/uploads\/2018\/10\/Rados\u0142aw-Herdzik-300x200.jpg 300w, https:\/\/13muz.eu\/wp-content\/uploads\/2018\/10\/Rados\u0142aw-Herdzik-768x512.jpg 768w, https:\/\/13muz.eu\/wp-content\/uploads\/2018\/10\/Rados\u0142aw-Herdzik-150x100.jpg 150w, https:\/\/13muz.eu\/wp-content\/uploads\/2018\/10\/Rados\u0142aw-Herdzik-400x267.jpg 400w\" sizes=\"auto, (max-width: 460px) 100vw, 460px\" \/>Rados\u0142aw Herdzik<\/p>\n<p style=\"text-align: justify;\">Urodzi\u0142 si\u0119 20 grudnia 1988 roku w Szczecinie.<br \/>\nNauk\u0119 gry na klarnecie rozpocz\u0105\u0142 w roku 2001 w Og\u00f3lnokszta\u0142c\u0105cej Szkole Muzycznej II st. w Szczecin. Szko\u0142\u0119 uko\u0144czy\u0142 w roku 2007 otrzymuj\u0105c dyplom z wyr\u00f3\u017cnieniem. W roku 2010 uzyska\u0142 stopie\u0144 licencjata na Uniwersytecie Muzycznym w Warszawie im. Fryderyka Chopina, Wydzia\u0142 Instrumentalny w Bia\u0142ymstoku. W roku 2012 uko\u0144czy\u0142 z wyr\u00f3\u017cnieniem Akademi\u0119 Muzyczn\u0105 w Gda\u0144sku im. Stanis\u0142awa Moniuszki zdobywaj\u0105c tytu\u0142 magistra. W tym samym roku uczestniczy\u0142 w programie stypendialnym Erasmus w Konserwatorium Kr\u00f3lewskim w Brukseli.<br \/>\nOd 2014 do 2018 roku by\u0142 pierwszym klarnecist\u0105 Polskiej Orkiestry Sinfonia Iuventus w Warszawie.<\/p>\n<p style=\"text-align: justify;\">Jest zdobywc\u0105 wielu nagr\u00f3d i wyr\u00f3\u017cnie\u0144 na konkursach i festiwalach og\u00f3lnopolskich oraz mi\u0119dzynarodowych m. in.:<\/p>\n<p style=\"text-align: justify;\">&#8211; wyr\u00f3\u017cnienie w I Konkursie Etiuda w Szczecinie, 2003,<br \/>\n&#8211; wyr\u00f3\u017cnienie w XII Pozna\u0144skim Konkursie Instrument\u00f3w D\u0119tych Drewnianych w Poznaniu, 2004,<br \/>\n&#8211; wyr\u00f3\u017cnienie w XXXI Konkursie M\u0142odego Muzyka w Szczecinku, 2004,<br \/>\n&#8211; wyr\u00f3\u017cnienie w VI Konkursie Zespo\u0142\u00f3w Kameralnych organizowanym w Szczecinie, 2005,<br \/>\n&#8211; wyr\u00f3\u017cnienie I stopnia w I Festiwalu Klarnetowym w Szczecinie, 2005,<br \/>\n&#8211; wyr\u00f3\u017cnienie w III Konkursie Etiuda w Szczecinie, 2005,<br \/>\n&#8211; nagroda Dyrektora Szko\u0142y Zespo\u0142u Szk\u00f3\u0142 Muzycznych w Szczecinie za Indywidualno\u015b\u0107 Artystyczn\u0105, 2006,<br \/>\n&#8211; II miejsce w II Festiwalu Klarnetowym w Szczecinie w kategorii zespo\u0142y kameralne, 2006,<br \/>\n&#8211; dyplom finalisty z wyr\u00f3\u017cnieniem w VI Mi\u0119dzynarodowym Konkursie Instrument\u00f3w D\u0119tych w Jastrz\u0119biu Zdr\u00f3j, 2006,<br \/>\n&#8211; dyplom dla Najlepszego Klarnecisty w IV Konkursie Etiuda w Szczecinie, 2006,<br \/>\n&#8211; Grand Prix w IV Konkursie Instrument\u00f3w D\u0119tych Etiuda w Szczecinie, 2006,<br \/>\n&#8211; wyr\u00f3\u017cnienie dla najlepszego Zespo\u0142u Kameralnego w Makroregionalnych Przes\u0142uchaniach Kameralnych Zespo\u0142\u00f3w Instrument\u00f3w D\u0119tych Szk\u00f3\u0142 Muzycznych II stopnia, 2007,<br \/>\n&#8211; wyr\u00f3\u017cnienie w Og\u00f3lnopolskim Konkursie MINIATURA w Bydgoszczy, 2007,<br \/>\n&#8211; II miejsce w Konkursie Zespo\u0142\u00f3w Kameralnych w Szczecinie, 2007,<br \/>\n&#8211; I nagroda w II Og\u00f3lnopolskim Konkursie M\u0142odych Instrumentalist\u00f3w w Ja\u015ble, 2007,<br \/>\n&#8211; nagroda specjalna Dyrektora Artystycznego III Festiwalu Klarnetowego w Szczecinie, 2008,<br \/>\n&#8211; II miejsce w kategorii zespo\u0142\u00f3w kameralnych w IX Festiwalu Klarnetowym w Piotrkowie Trybunalskim, 2011,<br \/>\n&#8211; I Miejsce w VIII Mi\u0119dzynarodowym Konkursie Etiuda w Szczecinie, 2011,<br \/>\n&#8211; wyr\u00f3\u017cnienie w XV Akademickim Konkursie Klarnetowym we W\u0142oszakowicach, 2012.<\/p>\n<p style=\"text-align: justify;\">Uczestniczy\u0142 w wielu kursach mistrzowskich pod kierunkiem wybitnych muzyk\u00f3w.<\/p>\n<p style=\"text-align: justify;\">Sw\u00f3j debiut jako solista mia\u0142 w wieku lat 16-stu wykonuj\u0105c Preludia Taneczne W. Lutos\u0142awskiego podczas 5-ciu koncert\u00f3w z Orkiestr\u0105 Filharmonii Szczeci\u0144skiej. Nast\u0119pnie wyst\u0119powa\u0142 na Festiwalu Muzyki w Sandomierzu. By\u0142 r\u00f3wnie\u017c solist\u0105 podczas koncert\u00f3w z orkiestr\u0105 polsko-niemieck\u0105 Pomerania. Podczas Festiwalu klarnetowego w Szczecinie wyst\u0119powa\u0142 jako solista z orkiestr\u0105 Opery Szczeci\u0144skiej. Wyst\u0119powa\u0142 z Filharmoni\u0105 Ba\u0142tyck\u0105 jako najlepszy dyplomant Akademii Muzycznej w Gda\u0144sku. Z Akademick\u0105 Orkiestr\u0105 Symfoniczna w Gda\u0144sku wielokrotnie wyst\u0119powa\u0142 jako solista.<br \/>\nMia\u0142 zaszczyt wsp\u00f3\u0142pracowa\u0107 z muzykami z London Symphony podczas trasy koncertowej po Polsce.<br \/>\nWyst\u0119powa\u0142 w takich znakomitych salach koncertowych jak: Musikverein w Wiedniu, Konzerthaus w Berlinie, Sala NOSPR w Katowicach, Filharmonia Szczeci\u0144ska, Opera oraz Filharmonia Narodowa w Warszawie i wi\u0119kszo\u015bci znanych sal w Polsce.<\/p>\n<p style=\"text-align: justify;\"><img loading=\"lazy\" decoding=\"async\" class=\"alignleft wp-image-18064\" src=\"http:\/\/13muz.eu\/wp-content\/uploads\/2018\/10\/Oddech-Cadyka-1024x661.jpeg\" alt=\"\" width=\"299\" height=\"193\" srcset=\"https:\/\/13muz.eu\/wp-content\/uploads\/2018\/10\/Oddech-Cadyka-1024x661.jpeg 1024w, https:\/\/13muz.eu\/wp-content\/uploads\/2018\/10\/Oddech-Cadyka-300x194.jpeg 300w, https:\/\/13muz.eu\/wp-content\/uploads\/2018\/10\/Oddech-Cadyka-768x496.jpeg 768w, https:\/\/13muz.eu\/wp-content\/uploads\/2018\/10\/Oddech-Cadyka-800x520.jpeg 800w, https:\/\/13muz.eu\/wp-content\/uploads\/2018\/10\/Oddech-Cadyka-400x258.jpeg 400w, https:\/\/13muz.eu\/wp-content\/uploads\/2018\/10\/Oddech-Cadyka.jpeg 1672w\" sizes=\"auto, (max-width: 299px) 100vw, 299px\" \/>Od 2017 utworzy\u0142 zesp\u00f3\u0142 razem z Rados\u0142awem Ignatiukiem oraz Christo Krzysztofem Radew. Tworz\u0105 razem muzyk\u0119 taneczn\u0105 z r\u00f3\u017cnych stron \u015bwiata, muzyk\u0119 niezwykle ognist\u0105, od \u017cydowszczyzny po bliski wsch\u00f3d. Pomimo ca\u0142kowicie odmiennej drogi muzycznej ka\u017cdego z nich, postanowili po\u0142\u0105czy\u0107 swoj\u0105 energi\u0119 i dzieli\u0107 si\u0119 ni\u0105 z publiczno\u015bci\u0105. Klarnet w po\u0142\u0105czeniu z gitar\u0105 oraz instrumentami perkusyjnymi jak b\u0119bny djembe czy darbuka zapewniaj\u0105 niesko\u0144czon\u0105 palet\u0119 barw muzycznych, daj\u0105c mo\u017cliwo\u015b\u0107 wyra\u017cenia si\u0119 i wyartyku\u0142owania ka\u017cdej my\u015bli muzycznej.<\/p>\n<p style=\"text-align: justify;\"><strong><a href=\"https:\/\/13muz.eu\/muzykoterapia-na-misach-i-gongach\/\" target=\"_blank\" rel=\"noopener\">Muzykoterapia na misach i gongu<\/a><br \/>\n<\/strong>Od listopada 2023 r. Rados\u0142aw Herdzik,&nbsp;od zawsze zafascynowany wp\u0142ywem d\u017awi\u0119ku i muzyki na ludzkie \u017cycie, prowadzi zaj\u0119cia muzykoterapia na misach i gongu. Poprzez du\u017c\u0105 wra\u017cliwo\u015b\u0107 w bardzo subtelny spos\u00f3b potrafi dotrze\u0107 do drugiego cz\u0142owieka, w tym wypadku poprzez muzykoterapi\u0119. W ramach prowadzonej przez siebie Fundacji Dobrego Samopoczucia realizuje cele maj\u0105ce wp\u0142yn\u0105\u0107 na popraw\u0119 jako\u015bci \u017cycia, poprzez osi\u0105gni\u0119cie dobrostanu cia\u0142a i umys\u0142u oraz zwr\u00f3cenie uwagi na \u015bwiadome i uwa\u017cne podej\u015bcie do \u017cycia a tym samym eliminacj\u0119 napi\u0119\u0107 i stres\u00f3w dnia codziennego.<\/p>\n<p style=\"text-align: justify;\">Kilka s\u0142\u00f3w o tych zaj\u0119ciach:<\/p>\n<p>Potrzebujesz g\u0142\u0119bokiego relaksu i odpr\u0119\u017cenia?<\/p>\n<p style=\"text-align: justify;\">Masz problem z koncentracj\u0105 i nat\u0142okiem my\u015bli?<\/p>\n<p>Je\u015bli tak, to zapraszamy na niezwyk\u0142e spotkanie z d\u017awi\u0119kami mis i gongu oraz innymi instrumentami o w\u0142a\u015bciwo\u015bciach terapeutycznych, kt\u00f3re w subtelny spos\u00f3b wprowadz\u0105 Ci\u0119 w proces r\u00f3wnowa\u017cenia energii w ciele, prowadz\u0105c umys\u0142 ku wyciszeniu.<\/p>\n<p style=\"text-align: justify;\">Zanurzymy si\u0119 w g\u0142\u0105b siebie, by do\u015bwiadczy\u0107 sp\u00f3jno\u015bci i jedno\u015bci z otaczaj\u0105c\u0105 nas rzeczywisto\u015bci\u0105. Ka\u017cdy z nas to cz\u0119stotliwo\u015b\u0107, wibracja &#8211; to nasza pierwotna natura. Ta metoda, bez skutk\u00f3w ubocznych, bezpieczna i nieinwazyjna, jest dedykowana wszystkim, kt\u00f3rzy pragn\u0105 \u017cy\u0107 w harmonii z otaczaj\u0105cym \u015bwiatem i samym sob\u0105. Warto\u015bciowa w przypadku przewlek\u0142ego stresu, napi\u0119cia, zm\u0119czenia, depresji, nerwicy, bezsenno\u015bci, b\u00f3l\u00f3w ko\u015bci i mi\u0119\u015bni czy migren.<\/p>\n<p style=\"text-align: justify;\">Instrumenty, na kt\u00f3rych prowadzone s\u0105 zaj\u0119cia zosta\u0142y starannie dobrane celem uzyskania jak najwi\u0119kszej sp\u00f3jno\u015bci brzmieniowej i tonalnej, tak a\u017ceby uzyska\u0107 efekt \u201eniebia\u0144skich transformuj\u0105cych d\u017awi\u0119k\u00f3w\u201d.<\/p>\n<p style=\"text-align: justify;\">Jako \u017ce nasze cia\u0142o sk\u0142ada si\u0119 z ok. 70% wody, zaleca si\u0119 spo\u017cycie wody przed zaj\u0119ciami celem g\u0142\u0119bszego i lepszego efektu terapeutycznego. Woda doskonale przenosi wibracje i cz\u0119stotliwo\u015bci, tym samym harmonizuj\u0105c i uzdrawiaj\u0105c nasze kom\u00f3rki. Przede wszystkim jednak, muzykoterapia wp\u0142ywa tonizuj\u0105co i uspokajaj\u0105co na umys\u0142 &#8211; psyche.<\/p>\n<p style=\"text-align: justify;\">Podczas zaj\u0119\u0107 m.in. nast\u0119puje silny reset nat\u0142oku my\u015blowego. Pozytywnych efekt\u00f3w jest jeszcze wi\u0119cej, o czym najlepiej przekona\u0107 si\u0119 i do\u015bwiadczy\u0107 osobi\u015bcie.<\/p>\n","protected":false},"excerpt":{"rendered":"<p>Rados\u0142aw Herdzik Urodzi\u0142 si\u0119 20 grudnia 1988 roku w Szczecinie. Nauk\u0119 gry na klarnecie rozpocz\u0105\u0142 w roku 2001 w Og\u00f3lnokszta\u0142c\u0105cej Szkole Muzycznej II st. w Szczecin. Szko\u0142\u0119 uko\u0144czy\u0142 w roku 2007 otrzymuj\u0105c dyplom z wyr\u00f3\u017cnieniem. W roku 2010 uzyska\u0142 stopie\u0144 licencjata na Uniwersytecie Muzycznym w Warszawie im. Fryderyka Chopina, Wydzia\u0142 Instrumentalny w Bia\u0142ymstoku. W roku 2012 uko\u0144czy\u0142 z wyr\u00f3\u017cnieniem Akademi\u0119 Muzyczn\u0105 w Gda\u0144sku im. Stanis\u0142awa Moniuszki zdobywaj\u0105c tytu\u0142 magistra. W tym samym roku uczestniczy\u0142 w programie stypendialnym Erasmus w Konserwatorium Kr\u00f3lewskim w Brukseli. Od 2014 do 2018 roku by\u0142 pierwszym klarnecist\u0105 Polskiej Orkiestry Sinfonia Iuventus w Warszawie. Jest zdobywc\u0105 wielu [&hellip;]<\/p>\n","protected":false},"author":2,"featured_media":0,"parent":0,"menu_order":0,"comment_status":"closed","ping_status":"closed","template":"","meta":{"ngg_post_thumbnail":0,"_price":"","_stock":"","_tribe_ticket_header":"","_tribe_default_ticket_provider":"","_ticket_start_date":"","_ticket_end_date":"","_tribe_ticket_show_description":"","_tribe_ticket_show_not_going":false,"_tribe_ticket_use_global_stock":"","_tribe_ticket_global_stock_level":"","_global_stock_mode":"","_global_stock_cap":"","_tribe_rsvp_for_event":"","_tribe_ticket_going_count":"","_tribe_ticket_not_going_count":"","_tribe_tickets_list":"[]","_tribe_ticket_has_attendee_info_fields":false,"footnotes":"","_tec_slr_enabled":"","_tec_slr_layout":""},"class_list":["post-18068","page","type-page","status-publish","hentry"],"ticketed":false,"post_mailing_queue_ids":[],"_links":{"self":[{"href":"https:\/\/13muz.eu\/en\/wp-json\/wp\/v2\/pages\/18068","targetHints":{"allow":["GET"]}}],"collection":[{"href":"https:\/\/13muz.eu\/en\/wp-json\/wp\/v2\/pages"}],"about":[{"href":"https:\/\/13muz.eu\/en\/wp-json\/wp\/v2\/types\/page"}],"author":[{"embeddable":true,"href":"https:\/\/13muz.eu\/en\/wp-json\/wp\/v2\/users\/2"}],"replies":[{"embeddable":true,"href":"https:\/\/13muz.eu\/en\/wp-json\/wp\/v2\/comments?post=18068"}],"version-history":[{"count":0,"href":"https:\/\/13muz.eu\/en\/wp-json\/wp\/v2\/pages\/18068\/revisions"}],"wp:attachment":[{"href":"https:\/\/13muz.eu\/en\/wp-json\/wp\/v2\/media?parent=18068"}],"curies":[{"name":"wp","href":"https:\/\/api.w.org\/{rel}","templated":true}]}}