{"id":15136,"date":"2018-06-28T14:15:38","date_gmt":"2018-06-28T12:15:38","guid":{"rendered":"http:\/\/13muz.eu\/?page_id=15136"},"modified":"2018-07-24T14:23:27","modified_gmt":"2018-07-24T12:23:27","slug":"lista-wybranych-projektow","status":"publish","type":"page","link":"https:\/\/13muz.eu\/en\/lista-wybranych-projektow\/","title":{"rendered":"Lista wybranych projekt\u00f3w"},"content":{"rendered":"<p>Informujemy o wynikach konkursu \u201eLokalnie-Kulturalnie\u201d organizowanego przez Dom Kultury \u201e13 Muz\u201d w ramach programu Narodowego Centrum Kultury \u201eDom Kultury +\u201d. Do konkursu mieszka\u0144cy nades\u0142ali 20 propozycji inicjatyw lokalnych. Wi\u0119kszo\u015b\u0107 z nich prezentowa\u0142o bardzo wysoki poziom. Komisja konkursowa zdecydowa\u0142a si\u0119 przyzna\u0107 dofinansowanie 7 projektom:<\/p>\n<ul>\n<li>\u201ePod Pre-Tekstem\u201d<\/li>\n<li>\u201eUcz\u0105 dzi\u0119cio\u0142 z sow\u0105\u201d<\/li>\n<li>\u201eKoncert na dwie orkiestry\u201d<\/li>\n<li>\u201eMuzyczna dobranocka\u201d<\/li>\n<li>\u201eOtwarcie uwalniania ksi\u0105\u017cek &#8211; Dzie\u0144 Postaci z Bajek na Pogodnie\u201d<\/li>\n<li>\u201eRower w Szczecinie &#8211; Nowa kultura miejska\u201d<\/li>\n<li>\u201eKurs Makija\u017cu &#8211; Spektakl Teatralno-Taneczny\u201d<\/li>\n<\/ul>\n<p>Z uwagi na nieobecno\u015b\u0107 koordynatora projektu, sprawozdanie z posiedzenia komisji konkursowej b\u0119dzie dost\u0119pne w siedzibie Domu Kultury \u201e13 Muz\u201d od poniedzia\u0142ku (2 lipca).&nbsp;<a href=\"http:\/\/13muz.eu\/dom-kultury-2018\/\">Czytaj wi\u0119cej\u2026<\/a>&nbsp;<\/p>\n<p>Dofinansowano ze \u015brodk\u00f3w Narodowego Centrum Kultury w ramach programu Dom Kultury+ Inicjatywy lokalne 2018<\/p>\n","protected":false},"excerpt":{"rendered":"<p>Informujemy o wynikach konkursu \u201eLokalnie-Kulturalnie\u201d organizowanego przez Dom Kultury \u201e13 Muz\u201d w ramach programu Narodowego Centrum Kultury \u201eDom Kultury +\u201d. Do konkursu mieszka\u0144cy nades\u0142ali 20 propozycji inicjatyw lokalnych. Wi\u0119kszo\u015b\u0107 z nich prezentowa\u0142o bardzo wysoki poziom. Komisja konkursowa zdecydowa\u0142a si\u0119 przyzna\u0107 dofinansowanie 7 projektom: \u201ePod Pre-Tekstem\u201d \u201eUcz\u0105 dzi\u0119cio\u0142 z sow\u0105\u201d \u201eKoncert na dwie orkiestry\u201d \u201eMuzyczna dobranocka\u201d \u201eOtwarcie uwalniania ksi\u0105\u017cek &#8211; Dzie\u0144 Postaci z Bajek na Pogodnie\u201d \u201eRower w Szczecinie &#8211; Nowa kultura miejska\u201d \u201eKurs Makija\u017cu &#8211; Spektakl Teatralno-Taneczny\u201d Z uwagi na nieobecno\u015b\u0107 koordynatora projektu, sprawozdanie z posiedzenia komisji konkursowej b\u0119dzie dost\u0119pne w siedzibie Domu Kultury \u201e13 Muz\u201d od poniedzia\u0142ku (2 lipca).&nbsp;Czytaj [&hellip;]<\/p>\n","protected":false},"author":1,"featured_media":0,"parent":0,"menu_order":0,"comment_status":"closed","ping_status":"closed","template":"","meta":{"ngg_post_thumbnail":0,"_price":"","_stock":"","_tribe_ticket_header":"","_tribe_default_ticket_provider":"","_ticket_start_date":"","_ticket_end_date":"","_tribe_ticket_show_description":"","_tribe_ticket_show_not_going":false,"_tribe_ticket_use_global_stock":"","_tribe_ticket_global_stock_level":"","_global_stock_mode":"","_global_stock_cap":"","_tribe_rsvp_for_event":"","_tribe_ticket_going_count":"","_tribe_ticket_not_going_count":"","_tribe_tickets_list":"[]","_tribe_ticket_has_attendee_info_fields":false,"footnotes":"","_tec_slr_enabled":"","_tec_slr_layout":""},"class_list":["post-15136","page","type-page","status-publish","hentry"],"ticketed":false,"post_mailing_queue_ids":[],"_links":{"self":[{"href":"https:\/\/13muz.eu\/en\/wp-json\/wp\/v2\/pages\/15136","targetHints":{"allow":["GET"]}}],"collection":[{"href":"https:\/\/13muz.eu\/en\/wp-json\/wp\/v2\/pages"}],"about":[{"href":"https:\/\/13muz.eu\/en\/wp-json\/wp\/v2\/types\/page"}],"author":[{"embeddable":true,"href":"https:\/\/13muz.eu\/en\/wp-json\/wp\/v2\/users\/1"}],"replies":[{"embeddable":true,"href":"https:\/\/13muz.eu\/en\/wp-json\/wp\/v2\/comments?post=15136"}],"version-history":[{"count":0,"href":"https:\/\/13muz.eu\/en\/wp-json\/wp\/v2\/pages\/15136\/revisions"}],"wp:attachment":[{"href":"https:\/\/13muz.eu\/en\/wp-json\/wp\/v2\/media?parent=15136"}],"curies":[{"name":"wp","href":"https:\/\/api.w.org\/{rel}","templated":true}]}}