{"id":15,"date":"2017-11-28T23:11:56","date_gmt":"2017-11-28T23:11:56","guid":{"rendered":"http:\/\/test.13muz.eu\/?page_id=15"},"modified":"2025-10-02T22:06:29","modified_gmt":"2025-10-02T20:06:29","slug":"wydarzenia","status":"publish","type":"page","link":"https:\/\/13muz.eu\/en\/wydarzenia\/","title":{"rendered":"WYDARZENIA"},"content":{"rendered":"<ul class=\"sitemap\">\n<li style=\"list-style-type: none;\">\n<ul>\n<li><a class=\"list-main\" href=\"http:\/\/www.13muz.eu\/kalendarium-2\/\" rel=\"noopener\">KALENDARIUM<\/a><\/li>\n<li><a class=\"list-main\" href=\"http:\/\/www.13muz.eu\/festiwale\/\" rel=\"noopener\">FESTIWALE<\/a><\/li>\n<ul>\n<li><a href=\"http:\/\/www.13muz.eu\/kontrapunkt\/\" rel=\"noopener\">Kontrapunkt<\/a><\/li>\n<li><a href=\"http:\/\/www.13muz.eu\/zachodniopomorskie-spotkania-artystyczne-seniorow\/\" rel=\"noopener\">Zachodniopomorskie spotkania artystyczne senior\u00f3w<\/a><\/li>\n<\/ul>\n<li><a class=\"list-main\" href=\"http:\/\/www.13muz.eu\/przeglady\/\" rel=\"noopener\">PRZEGL\u0104DY<\/a><\/li>\n<ul>\n<li><a href=\"http:\/\/www.13muz.eu\/floating-blues\/\" rel=\"noopener\">Floating Blues<\/a><\/li>\n<li><a href=\"https:\/\/13muz.eu\/dig-it-bit-win-przeglad-sztuki-cyfrowej-i-multimedialnej\/\" rel=\"noopener noreferrer\">DIG.IT &#8211; BIT.WIN &#8211; Przegl\u0105d sztuki cyfrowej i multimedialnej<\/a><\/li>\n<\/ul>\n<li><a class=\"list-main\" href=\"http:\/\/www.13muz.eu\/imprezy-cykliczne\/\" rel=\"noopener\">IMPREZY CYKLICZNE<\/a><\/li>\n<ul>\n<li><a href=\"http:\/\/www.13muz.eu\/szczecinskie-wierszogranie\/\" rel=\"noopener\">Szczeci\u0144skie wierszogranie<\/a><\/li>\n<li><a href=\"http:\/\/www.13muz.eu\/inspektor-jass-na-tropie-jazz-z-historia-w-tle\/\" rel=\"noopener\">Inspektor Jass na tropie. Jazz z histori\u0105 w tle<\/a><\/li>\n<li><a href=\"http:\/\/www.13muz.eu\/czwartki-literackie\/\" rel=\"noopener\">Czwartki literackie<\/a><\/li>\n<li><a href=\"https:\/\/13muz.eu\/scena-prezentacji-teatralnych\/\">Scena prezentacji teatralnych<\/a><\/li>\n<li><a href=\"https:\/\/13muz.eu\/szok-arts-festival\/\">SZOK Arts Festival<\/a><\/li>\n<li><a href=\"http:\/\/www.13muz.eu\/muzyczne-podroze\/\" rel=\"noopener\">Muzyczne podr\u00f3\u017ce<\/a><\/li>\n<li><a href=\"https:\/\/13muz.eu\/spotkania-z-mistrzem\/\">Spotkanie z Mistrzem<\/a><\/li>\n<li><a href=\"http:\/\/www.13muz.eu\/club-tropicana\/\" rel=\"noopener\">Club Tropicana<\/a><\/li>\n<li><a href=\"http:\/\/www.13muz.eu\/kizombowy-podwieczorek\/\" rel=\"noopener\">Kizombowy podwieczorek<\/a><\/li>\n<li><a href=\"https:\/\/13muz.eu\/babilon\/\">Babilon<\/a><\/li>\n<li><a href=\"https:\/\/13muz.eu\/lennons-birthday\/\">Lennon&#8217;s Birthday<\/a><\/li>\n<\/ul>\n<li><a class=\"list-main\" href=\"http:\/\/www.13muz.eu\/wystawy\/\" rel=\"noopener\">WYSTAWY<\/a><\/li>\n<ul>\n<li><a href=\"\/\/www.13muz.eu\/galeria-tworze-sie\/\" rel=\"noopener\">Galeria Tworz\u0119 Si\u0119!<\/a><\/li>\n<li><a href=\"https:\/\/13muz.eu\/galeria-foyer\/\" rel=\"noopener\">Galeria Foyer<\/a><\/li>\n<li><a href=\"http:\/\/www.13muz.eu\/galeria-jedna-druga\/\" rel=\"noopener\">Galeria Jedna\/Druga &#8211; dzia\u0142a\u0142a do 31.05.2022<\/a><\/li>\n<\/ul>\n<li><a class=\"list-main\" href=\"http:\/\/www.13muz.eu\/projekty\/\" target=\"_blank\" rel=\"noopener\">PROJEKTY<\/a><\/li>\n<ul>\n<li><a href=\"https:\/\/13muz.eu\/reymont-zywe-opowiesci\/\" target=\"_blank\" rel=\"noopener\">Reymont: \u017bywe opowie\u015bci<\/a><\/li>\n<li><a href=\"https:\/\/13muz.eu\/temat-rzeka-thema-fluss\/\" target=\"_blank\" rel=\"noopener\">Temat Rzeka \/ Thema Fluss\/<\/a><\/li>\n<li><a href=\"http:\/\/www.13muz.eu\/dom-kultury-2018\/\" target=\"_blank\" rel=\"noopener\">Dom Kultury+ 2018<\/a><\/li>\n<ul>\n<li><a href=\"http:\/\/www.13muz.eu\/diagnoza\/\" target=\"_blank\" rel=\"noopener\">Diagnoza<\/a><\/li>\n<li><a href=\"http:\/\/www.13muz.eu\/regulamin-konkursu\/\" target=\"_blank\" rel=\"noopener\">Regulamin konkursu<\/a><\/li>\n<li><a href=\"http:\/\/www.13muz.eu\/formularz-zgloszenia\/\" target=\"_blank\" rel=\"noopener\">Formularz zg\u0142oszeniowy<\/a><\/li>\n<\/ul>\n<li><a href=\"https:\/\/13muz.eu\/profilaktyka\/\" target=\"_blank\" rel=\"noopener\">Profilaktyka<\/a><\/li>\n<li><a href=\"https:\/\/13muz.eu\/niepodlegla\/\" target=\"_blank\" rel=\"noopener\">Niepodleg\u0142a<\/a><\/li>\n<ul>\n<li><a href=\"https:\/\/13muz.eu\/szczecinskie-bohaterki\/\" target=\"_blank\" rel=\"noopener\">Szczeci\u0144skie bohaterki<\/a><\/li>\n<\/ul>\n<\/li>\n<\/ul>\n<\/li>\n<\/ul>\n","protected":false},"excerpt":{"rendered":"<p>KALENDARIUM FESTIWALE Kontrapunkt Zachodniopomorskie spotkania artystyczne senior\u00f3w PRZEGL\u0104DY Floating Blues DIG.IT &#8211; BIT.WIN &#8211; Przegl\u0105d sztuki cyfrowej i multimedialnej IMPREZY CYKLICZNE Szczeci\u0144skie wierszogranie Inspektor Jass na tropie. Jazz z histori\u0105 w tle Czwartki literackie Scena prezentacji teatralnych SZOK Arts Festival Muzyczne podr\u00f3\u017ce Spotkanie z Mistrzem Club Tropicana Kizombowy podwieczorek Babilon Lennon&#8217;s Birthday WYSTAWY Galeria Tworz\u0119 Si\u0119! Galeria Foyer Galeria Jedna\/Druga &#8211; dzia\u0142a\u0142a do 31.05.2022 PROJEKTY Reymont: \u017bywe opowie\u015bci Temat Rzeka \/ Thema Fluss\/ Dom Kultury+ 2018 Diagnoza Regulamin konkursu Formularz zg\u0142oszeniowy Profilaktyka Niepodleg\u0142a Szczeci\u0144skie bohaterki<\/p>\n","protected":false},"author":1,"featured_media":0,"parent":0,"menu_order":0,"comment_status":"closed","ping_status":"closed","template":"","meta":{"ngg_post_thumbnail":0,"_price":"","_stock":"","_tribe_ticket_header":"","_tribe_default_ticket_provider":"","_ticket_start_date":"","_ticket_end_date":"","_tribe_ticket_show_description":"","_tribe_ticket_show_not_going":false,"_tribe_ticket_use_global_stock":"","_tribe_ticket_global_stock_level":"","_global_stock_mode":"","_global_stock_cap":"","_tribe_rsvp_for_event":"","_tribe_ticket_going_count":"","_tribe_ticket_not_going_count":"","_tribe_tickets_list":"[]","_tribe_ticket_has_attendee_info_fields":false,"footnotes":"","_tec_slr_enabled":"","_tec_slr_layout":""},"class_list":["post-15","page","type-page","status-publish","hentry"],"ticketed":false,"post_mailing_queue_ids":[],"_links":{"self":[{"href":"https:\/\/13muz.eu\/en\/wp-json\/wp\/v2\/pages\/15","targetHints":{"allow":["GET"]}}],"collection":[{"href":"https:\/\/13muz.eu\/en\/wp-json\/wp\/v2\/pages"}],"about":[{"href":"https:\/\/13muz.eu\/en\/wp-json\/wp\/v2\/types\/page"}],"author":[{"embeddable":true,"href":"https:\/\/13muz.eu\/en\/wp-json\/wp\/v2\/users\/1"}],"replies":[{"embeddable":true,"href":"https:\/\/13muz.eu\/en\/wp-json\/wp\/v2\/comments?post=15"}],"version-history":[{"count":0,"href":"https:\/\/13muz.eu\/en\/wp-json\/wp\/v2\/pages\/15\/revisions"}],"wp:attachment":[{"href":"https:\/\/13muz.eu\/en\/wp-json\/wp\/v2\/media?parent=15"}],"curies":[{"name":"wp","href":"https:\/\/api.w.org\/{rel}","templated":true}]}}