{"id":14985,"date":"2018-06-23T15:27:35","date_gmt":"2018-06-23T13:27:35","guid":{"rendered":"http:\/\/test.13muz.eu\/?page_id=14985"},"modified":"2022-09-08T14:10:38","modified_gmt":"2022-09-08T12:10:38","slug":"rezydenci-stowarzyszenie-nordic-culture-house","status":"publish","type":"page","link":"https:\/\/13muz.eu\/en\/rezydenci-stowarzyszenie-nordic-culture-house\/","title":{"rendered":"Stowarzyszenie \u201eNordic Culture House\u201d"},"content":{"rendered":"<p style=\"text-align: justify;\"><img loading=\"lazy\" decoding=\"async\" class=\"alignleft wp-image-15786\" src=\"http:\/\/13muz.eu\/wp-content\/uploads\/2018\/08\/IMG_9869-1024x725.jpg\" alt=\"\" width=\"328\" height=\"233\" srcset=\"https:\/\/13muz.eu\/wp-content\/uploads\/2018\/08\/IMG_9869-1024x725.jpg 1024w, https:\/\/13muz.eu\/wp-content\/uploads\/2018\/08\/IMG_9869-300x212.jpg 300w, https:\/\/13muz.eu\/wp-content\/uploads\/2018\/08\/IMG_9869-768x544.jpg 768w, https:\/\/13muz.eu\/wp-content\/uploads\/2018\/08\/IMG_9869-400x283.jpg 400w, https:\/\/13muz.eu\/wp-content\/uploads\/2018\/08\/IMG_9869.jpg 1258w\" sizes=\"auto, (max-width: 328px) 100vw, 328px\" \/>Stowarzyszenie Centrum Kultury Skandynawskiej \u201eNORDIC CULTURE HOUSE\u201d wspiera wymian\u0119 mi\u0119dzykulturow\u0105, inicjatywy oraz rozw\u00f3j wzajemnych kontakt\u00f3w i relacji Polski z krajami skandynawskimi w dziedzinie kultury, edukacji, turystyki, sportu, ekologii, nauki i bada\u0144.<\/p>\n<p style=\"text-align: justify;\"><img loading=\"lazy\" decoding=\"async\" class=\"alignright wp-image-15787\" src=\"http:\/\/13muz.eu\/wp-content\/uploads\/2018\/08\/IMG_0250-1024x757.jpg\" alt=\"\" width=\"389\" height=\"288\" srcset=\"https:\/\/13muz.eu\/wp-content\/uploads\/2018\/08\/IMG_0250-1024x757.jpg 1024w, https:\/\/13muz.eu\/wp-content\/uploads\/2018\/08\/IMG_0250-300x222.jpg 300w, https:\/\/13muz.eu\/wp-content\/uploads\/2018\/08\/IMG_0250-768x568.jpg 768w, https:\/\/13muz.eu\/wp-content\/uploads\/2018\/08\/IMG_0250-400x296.jpg 400w, https:\/\/13muz.eu\/wp-content\/uploads\/2018\/08\/IMG_0250.jpg 1408w\" sizes=\"auto, (max-width: 389px) 100vw, 389px\" \/>\u201eNORDIC CULTURE HOUSE\u201d inicjuje i organizuje przedsi\u0119wzi\u0119cia prowadz\u0105ce do poszerzenia wiedzy o historii, geografii, j\u0119zyku, kulturze, sztuce, naturze i spo\u0142ecze\u0144stwie Partner\u00f3w z kraj\u00f3w P\u00f3\u0142nocy. Promuje tak\u017ce kultur\u0119 polsk\u0105 w Skandynawii.<\/p>\n<p style=\"text-align: justify;\">&nbsp;<\/p>\n","protected":false},"excerpt":{"rendered":"<p>Stowarzyszenie Centrum Kultury Skandynawskiej \u201eNORDIC CULTURE HOUSE\u201d wspiera wymian\u0119 mi\u0119dzykulturow\u0105, inicjatywy oraz rozw\u00f3j wzajemnych kontakt\u00f3w i relacji Polski z krajami skandynawskimi w dziedzinie kultury, edukacji, turystyki, sportu, ekologii, nauki i bada\u0144. \u201eNORDIC CULTURE HOUSE\u201d inicjuje i organizuje przedsi\u0119wzi\u0119cia prowadz\u0105ce do poszerzenia wiedzy o historii, geografii, j\u0119zyku, kulturze, sztuce, naturze i spo\u0142ecze\u0144stwie Partner\u00f3w z kraj\u00f3w P\u00f3\u0142nocy. Promuje tak\u017ce kultur\u0119 polsk\u0105 w Skandynawii. &nbsp;<\/p>\n","protected":false},"author":1,"featured_media":0,"parent":0,"menu_order":0,"comment_status":"closed","ping_status":"closed","template":"","meta":{"ngg_post_thumbnail":0,"_price":"","_stock":"","_tribe_ticket_header":"","_tribe_default_ticket_provider":"","_ticket_start_date":"","_ticket_end_date":"","_tribe_ticket_show_description":"","_tribe_ticket_show_not_going":false,"_tribe_ticket_use_global_stock":"","_tribe_ticket_global_stock_level":"","_global_stock_mode":"","_global_stock_cap":"","_tribe_rsvp_for_event":"","_tribe_ticket_going_count":"","_tribe_ticket_not_going_count":"","_tribe_tickets_list":"[]","_tribe_ticket_has_attendee_info_fields":false,"footnotes":"","_tec_slr_enabled":"","_tec_slr_layout":""},"class_list":["post-14985","page","type-page","status-publish","hentry"],"ticketed":false,"post_mailing_queue_ids":[],"_links":{"self":[{"href":"https:\/\/13muz.eu\/en\/wp-json\/wp\/v2\/pages\/14985","targetHints":{"allow":["GET"]}}],"collection":[{"href":"https:\/\/13muz.eu\/en\/wp-json\/wp\/v2\/pages"}],"about":[{"href":"https:\/\/13muz.eu\/en\/wp-json\/wp\/v2\/types\/page"}],"author":[{"embeddable":true,"href":"https:\/\/13muz.eu\/en\/wp-json\/wp\/v2\/users\/1"}],"replies":[{"embeddable":true,"href":"https:\/\/13muz.eu\/en\/wp-json\/wp\/v2\/comments?post=14985"}],"version-history":[{"count":0,"href":"https:\/\/13muz.eu\/en\/wp-json\/wp\/v2\/pages\/14985\/revisions"}],"wp:attachment":[{"href":"https:\/\/13muz.eu\/en\/wp-json\/wp\/v2\/media?parent=14985"}],"curies":[{"name":"wp","href":"https:\/\/api.w.org\/{rel}","templated":true}]}}