{"id":14983,"date":"2018-06-23T15:27:14","date_gmt":"2018-06-23T13:27:14","guid":{"rendered":"http:\/\/test.13muz.eu\/?page_id=14983"},"modified":"2022-09-08T15:29:05","modified_gmt":"2022-09-08T13:29:05","slug":"rezydenci-stowarzyszenie-officyna","status":"publish","type":"page","link":"https:\/\/13muz.eu\/en\/rezydenci-stowarzyszenie-officyna\/","title":{"rendered":"Stowarzyszenie OFFicyna"},"content":{"rendered":"<p><img loading=\"lazy\" decoding=\"async\" class=\"size-medium wp-image-47118 alignleft\" src=\"https:\/\/13muz.eu\/wp-content\/uploads\/2022\/09\/seff-logo-1-300x300.jpg\" alt=\"\" width=\"300\" height=\"300\" srcset=\"https:\/\/13muz.eu\/wp-content\/uploads\/2022\/09\/seff-logo-1-300x300.jpg 300w, https:\/\/13muz.eu\/wp-content\/uploads\/2022\/09\/seff-logo-1-150x150.jpg 150w, https:\/\/13muz.eu\/wp-content\/uploads\/2022\/09\/seff-logo-1-130x130.jpg 130w, https:\/\/13muz.eu\/wp-content\/uploads\/2022\/09\/seff-logo-1.jpg 306w\" sizes=\"auto, (max-width: 300px) 100vw, 300px\" \/><\/p>\n<p style=\"text-align: justify;\">W ramach wsp\u00f3\u0142pracy ze Stowarzyszeniem muzowa Publiczno\u015b\u0107 na przestrzeni lat mia\u0142a okazj\u0119 zapozna\u0107 si\u0119 z propozycjami w ramach Szczecin Film Festival &#8211; corocznym wydarzeniem filmowym, kt\u00f3re bada granice kina, a jego g\u0142\u00f3wn\u0105 misj\u0105 jest tw\u00f3rcze poszukiwanie.<\/p>\n<p style=\"text-align: justify;\">Stowarzyszenie OFFicyna &#8211; stowarzyszenie tw\u00f3rc\u00f3w i mi\u0142o\u015bnik\u00f3w wielowymiarowej kultury &#8211; powsta\u0142o w 1998 roku. Stowarzyszenie jest organizatorem Szczecin Film Festival.<\/p>\n<p style=\"text-align: justify;\">Oficjalna strona Stowarzyszenia: <a href=\"http:\/\/officyna.art.pl\/pl\" target=\"_blank\" rel=\"noopener\">http:\/\/officyna.art.pl\/pl<\/a><\/p>\n","protected":false},"excerpt":{"rendered":"<p>W ramach wsp\u00f3\u0142pracy ze Stowarzyszeniem muzowa Publiczno\u015b\u0107 na przestrzeni lat mia\u0142a okazj\u0119 zapozna\u0107 si\u0119 z propozycjami w ramach Szczecin Film Festival &#8211; corocznym wydarzeniem filmowym, kt\u00f3re bada granice kina, a jego g\u0142\u00f3wn\u0105 misj\u0105 jest tw\u00f3rcze poszukiwanie. Stowarzyszenie OFFicyna &#8211; stowarzyszenie tw\u00f3rc\u00f3w i mi\u0142o\u015bnik\u00f3w wielowymiarowej kultury &#8211; powsta\u0142o w 1998 roku. Stowarzyszenie jest organizatorem Szczecin Film Festival. Oficjalna strona Stowarzyszenia: http:\/\/officyna.art.pl\/pl<\/p>\n","protected":false},"author":1,"featured_media":0,"parent":0,"menu_order":0,"comment_status":"closed","ping_status":"closed","template":"","meta":{"ngg_post_thumbnail":0,"_price":"","_stock":"","_tribe_ticket_header":"","_tribe_default_ticket_provider":"","_ticket_start_date":"","_ticket_end_date":"","_tribe_ticket_show_description":"","_tribe_ticket_show_not_going":false,"_tribe_ticket_use_global_stock":"","_tribe_ticket_global_stock_level":"","_global_stock_mode":"","_global_stock_cap":"","_tribe_rsvp_for_event":"","_tribe_ticket_going_count":"","_tribe_ticket_not_going_count":"","_tribe_tickets_list":"[]","_tribe_ticket_has_attendee_info_fields":false,"footnotes":"","_tec_slr_enabled":"","_tec_slr_layout":""},"class_list":["post-14983","page","type-page","status-publish","hentry"],"ticketed":false,"post_mailing_queue_ids":[],"_links":{"self":[{"href":"https:\/\/13muz.eu\/en\/wp-json\/wp\/v2\/pages\/14983","targetHints":{"allow":["GET"]}}],"collection":[{"href":"https:\/\/13muz.eu\/en\/wp-json\/wp\/v2\/pages"}],"about":[{"href":"https:\/\/13muz.eu\/en\/wp-json\/wp\/v2\/types\/page"}],"author":[{"embeddable":true,"href":"https:\/\/13muz.eu\/en\/wp-json\/wp\/v2\/users\/1"}],"replies":[{"embeddable":true,"href":"https:\/\/13muz.eu\/en\/wp-json\/wp\/v2\/comments?post=14983"}],"version-history":[{"count":0,"href":"https:\/\/13muz.eu\/en\/wp-json\/wp\/v2\/pages\/14983\/revisions"}],"wp:attachment":[{"href":"https:\/\/13muz.eu\/en\/wp-json\/wp\/v2\/media?parent=14983"}],"curies":[{"name":"wp","href":"https:\/\/api.w.org\/{rel}","templated":true}]}}