{"id":14979,"date":"2018-06-23T15:26:36","date_gmt":"2018-06-23T13:26:36","guid":{"rendered":"http:\/\/test.13muz.eu\/?page_id=14979"},"modified":"2018-08-28T11:15:04","modified_gmt":"2018-08-28T09:15:04","slug":"rezydenci-agencja-artystyczna-violinist","status":"publish","type":"page","link":"https:\/\/13muz.eu\/en\/rezydenci-agencja-artystyczna-violinist\/","title":{"rendered":"Agencja Artystyczna Violinist"},"content":{"rendered":"<p style=\"text-align: justify;\"><strong><em><img loading=\"lazy\" decoding=\"async\" class=\"alignright wp-image-15816\" src=\"http:\/\/13muz.eu\/wp-content\/uploads\/2018\/08\/38009503_1658947324228186_4181556056029134848_n.jpg\" alt=\"\" width=\"475\" height=\"670\" srcset=\"https:\/\/13muz.eu\/wp-content\/uploads\/2018\/08\/38009503_1658947324228186_4181556056029134848_n.jpg 674w, https:\/\/13muz.eu\/wp-content\/uploads\/2018\/08\/38009503_1658947324228186_4181556056029134848_n-213x300.jpg 213w, https:\/\/13muz.eu\/wp-content\/uploads\/2018\/08\/38009503_1658947324228186_4181556056029134848_n-400x564.jpg 400w\" sizes=\"auto, (max-width: 475px) 100vw, 475px\" \/>Agencja Artystyczna Violinist<\/em><\/strong> specjalizuje si\u0119 w organizacji koncert\u00f3w i oprawach muzycznych wydarze\u0144.<\/p>\n<p style=\"text-align: justify;\">&nbsp;&nbsp;&nbsp;&nbsp;&nbsp;&nbsp;&nbsp;&nbsp;&nbsp; We wsp\u00f3\u0142pracy <strong><em>Violinist<\/em><\/strong> z <em>DK \u201e13 Muz\u201d<\/em> odby\u0142o si\u0119 ju\u017c 6 koncert\u00f3w oraz <em>Operamore 2018<\/em> &#8211; Mistrzowskie Warsztaty Wokalne. Zrealizowane zosta\u0142y tak\u017ce zlecenia muzyczne przy: premierze ksi\u0105\u017cki autorstwa Doroty Ko\u015bciukiewicz &#8211; Markowskiej \u201e<em>Nie chwycisz wiatru w gar\u015b\u0107\u201d<\/em> i premierze magazynu \u201e<em>Szcz\u0119\u015bcie podaj dalej\u201d<\/em>.<\/p>\n<p style=\"text-align: justify;\"><img loading=\"lazy\" decoding=\"async\" class=\"alignleft wp-image-16219\" src=\"http:\/\/13muz.eu\/wp-content\/uploads\/2018\/08\/Whiteman-Jazz-Quartet-plakat-724x1024.jpg\" alt=\"\" width=\"348\" height=\"493\" srcset=\"https:\/\/13muz.eu\/wp-content\/uploads\/2018\/08\/Whiteman-Jazz-Quartet-plakat-724x1024.jpg 724w, https:\/\/13muz.eu\/wp-content\/uploads\/2018\/08\/Whiteman-Jazz-Quartet-plakat-212x300.jpg 212w, https:\/\/13muz.eu\/wp-content\/uploads\/2018\/08\/Whiteman-Jazz-Quartet-plakat-768x1086.jpg 768w, https:\/\/13muz.eu\/wp-content\/uploads\/2018\/08\/Whiteman-Jazz-Quartet-plakat-400x566.jpg 400w, https:\/\/13muz.eu\/wp-content\/uploads\/2018\/08\/Whiteman-Jazz-Quartet-plakat.jpg 1200w\" sizes=\"auto, (max-width: 348px) 100vw, 348px\" \/>&nbsp;&nbsp;&nbsp;&nbsp;&nbsp;&nbsp;&nbsp;&nbsp;&nbsp; Agencja Artystyczna Violinist z przyjemno\u015bci\u0105 wspiera lokalne inicjatywy i szczeci\u0144skich artyst\u00f3w. Cho\u0107 dzia\u0142a zaledwie od sierpnia 2017 roku, na koncie ma organizacje i wsp\u00f3\u0142organizacje przesz\u0142o 30 koncert\u00f3w na terenie Polski, a tylko do ko\u0144ca 2018 roku &#8211; zaplanowanych kolejnych 15.<\/p>\n<p>&nbsp;<\/p>\n<p style=\"text-align: justify;\">Wi\u0119cej:<\/p>\n<p><a href=\"http:\/\/violinist.com.pl\" target=\"_blank\" rel=\"noopener\">violinist.com.pl<\/a><\/p>\n<p><a href=\"http:\/\/fb.me\/ViolinistAgencjaArtystyczna\" target=\"_blank\" rel=\"noopener\">fb.me\/ViolinistAgencjaArtystyczna<\/a><\/p>\n","protected":false},"excerpt":{"rendered":"<p>Agencja Artystyczna Violinist specjalizuje si\u0119 w organizacji koncert\u00f3w i oprawach muzycznych wydarze\u0144. &nbsp;&nbsp;&nbsp;&nbsp;&nbsp;&nbsp;&nbsp;&nbsp;&nbsp; We wsp\u00f3\u0142pracy Violinist z DK \u201e13 Muz\u201d odby\u0142o si\u0119 ju\u017c 6 koncert\u00f3w oraz Operamore 2018 &#8211; Mistrzowskie Warsztaty Wokalne. Zrealizowane zosta\u0142y tak\u017ce zlecenia muzyczne przy: premierze ksi\u0105\u017cki autorstwa Doroty Ko\u015bciukiewicz &#8211; Markowskiej \u201eNie chwycisz wiatru w gar\u015b\u0107\u201d i premierze magazynu \u201eSzcz\u0119\u015bcie podaj dalej\u201d. &nbsp;&nbsp;&nbsp;&nbsp;&nbsp;&nbsp;&nbsp;&nbsp;&nbsp; Agencja Artystyczna Violinist z przyjemno\u015bci\u0105 wspiera lokalne inicjatywy i szczeci\u0144skich artyst\u00f3w. Cho\u0107 dzia\u0142a zaledwie od sierpnia 2017 roku, na koncie ma organizacje i wsp\u00f3\u0142organizacje przesz\u0142o 30 koncert\u00f3w na terenie Polski, a tylko do ko\u0144ca 2018 roku &#8211; zaplanowanych kolejnych 15. &nbsp; Wi\u0119cej: violinist.com.pl [&hellip;]<\/p>\n","protected":false},"author":1,"featured_media":0,"parent":0,"menu_order":0,"comment_status":"closed","ping_status":"closed","template":"","meta":{"ngg_post_thumbnail":0,"_price":"","_stock":"","_tribe_ticket_header":"","_tribe_default_ticket_provider":"","_ticket_start_date":"","_ticket_end_date":"","_tribe_ticket_show_description":"","_tribe_ticket_show_not_going":false,"_tribe_ticket_use_global_stock":"","_tribe_ticket_global_stock_level":"","_global_stock_mode":"","_global_stock_cap":"","_tribe_rsvp_for_event":"","_tribe_ticket_going_count":"","_tribe_ticket_not_going_count":"","_tribe_tickets_list":"[]","_tribe_ticket_has_attendee_info_fields":false,"footnotes":"","_tec_slr_enabled":"","_tec_slr_layout":""},"class_list":["post-14979","page","type-page","status-publish","hentry"],"ticketed":false,"post_mailing_queue_ids":[],"_links":{"self":[{"href":"https:\/\/13muz.eu\/en\/wp-json\/wp\/v2\/pages\/14979","targetHints":{"allow":["GET"]}}],"collection":[{"href":"https:\/\/13muz.eu\/en\/wp-json\/wp\/v2\/pages"}],"about":[{"href":"https:\/\/13muz.eu\/en\/wp-json\/wp\/v2\/types\/page"}],"author":[{"embeddable":true,"href":"https:\/\/13muz.eu\/en\/wp-json\/wp\/v2\/users\/1"}],"replies":[{"embeddable":true,"href":"https:\/\/13muz.eu\/en\/wp-json\/wp\/v2\/comments?post=14979"}],"version-history":[{"count":0,"href":"https:\/\/13muz.eu\/en\/wp-json\/wp\/v2\/pages\/14979\/revisions"}],"wp:attachment":[{"href":"https:\/\/13muz.eu\/en\/wp-json\/wp\/v2\/media?parent=14979"}],"curies":[{"name":"wp","href":"https:\/\/api.w.org\/{rel}","templated":true}]}}