{"id":14975,"date":"2018-06-23T15:26:00","date_gmt":"2018-06-23T13:26:00","guid":{"rendered":"http:\/\/test.13muz.eu\/?page_id=14975"},"modified":"2022-09-08T14:51:19","modified_gmt":"2022-09-08T12:51:19","slug":"rezydenci-zachodniopomorskie-stowarzyszenie-jazzowe","status":"publish","type":"page","link":"https:\/\/13muz.eu\/en\/rezydenci-zachodniopomorskie-stowarzyszenie-jazzowe\/","title":{"rendered":"Zachodniopomorskie Stowarzyszenie Jazzowe"},"content":{"rendered":"<p><img loading=\"lazy\" decoding=\"async\" class=\"size-medium wp-image-47112 alignleft\" src=\"https:\/\/13muz.eu\/wp-content\/uploads\/2022\/09\/Opis-zdjec-8-200x300.jpg\" alt=\"\" width=\"200\" height=\"300\" srcset=\"https:\/\/13muz.eu\/wp-content\/uploads\/2022\/09\/Opis-zdjec-8-200x300.jpg 200w, https:\/\/13muz.eu\/wp-content\/uploads\/2022\/09\/Opis-zdjec-8-683x1024.jpg 683w, https:\/\/13muz.eu\/wp-content\/uploads\/2022\/09\/Opis-zdjec-8-768x1152.jpg 768w, https:\/\/13muz.eu\/wp-content\/uploads\/2022\/09\/Opis-zdjec-8-1024x1536.jpg 1024w, https:\/\/13muz.eu\/wp-content\/uploads\/2022\/09\/Opis-zdjec-8-400x600.jpg 400w, https:\/\/13muz.eu\/wp-content\/uploads\/2022\/09\/Opis-zdjec-8.jpg 1280w\" sizes=\"auto, (max-width: 200px) 100vw, 200px\" \/><\/p>\n<p style=\"text-align: justify;\">W ramach wsp\u00f3\u0142pracy ze Stowarzyszeniem organizowane s\u0105 cykliczne koncerty jazzowe pn. Poniedzia\u0142ek Jazz Fana, w ramach kt\u00f3rych w Sali Kominkowej Domu Kultury \u201e13 Muz\u201d publiczno\u015b\u0107 ma okazj\u0119 zobaczenia, a przede wszystkim pos\u0142uchania najwybitniejszych muzyk\u00f3w z kraju i ze \u015bwiata.<\/p>\n<p style=\"text-align: justify;\">Zachodniopomorskie Stowarzyszenie Jazzowe rozpocz\u0119\u0142o swoj\u0105 dzia\u0142alno\u015b\u0107 w styczniu 2008 roku. Celem Stowarzyszenia jest popularyzacja jazzu i muzyki pokrewnej. Podstaw\u0105 dzia\u0142alno\u015bci ZSJ jest organizacja koncert\u00f3w polskich i zagranicznych gwiazd jazzu.<\/p>\n<p style=\"text-align: justify;\">Oficjalna strona ZSJ: <a href=\"https:\/\/www.zsj.com.pl\/\" target=\"_blank\" rel=\"noopener\">https:\/\/www.zsj.com.pl\/<\/a><\/p>\n<p style=\"text-align: justify;\">Fot. Robert Stachnik &#8211; koncert z cyklu \u201ePoniedzia\u0142ek Jazz Fana\u201d z udzia\u0142em Charliego Greena i Krzysztofa \u201ePumy\u201d Piaseckiego 4SET w Sali Kominkowej Domu Kultury \u201e13 Muz\u201d (16.04.2018) \/ Organizator: Zachodniopomorskie Stowarzyszenie Jazzowe przy wsp\u00f3\u0142pracy Domu Kultury \u201e13 Muz\u201d<\/p>\n","protected":false},"excerpt":{"rendered":"<p>W ramach wsp\u00f3\u0142pracy ze Stowarzyszeniem organizowane s\u0105 cykliczne koncerty jazzowe pn. Poniedzia\u0142ek Jazz Fana, w ramach kt\u00f3rych w Sali Kominkowej Domu Kultury \u201e13 Muz\u201d publiczno\u015b\u0107 ma okazj\u0119 zobaczenia, a przede wszystkim pos\u0142uchania najwybitniejszych muzyk\u00f3w z kraju i ze \u015bwiata. Zachodniopomorskie Stowarzyszenie Jazzowe rozpocz\u0119\u0142o swoj\u0105 dzia\u0142alno\u015b\u0107 w styczniu 2008 roku. Celem Stowarzyszenia jest popularyzacja jazzu i muzyki pokrewnej. Podstaw\u0105 dzia\u0142alno\u015bci ZSJ jest organizacja koncert\u00f3w polskich i zagranicznych gwiazd jazzu. Oficjalna strona ZSJ: https:\/\/www.zsj.com.pl\/ Fot. Robert Stachnik &#8211; koncert z cyklu \u201ePoniedzia\u0142ek Jazz Fana\u201d z udzia\u0142em Charliego Greena i Krzysztofa \u201ePumy\u201d Piaseckiego 4SET w Sali Kominkowej Domu Kultury \u201e13 Muz\u201d (16.04.2018) \/ [&hellip;]<\/p>\n","protected":false},"author":1,"featured_media":0,"parent":0,"menu_order":0,"comment_status":"closed","ping_status":"closed","template":"","meta":{"ngg_post_thumbnail":0,"_price":"","_stock":"","_tribe_ticket_header":"","_tribe_default_ticket_provider":"","_ticket_start_date":"","_ticket_end_date":"","_tribe_ticket_show_description":"","_tribe_ticket_show_not_going":false,"_tribe_ticket_use_global_stock":"","_tribe_ticket_global_stock_level":"","_global_stock_mode":"","_global_stock_cap":"","_tribe_rsvp_for_event":"","_tribe_ticket_going_count":"","_tribe_ticket_not_going_count":"","_tribe_tickets_list":"[]","_tribe_ticket_has_attendee_info_fields":false,"footnotes":"","_tec_slr_enabled":"","_tec_slr_layout":""},"class_list":["post-14975","page","type-page","status-publish","hentry"],"ticketed":false,"post_mailing_queue_ids":[],"_links":{"self":[{"href":"https:\/\/13muz.eu\/en\/wp-json\/wp\/v2\/pages\/14975","targetHints":{"allow":["GET"]}}],"collection":[{"href":"https:\/\/13muz.eu\/en\/wp-json\/wp\/v2\/pages"}],"about":[{"href":"https:\/\/13muz.eu\/en\/wp-json\/wp\/v2\/types\/page"}],"author":[{"embeddable":true,"href":"https:\/\/13muz.eu\/en\/wp-json\/wp\/v2\/users\/1"}],"replies":[{"embeddable":true,"href":"https:\/\/13muz.eu\/en\/wp-json\/wp\/v2\/comments?post=14975"}],"version-history":[{"count":0,"href":"https:\/\/13muz.eu\/en\/wp-json\/wp\/v2\/pages\/14975\/revisions"}],"wp:attachment":[{"href":"https:\/\/13muz.eu\/en\/wp-json\/wp\/v2\/media?parent=14975"}],"curies":[{"name":"wp","href":"https:\/\/api.w.org\/{rel}","templated":true}]}}