{"id":14957,"date":"2018-06-23T15:21:56","date_gmt":"2018-06-23T13:21:56","guid":{"rendered":"http:\/\/test.13muz.eu\/?page_id=14957"},"modified":"2018-10-14T13:06:32","modified_gmt":"2018-10-14T11:06:32","slug":"rezydenci-dimitris-dymitriadis","status":"publish","type":"page","link":"https:\/\/13muz.eu\/en\/rezydenci-dimitris-dymitriadis\/","title":{"rendered":"Dimitris Dymitriadis (Stowarzyszenie SZOK)"},"content":{"rendered":"<p style=\"text-align: justify;\"><img loading=\"lazy\" decoding=\"async\" class=\"alignleft  wp-image-17704\" src=\"http:\/\/13muz.eu\/wp-content\/uploads\/2018\/10\/13140778_1184882011522549_181095285_n.jpg\" alt=\"\" width=\"373\" height=\"501\" srcset=\"https:\/\/13muz.eu\/wp-content\/uploads\/2018\/10\/13140778_1184882011522549_181095285_n.jpg 714w, https:\/\/13muz.eu\/wp-content\/uploads\/2018\/10\/13140778_1184882011522549_181095285_n-223x300.jpg 223w, https:\/\/13muz.eu\/wp-content\/uploads\/2018\/10\/13140778_1184882011522549_181095285_n-400x538.jpg 400w\" sizes=\"auto, (max-width: 373px) 100vw, 373px\" \/>Nazywam si\u0119 <strong>Mitro Dymitriadis<\/strong>. Jestem gitarzyst\u0105, wokalist\u0105 i aran\u017cerem. <strong>Los Grecos<\/strong> to m\u00f3j pseudonim sceniczny, a MUSIC TRIP AROUD THE WORLD to solowy projekt, w kt\u00f3rym zawar\u0142em moje g\u0142\u00f3wne artystyczne inspiracje &#8211; od muzyki latynoameryka\u0144skiej, bossa nova przez muzyk\u0119 zachodu Sting, Simon Garfunkel, The Beatles, Pink Floyd, a\u017c po ojczyst\u0105 muzyk\u0119 greck\u0105. T\u0105 ostatni\u0105 prezentuj\u0119 w jeszcze innym projekcie solowym po\u015bwi\u0119conym samej Grecji pt. ELLINIKI KARDIA czy &#8220;Greckie Serce&#8221;. Poza dzia\u0142alno\u015bci\u0105 solow\u0105 jestem cz\u0142onkiem trzech jeszcze, ca\u0142kowicie r\u00f3\u017cnych projekt\u00f3w muzycznych: TRELES PENES wraz wybitnym wirtuozem bouzouki Nikos Chassirtzis, w kt\u00f3rym prezentujemy greck\u0105 muzyk\u0119, <strong>GRUPO COSTA<\/strong> gdzie wraz Mira Moreno gramy muzyk\u0119 latynoameryka\u0144sk\u0105 oraz <strong>UNPLUGGERS<\/strong>, duecie z Maya Koterba w najbardziej z surowej, akustycznej formie przedstawiamy w\u0142asne aran\u017cacje evergreen\u00f3w muzyki pop, bossa i jazz. Muzyka, kt\u00f3r\u0105 gram solowo jak i w projektach grupowych jest sposobem wyra\u017cania emocji, a zarazem \u017cyciow\u0105 filozofi\u0105&#8230; Zatem, je\u015bli cenicie autentyczny akt kreacji ponad bana\u0142 i rutyn\u0119, to witam gor\u0105co stronie po\u015bwi\u0119conej mojej dzia\u0142alno\u015bci &#8211; w\u0142a\u015bnie znale\u017ali\u015bcie to, czego szukali\u015bcie\u2026<\/p>\n<p style=\"text-align: justify;\">Jestem r\u00f3wnie\u017c za\u0142o\u017cycielem i od grudnia 2016 prezesem <strong>Stowarzyszenia SZOK &#8211; Szczeci\u0144ska Offensywa Kulturalna<\/strong>.<\/p>\n","protected":false},"excerpt":{"rendered":"<p>Nazywam si\u0119 Mitro Dymitriadis. Jestem gitarzyst\u0105, wokalist\u0105 i aran\u017cerem. Los Grecos to m\u00f3j pseudonim sceniczny, a MUSIC TRIP AROUD THE WORLD to solowy projekt, w kt\u00f3rym zawar\u0142em moje g\u0142\u00f3wne artystyczne inspiracje &#8211; od muzyki latynoameryka\u0144skiej, bossa nova przez muzyk\u0119 zachodu Sting, Simon Garfunkel, The Beatles, Pink Floyd, a\u017c po ojczyst\u0105 muzyk\u0119 greck\u0105. T\u0105 ostatni\u0105 prezentuj\u0119 w jeszcze innym projekcie solowym po\u015bwi\u0119conym samej Grecji pt. ELLINIKI KARDIA czy &#8220;Greckie Serce&#8221;. Poza dzia\u0142alno\u015bci\u0105 solow\u0105 jestem cz\u0142onkiem trzech jeszcze, ca\u0142kowicie r\u00f3\u017cnych projekt\u00f3w muzycznych: TRELES PENES wraz wybitnym wirtuozem bouzouki Nikos Chassirtzis, w kt\u00f3rym prezentujemy greck\u0105 muzyk\u0119, GRUPO COSTA gdzie wraz Mira Moreno gramy [&hellip;]<\/p>\n","protected":false},"author":1,"featured_media":0,"parent":0,"menu_order":0,"comment_status":"closed","ping_status":"closed","template":"","meta":{"ngg_post_thumbnail":0,"_price":"","_stock":"","_tribe_ticket_header":"","_tribe_default_ticket_provider":"","_ticket_start_date":"","_ticket_end_date":"","_tribe_ticket_show_description":"","_tribe_ticket_show_not_going":false,"_tribe_ticket_use_global_stock":"","_tribe_ticket_global_stock_level":"","_global_stock_mode":"","_global_stock_cap":"","_tribe_rsvp_for_event":"","_tribe_ticket_going_count":"","_tribe_ticket_not_going_count":"","_tribe_tickets_list":"[]","_tribe_ticket_has_attendee_info_fields":false,"footnotes":"","_tec_slr_enabled":"","_tec_slr_layout":""},"class_list":["post-14957","page","type-page","status-publish","hentry"],"ticketed":false,"post_mailing_queue_ids":[],"_links":{"self":[{"href":"https:\/\/13muz.eu\/en\/wp-json\/wp\/v2\/pages\/14957","targetHints":{"allow":["GET"]}}],"collection":[{"href":"https:\/\/13muz.eu\/en\/wp-json\/wp\/v2\/pages"}],"about":[{"href":"https:\/\/13muz.eu\/en\/wp-json\/wp\/v2\/types\/page"}],"author":[{"embeddable":true,"href":"https:\/\/13muz.eu\/en\/wp-json\/wp\/v2\/users\/1"}],"replies":[{"embeddable":true,"href":"https:\/\/13muz.eu\/en\/wp-json\/wp\/v2\/comments?post=14957"}],"version-history":[{"count":0,"href":"https:\/\/13muz.eu\/en\/wp-json\/wp\/v2\/pages\/14957\/revisions"}],"wp:attachment":[{"href":"https:\/\/13muz.eu\/en\/wp-json\/wp\/v2\/media?parent=14957"}],"curies":[{"name":"wp","href":"https:\/\/api.w.org\/{rel}","templated":true}]}}