{"id":14955,"date":"2018-06-23T15:21:27","date_gmt":"2018-06-23T13:21:27","guid":{"rendered":"http:\/\/test.13muz.eu\/?page_id=14955"},"modified":"2019-07-01T14:25:24","modified_gmt":"2019-07-01T12:25:24","slug":"rezydenci-pawel-nowakowski","status":"publish","type":"page","link":"https:\/\/13muz.eu\/en\/rezydenci-pawel-nowakowski\/","title":{"rendered":"Pawe\u0142 Nowakowski (Wydawnictwo Forma)"},"content":{"rendered":"<p style=\"text-align: justify;\"><strong><img loading=\"lazy\" decoding=\"async\" class=\"alignleft wp-image-26652\" src=\"https:\/\/13muz.eu\/wp-content\/uploads\/2019\/07\/pn_1-775x1024.jpg\" alt=\"\" width=\"222\" height=\"293\" srcset=\"https:\/\/13muz.eu\/wp-content\/uploads\/2019\/07\/pn_1-775x1024.jpg 775w, https:\/\/13muz.eu\/wp-content\/uploads\/2019\/07\/pn_1-227x300.jpg 227w, https:\/\/13muz.eu\/wp-content\/uploads\/2019\/07\/pn_1-768x1015.jpg 768w, https:\/\/13muz.eu\/wp-content\/uploads\/2019\/07\/pn_1-400x529.jpg 400w, https:\/\/13muz.eu\/wp-content\/uploads\/2019\/07\/pn_1.jpg 1453w\" sizes=\"auto, (max-width: 222px) 100vw, 222px\" \/><img loading=\"lazy\" decoding=\"async\" class=\"alignright  wp-image-26654\" src=\"https:\/\/13muz.eu\/wp-content\/uploads\/2019\/07\/pn_2-1024x683.jpg\" alt=\"\" width=\"443\" height=\"295\" srcset=\"https:\/\/13muz.eu\/wp-content\/uploads\/2019\/07\/pn_2-1024x683.jpg 1024w, https:\/\/13muz.eu\/wp-content\/uploads\/2019\/07\/pn_2-300x200.jpg 300w, https:\/\/13muz.eu\/wp-content\/uploads\/2019\/07\/pn_2-768x512.jpg 768w, https:\/\/13muz.eu\/wp-content\/uploads\/2019\/07\/pn_2-150x100.jpg 150w, https:\/\/13muz.eu\/wp-content\/uploads\/2019\/07\/pn_2-400x267.jpg 400w, https:\/\/13muz.eu\/wp-content\/uploads\/2019\/07\/pn_2.jpg 1920w\" sizes=\"auto, (max-width: 443px) 100vw, 443px\" \/>Pawe\u0142 Nowakowski<\/strong> (ur. w 1968 r. w Szczecinie) &#8211; architekt, muzyk, redaktor, wydawca. W latach 80.-90. XX wieku muzyk szczeci\u0144skich zespo\u0142\u00f3w reggae\u2019owych, nowofalowych i eksperymentalnych, m.in.: Effata, Zbrukane gazety na Brooklynie, Zemby. Wyda\u0142 kilkana\u015bcie p\u0142yt solowych jako \u201estwtzc\u201d. By\u0142y Rzecznik Odpowiedzialno\u015bci Zawodowej w Zachodniopomorskiej Okr\u0119gowej Izbie Architekt\u00f3w RP. Pracownik dydaktyczny Zachodniopomorskiej Szko\u0142y Biznesu, wsp\u00f3\u0142za\u0142o\u017cyciel i wiceprezes Fundacji Literatury imienia Henryka Berezy, redaktor dzia\u0142u prozy w kwartalniku literacko-kulturalnym \u2018eleWator\u2019, sekretarz w wydawnictwie Forma. Mieszka w podszczeci\u0144skim Bezrzeczu.<\/p>\n","protected":false},"excerpt":{"rendered":"<p>Pawe\u0142 Nowakowski (ur. w 1968 r. w Szczecinie) &#8211; architekt, muzyk, redaktor, wydawca. W latach 80.-90. XX wieku muzyk szczeci\u0144skich zespo\u0142\u00f3w reggae\u2019owych, nowofalowych i eksperymentalnych, m.in.: Effata, Zbrukane gazety na Brooklynie, Zemby. Wyda\u0142 kilkana\u015bcie p\u0142yt solowych jako \u201estwtzc\u201d. By\u0142y Rzecznik Odpowiedzialno\u015bci Zawodowej w Zachodniopomorskiej Okr\u0119gowej Izbie Architekt\u00f3w RP. Pracownik dydaktyczny Zachodniopomorskiej Szko\u0142y Biznesu, wsp\u00f3\u0142za\u0142o\u017cyciel i wiceprezes Fundacji Literatury imienia Henryka Berezy, redaktor dzia\u0142u prozy w kwartalniku literacko-kulturalnym \u2018eleWator\u2019, sekretarz w wydawnictwie Forma. Mieszka w podszczeci\u0144skim Bezrzeczu.<\/p>\n","protected":false},"author":1,"featured_media":0,"parent":0,"menu_order":0,"comment_status":"closed","ping_status":"closed","template":"","meta":{"ngg_post_thumbnail":0,"_price":"","_stock":"","_tribe_ticket_header":"","_tribe_default_ticket_provider":"","_ticket_start_date":"","_ticket_end_date":"","_tribe_ticket_show_description":"","_tribe_ticket_show_not_going":false,"_tribe_ticket_use_global_stock":"","_tribe_ticket_global_stock_level":"","_global_stock_mode":"","_global_stock_cap":"","_tribe_rsvp_for_event":"","_tribe_ticket_going_count":"","_tribe_ticket_not_going_count":"","_tribe_tickets_list":"[]","_tribe_ticket_has_attendee_info_fields":false,"footnotes":"","_tec_slr_enabled":"","_tec_slr_layout":""},"class_list":["post-14955","page","type-page","status-publish","hentry"],"ticketed":false,"post_mailing_queue_ids":[],"_links":{"self":[{"href":"https:\/\/13muz.eu\/en\/wp-json\/wp\/v2\/pages\/14955","targetHints":{"allow":["GET"]}}],"collection":[{"href":"https:\/\/13muz.eu\/en\/wp-json\/wp\/v2\/pages"}],"about":[{"href":"https:\/\/13muz.eu\/en\/wp-json\/wp\/v2\/types\/page"}],"author":[{"embeddable":true,"href":"https:\/\/13muz.eu\/en\/wp-json\/wp\/v2\/users\/1"}],"replies":[{"embeddable":true,"href":"https:\/\/13muz.eu\/en\/wp-json\/wp\/v2\/comments?post=14955"}],"version-history":[{"count":0,"href":"https:\/\/13muz.eu\/en\/wp-json\/wp\/v2\/pages\/14955\/revisions"}],"wp:attachment":[{"href":"https:\/\/13muz.eu\/en\/wp-json\/wp\/v2\/media?parent=14955"}],"curies":[{"name":"wp","href":"https:\/\/api.w.org\/{rel}","templated":true}]}}