{"id":14949,"date":"2018-06-23T15:19:35","date_gmt":"2018-06-23T13:19:35","guid":{"rendered":"http:\/\/test.13muz.eu\/?page_id=14949"},"modified":"2018-10-11T11:52:30","modified_gmt":"2018-10-11T09:52:30","slug":"rezydenci-tomasz-licak","status":"publish","type":"page","link":"https:\/\/13muz.eu\/en\/rezydenci-tomasz-licak\/","title":{"rendered":"Tomasz Licak (Stowarzyszenie SZOK)"},"content":{"rendered":"<p style=\"text-align: justify;\"><img loading=\"lazy\" decoding=\"async\" class=\"alignleft  wp-image-17583\" src=\"http:\/\/13muz.eu\/wp-content\/uploads\/2018\/10\/Licak-foto.jpg\" alt=\"\" width=\"459\" height=\"469\" srcset=\"https:\/\/13muz.eu\/wp-content\/uploads\/2018\/10\/Licak-foto.jpg 931w, https:\/\/13muz.eu\/wp-content\/uploads\/2018\/10\/Licak-foto-294x300.jpg 294w, https:\/\/13muz.eu\/wp-content\/uploads\/2018\/10\/Licak-foto-768x784.jpg 768w, https:\/\/13muz.eu\/wp-content\/uploads\/2018\/10\/Licak-foto-400x409.jpg 400w\" sizes=\"auto, (max-width: 459px) 100vw, 459px\" \/>Tomasz Licak &#8211; urodzi\u0142 si\u0119 w 9 czerwca 1986 roku w Szczecinie, uko\u0144czy\u0142 tu r\u00f3wnie\u017c XIV Liceum Og\u00f3lnokszta\u0142c\u0105ce w klasie matematyczno-informatycznej. Muzyk\u0105 zainteresowa\u0142 si\u0119 ju\u017c w szkole podstawowej, pobieraj\u0105c prywatne lekcje gry na klarnecie. B\u0119d\u0105c w liceum ucz\u0119szcza\u0142 do Pa\u0142acu M\u0142odzie\u017cy, gdzie zacz\u0105\u0142 nauk\u0119 gry na saksofonie uczestnicz\u0105c w pr\u00f3bach Big Baltic Band\u2019u. Wtedy te\u017c zainteresowa\u0142 si\u0119 muzyk\u0105 jazzow\u0105 i uczestniczy\u0142 w wielu koncertach oraz je\u017adzi\u0142 na warsztaty jazzowe. Pod koniec liceum zdecydowa\u0142 si\u0119 na podj\u0119cie studi\u00f3w na du\u0144skiej uczelni Carl Nielsen Academy of Music w Odense. Uko\u0144czy\u0142 tam licencjat (2005-2008) oraz zdoby\u0142 tytu\u0142 magistra na wydziale instrumentalistyki jazzowej z dodatkow\u0105 kompozycj\u0105 (2012). Nast\u0119pnie podj\u0105\u0142 podyplomowe studia w zakresie instrumentalistyki (Advanced Postgraduate Diploma) w kopenhaskim Rytmisk Musikkonservatorium, kt\u00f3re uko\u0144czy\u0142 w 2015 roku.<\/p>\n<p style=\"text-align: justify;\">&nbsp;<br \/>\nObecnie wyk\u0142ada na Akademii Sztuki w Szczecinie, gdzie na Wydziale Edukacji Muzycznej prowadzi Big Band Akademii Sztuki, instrumentalny zesp\u00f3\u0142 jazzowy oraz saksofon jazzowy.<\/p>\n<p style=\"text-align: justify;\">&nbsp;<br \/>\nJako lider oraz cz\u0142onek wielu zespo\u0142\u00f3w od lat aktywnie koncertuje niemal na ca\u0142ym \u015bwiecie, w Europie (g\u0142\u00f3wnie w Polsce, Danii, Niemczech, a tak\u017ce Anglii i Litwie) oraz Afryce (Kenia, Tanzania, Zanzibar) i USA (Nowy Jork). Wsp\u00f3\u0142pracuje z wieloma wydawnictwami muzycznymi m. in. polskim Multikulti, RecArt czy du\u0144skimi Calibrated, Gateway, Blackout.<\/p>\n<p style=\"text-align: justify;\">&nbsp;<br \/>\nAktywnie uczestniczy w \u017cyciu szczeci\u0144skiego \u015brodowiska artystycznego. Opr\u00f3cz regularnego koncertowania, bierze udzia\u0142 w festiwalach oraz innego rodzaju inicjatywach artystycznych, r\u00f3wnie\u017c jako organizator. Jest inicjatorem Pomeranian Youth Big Bandu, \u0142\u0105cz\u0105cego muzyk\u00f3w profesjonalnych oraz uczni\u00f3w i student\u00f3w. Wsp\u00f3\u0142pracuje z goleniowsk\u0105 orkiestr\u0105 d\u0119t\u0105 \u201cWood &amp; Brass Band\u201d, a tak\u017ce du\u0144skim big bandem \u201c1748\u201d. W latach 2014 oraz 2015 mia\u0142 okazj\u0119 koncertowa\u0107 z du\u0144skim DR Big Bandem. Jest r\u00f3wnie\u017c inicjatorem Szczecin Art Ensemble, eksperymentalnej grupy zajmuj\u0105cej si\u0119 improwizacj\u0105.&nbsp;<\/p>\n<p>Prowadzi dzia\u0142alno\u015b\u0107 edukacyjn\u0105, organizuj\u0105c warsztaty, wyk\u0142ady adresowane do uczni\u00f3w szk\u00f3\u0142 muzycznych, student\u00f3w akademii oraz muzyk\u00f3w profesjonalnych.<\/p>\n","protected":false},"excerpt":{"rendered":"<p>Tomasz Licak &#8211; urodzi\u0142 si\u0119 w 9 czerwca 1986 roku w Szczecinie, uko\u0144czy\u0142 tu r\u00f3wnie\u017c XIV Liceum Og\u00f3lnokszta\u0142c\u0105ce w klasie matematyczno-informatycznej. Muzyk\u0105 zainteresowa\u0142 si\u0119 ju\u017c w szkole podstawowej, pobieraj\u0105c prywatne lekcje gry na klarnecie. B\u0119d\u0105c w liceum ucz\u0119szcza\u0142 do Pa\u0142acu M\u0142odzie\u017cy, gdzie zacz\u0105\u0142 nauk\u0119 gry na saksofonie uczestnicz\u0105c w pr\u00f3bach Big Baltic Band\u2019u. Wtedy te\u017c zainteresowa\u0142 si\u0119 muzyk\u0105 jazzow\u0105 i uczestniczy\u0142 w wielu koncertach oraz je\u017adzi\u0142 na warsztaty jazzowe. Pod koniec liceum zdecydowa\u0142 si\u0119 na podj\u0119cie studi\u00f3w na du\u0144skiej uczelni Carl Nielsen Academy of Music w Odense. Uko\u0144czy\u0142 tam licencjat (2005-2008) oraz zdoby\u0142 tytu\u0142 magistra na wydziale instrumentalistyki jazzowej z [&hellip;]<\/p>\n","protected":false},"author":1,"featured_media":0,"parent":0,"menu_order":0,"comment_status":"closed","ping_status":"closed","template":"","meta":{"ngg_post_thumbnail":0,"_price":"","_stock":"","_tribe_ticket_header":"","_tribe_default_ticket_provider":"","_ticket_start_date":"","_ticket_end_date":"","_tribe_ticket_show_description":"","_tribe_ticket_show_not_going":false,"_tribe_ticket_use_global_stock":"","_tribe_ticket_global_stock_level":"","_global_stock_mode":"","_global_stock_cap":"","_tribe_rsvp_for_event":"","_tribe_ticket_going_count":"","_tribe_ticket_not_going_count":"","_tribe_tickets_list":"[]","_tribe_ticket_has_attendee_info_fields":false,"footnotes":"","_tec_slr_enabled":"","_tec_slr_layout":""},"class_list":["post-14949","page","type-page","status-publish","hentry"],"ticketed":false,"post_mailing_queue_ids":[],"_links":{"self":[{"href":"https:\/\/13muz.eu\/en\/wp-json\/wp\/v2\/pages\/14949","targetHints":{"allow":["GET"]}}],"collection":[{"href":"https:\/\/13muz.eu\/en\/wp-json\/wp\/v2\/pages"}],"about":[{"href":"https:\/\/13muz.eu\/en\/wp-json\/wp\/v2\/types\/page"}],"author":[{"embeddable":true,"href":"https:\/\/13muz.eu\/en\/wp-json\/wp\/v2\/users\/1"}],"replies":[{"embeddable":true,"href":"https:\/\/13muz.eu\/en\/wp-json\/wp\/v2\/comments?post=14949"}],"version-history":[{"count":0,"href":"https:\/\/13muz.eu\/en\/wp-json\/wp\/v2\/pages\/14949\/revisions"}],"wp:attachment":[{"href":"https:\/\/13muz.eu\/en\/wp-json\/wp\/v2\/media?parent=14949"}],"curies":[{"name":"wp","href":"https:\/\/api.w.org\/{rel}","templated":true}]}}