{"id":14947,"date":"2018-06-23T15:19:05","date_gmt":"2018-06-23T13:19:05","guid":{"rendered":"http:\/\/test.13muz.eu\/?page_id=14947"},"modified":"2018-10-14T12:44:56","modified_gmt":"2018-10-14T10:44:56","slug":"rezydenci-marek-kuc","status":"publish","type":"page","link":"https:\/\/13muz.eu\/en\/rezydenci-marek-kuc\/","title":{"rendered":"Marek Kuc (Stowarzyszenie SZOK)"},"content":{"rendered":"<p style=\"text-align: justify;\"><img loading=\"lazy\" decoding=\"async\" class=\"alignleft  wp-image-17701\" src=\"http:\/\/13muz.eu\/wp-content\/uploads\/2018\/10\/MarekKuc_1_03_2016-810x1024.jpg\" alt=\"\" width=\"333\" height=\"421\" srcset=\"https:\/\/13muz.eu\/wp-content\/uploads\/2018\/10\/MarekKuc_1_03_2016-810x1024.jpg 810w, https:\/\/13muz.eu\/wp-content\/uploads\/2018\/10\/MarekKuc_1_03_2016-237x300.jpg 237w, https:\/\/13muz.eu\/wp-content\/uploads\/2018\/10\/MarekKuc_1_03_2016-768x971.jpg 768w, https:\/\/13muz.eu\/wp-content\/uploads\/2018\/10\/MarekKuc_1_03_2016-400x505.jpg 400w, https:\/\/13muz.eu\/wp-content\/uploads\/2018\/10\/MarekKuc_1_03_2016.jpg 1695w\" sizes=\"auto, (max-width: 333px) 100vw, 333px\" \/>No to tak&#8230; Urodzi\u0142em si\u0119 w czerwcu, a dok\u0142adnie, na koniec czerwca. I to by by\u0142o tyle o mnie&#8230;<br \/>\nA teraz serio:<\/p>\n<p style=\"text-align: justify;\">Urodzi\u0142em si\u0119 w dziarskich latach ubieg\u0142ego wieku. Pierwsz\u0105 gitar\u0119 podarowa\u0142 mi m\u00f3j tata, stary poczciwy Defil, oj sk\u00f3rki p\u0119ka\u0142y, p\u0119ka\u0142y.<\/p>\n<p style=\"text-align: justify;\">W latach 70-tych nauka i wyst\u0119py w Orkiestrze Gitar Klasycznych przy Pa\u0142acu M\u0142odzie\u017cy&nbsp;w Szczecinie.<\/p>\n<p style=\"text-align: justify;\">Pod koniec tych lat zainspirowany poezj\u0105 przez najbli\u017cszego Przyjaciela Marka Nowi\u0144skiego, wsp\u00f3lnie zak\u0142adamy zesp\u00f3\u0142 MAM.<\/p>\n<p style=\"text-align: justify;\">Po kilku sukcesach z zespo\u0142em na Zamkowym Festiwalu &#8220;\u015apiewajmy Poezj\u0119&#8221; (III miejsce&nbsp;i w kolejnym roku &#8211; wyr\u00f3\u017cnienie), do\u0142\u0105czam do Grupy Turystycznej &#8220;Do G\u00f3ry Dnem&#8221;&nbsp;za\u0142o\u017conej przez grup\u0119 student\u00f3w ze szczeci\u0144skich uczelni.<\/p>\n<p style=\"text-align: justify;\">W grupie tej gram, z przerwami, od 1978 roku. I dobrze mi z tym.&nbsp;<br \/>\nWydali\u015bmy wsp\u00f3lnie trzy p\u0142yty, wszystkie w Dalmafonie.<\/p>\n<p style=\"text-align: justify;\">Od<strong>&nbsp; <\/strong>2012 roku w Szczeci\u0144skim <strong>Stowarzyszeniu SZOK &#8211; Szczeci\u0144ska Offensywa Kulturalna<\/strong> pe\u0142ni\u0105cy funkcj\u0119 Przewodnicz\u0105cego Komisji Rewizyjnej, a od 2015 v-ce Prezesa Stowarzyszenia.<\/p>\n<p style=\"text-align: justify;\">Od samego pocz\u0105tku tj. ko\u0144ca 2010r. Dyrektor Artystyczny <strong>Szczeci\u0144skiego Wierszogrania<\/strong>.<\/p>\n","protected":false},"excerpt":{"rendered":"<p>No to tak&#8230; Urodzi\u0142em si\u0119 w czerwcu, a dok\u0142adnie, na koniec czerwca. I to by by\u0142o tyle o mnie&#8230; A teraz serio: Urodzi\u0142em si\u0119 w dziarskich latach ubieg\u0142ego wieku. Pierwsz\u0105 gitar\u0119 podarowa\u0142 mi m\u00f3j tata, stary poczciwy Defil, oj sk\u00f3rki p\u0119ka\u0142y, p\u0119ka\u0142y. W latach 70-tych nauka i wyst\u0119py w Orkiestrze Gitar Klasycznych przy Pa\u0142acu M\u0142odzie\u017cy&nbsp;w Szczecinie. Pod koniec tych lat zainspirowany poezj\u0105 przez najbli\u017cszego Przyjaciela Marka Nowi\u0144skiego, wsp\u00f3lnie zak\u0142adamy zesp\u00f3\u0142 MAM. Po kilku sukcesach z zespo\u0142em na Zamkowym Festiwalu &#8220;\u015apiewajmy Poezj\u0119&#8221; (III miejsce&nbsp;i w kolejnym roku &#8211; wyr\u00f3\u017cnienie), do\u0142\u0105czam do Grupy Turystycznej &#8220;Do G\u00f3ry Dnem&#8221;&nbsp;za\u0142o\u017conej przez grup\u0119 student\u00f3w ze szczeci\u0144skich [&hellip;]<\/p>\n","protected":false},"author":1,"featured_media":0,"parent":0,"menu_order":0,"comment_status":"closed","ping_status":"closed","template":"","meta":{"ngg_post_thumbnail":0,"_price":"","_stock":"","_tribe_ticket_header":"","_tribe_default_ticket_provider":"","_ticket_start_date":"","_ticket_end_date":"","_tribe_ticket_show_description":"","_tribe_ticket_show_not_going":false,"_tribe_ticket_use_global_stock":"","_tribe_ticket_global_stock_level":"","_global_stock_mode":"","_global_stock_cap":"","_tribe_rsvp_for_event":"","_tribe_ticket_going_count":"","_tribe_ticket_not_going_count":"","_tribe_tickets_list":"[]","_tribe_ticket_has_attendee_info_fields":false,"footnotes":"","_tec_slr_enabled":"","_tec_slr_layout":""},"class_list":["post-14947","page","type-page","status-publish","hentry"],"ticketed":false,"post_mailing_queue_ids":[],"_links":{"self":[{"href":"https:\/\/13muz.eu\/en\/wp-json\/wp\/v2\/pages\/14947","targetHints":{"allow":["GET"]}}],"collection":[{"href":"https:\/\/13muz.eu\/en\/wp-json\/wp\/v2\/pages"}],"about":[{"href":"https:\/\/13muz.eu\/en\/wp-json\/wp\/v2\/types\/page"}],"author":[{"embeddable":true,"href":"https:\/\/13muz.eu\/en\/wp-json\/wp\/v2\/users\/1"}],"replies":[{"embeddable":true,"href":"https:\/\/13muz.eu\/en\/wp-json\/wp\/v2\/comments?post=14947"}],"version-history":[{"count":0,"href":"https:\/\/13muz.eu\/en\/wp-json\/wp\/v2\/pages\/14947\/revisions"}],"wp:attachment":[{"href":"https:\/\/13muz.eu\/en\/wp-json\/wp\/v2\/media?parent=14947"}],"curies":[{"name":"wp","href":"https:\/\/api.w.org\/{rel}","templated":true}]}}