{"id":14163,"date":"2018-06-06T23:45:45","date_gmt":"2018-06-06T21:45:45","guid":{"rendered":"http:\/\/test.13muz.eu\/?page_id=14163"},"modified":"2018-06-06T23:53:53","modified_gmt":"2018-06-06T21:53:53","slug":"regulamin-konkursu","status":"publish","type":"page","link":"https:\/\/13muz.eu\/en\/regulamin-konkursu\/","title":{"rendered":"Regulamin konkursu"},"content":{"rendered":"<p align=\"CENTER\"><span style=\"font-family: Times New Roman, serif;\"><span style=\"font-size: large;\">Dom Kultury \u201e13 Muz\u201d w Szczecinie zaprasza do sk\u0142adania wniosk\u00f3w w konkursie na inicjatywy lokalne w ramach projektu pn.:<\/span><\/span><\/p>\n<p align=\"CENTER\">\u201e<span style=\"font-family: Times New Roman, serif;\"><span style=\"font-size: large;\"><b>Lokalnie-Kulturalnie. Potencja\u0142 kulturotw\u00f3rczy mieszka\u0144c\u00f3w Szczecina\u201d<\/b><\/span><\/span><\/p>\n<p align=\"CENTER\"><span style=\"font-family: Times New Roman, serif;\"><span style=\"font-size: medium;\"><b>Regulamin konkursu<\/b><\/span><\/span><\/p>\n<p><center><img loading=\"lazy\" decoding=\"async\" class=\"wp-image-14119 aligncenter\" src=\"http:\/\/test.13muz.eu\/wp-content\/uploads\/2018\/06\/NCK_dom-kultury-plus-zNCK_kolor-RGB1-300x174.jpg\" alt=\"\" width=\"171\" height=\"99\" srcset=\"https:\/\/13muz.eu\/wp-content\/uploads\/2018\/06\/NCK_dom-kultury-plus-zNCK_kolor-RGB1-300x174.jpg 300w, https:\/\/13muz.eu\/wp-content\/uploads\/2018\/06\/NCK_dom-kultury-plus-zNCK_kolor-RGB1-768x445.jpg 768w, https:\/\/13muz.eu\/wp-content\/uploads\/2018\/06\/NCK_dom-kultury-plus-zNCK_kolor-RGB1-1024x593.jpg 1024w, https:\/\/13muz.eu\/wp-content\/uploads\/2018\/06\/NCK_dom-kultury-plus-zNCK_kolor-RGB1-400x232.jpg 400w, https:\/\/13muz.eu\/wp-content\/uploads\/2018\/06\/NCK_dom-kultury-plus-zNCK_kolor-RGB1.jpg 1230w\" sizes=\"auto, (max-width: 171px) 100vw, 171px\" \/><\/center><\/p>\n<p align=\"LEFT\"><span style=\"font-family: Times New Roman, serif;\"><span style=\"font-size: medium;\"><b>1. Za\u0142o\u017cenia i cele <\/b><\/span><\/span><\/p>\n<p align=\"JUSTIFY\"><span style=\"font-family: Times New Roman, serif;\"><span style=\"font-size: medium;\">Celem projektu pn. ,,Lokalnie-Kulturalnie. Potencja\u0142 kulturotw\u00f3rczy mieszka\u0144c\u00f3w Szczecina\u2019\u2019 jest wspieranie oddolnych projekt\u00f3w kulturotw\u00f3rczych, kt\u00f3re inicjuj\u0105 rozw\u00f3j zainteresowa\u0144 kulturalnych i wspieraj\u0105 aktywno\u015b\u0107 obywatelsk\u0105 mieszka\u0144c\u00f3w Miasta Szczecin, oraz wspieranie os\u00f3b indywidualnych i grup nieformalnych w tworzeniu i promowaniu dzia\u0142a\u0144 kulturalnych.<\/span><\/span><\/p>\n<p align=\"LEFT\"><span style=\"font-family: Times New Roman, serif;\"><span style=\"font-size: medium;\"><b>2. Organizator konkursu:<\/b><\/span><\/span><\/p>\n<p align=\"LEFT\"><span style=\"font-family: Times New Roman, serif;\"><span style=\"font-size: medium;\">Dom Kultury \u201e13 Muz\u201d<br \/>\nPlac \u017bo\u0142nierza Polskiego 2 70-551 Szczecin<br \/>\nTel. 91 \/ 43-47-173<br \/>\ne-mail: <a href=\"mailto:ala.kozub@13muz.eu\"><span style=\"color: #000000;\">ala.kozub@13muz.eu<\/span><\/a> <\/span><\/span><\/p>\n<p align=\"LEFT\"><span style=\"font-family: Times New Roman, serif;\"><span style=\"font-size: medium;\"><b>3. <\/b><b>Postanowienia og\u00f3lne:<\/b><\/span><\/span><\/p>\n<ol>\n<li>\n<p align=\"LEFT\"><span style=\"font-family: Times New Roman, serif;\"><span style=\"font-size: medium;\">Regulamin okre\u015bla zasady przebiegu i organizacji konkursu <b>\u201e<\/b><b>Lokalnie-Kulturalnie. Potencja\u0142 kulturotw\u00f3rczy Szczecina\u2019\u2019<\/b><i><b> <\/b><\/i>na inicjatywy kulturotw\u00f3rcze, kt\u00f3re zostan\u0105 zrealizowane na terenie miasta Szczecina. <\/span><\/span><\/p>\n<\/li>\n<li>\n<p align=\"JUSTIFY\"><span style=\"font-family: Times New Roman, serif;\"><span style=\"font-size: medium;\">Regulamin okre\u015bla zasady uczestnictwa w konkursie i wyboru od 3 do 7 inicjatyw kulturotw\u00f3rczych mieszka\u0144c\u00f3w Szczecina. <\/span><\/span><\/p>\n<\/li>\n<li>\n<p align=\"JUSTIFY\"><span style=\"font-family: Times New Roman, serif;\"><span style=\"font-size: medium;\"><span style=\"color: #000000;\">Inicjatywy kulturotw\u00f3rcze, o kt\u00f3rych mowa w pkt. 3 Regulaminu to projekty mieszka\u0144c\u00f3w Szczecina, kt\u00f3re zrealizowane zostan\u0105 na terenie Szczecina w terminie <\/span><span style=\"color: #000000;\"><b>od 1 sierpnia 2018r do 15 listopada 2018r.<\/b><\/span><\/span><\/span><\/p>\n<\/li>\n<\/ol>\n<p align=\"JUSTIFY\"><span style=\"font-family: Times New Roman, serif;\"><span style=\"font-size: medium;\"><b>4. Beneficjenci konkursu<\/b><\/span><\/span><\/p>\n<ol>\n<li>\n<p align=\"JUSTIFY\"><span style=\"font-family: Times New Roman, serif;\"><span style=\"font-size: medium;\">Wniosek na inicjatyw\u0119 mog\u0105 z\u0142o\u017cy\u0107 osoby indywidualne oraz grupy nieformalne (min. 2 osoby, w tym jedna pe\u0142noletnia) zwane dalej Autorem.<\/span><\/span><\/p>\n<\/li>\n<li>\n<p align=\"JUSTIFY\"><span style=\"font-family: Times New Roman, serif;\"><span style=\"font-size: medium;\">Ka\u017cdy Autor mo\u017ce zg\u0142osi\u0107 jeden przygotowany przez siebie pomys\u0142\/projekt kulturalny.<\/span><\/span><\/p>\n<\/li>\n<\/ol>\n<p align=\"LEFT\"><span style=\"font-family: Times New Roman, serif;\"><span style=\"font-size: medium;\"><b>5. Terminy sk\u0142adania wniosk\u00f3w<\/b><\/span><\/span><\/p>\n<ol>\n<li>\n<p align=\"JUSTIFY\"><span style=\"font-family: Times New Roman, serif;\"><span style=\"font-size: medium;\">Wype\u0142niony i podpisany (imieniem i nazwiskiem oraz adresem Autora) wniosek (za\u0142\u0105cznik nr 1 &#8211; formularz zg\u0142oszeniowy) nale\u017cy przes\u0142a\u0107\/dostarczy\u0107 w terminie do dnia<b> 25 czerwca 2018 roku w dwojaki spos\u00f3b:<\/b><\/span><\/span><\/p>\n<\/li>\n<\/ol>\n<p align=\"JUSTIFY\"><span style=\"font-family: Times New Roman, serif;\"><span style=\"font-size: medium;\">&#8211; drog\u0105 mailow\u0105 na adres : <a href=\"mailto:ala.kozub@13muz.eu\"><span style=\"color: #000000;\">ala.kozub@13muz.eu<\/span><\/a><span style=\"color: #000000;\"> w temacie wiadomo\u015bci wpisuj\u0105c ,,Konkurs Lokalnie-Kulturalnie\u2019\u2019;<\/span><\/span><\/span><\/p>\n<p align=\"JUSTIFY\"><span style=\"font-family: Times New Roman, serif;\"><span style=\"font-size: medium;\">lub<\/span><\/span><\/p>\n<p align=\"JUSTIFY\"><span style=\"font-family: Times New Roman, serif;\"><span style=\"font-size: medium;\">&#8211; osobi\u015bcie\/za po\u015brednictwem tradycyjnej poczty: w siedzibie Dom Kultury \u201e13 Muz\u201d Plac \u017bo\u0142nierza Polskiego 2, 70-551 Szczecin z dopiskiem: <b>\u201eKonkurs <\/b><i><b>Lokalnie-Kulturalnie<\/b><\/i><b>\u201d.<\/b><\/span><\/span><\/p>\n<ol start=\"2\">\n<li>\n<p align=\"JUSTIFY\"><span style=\"font-family: Times New Roman, serif;\"><span style=\"font-size: medium;\">Prawid\u0142owo wype\u0142niony, podpisany przez Autora formularz zg\u0142oszeniowy jest podstaw\u0105 do zakwalifikowania do konkursu.<\/span><\/span><\/p>\n<\/li>\n<li>\n<p align=\"JUSTIFY\"><span style=\"font-family: Times New Roman, serif;\"><span style=\"font-size: medium;\">Termin przyjmowania wniosk\u00f3w: trwa od 25 maja do 25 czerwca 2018 roku. <\/span><\/span><\/p>\n<\/li>\n<\/ol>\n<p align=\"JUSTIFY\"><span style=\"font-family: Times New Roman, serif;\"><span style=\"font-size: medium;\"><b>6. Zasady uczestnictwa w konkursie<\/b><\/span><\/span><\/p>\n<ol>\n<li>\n<p align=\"JUSTIFY\"><span style=\"font-family: Times New Roman, serif;\"><span style=\"font-size: medium;\">Ka\u017cdy Autor, zg\u0142asza sw\u00f3j pomys\u0142\/projekt na wydarzenie\/przedsi\u0119wzi\u0119cie kulturalne (koncert, wystawa, pokaz, prezentacje tw\u00f3rczo\u015bci, performance itp.),<br \/>\nna odpowiednim formularzu zg\u0142oszeniowym, dost\u0119pnym na stronie internetowej www.13muz.eu<\/span><\/span><\/p>\n<\/li>\n<li>\n<p align=\"JUSTIFY\"><span style=\"font-family: Times New Roman, serif;\"><span style=\"font-size: medium;\">Zg\u0142oszone projekty w ramach konkursu \u201eLokalnie-Kulturalnie\u201d nie mog\u0105 by\u0107 przedsi\u0119wzi\u0119ciami wcze\u015bniej realizowanymi.<\/span><\/span><\/p>\n<\/li>\n<li>\n<p align=\"JUSTIFY\"><span style=\"font-family: Times New Roman, serif;\"><span style=\"font-size: medium;\">Po wy\u0142onieniu najlepszych projekt\u00f3w Autor otrzymuje mo\u017cliwo\u015b\u0107 sfinansowania zg\u0142oszonego pomys\u0142u, za po\u015brednictwem Domu Kultury \u201e13 Muz\u201d, w ramach wnioskowanych \u015brodk\u00f3w<span style=\"color: #0d0d0d;\">, <\/span>zgodnie z zaakceptowanym przez Organizatora i Narodowe Centrum Kultury kosztorysem (Za\u0142\u0105cznik nr 2 \u2013 Wykaz Koszt\u00f3w Kwalifikowalnych).<\/span><\/span><\/p>\n<\/li>\n<li>\n<p align=\"JUSTIFY\"><span style=\"font-family: Times New Roman, serif;\"><span style=\"font-size: medium;\">Realizacja projektu mo\u017ce odbywa\u0107 si\u0119 w siedzibie Domu Kultury \u201e13 Muz\u201d przy placu \u017bo\u0142nierza Polskiego 2 w Szczecinie <span style=\"color: #0d0d0d;\">lub w miejscach zaproponowanych przez <\/span>Autora (o ile nie ma co do tego przeciwskaza\u0144).<\/span><\/span><\/p>\n<\/li>\n<li>\n<p align=\"JUSTIFY\"><span style=\"font-family: Times New Roman, serif;\"><span style=\"font-size: medium;\">Realizacja zg\u0142oszonego pomys\u0142u\/projektu kulturalnego odbywa si\u0119 pod opiek\u0105 wyznaczonych pracownik\u00f3w merytorycznych Domu Kultury \u201e13 Muz\u201d. <\/span><\/span><\/p>\n<\/li>\n<li>\n<p align=\"JUSTIFY\"><span style=\"font-family: Times New Roman, serif;\"><span style=\"font-size: medium;\">Zakup materia\u0142\u00f3w i us\u0142ug (zgodnie z kosztorysem) niezb\u0119dnych do realizacji projektu, odbywa si\u0119 za po\u015brednictwem Domu Kultury \u201e13 Muz\u201d. <\/span><\/span><\/p>\n<\/li>\n<li>\n<p align=\"JUSTIFY\"><span style=\"font-family: Times New Roman, serif;\"><span style=\"font-size: medium;\">Autor przyst\u0119puj\u0105c do Konkursu wyra\u017ca zgod\u0119 na zamieszczanie nades\u0142anego pomys\u0142u\/projektu na stronie internetowej <a href=\"http:\/\/www.13muz.eu\"><span style=\"color: #000000;\">www.13muz.eu<\/span><\/a> oraz we wszelkich publikacjach i innych mediach zwi\u0105zanych z organizacj\u0105 Konkursu.<\/span><\/span><\/p>\n<\/li>\n<li>\n<p align=\"JUSTIFY\"><span style=\"font-family: Times New Roman, serif;\"><span style=\"font-size: medium;\">Organizator Konkursu zastrzega sobie mo\u017cliwo\u015b\u0107 cyklicznego realizowania zg\u0142oszonego projektu kulturalnego, tym samym wpisania go do rocznego planu dzia\u0142ania instytucji. <\/span><\/span><\/p>\n<\/li>\n<li>\n<p align=\"JUSTIFY\"><span style=\"font-family: Times New Roman, serif;\"><span style=\"font-size: medium;\">Wnioski z\u0142o\u017cone po terminie nie b\u0119d\u0105 obj\u0119te procedur\u0105 konkursow\u0105.<\/span><\/span><\/p>\n<\/li>\n<li>\n<p align=\"JUSTIFY\"><span style=\"font-family: Times New Roman, serif;\"><span style=\"font-size: medium;\">Zg\u0142oszenie do konkursu jest jednoznaczne z respektowaniem Regulaminu.<\/span><\/span><\/p>\n<\/li>\n<li>\n<p align=\"LEFT\"><span style=\"font-family: Times New Roman, serif;\"><span style=\"font-size: medium;\">Organizator zapewnia Autorowi pomoc merytoryczn\u0105 i organizacyjn\u0105 w realizacji przedsi\u0119wzi\u0119cia. <\/span><\/span><\/p>\n<\/li>\n<li>\n<p align=\"JUSTIFY\"><span style=\"font-family: Times New Roman, serif;\"><span style=\"font-size: medium;\">W przypadku brak\u00f3w formalnych istnieje mo\u017cliwo\u015b\u0107 uzupe\u0142nienia, w ci\u0105gu 2 dni roboczych od dnia skutecznego powiadomienia Autora.<\/span><\/span><\/p>\n<\/li>\n<li>\n<p align=\"JUSTIFY\"><span style=\"font-family: Times New Roman, serif;\"><span style=\"font-size: medium;\">Warunkiem otrzymania dofinansowania i podpisania umowy na realizacj\u0119 inicjatyw jest otrzymanie przez Dom Kultury \u201e13 Muz\u201d dotacji z Narodowego Centrum Kultury na realizacj\u0119 II cz\u0119\u015bci zadania Dom Kultury + Inicjatywy Lokalne 2018.<\/span><\/span><\/p>\n<\/li>\n<\/ol>\n<p align=\"JUSTIFY\"><span style=\"font-family: Times New Roman, serif;\"><span style=\"font-size: medium;\"><b>6. Bud\u017cet konkursu<\/b><\/span><\/span><\/p>\n<ol>\n<li>\n<p align=\"JUSTIFY\"><a name=\"_GoBack\"><\/a> <span style=\"font-family: Times New Roman, serif;\"><span style=\"font-size: medium;\">Ca\u0142kowita pula programu wynosi 22&nbsp;000 z\u0142 na 3 do 7 inicjatyw. Na jedn\u0105 inicjatyw\u0119 mo\u017cna otrzyma\u0107 maksymalnie 5000 z\u0142. W szczeg\u00f3lnych przypadkach Komisja Oceniaj\u0105ca mo\u017ce podj\u0105\u0107 decyzj\u0119 o zwi\u0119kszeniu, b\u0105d\u017a zmniejszeniu dofinansowania.<\/span><\/span><\/p>\n<\/li>\n<li>\n<p align=\"JUSTIFY\"><span style=\"font-family: Times New Roman, serif;\"><span style=\"font-size: medium;\">\u015arodki na realizacj\u0119 inicjatyw pochodz\u0105 z Narodowego Centrum Kultury w ramach programu Dom Kultury+ Inicjatywy lokalne 2018.<\/span><\/span><\/p>\n<\/li>\n<li>\n<p align=\"JUSTIFY\"><span style=\"font-family: Times New Roman, serif;\"><span style=\"font-size: medium;\">Wykaz koszt\u00f3w kwalifikowanych w zwi\u0105zku z realizacj\u0105 inicjatyw stanowi za\u0142\u0105cznik nr 1 do Regulaminu Programu Narodowego Centrum Kultury \u2013 Dom Kultury+ Inicjatywy lokalne 2018 dost\u0119pny na stronie <\/span><\/span><a href=\"http:\/\/www.nck.pl\"><span style=\"color: #00000a;\"><span style=\"font-family: Times New Roman, serif;\"><span style=\"font-size: medium;\">www.nck.pl<\/span><\/span><\/span><\/a><span style=\"font-family: Times New Roman, serif;\"><span style=\"font-size: medium;\"> w zak\u0142adce dotacje\/Dom Kultury+<\/span><\/span><\/p>\n<\/li>\n<\/ol>\n<p align=\"JUSTIFY\"><span style=\"font-family: Times New Roman, serif;\"><span style=\"font-size: medium;\"><b>7. Kryteria oceny<\/b><\/span><\/span><\/p>\n<ol>\n<li>\n<p align=\"JUSTIFY\"><span style=\"font-family: Times New Roman, serif;\"><span style=\"font-size: medium;\">B\u0142\u0119dy formalne eliminuj\u0105 wniosek z dalszej oceny (nie dotrzymanie termin\u00f3w, niew\u0142a\u015bciwy formularz wniosku, brak podpisu, wnioskowana kwota powy\u017cej limitu, okres realizacji zadania niezgodny z Regulaminem)<\/span><\/span><\/p>\n<\/li>\n<li>\n<p align=\"JUSTIFY\"><span style=\"font-family: Times New Roman, serif;\"><span style=\"font-size: medium;\">Zgodno\u015b\u0107 inicjatywy z celami, za\u0142o\u017ceniami konkursu i rodzajami dzia\u0142a\u0144 (0 \u2013 5 pkt)<\/span><\/span><\/p>\n<\/li>\n<li>\n<p align=\"JUSTIFY\"><span style=\"font-family: Times New Roman, serif;\"><span style=\"font-size: medium;\">Inicjatywa skierowana do spo\u0142eczno\u015bci lokalnej i realizowana przez cz\u0142onk\u00f3w tej spo\u0142eczno\u015bci \u2013 na terenie Szczecina (0 \u2013 10 pkt)<\/span><\/span><\/p>\n<\/li>\n<li>\n<p align=\"JUSTIFY\"><span style=\"font-family: Times New Roman, serif;\"><span style=\"font-size: medium;\">Inicjatywa anga\u017cuj\u0105ca grupy ma\u0142o aktywne i osoby zagro\u017cone wykluczaniem (0 \u2013 10 pkt)<\/span><\/span><\/p>\n<\/li>\n<li>\n<p align=\"JUSTIFY\"><span style=\"font-family: Times New Roman, serif;\"><span style=\"font-size: medium;\">Racjonalny i zasadny (adekwatny do dzia\u0142a\u0144) bud\u017cet zgodny z za\u0142\u0105cznikiem nr 2 oraz przejrzysty harmonogram dzia\u0142a\u0144 (0 \u2013 5 pkt)<\/span><\/span><\/p>\n<\/li>\n<li>\n<p align=\"JUSTIFY\"><span style=\"font-family: Times New Roman, serif;\"><span style=\"font-size: medium;\">Niefinansowy wk\u0142ad w\u0142asny i zaanga\u017cowanie (0 \u2013 10 pkt)<\/span><\/span><\/p>\n<\/li>\n<li>\n<p align=\"JUSTIFY\"><span style=\"font-family: Times New Roman, serif;\"><span style=\"font-size: medium;\">Wnioski zostan\u0105 wy\u0142onione w drodze konkursu. Ocen\u0105 wniosk\u00f3w zajmie si\u0119 Komisja Konkursowa w kt\u00f3rej sk\u0142ad wejd\u0105: kierownik programowy Domu Kultury ,,13 Muz\u2019\u2019, koordynator projektu Dom Kultury + z ramienia Domu Kultury ,,13 Muz\u2019\u2019, przedstawiciel organizacji pozarz\u0105dowej dzia\u0142aj\u0105cy w sektorze kultury, przedstawiciel lokalnego \u015brodowiska artystycznego.<\/span><\/span><\/p>\n<\/li>\n<li>\n<p align=\"JUSTIFY\"><span style=\"font-family: Times New Roman, serif;\"><span style=\"font-size: medium;\">Og\u0142oszenie wynik\u00f3w konkursu na stronie internetowej Domu Kultury ,,13 Muz\u2019\u2019 nast\u0105pi w dniu 26 czerwca 2018r.<\/span><\/span><\/p>\n<\/li>\n<\/ol>\n<p align=\"JUSTIFY\"><span style=\"font-family: Times New Roman, serif;\"><span style=\"font-size: medium;\"><b>9. Konsultacje dla wnioskodawc\u00f3w<\/b><\/span><\/span><\/p>\n<ol>\n<li>\n<p align=\"JUSTIFY\"><span style=\"font-family: Times New Roman, serif;\"><span style=\"font-size: medium;\">Konsultacje dla wnioskodawc\u00f3w, kt\u00f3rych inicjatywy zostan\u0105 zaakceptowane i realizowane w II cz\u0119\u015bci zadania odb\u0119d\u0105 si\u0119 w dniach 26-28 czerwca w godz. 11.00 \u2013 13.00, w siedzibie Instytucji <\/span><\/span><\/p>\n<\/li>\n<li>\n<p align=\"JUSTIFY\"><span style=\"font-family: Times New Roman, serif;\"><span style=\"font-size: medium;\">W dniu 29 czerwca o godzinie 12:00 odb\u0119dzie si\u0119 szkolenie dla beneficjent\u00f3w (po szkoleniu mo\u017cliwe konsultacje indywidualne z Animatorem Narodowego Centrum Kultury)<\/span><\/span><\/p>\n<\/li>\n<\/ol>\n<p align=\"JUSTIFY\"><span style=\"font-family: Times New Roman, serif;\"><span style=\"font-size: medium;\"><b>10. Postanowienia ko\u0144cowe:<\/b><\/span><\/span><\/p>\n<ol>\n<li>\n<p align=\"JUSTIFY\"><span style=\"font-family: Times New Roman, serif;\"><span style=\"font-size: medium;\">Z\u0142o\u017cenie podpisu na wniosku traktowane b\u0119dzie jako wyra\u017cenie zgody na przetwarzanie i wykorzystanie danych osobowych zawartych w dokumentacji konkursowej wy\u0142\u0105cznie na potrzeby projektu. <\/span><\/span><\/p>\n<\/li>\n<li>\n<p align=\"JUSTIFY\"><span style=\"font-family: Times New Roman, serif;\"><span style=\"font-size: medium;\">Administratorem danych Autora jest Dom Kultury ,,13 Muz\u2019\u2019 z siedzib\u0105 w Szczecinie, 70-551 Plac \u017bo\u0142nierza Polskiego 2.<\/span><\/span><\/p>\n<\/li>\n<li>\n<p align=\"JUSTIFY\"><span style=\"font-family: Times New Roman, serif;\"><span style=\"font-size: medium;\">W sprawach zwi\u0105zanych z danymi Autora nale\u017cy kontaktowa\u0107 si\u0119 z Inspektorem Ochrony Danych, pod adresem e-mail <a href=\"mailto:a.kalitynska@13muz.eu\"><span style=\"color: #000000;\">a.kalitynska@13muz.eu<\/span><\/a>.<\/span><\/span><\/p>\n<\/li>\n<li>\n<p align=\"JUSTIFY\"><span style=\"font-family: Times New Roman, serif;\"><span style=\"font-size: medium;\">Dane Autora b\u0119d\u0105 przetwarzane przez okres niezb\u0119dny dla prawid\u0142owej realizacji projektu pn. ,,Lokalnie-Kulturalnie. Potencja\u0142 kulturotw\u00f3rczy mieszka\u0144c\u00f3w Szczecina.\u2019\u2019<\/span><\/span><\/p>\n<\/li>\n<li>\n<p align=\"JUSTIFY\"><span style=\"font-family: Times New Roman, serif;\"><span style=\"font-size: medium;\">Autor ma prawo dost\u0119pu do swoich danych osobowych, ich sprostowania, usuni\u0119cia lub ograniczenia ich przetwarzania. <\/span><\/span><\/p>\n<\/li>\n<li>\n<p align=\"JUSTIFY\"><span style=\"font-family: Times New Roman, serif;\"><span style=\"font-size: medium;\">Autor ma prawo do przenoszenia danych osobowych. <\/span><\/span><\/p>\n<\/li>\n<li>\n<p align=\"JUSTIFY\"><span style=\"font-family: Times New Roman, serif;\"><span style=\"font-size: medium;\">Autorowi przys\u0142uguje prawo do wniesienia skargi do Organu Nadzorczego w zwi\u0105zku z naruszeniem danych osobowych przez Administratora.<\/span><\/span><\/p>\n<\/li>\n<\/ol>\n","protected":false},"excerpt":{"rendered":"<p>Dom Kultury \u201e13 Muz\u201d w Szczecinie zaprasza do sk\u0142adania wniosk\u00f3w w konkursie na inicjatywy lokalne w ramach projektu pn.: \u201eLokalnie-Kulturalnie. Potencja\u0142 kulturotw\u00f3rczy mieszka\u0144c\u00f3w Szczecina\u201d Regulamin konkursu 1. Za\u0142o\u017cenia i cele Celem projektu pn. ,,Lokalnie-Kulturalnie. Potencja\u0142 kulturotw\u00f3rczy mieszka\u0144c\u00f3w Szczecina\u2019\u2019 jest wspieranie oddolnych projekt\u00f3w kulturotw\u00f3rczych, kt\u00f3re inicjuj\u0105 rozw\u00f3j zainteresowa\u0144 kulturalnych i wspieraj\u0105 aktywno\u015b\u0107 obywatelsk\u0105 mieszka\u0144c\u00f3w Miasta Szczecin, oraz wspieranie os\u00f3b indywidualnych i grup nieformalnych w tworzeniu i promowaniu dzia\u0142a\u0144 kulturalnych. 2. Organizator konkursu: Dom Kultury \u201e13 Muz\u201d Plac \u017bo\u0142nierza Polskiego 2 70-551 Szczecin Tel. 91 \/ 43-47-173 e-mail: ala.kozub@13muz.eu 3. Postanowienia og\u00f3lne: Regulamin okre\u015bla zasady przebiegu i organizacji konkursu \u201eLokalnie-Kulturalnie. Potencja\u0142 kulturotw\u00f3rczy [&hellip;]<\/p>\n","protected":false},"author":1,"featured_media":0,"parent":0,"menu_order":0,"comment_status":"closed","ping_status":"closed","template":"","meta":{"ngg_post_thumbnail":0,"_price":"","_stock":"","_tribe_ticket_header":"","_tribe_default_ticket_provider":"","_ticket_start_date":"","_ticket_end_date":"","_tribe_ticket_show_description":"","_tribe_ticket_show_not_going":false,"_tribe_ticket_use_global_stock":"","_tribe_ticket_global_stock_level":"","_global_stock_mode":"","_global_stock_cap":"","_tribe_rsvp_for_event":"","_tribe_ticket_going_count":"","_tribe_ticket_not_going_count":"","_tribe_tickets_list":"[]","_tribe_ticket_has_attendee_info_fields":false,"footnotes":"","_tec_slr_enabled":"","_tec_slr_layout":""},"class_list":["post-14163","page","type-page","status-publish","hentry"],"ticketed":false,"post_mailing_queue_ids":[],"_links":{"self":[{"href":"https:\/\/13muz.eu\/en\/wp-json\/wp\/v2\/pages\/14163","targetHints":{"allow":["GET"]}}],"collection":[{"href":"https:\/\/13muz.eu\/en\/wp-json\/wp\/v2\/pages"}],"about":[{"href":"https:\/\/13muz.eu\/en\/wp-json\/wp\/v2\/types\/page"}],"author":[{"embeddable":true,"href":"https:\/\/13muz.eu\/en\/wp-json\/wp\/v2\/users\/1"}],"replies":[{"embeddable":true,"href":"https:\/\/13muz.eu\/en\/wp-json\/wp\/v2\/comments?post=14163"}],"version-history":[{"count":0,"href":"https:\/\/13muz.eu\/en\/wp-json\/wp\/v2\/pages\/14163\/revisions"}],"wp:attachment":[{"href":"https:\/\/13muz.eu\/en\/wp-json\/wp\/v2\/media?parent=14163"}],"curies":[{"name":"wp","href":"https:\/\/api.w.org\/{rel}","templated":true}]}}