{"id":14118,"date":"2018-06-06T15:36:11","date_gmt":"2018-06-06T13:36:11","guid":{"rendered":"http:\/\/test.13muz.eu\/?page_id=14118"},"modified":"2021-02-03T12:44:16","modified_gmt":"2021-02-03T11:44:16","slug":"dom-kultury-2018","status":"publish","type":"page","link":"https:\/\/13muz.eu\/en\/dom-kultury-2018\/","title":{"rendered":"Dom Kultury+ 2018"},"content":{"rendered":"<p style=\"text-align: left;\">Lokalnie-Kulturalnie. Nab\u00f3r inicjatyw kulturalnych.<\/p>\n<p style=\"text-align: justify;\">Dom Kultury \u201e13 Muz\u201d rozpoczyna nab\u00f3r inicjatyw lokalnych do wsp\u00f3lnej realizacji projektu ,,Lokalnie-Kulturalnie. Potencja\u0142 kulturotw\u00f3rczy mieszka\u0144c\u00f3w Szczecina&#8221; w ramach programu NCK \u201eDom Kultury+ Inicjatywy lokalne 2018\u201d. Czekamy na Wasze propozycje dzia\u0142a\u0144 i wydarze\u0144 kulturalnych, kt\u00f3re wsp\u00f3lnie mogliby\u015bmy zrealizowa\u0107 na terenie Szczecina. Proponowane wydarzenia kulturalne powinny w swojej idei spaja\u0107, integrowa\u0107 jak r\u00f3wnie\u017c aktywizowa\u0107 spo\u0142eczno\u015b\u0107 lokaln\u0105. Wi\u0119cej informacji znajdziecie Pa\u0144stwo w regulaminie, lub kontaktuj\u0105c si\u0119 bezpo\u015brednio z koordynatorem projektu pod adresem <a href=\"mailto:ala.kozub@13muz.eu\">ala.kozub@13muz.eu<\/a>.<\/p>\n<p>Dofinansowano ze \u015brodk\u00f3w Narodowego Centrum Kultury w ramach programu Dom Kultury+ Inicjatywy lokalne 2018<\/p>\n<p><img loading=\"lazy\" decoding=\"async\" class=\"wp-image-14119 aligncenter\" src=\"http:\/\/test.13muz.eu\/wp-content\/uploads\/2018\/06\/NCK_dom-kultury-plus-zNCK_kolor-RGB1-1024x593.jpg\" alt=\"\" width=\"139\" height=\"80\" srcset=\"https:\/\/13muz.eu\/wp-content\/uploads\/2018\/06\/NCK_dom-kultury-plus-zNCK_kolor-RGB1-1024x593.jpg 1024w, https:\/\/13muz.eu\/wp-content\/uploads\/2018\/06\/NCK_dom-kultury-plus-zNCK_kolor-RGB1-300x174.jpg 300w, https:\/\/13muz.eu\/wp-content\/uploads\/2018\/06\/NCK_dom-kultury-plus-zNCK_kolor-RGB1-768x445.jpg 768w, https:\/\/13muz.eu\/wp-content\/uploads\/2018\/06\/NCK_dom-kultury-plus-zNCK_kolor-RGB1-400x232.jpg 400w, https:\/\/13muz.eu\/wp-content\/uploads\/2018\/06\/NCK_dom-kultury-plus-zNCK_kolor-RGB1.jpg 1230w\" sizes=\"auto, (max-width: 139px) 100vw, 139px\" \/>&nbsp;&nbsp;&nbsp;&nbsp;&nbsp;&nbsp;&nbsp;<img loading=\"lazy\" decoding=\"async\" class=\"wp-image-40 aligncenter\" src=\"http:\/\/13muz.eu\/wp-content\/uploads\/2017\/12\/logo_300px.png\" alt=\"\" width=\"116\" height=\"52\"><\/p>\n<h4>Dowiedz si\u0119 wi\u0119cej:<\/h4>\n<ul class=\"sitemap\">\n<li style=\"list-style-type: none;\">\n<ul>\n<li><a class=\"list-main\" href=\"http:\/\/www.13muz.eu\/diagnoza\/\">Diagnoza<\/a><\/li>\n<li><a class=\"list-main\" href=\"http:\/\/13muz.eu\/lista-wybranych-projektow\/\">Lista wybranych projekt\u00f3w<\/a><\/li>\n<li><a class=\"list-main\" href=\"http:\/\/www.13muz.eu\/regulamin-konkursu\/\">Regulamin konkursu<\/a><\/li>\n<li><a class=\"list-main\" href=\"http:\/\/www.13muz.eu\/formularz-zgloszenia\/\">Formularz zg\u0142oszeniowy<\/a><\/li>\n<\/ul>\n<\/li>\n<\/ul>\n","protected":false},"excerpt":{"rendered":"<p>Lokalnie-Kulturalnie. Nab\u00f3r inicjatyw kulturalnych. Dom Kultury \u201e13 Muz\u201d rozpoczyna nab\u00f3r inicjatyw lokalnych do wsp\u00f3lnej realizacji projektu ,,Lokalnie-Kulturalnie. Potencja\u0142 kulturotw\u00f3rczy mieszka\u0144c\u00f3w Szczecina&#8221; w ramach programu NCK \u201eDom Kultury+ Inicjatywy lokalne 2018\u201d. Czekamy na Wasze propozycje dzia\u0142a\u0144 i wydarze\u0144 kulturalnych, kt\u00f3re wsp\u00f3lnie mogliby\u015bmy zrealizowa\u0107 na terenie Szczecina. Proponowane wydarzenia kulturalne powinny w swojej idei spaja\u0107, integrowa\u0107 jak r\u00f3wnie\u017c aktywizowa\u0107 spo\u0142eczno\u015b\u0107 lokaln\u0105. Wi\u0119cej informacji znajdziecie Pa\u0144stwo w regulaminie, lub kontaktuj\u0105c si\u0119 bezpo\u015brednio z koordynatorem projektu pod adresem ala.kozub@13muz.eu. Dofinansowano ze \u015brodk\u00f3w Narodowego Centrum Kultury w ramach programu Dom Kultury+ Inicjatywy lokalne 2018 &nbsp;&nbsp;&nbsp;&nbsp;&nbsp;&nbsp;&nbsp; Dowiedz si\u0119 wi\u0119cej: Diagnoza Lista wybranych projekt\u00f3w Regulamin konkursu Formularz [&hellip;]<\/p>\n","protected":false},"author":2,"featured_media":0,"parent":0,"menu_order":0,"comment_status":"closed","ping_status":"closed","template":"","meta":{"ngg_post_thumbnail":0,"_price":"","_stock":"","_tribe_ticket_header":"","_tribe_default_ticket_provider":"","_ticket_start_date":"","_ticket_end_date":"","_tribe_ticket_show_description":"","_tribe_ticket_show_not_going":false,"_tribe_ticket_use_global_stock":"","_tribe_ticket_global_stock_level":"","_global_stock_mode":"","_global_stock_cap":"","_tribe_rsvp_for_event":"","_tribe_ticket_going_count":"","_tribe_ticket_not_going_count":"","_tribe_tickets_list":"[]","_tribe_ticket_has_attendee_info_fields":false,"footnotes":"","_tec_slr_enabled":"","_tec_slr_layout":""},"class_list":["post-14118","page","type-page","status-publish","hentry"],"ticketed":false,"post_mailing_queue_ids":[],"_links":{"self":[{"href":"https:\/\/13muz.eu\/en\/wp-json\/wp\/v2\/pages\/14118","targetHints":{"allow":["GET"]}}],"collection":[{"href":"https:\/\/13muz.eu\/en\/wp-json\/wp\/v2\/pages"}],"about":[{"href":"https:\/\/13muz.eu\/en\/wp-json\/wp\/v2\/types\/page"}],"author":[{"embeddable":true,"href":"https:\/\/13muz.eu\/en\/wp-json\/wp\/v2\/users\/2"}],"replies":[{"embeddable":true,"href":"https:\/\/13muz.eu\/en\/wp-json\/wp\/v2\/comments?post=14118"}],"version-history":[{"count":0,"href":"https:\/\/13muz.eu\/en\/wp-json\/wp\/v2\/pages\/14118\/revisions"}],"wp:attachment":[{"href":"https:\/\/13muz.eu\/en\/wp-json\/wp\/v2\/media?parent=14118"}],"curies":[{"name":"wp","href":"https:\/\/api.w.org\/{rel}","templated":true}]}}