{"id":14116,"date":"2018-06-06T15:24:29","date_gmt":"2018-06-06T13:24:29","guid":{"rendered":"http:\/\/test.13muz.eu\/?page_id=14116"},"modified":"2025-11-19T14:08:29","modified_gmt":"2025-11-19T13:08:29","slug":"projekty","status":"publish","type":"page","link":"https:\/\/13muz.eu\/en\/projekty\/","title":{"rendered":"Projekty"},"content":{"rendered":"\r\n<ul class=\"sitemap\">\r\n<li style=\"list-style-type: none;\">\r\n<ul>\r\n<li><a class=\"list-main\" href=\"https:\/\/13muz.eu\/lecim-za-szczecin-lass-uns-jenseits-szczecin-fliegen\/\">Lecim za Szczecin \/Lass uns jenseits Szczecin fliegen<\/a>&nbsp;<\/li>\r\n<li><a class=\"list-main\" href=\"https:\/\/13muz.eu\/reymont-zywe-opowiesci\/\">Reymont: \u017bywe opowie\u015bci<\/a>&nbsp;<\/li>\r\n<li><a class=\"list-main\" href=\"https:\/\/13muz.eu\/temat-rzeka-thema-fluss\/\">Temat Rzeka \/ Thema Fluss<\/a>&nbsp;<\/li>\r\n<li><a class=\"list-main\" href=\"http:\/\/www.13muz.eu\/dom-kultury-2018\/\">Dom Kultury+ 2018<\/a>&nbsp;\r\n<ul>\r\n<li><a href=\"http:\/\/www.13muz.eu\/diagnoza\/\">Diagnoza<\/a><\/li>\r\n<li><a href=\"http:\/\/www.13muz.eu\/regulamin-konkursu\/\">Regulamin konkursu<\/a><\/li>\r\n<li><a href=\"http:\/\/www.13muz.eu\/formularz-zgloszenia\/\">Formularz zg\u0142oszeniowy<\/a><\/li>\r\n<li><a href=\"http:\/\/13muz.eu\/lista-wybranych-projektow\/\">Lista wybranych projekt\u00f3w<\/a><\/li>\r\n<\/ul>\r\n<\/li>\r\n<li><a class=\"list-main\" href=\"https:\/\/13muz.eu\/profilaktyka\/\" target=\"_blank\" rel=\"noopener noreferrer\">Profilaktyka<\/a><\/li>\r\n<li><a class=\"list-main\" href=\"https:\/\/13muz.eu\/niepodlegla\/\" target=\"_blank\" rel=\"noopener noreferrer\">Niepodleg\u0142a<\/a>&nbsp;\r\n<ul>\r\n<li><a href=\"https:\/\/13muz.eu\/szczecinskie-bohaterki\/\">Szczeci\u0144skie Bohaterki<\/a><\/li>\r\n<\/ul>\r\n<\/li>\r\n<\/ul>\r\n<\/li>\r\n<\/ul>","protected":false},"excerpt":{"rendered":"<p>Lecim za Szczecin \/Lass uns jenseits Szczecin fliegen&nbsp; Reymont: \u017bywe opowie\u015bci&nbsp; Temat Rzeka \/ Thema Fluss&nbsp; Dom Kultury+ 2018&nbsp; Diagnoza Regulamin konkursu Formularz zg\u0142oszeniowy Lista wybranych projekt\u00f3w Profilaktyka Niepodleg\u0142a&nbsp; Szczeci\u0144skie Bohaterki<\/p>\n","protected":false},"author":2,"featured_media":0,"parent":0,"menu_order":0,"comment_status":"closed","ping_status":"closed","template":"","meta":{"ngg_post_thumbnail":0,"_price":"","_stock":"","_tribe_ticket_header":"","_tribe_default_ticket_provider":"","_ticket_start_date":"","_ticket_end_date":"","_tribe_ticket_show_description":"","_tribe_ticket_show_not_going":false,"_tribe_ticket_use_global_stock":"","_tribe_ticket_global_stock_level":"","_global_stock_mode":"","_global_stock_cap":"","_tribe_rsvp_for_event":"","_tribe_ticket_going_count":"","_tribe_ticket_not_going_count":"","_tribe_tickets_list":"[]","_tribe_ticket_has_attendee_info_fields":false,"footnotes":"","_tec_slr_enabled":"","_tec_slr_layout":""},"class_list":["post-14116","page","type-page","status-publish","hentry"],"ticketed":false,"post_mailing_queue_ids":[],"_links":{"self":[{"href":"https:\/\/13muz.eu\/en\/wp-json\/wp\/v2\/pages\/14116","targetHints":{"allow":["GET"]}}],"collection":[{"href":"https:\/\/13muz.eu\/en\/wp-json\/wp\/v2\/pages"}],"about":[{"href":"https:\/\/13muz.eu\/en\/wp-json\/wp\/v2\/types\/page"}],"author":[{"embeddable":true,"href":"https:\/\/13muz.eu\/en\/wp-json\/wp\/v2\/users\/2"}],"replies":[{"embeddable":true,"href":"https:\/\/13muz.eu\/en\/wp-json\/wp\/v2\/comments?post=14116"}],"version-history":[{"count":0,"href":"https:\/\/13muz.eu\/en\/wp-json\/wp\/v2\/pages\/14116\/revisions"}],"wp:attachment":[{"href":"https:\/\/13muz.eu\/en\/wp-json\/wp\/v2\/media?parent=14116"}],"curies":[{"name":"wp","href":"https:\/\/api.w.org\/{rel}","templated":true}]}}