{"id":14021,"date":"2018-06-03T15:52:27","date_gmt":"2018-06-03T13:52:27","guid":{"rendered":"http:\/\/test.13muz.eu\/?page_id=14021"},"modified":"2018-06-06T21:03:36","modified_gmt":"2018-06-06T19:03:36","slug":"informacje-o-rodo","status":"publish","type":"page","link":"https:\/\/13muz.eu\/en\/informacje-o-rodo\/","title":{"rendered":"Informacje o RODO"},"content":{"rendered":"<div>Zgodnie z&nbsp;art. 13 ust. 1&nbsp;i&nbsp;ust. 2&nbsp;Rozporz\u0105dzenia Parlamentu Europejskiego i&nbsp;Rady (UE) 2016\/679 z&nbsp;dnia 27 kwietnia 2016&nbsp;r. w&nbsp;sprawie ochrony os\u00f3b fizycznych w&nbsp;zwi\u0105zku z&nbsp;przetwarzaniem danych osobowych i&nbsp;w&nbsp;sprawie swobodnego przep\u0142ywu takich danych oraz uchylenia dyrektywy 95\/46\/WE, (Dziennik Urz\u0119dowy UE, L&nbsp;119\/1 z&nbsp;4&nbsp;maja 2016&nbsp;r.) Dom Kultury &#8220;13 Muz&#8221; w&nbsp;Szczecinie jako Administrator danych osobowych (osoba fizyczna, kt\u00f3rej dane dotycz\u0105), podaje nast\u0119puj\u0105ce informacje.<\/div>\n<div>&nbsp;<\/div>\n<div>\n<ol>\n<li>\n<div>Administratorem Pani\/Pana danych osobowych Dom Kultury \u201e13 Muz\u201d z siedzib\u0105 w Szczecinie, 70-551 Pl. \u017bo\u0142nierza Polskiego 2.<\/div>\n<\/li>\n<li>\n<div>Inspektorem Ochrony Danych jest Pani Aneta Kality\u0144ska, adres e-mail&nbsp;<a href=\"mailto:a.kalitynska@13muz.eu\">a.kalitynska@13muz.eu<\/a><\/div>\n<\/li>\n<li>\n<div>Pani\/Pana dane osobowe przetwarzane s\u0105 na podstawie Pani\/Pana zgody w celu promocji wydarze\u0144<\/div>\n<\/li>\n<li>\n<div>Pani\/Pana dane osobowe nie zostan\u0105 przekazane do pa\u0144stwa trzeciego ani do organizacji mi\u0119dzynarodowej.<\/div>\n<\/li>\n<li>\n<div>Pani\/Pana dane b\u0119d\u0105 przechowywane w zbiorze dora\u017anym i b\u0119d\u0105 przechowywane nie d\u0142u\u017cej ni\u017c jest to niezb\u0119dne do osi\u0105gni\u0119cia celu&nbsp; przetwarzania.<\/div>\n<\/li>\n<li>\n<div>Ma Pani\/Pan prawo dost\u0119pu do swoich danych, ich sprostowania, usuni\u0119cia lub ograniczenia przetwarzania, prawo do wniesienia sprzeciwu wobec przetwarzania, prawo do przenoszenia danych oraz prawo do wniesienia skargi do organu nadzorczego.<\/div>\n<\/li>\n<li>\n<div>Ma Pani\/Pan prawo do wycofania zgody na przetwarzanie danych w dowolnym momencie.<\/div>\n<\/li>\n<li>\n<div>Podanie przez Pani\u0105\/Pana danych jest dobrowolne.<\/div>\n<\/li>\n<li>\n<div>Administrator danych nie przewiduje zautomatyzowanego podejmowania decyzji, w tym profilowania&nbsp;oraz ich przekazywania do pa\u0144stwa trzeciego\/organizacji mi\u0119dzynarodowej.<\/div>\n<\/li>\n<\/ol>\n<\/div>\n","protected":false},"excerpt":{"rendered":"<p>Zgodnie z&nbsp;art. 13 ust. 1&nbsp;i&nbsp;ust. 2&nbsp;Rozporz\u0105dzenia Parlamentu Europejskiego i&nbsp;Rady (UE) 2016\/679 z&nbsp;dnia 27 kwietnia 2016&nbsp;r. w&nbsp;sprawie ochrony os\u00f3b fizycznych w&nbsp;zwi\u0105zku z&nbsp;przetwarzaniem danych osobowych i&nbsp;w&nbsp;sprawie swobodnego przep\u0142ywu takich danych oraz uchylenia dyrektywy 95\/46\/WE, (Dziennik Urz\u0119dowy UE, L&nbsp;119\/1 z&nbsp;4&nbsp;maja 2016&nbsp;r.) Dom Kultury &#8220;13 Muz&#8221; w&nbsp;Szczecinie jako Administrator danych osobowych (osoba fizyczna, kt\u00f3rej dane dotycz\u0105), podaje nast\u0119puj\u0105ce informacje. &nbsp; Administratorem Pani\/Pana danych osobowych Dom Kultury \u201e13 Muz\u201d z siedzib\u0105 w Szczecinie, 70-551 Pl. \u017bo\u0142nierza Polskiego 2. Inspektorem Ochrony Danych jest Pani Aneta Kality\u0144ska, adres e-mail&nbsp;a.kalitynska@13muz.eu Pani\/Pana dane osobowe przetwarzane s\u0105 na podstawie Pani\/Pana zgody w celu promocji wydarze\u0144 Pani\/Pana dane osobowe nie zostan\u0105 [&hellip;]<\/p>\n","protected":false},"author":1,"featured_media":0,"parent":0,"menu_order":0,"comment_status":"closed","ping_status":"closed","template":"","meta":{"ngg_post_thumbnail":0,"_price":"","_stock":"","_tribe_ticket_header":"","_tribe_default_ticket_provider":"","_ticket_start_date":"","_ticket_end_date":"","_tribe_ticket_show_description":"","_tribe_ticket_show_not_going":false,"_tribe_ticket_use_global_stock":"","_tribe_ticket_global_stock_level":"","_global_stock_mode":"","_global_stock_cap":"","_tribe_rsvp_for_event":"","_tribe_ticket_going_count":"","_tribe_ticket_not_going_count":"","_tribe_tickets_list":"[]","_tribe_ticket_has_attendee_info_fields":false,"footnotes":"","_tec_slr_enabled":"","_tec_slr_layout":""},"class_list":["post-14021","page","type-page","status-publish","hentry"],"ticketed":false,"post_mailing_queue_ids":[],"_links":{"self":[{"href":"https:\/\/13muz.eu\/en\/wp-json\/wp\/v2\/pages\/14021","targetHints":{"allow":["GET"]}}],"collection":[{"href":"https:\/\/13muz.eu\/en\/wp-json\/wp\/v2\/pages"}],"about":[{"href":"https:\/\/13muz.eu\/en\/wp-json\/wp\/v2\/types\/page"}],"author":[{"embeddable":true,"href":"https:\/\/13muz.eu\/en\/wp-json\/wp\/v2\/users\/1"}],"replies":[{"embeddable":true,"href":"https:\/\/13muz.eu\/en\/wp-json\/wp\/v2\/comments?post=14021"}],"version-history":[{"count":0,"href":"https:\/\/13muz.eu\/en\/wp-json\/wp\/v2\/pages\/14021\/revisions"}],"wp:attachment":[{"href":"https:\/\/13muz.eu\/en\/wp-json\/wp\/v2\/media?parent=14021"}],"curies":[{"name":"wp","href":"https:\/\/api.w.org\/{rel}","templated":true}]}}