{"id":139,"date":"2017-12-07T11:16:40","date_gmt":"2017-12-07T11:16:40","guid":{"rendered":"http:\/\/test.13muz.eu\/?page_id=139"},"modified":"2023-08-31T12:12:30","modified_gmt":"2023-08-31T10:12:30","slug":"udostepnianie-informacji-publicznej","status":"publish","type":"page","link":"https:\/\/13muz.eu\/en\/udostepnianie-informacji-publicznej\/","title":{"rendered":"Udost\u0119pnianie informacji publicznej"},"content":{"rendered":"<p>Tutaj znajdziecie Pa\u0144stwo regulamin udost\u0119pniania informacji publicznej Domu Kultury \u201e13 Muz\u201d oraz niezb\u0119dne wnioski do wype\u0142nienia.<\/p>\n<div class=\"bk_onethirds bk-shortcode clearfix\"><div class=\"column one_third thirdsc\">             \n            <\/p>\n<p><center><br \/>\n<strong>REGULAMIN UDOST\u0118PNIANIA INFORMACJI PUBLICZNEJ<\/strong>&nbsp;<\/p>\n<p><a href=\"https:\/\/13muz.eu\/wp-content\/uploads\/2023\/08\/Zarzadzenie-Nr-5-2023-Zalacznik-Nr-1-i-2-Regulamin-udostepniania-inf.-publicznej.pdf\"><img loading=\"lazy\" decoding=\"async\" class=\"aligncenter wp-image-14177 \" src=\"https:\/\/13muz.eu\/wp-content\/uploads\/2018\/06\/pdf-file-format-symbol-150x150.png\" alt=\"\" width=\"70\" height=\"70\" srcset=\"https:\/\/13muz.eu\/wp-content\/uploads\/2018\/06\/pdf-file-format-symbol-150x150.png 150w, https:\/\/13muz.eu\/wp-content\/uploads\/2018\/06\/pdf-file-format-symbol-130x130.png 130w, https:\/\/13muz.eu\/wp-content\/uploads\/2018\/06\/pdf-file-format-symbol.png 256w\" sizes=\"auto, (max-width: 70px) 100vw, 70px\" \/><\/a><\/p>\n<p><\/center><br \/>\n        <\/div><div class=\"column one_third thirdsc\">             \n            <\/p>\n<p><center><br \/>\n<strong>WNIOSEK O&nbsp;UDOST\u0118PNIENIE INFORMACJI PUBLICZNEJ<\/strong>&nbsp;<\/p>\n<p><a href=\"https:\/\/13muz.eu\/wp-content\/uploads\/2023\/08\/Zarzadzenie-Nr-5-2023-Zalacznik-Nr-2-Wniosek-o-udostepnienie-inf.-publicznej.docx\"><img loading=\"lazy\" decoding=\"async\" class=\"aligncenter wp-image-14178 \" src=\"https:\/\/13muz.eu\/wp-content\/uploads\/2018\/06\/docx-file-format-150x150.png\" alt=\"\" width=\"70\" height=\"70\" srcset=\"https:\/\/13muz.eu\/wp-content\/uploads\/2018\/06\/docx-file-format-150x150.png 150w, https:\/\/13muz.eu\/wp-content\/uploads\/2018\/06\/docx-file-format-130x130.png 130w, https:\/\/13muz.eu\/wp-content\/uploads\/2018\/06\/docx-file-format.png 256w\" sizes=\"auto, (max-width: 70px) 100vw, 70px\" \/><\/a><\/p>\n<p><\/center><br \/>\n        <\/div><div class=\"column one_third thirdsc\">             \n            <\/p>\n<p><center><br \/>\n<strong>WNIOSEK O UDOST\u0118PNIENIE INFORMACJI PUBLICZNEJ<\/strong>&nbsp;<\/p>\n<p><a href=\"https:\/\/13muz.eu\/wp-content\/uploads\/2023\/08\/Zarzadzenie-Nr-5-2023-Zalacznik-Nr-2-Wniosek-o-udostepnienie-inf.-publicznej.pdf\"><img loading=\"lazy\" decoding=\"async\" class=\"aligncenter wp-image-14177 \" src=\"http:\/\/13muz.eu\/wp-content\/uploads\/2018\/06\/pdf-file-format-symbol-150x150.png\" alt=\"\" width=\"70\" height=\"70\" srcset=\"https:\/\/13muz.eu\/wp-content\/uploads\/2018\/06\/pdf-file-format-symbol-150x150.png 150w, https:\/\/13muz.eu\/wp-content\/uploads\/2018\/06\/pdf-file-format-symbol-130x130.png 130w, https:\/\/13muz.eu\/wp-content\/uploads\/2018\/06\/pdf-file-format-symbol.png 256w\" sizes=\"auto, (max-width: 70px) 100vw, 70px\" \/><\/a><\/p>\n<p><\/center>&nbsp;<\/p>\n<p>\n        <\/div><\/div>\n","protected":false},"excerpt":{"rendered":"<p>Tutaj znajdziecie Pa\u0144stwo regulamin udost\u0119pniania informacji publicznej Domu Kultury \u201e13 Muz\u201d oraz niezb\u0119dne wnioski do wype\u0142nienia.<\/p>\n","protected":false},"author":1,"featured_media":0,"parent":0,"menu_order":0,"comment_status":"closed","ping_status":"closed","template":"","meta":{"ngg_post_thumbnail":0,"_price":"","_stock":"","_tribe_ticket_header":"","_tribe_default_ticket_provider":"","_ticket_start_date":"","_ticket_end_date":"","_tribe_ticket_show_description":"","_tribe_ticket_show_not_going":false,"_tribe_ticket_use_global_stock":"","_tribe_ticket_global_stock_level":"","_global_stock_mode":"","_global_stock_cap":"","_tribe_rsvp_for_event":"","_tribe_ticket_going_count":"","_tribe_ticket_not_going_count":"","_tribe_tickets_list":"[]","_tribe_ticket_has_attendee_info_fields":false,"footnotes":"","_tec_slr_enabled":"","_tec_slr_layout":""},"class_list":["post-139","page","type-page","status-publish","hentry"],"ticketed":false,"post_mailing_queue_ids":[],"_links":{"self":[{"href":"https:\/\/13muz.eu\/en\/wp-json\/wp\/v2\/pages\/139","targetHints":{"allow":["GET"]}}],"collection":[{"href":"https:\/\/13muz.eu\/en\/wp-json\/wp\/v2\/pages"}],"about":[{"href":"https:\/\/13muz.eu\/en\/wp-json\/wp\/v2\/types\/page"}],"author":[{"embeddable":true,"href":"https:\/\/13muz.eu\/en\/wp-json\/wp\/v2\/users\/1"}],"replies":[{"embeddable":true,"href":"https:\/\/13muz.eu\/en\/wp-json\/wp\/v2\/comments?post=139"}],"version-history":[{"count":0,"href":"https:\/\/13muz.eu\/en\/wp-json\/wp\/v2\/pages\/139\/revisions"}],"wp:attachment":[{"href":"https:\/\/13muz.eu\/en\/wp-json\/wp\/v2\/media?parent=139"}],"curies":[{"name":"wp","href":"https:\/\/api.w.org\/{rel}","templated":true}]}}