{"id":13844,"date":"2018-05-30T19:44:08","date_gmt":"2018-05-30T17:44:08","guid":{"rendered":"http:\/\/test.13muz.eu\/?page_id=13844"},"modified":"2024-05-24T10:31:20","modified_gmt":"2024-05-24T08:31:20","slug":"waldemar-kulpa","status":"publish","type":"page","link":"https:\/\/13muz.eu\/en\/waldemar-kulpa\/","title":{"rendered":"Waldemar Kulpa"},"content":{"rendered":"<p><strong>Waldemar Kulpa &#8211; dyrektor Domu Kultury \u201e13 Muz\u201d<\/strong><\/p>\n<p><img loading=\"lazy\" decoding=\"async\" class=\"wp-image-37504 alignleft\" src=\"https:\/\/13muz.eu\/wp-content\/uploads\/2021\/03\/kulpa_waldemar.jpg\" alt=\"\" width=\"273\" height=\"342\" srcset=\"https:\/\/13muz.eu\/wp-content\/uploads\/2021\/03\/kulpa_waldemar.jpg 600w, https:\/\/13muz.eu\/wp-content\/uploads\/2021\/03\/kulpa_waldemar-239x300.jpg 239w, https:\/\/13muz.eu\/wp-content\/uploads\/2021\/03\/kulpa_waldemar-400x501.jpg 400w\" sizes=\"auto, (max-width: 273px) 100vw, 273px\" \/><\/p>\n<p style=\"text-align: justify;\">Waldek to jeden z niewielu zapale\u0144c\u00f3w w kraju, kt\u00f3rzy tyle lat po\u015bwi\u0119cili kulturze studenckiej i kulturze w og\u00f3le&#8230; W 1985 r. Waldek zacz\u0105\u0142 aktywnie dzia\u0142a\u0107 w kulturze studenckiej, w rozg\u0142o\u015bniach studenckich i klubach. Najpierw by\u0142o Studenckie Studio Radiowe &#8220;SFERA&#8221; U.S., potem Akademickie Radio Pomorze (do ko\u0144ca jego istnienia). Na stronie internetowej legendarnego radia <a href=\"http:\/\/www.arp.org.pl\/\" target=\"_blank\" rel=\"noopener noreferrer\"><strong>www.arp.org.pl<\/strong><\/a>&nbsp;te\u017c znajdziecie Waldka. W mi\u0119dzyczasie praca w klubie Pinokio (do czasu obj\u0119cia fotela szefa w Kontrastach). Pracowa\u0142 te\u017c w Studenckim O\u015brodku Nagra\u0144 i Dokumentacji D\u017awi\u0119kowej (S.O.N.I.D.D.)<\/p>\n<p>Klika s\u0142\u00f3w o dzia\u0142alno\u015bci artystycznej:<\/p>\n<p style=\"text-align: justify;\">W 1980 roku Waldek Kulpa rozpocz\u0105\u0142 dzia\u0142alno\u015b\u0107 w kabarecie &#8220;Kufaja&#8221; i w pierwszych zespo\u0142ach muzycznych. Nast\u0119pne te najwa\u017cniejsze przypadaj\u0105 na lata studenckie 1984-1989. By\u0142y to dwa czo\u0142owe polskie zespo\u0142y reggae, z kt\u00f3rymi wyst\u0105pi\u0142 na wi\u0119kszo\u015bci festiwali tej muzyki i nie tylko&#8230;. bo by\u0142 i Jarocin, Brodnica i wiele innych. Pierwszy zesp\u00f3\u0142 nazywa\u0142 si\u0119 &#8220;KRYTERIUM&#8221;, drugi &#8220;GRASS&#8221;. Po drodze by\u0142 &#8220;KUMADER&#8221; (punk rock), a potem &#8220;LABIRYNT&#8221; (muzyka rozrywkowa, soul, funky &#8211; laureat Og\u00f3lnopolskiego M\u0142odzie\u017cowego Przegl\u0105du Piosenki we Wroc\u0142awiu 1989) i &#8220;LE MONT&#8221; (laureat Mokotowskiej Jesieni Muzycznej 1989) &#8211; ten sam sk\u0142ad co Firebirds, z tym \u017ce Waldek \u015bpiewa\u0142 w Le Mont, a Asia Prykowska w tym drugim. Zosta\u0142o wiele nagra\u0144 studyjnych, koncertowych. Z kilku utwor\u00f3w korzysta\u0142 potem Piotrek Banach. Utw\u00f3r &#8220;Czas spe\u0142nienia&#8221; zespo\u0142u Grass nagra\u0142 ponownie na p\u0142ycie zesp\u00f3\u0142 Hey, a potem Indios Bravos, w kt\u00f3rym wyst\u0119puje kilku muzyk\u00f3w z grupy Grass. Waldek w tych zespo\u0142ach by\u0142 przede wszystkim wokalist\u0105. W reggae&#8217;owych zespo\u0142ach gra\u0142 te\u017c na gitarze. Pisa\u0142 teksty, komponowa\u0142. R\u00f3wnolegle z dzia\u0142alno\u015bci\u0105 artystyczn\u0105 zajmowa\u0142 si\u0119 prezentowaniem muzyki na imprezach i w rozg\u0142o\u015bniach radiowych. Pisywa\u0142 te\u017c w r\u00f3\u017cnych czasopismach, na sta\u0142e opracowywa\u0142 czwartkowy dzia\u0142 muzyczny w Kurierze Szczeci\u0144skim.<\/p>\n<p style=\"text-align: justify;\">We wrze\u015bniu 1990 r. Waldek Kulpa zacz\u0105\u0142 prowadzi\u0107 Studenckie Centrum Kultury &#8220;KONTRASTY&#8221;, sp\u0119dzi\u0142 tam blisko 21 lat. To wi\u0119cej ni\u017c 1\/3 dzia\u0142alno\u015bci tego przybytku kultury (29.04.2011 r. klub obchodzi\u0142 50 urodziny, a zamkni\u0119ty zosta\u0142 w lipcu 2011 r.).<\/p>\n<p style=\"text-align: justify;\">Od kiedy zosta\u0142 szefem Kontrast\u00f3w zacz\u0105\u0142 zajmowa\u0107 si\u0119 przede wszystkim organizacj\u0105 imprez i promocj\u0105 m\u0142odych artyst\u00f3w. Jest autorem wielu cykli tematycznych, kt\u00f3re prowadzi\u0142 przez wiele lat. Club Tropicana to najwa\u017cniejsza impreza latynoameryka\u0144ska w kraju, najd\u0142u\u017csza cykliczna impreza w Polsce z sals\u0105 i gor\u0105cymi rytmami latynoskimi, kt\u00f3ra od stycznia 1994 wpisa\u0142a si\u0119 w sta\u0142y grafik entuzjast\u00f3w takiej zabawy i stylu bycia. Bal Starej P\u0142yty impreza, kt\u00f3ra wystartowa\u0142a pod koniec 1991r., na kt\u00f3rej bawi\u0142y si\u0119 przez wiele lat kolejne pokolenia student\u00f3w. Nie spos\u00f3b wymieni\u0107 wszystkie imprezy, kt\u00f3re Waldek wymy\u015bla\u0142, wymy\u015bla i pewnie wymy\u015bla\u0107 b\u0119dzie&#8230; Waldek stara\u0142 si\u0119, aby jego praca nie zamyka\u0142a si\u0119 tylko w murach Kontrast\u00f3w, dlatego te\u017c je\u017adzi\u0142 po kraju i prowadzi\u0142 oraz organizowa\u0142 r\u00f3\u017cnorodne imprezy typu Dni Miast, rozpocz\u0119cia i zako\u0144czenia lata, a\u017c po imprezy tematyczne (np. Festiwal Karaibski w Ko\u0142obrzegu, Fiesta Latina w r\u00f3\u017cnych miastach Polski). Razem ze Zrzeszeniem Student\u00f3w Polskich wsp\u00f3\u0142organizowa\u0142 i wsp\u00f3\u0142tworzy\u0142 \u017cycie kulturalne student\u00f3w podczas 13-tu z rz\u0119du oboz\u00f3w adaptacyjnych w Mi\u0119dzywodziu, r\u00f3wnie\u017c co roku organizowali wsp\u00f3lnie regionalne eliminacje festiwalu FAMA, kolejne edycje W.O.\u015a.P. Jurka Owsiaka, Dni Adaptacyjne Student\u00f3w I Roku Szczeci\u0144skich Szk\u00f3\u0142 Wy\u017cszych i wiele innych. W roku akademickim 2004\/2005 Waldek Kulpa zorganizowa\u0142 najwi\u0119ksz\u0105 liczb\u0119 koncert\u00f3w ze wszystkich plac\u00f3wek kulturalnych w Szczecinie. Mimo tak wielkiego zaanga\u017cowania w \u017cycie kulturalne miasta nie by\u0142 przez nikogo dotowany. Dzia\u0142a\u0142 na w\u0142asne ryzyko. Promowa\u0142 artyst\u00f3w interesuj\u0105cych, ale nie zawsze \u0142atwych w odbiorze i popularnych.&nbsp;<\/p>\n<p style=\"text-align: justify;\">Od momentu zamkni\u0119cia Kontrast\u00f3w, Waldek zwi\u0105za\u0142 si\u0119 Rocker Club, gdzie pracowa\u0142 do ko\u0144ca pa\u017adziernika 2013 r., 10.10.2013 r. zosta\u0142 mened\u017cerem ds artystycznych Klubu Muzycznego Browar Polski, wsp\u00f3lnie z Magd\u0105 \u017bmud\u0105 wypracowali styl dzia\u0142ania jednego z najlepszych miejsc dla doros\u0142ej publiczno\u015bci w Szczecinie.<\/p>\n<p style=\"text-align: justify;\">Jest za\u0142o\u017cycielem, g\u0142\u00f3wnym filarem i od samego pocz\u0105tku do ko\u0144ca 2016 r. by\u0142 prezesem Stowarzyszenia Szczeci\u0144ska Offensywa Kulturalna SZOK.<\/p>\n<p style=\"text-align: justify;\">Od 18.02.2015 r. zosta\u0142 r\u00f3wnie\u017c prezesem Stowarzyszenia Szczecin Dla Pokole\u0144. Funkcj\u0119 pe\u0142ni\u0142 do ko\u0144ca 2016 r.<\/p>\n<p style=\"text-align: justify;\">Od pocz\u0105tku 2017 r. jest dyrektorem Domu Kultury \u201e13 Muz\u201d.<\/p>\n<p style=\"text-align: justify;\">W 2012 r. po wielu latach przerwy w muzykowaniu za\u0142o\u017cy\u0142 sw\u00f3j zesp\u00f3\u0142 &#8220;STARSi&#8221; i by\u0142 jego wokalist\u0105, kompozytorem i autorem tekst\u00f3w. STARSi &#8211; <a href=\"http:\/\/www.facebook.com\/TheSTARSi\" target=\"_blank\" rel=\"noopener noreferrer\"><strong>sprawd\u017a<\/strong><\/a>. Od 2012 r. \u015bpiewa w zespole my z delty, z kt\u00f3rym nagra\u0142 p\u0142yt\u0119 &#8220;autoblues&#8221; &#8211; <a href=\"https:\/\/ccd.pl\/my-z-delty-autoblues-p4174\/\" target=\"_blank\" rel=\"noopener noreferrer\"><strong>pos\u0142uchaj<\/strong><\/a>.<\/p>\n<p style=\"text-align: justify;\">Waldemar Kulpa \/ dyrektor \/&nbsp;<a href=\"mailto:dyrektor@13muz.eu\" target=\"_blank\" rel=\"noopener noreferrer\">dyrektor@13muz.eu<\/a>&nbsp;\/ +48&nbsp;601&nbsp;625&nbsp;244<\/p>\n","protected":false},"excerpt":{"rendered":"<p>Waldemar Kulpa &#8211; dyrektor Domu Kultury \u201e13 Muz\u201d Waldek to jeden z niewielu zapale\u0144c\u00f3w w kraju, kt\u00f3rzy tyle lat po\u015bwi\u0119cili kulturze studenckiej i kulturze w og\u00f3le&#8230; W 1985 r. Waldek zacz\u0105\u0142 aktywnie dzia\u0142a\u0107 w kulturze studenckiej, w rozg\u0142o\u015bniach studenckich i klubach. Najpierw by\u0142o Studenckie Studio Radiowe &#8220;SFERA&#8221; U.S., potem Akademickie Radio Pomorze (do ko\u0144ca jego istnienia). Na stronie internetowej legendarnego radia www.arp.org.pl&nbsp;te\u017c znajdziecie Waldka. W mi\u0119dzyczasie praca w klubie Pinokio (do czasu obj\u0119cia fotela szefa w Kontrastach). Pracowa\u0142 te\u017c w Studenckim O\u015brodku Nagra\u0144 i Dokumentacji D\u017awi\u0119kowej (S.O.N.I.D.D.) Klika s\u0142\u00f3w o dzia\u0142alno\u015bci artystycznej: W 1980 roku Waldek Kulpa rozpocz\u0105\u0142 dzia\u0142alno\u015b\u0107 w [&hellip;]<\/p>\n","protected":false},"author":1,"featured_media":0,"parent":0,"menu_order":0,"comment_status":"closed","ping_status":"closed","template":"","meta":{"ngg_post_thumbnail":0,"_price":"","_stock":"","_tribe_ticket_header":"","_tribe_default_ticket_provider":"","_ticket_start_date":"","_ticket_end_date":"","_tribe_ticket_show_description":"","_tribe_ticket_show_not_going":false,"_tribe_ticket_use_global_stock":"","_tribe_ticket_global_stock_level":"","_global_stock_mode":"","_global_stock_cap":"","_tribe_rsvp_for_event":"","_tribe_ticket_going_count":"","_tribe_ticket_not_going_count":"","_tribe_tickets_list":"[]","_tribe_ticket_has_attendee_info_fields":false,"footnotes":"","_tec_slr_enabled":"","_tec_slr_layout":""},"class_list":["post-13844","page","type-page","status-publish","hentry"],"ticketed":false,"post_mailing_queue_ids":[],"_links":{"self":[{"href":"https:\/\/13muz.eu\/en\/wp-json\/wp\/v2\/pages\/13844","targetHints":{"allow":["GET"]}}],"collection":[{"href":"https:\/\/13muz.eu\/en\/wp-json\/wp\/v2\/pages"}],"about":[{"href":"https:\/\/13muz.eu\/en\/wp-json\/wp\/v2\/types\/page"}],"author":[{"embeddable":true,"href":"https:\/\/13muz.eu\/en\/wp-json\/wp\/v2\/users\/1"}],"replies":[{"embeddable":true,"href":"https:\/\/13muz.eu\/en\/wp-json\/wp\/v2\/comments?post=13844"}],"version-history":[{"count":0,"href":"https:\/\/13muz.eu\/en\/wp-json\/wp\/v2\/pages\/13844\/revisions"}],"wp:attachment":[{"href":"https:\/\/13muz.eu\/en\/wp-json\/wp\/v2\/media?parent=13844"}],"curies":[{"name":"wp","href":"https:\/\/api.w.org\/{rel}","templated":true}]}}