{"id":137,"date":"2017-12-07T11:16:22","date_gmt":"2017-12-07T11:16:22","guid":{"rendered":"http:\/\/test.13muz.eu\/?page_id=137"},"modified":"2023-03-17T10:49:51","modified_gmt":"2023-03-17T09:49:51","slug":"pracownicy","status":"publish","type":"page","link":"https:\/\/13muz.eu\/en\/pracownicy\/","title":{"rendered":"Pracownicy"},"content":{"rendered":"<div>Dyrektor<\/div>\n<div><strong>Waldemar Kulpa<\/strong><\/div>\n<div><a href=\"mailto:dyrektor@13muz.eu\" target=\"_blank\" rel=\"noopener noreferrer\">dyrektor@13muz.eu<\/a>&nbsp;\/ +48&nbsp;601&nbsp;625&nbsp;244<br \/>\n&nbsp;<\/div>\n<div>Zast\u0119pca dyrektora<\/div>\n<div><strong>Maja Olendzka<\/strong><\/div>\n<div><a href=\"mailto:m.olendzka@13muz.eu\" target=\"_blank\" rel=\"noopener noreferrer\">m.olendzka@13muz.eu<\/a>&nbsp;\/ +48 502 461 400<\/div>\n<div>&nbsp;<\/div>\n<div>G\u0142\u00f3wny Ksi\u0119gowy<\/div>\n<div><strong>Alicja Kozub<\/strong><\/div>\n<div><a href=\"mailto:ala.kozub@13muz.eu\" target=\"_blank\" rel=\"noopener noreferrer\">ala.kozub@13muz.eu<\/a>&nbsp;\/ +48&nbsp;509&nbsp;805&nbsp;749<br \/>\n&nbsp;<\/div>\n<div>Kadry, ksi\u0119gowo\u015b\u0107<\/div>\n<div><strong>Aneta Bonarska<\/strong><\/div>\n<div><a href=\"mailto:a.bonarska@13muz.eu\" target=\"_blank\" rel=\"noopener noreferrer\">a.bonarska@13muz.eu<\/a>&nbsp;\/ +48&nbsp;694&nbsp;331&nbsp;996<\/div>\n<div>&nbsp;<\/div>\n<div>Administracja, inspektor danych osobowych<\/div>\n<div><strong>Aneta Ma\u0142gorzata Kality\u0144ska<\/strong><\/div>\n<div><a href=\"mailto:a.kalitynska@13muz.eu\" target=\"_blank\" rel=\"noopener noreferrer\">a.kalitynska@13muz.eu<\/a>&nbsp;\/ +48 509 577 669<br \/>\n&nbsp;<\/div>\n<div>Organizacja wydarze\u0144<\/div>\n<div><strong>Janusz Janiszewski<\/strong><\/div>\n<div><a href=\"mailto:j.janiszewski@13muz.eu\" target=\"_blank\" rel=\"noopener noreferrer\">j.janiszewski@13muz.eu<\/a>&nbsp;\/ +48&nbsp;501&nbsp;791&nbsp;491<br \/>\n&nbsp;<\/div>\n<div>Wynajem sal, organizacja wydarze\u0144<\/div>\n<div><strong>Marta Ostasz<\/strong><\/div>\n<div><a href=\"mailto:m.ostasz@13muz.eu\" target=\"_blank\" rel=\"noopener noreferrer\">m.ostasz@13muz.eu<\/a>&nbsp;\/&nbsp;+48 502 383&nbsp;070<br \/>\n&nbsp;<\/div>\n<div>Promocja, kontakt z mediami<\/div>\n<div><strong>Kamil Robak<\/strong><br \/>\n<a href=\"mailto:k.robak@13muz.eu\" target=\"_blank\" rel=\"noopener noreferrer\">k.robak@13muz.eu<\/a>&nbsp;\/ +48&nbsp;513&nbsp;409&nbsp;700<\/div>\n<div>\n<div>&nbsp;<\/div>\n<\/div>\n<div>Godziny pracy:<\/div>\n<div>zesp\u00f3\u0142 administracyjny 8:00-16:00.<\/div>\n<div>zesp\u00f3\u0142 merytoryczny 8:00-16:00.<\/div>\n<div>&nbsp;<\/div>\n<div><a href=\"https:\/\/13muz.eu\/regulamin-naboru-pracownikow\/\" target=\"_blank\" rel=\"noopener noreferrer\"><span style=\"color: #ff00ff;\">Regulamin naboru pracownik\u00f3w<\/span><\/a><\/div>\n<div>&nbsp;<\/div>\n<div><a href=\"https:\/\/13muz.eu\/kodeks-etyki-pracownikow-domu-kultury-13-muz-2\/\" target=\"_blank\" rel=\"noopener\">Kodeks etyki pracownik\u00f3w Domu Kultury \u201e13 Muz\u201d<\/a><\/div>\n","protected":false},"excerpt":{"rendered":"<p>Dyrektor Waldemar Kulpa dyrektor@13muz.eu&nbsp;\/ +48&nbsp;601&nbsp;625&nbsp;244 &nbsp; Zast\u0119pca dyrektora Maja Olendzka m.olendzka@13muz.eu&nbsp;\/ +48 502 461 400 &nbsp; G\u0142\u00f3wny Ksi\u0119gowy Alicja Kozub ala.kozub@13muz.eu&nbsp;\/ +48&nbsp;509&nbsp;805&nbsp;749 &nbsp; Kadry, ksi\u0119gowo\u015b\u0107 Aneta Bonarska a.bonarska@13muz.eu&nbsp;\/ +48&nbsp;694&nbsp;331&nbsp;996 &nbsp; Administracja, inspektor danych osobowych Aneta Ma\u0142gorzata Kality\u0144ska a.kalitynska@13muz.eu&nbsp;\/ +48 509 577 669 &nbsp; Organizacja wydarze\u0144 Janusz Janiszewski j.janiszewski@13muz.eu&nbsp;\/ +48&nbsp;501&nbsp;791&nbsp;491 &nbsp; Wynajem sal, organizacja wydarze\u0144 Marta Ostasz m.ostasz@13muz.eu&nbsp;\/&nbsp;+48 502 383&nbsp;070 &nbsp; Promocja, kontakt z mediami Kamil Robak k.robak@13muz.eu&nbsp;\/ +48&nbsp;513&nbsp;409&nbsp;700 &nbsp; Godziny pracy: zesp\u00f3\u0142 administracyjny 8:00-16:00. zesp\u00f3\u0142 merytoryczny 8:00-16:00. &nbsp; Regulamin naboru pracownik\u00f3w &nbsp; Kodeks etyki pracownik\u00f3w Domu Kultury \u201e13 Muz\u201d<\/p>\n","protected":false},"author":1,"featured_media":0,"parent":0,"menu_order":0,"comment_status":"closed","ping_status":"closed","template":"","meta":{"ngg_post_thumbnail":0,"_price":"","_stock":"","_tribe_ticket_header":"","_tribe_default_ticket_provider":"","_ticket_start_date":"","_ticket_end_date":"","_tribe_ticket_show_description":"","_tribe_ticket_show_not_going":false,"_tribe_ticket_use_global_stock":"","_tribe_ticket_global_stock_level":"","_global_stock_mode":"","_global_stock_cap":"","_tribe_rsvp_for_event":"","_tribe_ticket_going_count":"","_tribe_ticket_not_going_count":"","_tribe_tickets_list":"[]","_tribe_ticket_has_attendee_info_fields":false,"footnotes":"","_tec_slr_enabled":"","_tec_slr_layout":""},"class_list":["post-137","page","type-page","status-publish","hentry"],"ticketed":false,"post_mailing_queue_ids":[],"_links":{"self":[{"href":"https:\/\/13muz.eu\/en\/wp-json\/wp\/v2\/pages\/137","targetHints":{"allow":["GET"]}}],"collection":[{"href":"https:\/\/13muz.eu\/en\/wp-json\/wp\/v2\/pages"}],"about":[{"href":"https:\/\/13muz.eu\/en\/wp-json\/wp\/v2\/types\/page"}],"author":[{"embeddable":true,"href":"https:\/\/13muz.eu\/en\/wp-json\/wp\/v2\/users\/1"}],"replies":[{"embeddable":true,"href":"https:\/\/13muz.eu\/en\/wp-json\/wp\/v2\/comments?post=137"}],"version-history":[{"count":0,"href":"https:\/\/13muz.eu\/en\/wp-json\/wp\/v2\/pages\/137\/revisions"}],"wp:attachment":[{"href":"https:\/\/13muz.eu\/en\/wp-json\/wp\/v2\/media?parent=137"}],"curies":[{"name":"wp","href":"https:\/\/api.w.org\/{rel}","templated":true}]}}