{"id":135,"date":"2017-12-07T11:16:11","date_gmt":"2017-12-07T11:16:11","guid":{"rendered":"http:\/\/test.13muz.eu\/?page_id=135"},"modified":"2025-03-31T11:00:55","modified_gmt":"2025-03-31T09:00:55","slug":"zamowienia-publiczne","status":"publish","type":"page","link":"https:\/\/13muz.eu\/en\/zamowienia-publiczne\/","title":{"rendered":"Zam\u00f3wienia publiczne"},"content":{"rendered":"\r\n<div class=\"wp-block-group\"><div class=\"wp-block-group__inner-container is-layout-flow wp-block-group-is-layout-flow\">\r\n<p>Og\u0142oszenie o zam\u00f3wieniu publicznym na&nbsp; kompleksowa obs\u0142uga techniczna projektu \u201eReymont &#8211; \u017bywe opowie\u015bci\u201d realizowanego w ramach programu NCK Reymont &#8211; Interwencje 2025 &#8211; data publikacji 11.03.2025<\/p>\r\n<p>Wi\u0119cej informacji &#8211; <a href=\"https:\/\/13muz.eu\/zamowienie-publiczne-2025-03-11\/\" target=\"_blank\" rel=\"noopener\">kliknij tutaj<\/a><\/p>\r\n<p><strong>Informacja o wyborze oferty<\/strong><\/p>\r\n<p>I. Przedmiot zam\u00f3wienia:<br>Przedmiotem zam\u00f3wienia jest kompleksowa obs\u0142uga techniczna projektu \u201eReymont \u2014 \u017bywe opowie\u015bci\u201c realizowanego w ramach programu NCK Reymont \u2014 Interwencje 2025, obejmuj\u0105ca:<br>1. Stworzenie platformy internetowej w formie strony internetowej projektu, dostosowanej do wymaga\u0144 WCAG 2.1, wraz z zamieszczeniem na niej materia\u0142\u00f3w projektowych.<br>2. Nagranie i monta\u017c 6 podcast\u00f3w o d\u0142ugo\u015bci od 17 do 23 minut oraz umieszczenie ich na platformie Spotify i stronie projektu.<br>3. Nagranie i monta\u017c 3 film\u00f3w o d\u0142ugo\u015bci 4-6 minut oraz umieszczenie ich na stronie projektu.<br>4. Stworzenie formularza online do obs\u0142ugi zg\u0142osze\u0144 online oraz przygotowanie link\u00f3w do kolejnych 6 spotka\u0144 warsztatowych (meeting\u00f3w online).<br>5. Stworzenie interaktywnej mapy na podstawie otrzymanych materia\u0142\u00f3w oraz jej implementacja na stronie projektu.<br>6. Nagranie audiokomentarzy do interaktywnej mapy oraz umieszczenie ich na stronie projektu.<\/p>\r\n<p>II. Tryb post\u0119powania: post\u0119powanie o udzielenie zam\u00f3wienia, prowadzonego w trybie art. 2 ust 1 pkt 1 ustawy Prawo zam\u00f3wie\u0144 publicznych, kt\u00f3rego warto\u015b\u0107 nie przekracza wyra\u017conej w z\u0142otych r\u00f3wnowarto\u015bci kwoty 30 000 euro<\/p>\r\n<p>Po przeanalizowaniu z\u0142o\u017conych w postepowaniu ofert wybrano ofert\u0119:<\/p>\r\n<p><strong>Know.it Konrad Dembczy\u0144ski <\/strong><strong>ul. Lubelska 29\/37, 71-043 Szczecin, NIP: 8512958006<br><br><\/strong><\/p>\r\n<p>Zam\u00f3wienie publiczne na realizacj\u0119 zadania: \u201eWykonanie czynno\u015bci pe\u0142nomocnika Inwestora (Dom Kultury \u201e13 Muz\u201d) obejmuj\u0105cych nadz\u00f3r inwestorski nad realizacj\u0105 zam\u00f3wienia publicznego Wykonanie dokumentacji budowlanej \u2013 Program funkcjonalno-u\u017cytkowy (PFU) oraz koncepcji architektonicznej Domu Kultury 13 Muz w Szczecinie\u201d &#8211; data publikacji 04.10.2024<\/p>\r\n<p>Wi\u0119cej informacji &#8211; <a href=\"https:\/\/13muz.eu\/zamowienie-publiczne-2024-10-04\/\" target=\"_blank\" rel=\"noopener\">kliknij tutaj<\/a><br><br><strong>Informacja o wyborze oferty<\/strong><\/p>\r\n<ol>\r\n<li>Przedmiot zam\u00f3wienia:<\/li>\r\n<\/ol>\r\n<div><strong>\u201eWykonanie czynno\u015bci pe\u0142nomocnika Inwestora (Dom Kultury \u201e13 Muz\u201d) obejmuj\u0105cych nadz\u00f3r inwestorski nad realizacj\u0105 zam\u00f3wienia publicznego Wykonanie dokumentacji budowlanej \u2013 Program funkcjonalno-u\u017cytkowy (PFU) oraz koncepcji architektonicznej Domu Kultury 13 Muz w Szczecinie\u201d.<\/strong><\/div>\r\n<ol start=\"2\">\r\n<li>Tryb post\u0119powania: post\u0119powanie o udzielenie zam\u00f3wienia, prowadzonego w trybie art. 2 ust 1 pkt 1 ustawy Prawo zam\u00f3wie\u0144 publicznych, kt\u00f3rego warto\u015b\u0107 nie przekracza wyra\u017conej w z\u0142otych r\u00f3wnowarto\u015bci kwoty 30 000 euro<\/li>\r\n<\/ol>\r\n<div>W zwi\u0105zku z przeprowadzeniem procedury zam\u00f3wienia publicznego wy\u0142oniono Wykonawc\u0119:<br><br><strong>Architektura Ryszard D\u0142ugopolski al. Papie\u017ca Jana Paw\u0142a II 22\/2, 70-453 Szczecin, <\/strong><strong>NIP: 955-172-70-85<br><br><br><br><\/strong>Zam\u00f3wienie publiczne na realizacj\u0119 zadania: \u201eWykonanie dokumentacji budowlanej &#8211; Program funkcjonalno-u\u017cytkowy (PFU) oraz koncepcji architektonicznej Domu Kultury 13 Muz w Szczecinie\u201d &#8211; data publikacji 04.09.2024<\/div>\r\n<p>Wi\u0119cej informacji &#8211; <a href=\"https:\/\/13muz.eu\/zamowienie-publiczne-2024-09-04\/\" target=\"_blank\" rel=\"noopener\">kliknij tutaj<\/a><\/p>\r\n<div><strong>Informacja o wyborze oferty<\/strong><\/div>\r\n<ol>\r\n<li>Przedmiot zam\u00f3wienia:<\/li>\r\n<\/ol>\r\n<div><strong>\u201eWykonanie dokumentacji budowlanej &#8211; Program funkcjonalno-u\u017cytkowy (PFU) oraz koncepcji architektonicznej Domu Kultury 13 Muz w Szczecinie\u201d.<\/strong><\/div>\r\n<ol start=\"2\">\r\n<li>Tryb post\u0119powania: post\u0119powanie o udzielenie zam\u00f3wienia, prowadzonego w trybie art. 2 ust 1 pkt 1 ustawy Prawo zam\u00f3wie\u0144 publicznych, kt\u00f3rego warto\u015b\u0107 nie przekracza wyra\u017conej w z\u0142otych r\u00f3wnowarto\u015bci kwoty 30 000 euro<\/li>\r\n<\/ol>\r\n<div>W zwi\u0105zku z przeprowadzeniem procedury zam\u00f3wienia publicznego wy\u0142oniono Wykonawc\u0119:<br><br><strong>BIASTUDIO Sp. z o.o. ul. Osikowa 22, 71-015 Szczecin, <\/strong><strong>KRS 0000822239 , NIP: 8522661207, REGON: 385231190<br><br><\/strong><\/div>\r\n<\/div>\r\n<div><strong>&nbsp;<\/strong><\/div>\r\n<div>&nbsp;<\/div><\/div>\r\n\r\n\r\n\r\n<div class=\"wp-block-group\"><div class=\"wp-block-group__inner-container is-layout-flow wp-block-group-is-layout-flow\">\r\n<div class=\"wp-block-group\"><div class=\"wp-block-group__inner-container is-layout-flow wp-block-group-is-layout-flow\">\r\n<div>\r\n<div>\r\n<div>Zam\u00f3wienie publiczne w formie zapytania ofertowego na realizacj\u0119 zadania: \u201eRemont i izolacja \u015bcian piwnicy budynku DK 13 Muz od placu \u017bo\u0142nierza Polskiego &#8211; prace dodatkowe\u201d &#8211; data publikacji 12.10.2023<br><br>Wi\u0119cej informacji &#8211; <a href=\"https:\/\/13muz.eu\/zamowienie-publiczne-2023-10-12-2\/\" target=\"_blank\" rel=\"noopener\">kliknij tutaj<\/a><br><br>\r\n<div><strong>Informacja o wyborze oferty<\/strong><\/div>\r\n<ol>\r\n<li>Przedmiot zam\u00f3wienia:<\/li>\r\n<\/ol>\r\n<div><strong>\u201eRemont i izolacja \u015bcian piwnicy budynku DK 13 Muz od placu \u017bo\u0142nierza Polskiego &#8211; prace dodatkowe\u201d.<\/strong><\/div>\r\n<ol start=\"2\">\r\n<li>Tryb post\u0119powania: post\u0119powanie o udzielenie zam\u00f3wienia, prowadzonego w trybie art. 2 ust 1 pkt 1 ustawy Prawo zam\u00f3wie\u0144 publicznych, kt\u00f3rego warto\u015b\u0107 nie przekracza wyra\u017conej w z\u0142otych r\u00f3wnowarto\u015bci kwoty 30 000 euro<\/li>\r\n<\/ol>\r\n<div>W zwi\u0105zku z przeprowadzeniem procedury zam\u00f3wienia publicznego wy\u0142oniono Wykonawc\u0119:<br><br><strong>JK Adam Kania ul. <\/strong><strong>Andrzeja Ma\u0142kowskiego 19\/2, 70-306 Szczecin<br><br><br><br><\/strong>Zam\u00f3wienie publiczne w formie zapytania ofertowego na realizacj\u0119 zadania: \u201eWykonanie koniecznej naprawy dekarsko-blacharskiej dachu oraz wymiana drzwi zewn\u0119trznych piwnicy Domu Kultury \u201e13 Muz\u201d w Szczecinie\u201d &#8211; data publikacji 12.10.2023<\/div>\r\n<\/div>\r\n<div>&nbsp;<\/div>\r\n<div>Wi\u0119cej informacji &#8211; <a href=\"https:\/\/13muz.eu\/zamowienie-publiczne-2023-10-12\" target=\"_blank\" rel=\"noopener\">kliknij tutaj<\/a><br><br>\r\n<div><strong>Informacja o wyborze oferty<\/strong><\/div>\r\n<ol>\r\n<li>Przedmiot zam\u00f3wienia:<\/li>\r\n<\/ol>\r\n<div><strong>\u201eWykonanie koniecznej naprawy dekarsko-blacharskiej dachu oraz wymiana drzwi zewn\u0119trznych piwnicy Domu Kultury \u201e13 Muz\u201d w Szczecinie\u201d.<\/strong><\/div>\r\n<ol start=\"2\">\r\n<li>Tryb post\u0119powania: post\u0119powanie o udzielenie zam\u00f3wienia, prowadzonego w trybie art. 2 ust 1 pkt 1 ustawy Prawo zam\u00f3wie\u0144 publicznych, kt\u00f3rego warto\u015b\u0107 nie przekracza wyra\u017conej w z\u0142otych r\u00f3wnowarto\u015bci kwoty 30 000 euro<\/li>\r\n<\/ol>\r\n<div>W zwi\u0105zku z przeprowadzeniem procedury zam\u00f3wienia publicznego wy\u0142oniono Wykonawc\u0119:<br><br><strong>JK Adam Kania ul. <\/strong><strong>Andrzeja Ma\u0142kowskiego 19\/2, 70-306 Szczecin<br><br><br><br><\/strong>Zam\u00f3wienie publiczne w formie zapytania ofertowego na realizacj\u0119 zadania: \u201eWykonanie prac remontowych zwi\u0105zanych z konserwacj\u0105, renowacj\u0105 oraz napraw\u0105 zabytkowych wielkogabarytowych drzwi wej\u015bciowych do budynku DK \u201e13 Muz\u201d \u2013 data publikacji 28.06.2023<\/div>\r\n<\/div>\r\n<\/div>\r\n<div>&nbsp;<\/div>\r\n<div>Wi\u0119cej informacji &#8211; <a href=\"https:\/\/13muz.eu\/zamowienie-publiczne-2023-06-28\/\" target=\"_blank\" rel=\"noopener\">kliknij tutaj<\/a><br><span style=\"color: initial; font-size: revert;\"><br>W zwi\u0105zku z przeprowadzeniem procedury zam\u00f3wienia publicznego wy\u0142oniono Wykonawc\u0119:<\/span>\r\n<div class=\"default-style\">&nbsp;<\/div>\r\n<div><strong>Patrik Art. Pracownia witra\u017cy. Dziemianowski P. ul. <\/strong><strong>Kr\u00f3lowej Jadwigi 6, 87-100 Toru\u0144<br><\/strong><br><br><br><span style=\"color: initial; font-size: revert;\">Zam\u00f3wienie publiczne w formie zapytania ofertowego na realizacj\u0119 zadania: \u201eNadz\u00f3r inwestorski nad remontem izolacji \u015bcian piwnicy budynku DK 13 Muz od placu \u017bo\u0142nierza Polskiego 2\u201d \u2013 data publikacji 14.02.2023<\/span><\/div>\r\n<\/div>\r\n<\/div>\r\n<div>\r\n<p>Wi\u0119cej informacji &#8211; <a href=\"https:\/\/13muz.eu\/zamowienie-publiczne-2023-02-14\/\" target=\"_blank\" rel=\"noopener\">kliknij tutaj<\/a><\/p>\r\n<p>W zwi\u0105zku z przeprowadzeniem procedury zam\u00f3wienia publicznego wy\u0142oniono Wykonawc\u0119:<\/p>\r\n<div class=\"wpb_text_column wpb_content_element\">\r\n<div class=\"wpb_wrapper\">\r\n<div><strong>BIASTUDIO SP. Z O. O. ul. <\/strong><strong>Osikowa 22, 71-015 Szczecin<br><\/strong><br><br><br><span style=\"font-size: revert; color: initial;\">Zam\u00f3wienie publiczne w formie zapytania ofertowego na realizacj\u0119 zadania: \u201eRemont i izolacja \u015bcian piwnicy budynku DK 13 Muz od placu \u017bo\u0142nierza Polskiego 2\u201d &#8211;<\/span><span style=\"color: initial; font-size: revert;\"> data publikacji 07.02.2023<\/span><\/div>\r\n<\/div>\r\n<\/div>\r\n<\/div>\r\n<div>Wi\u0119cej informacji &#8211; <a href=\"https:\/\/13muz.eu\/zamowienie-publiczne-2023-02-07\/\" target=\"_blank\" rel=\"noopener\">kliknij tutaj<\/a><\/div>\r\n<div>&nbsp;<\/div>\r\n<div>\r\n<div><strong>Informacja o wyborze oferty<\/strong><\/div>\r\n<ol>\r\n<li>Przedmiot zam\u00f3wienia:<\/li>\r\n<\/ol>\r\n<div><strong>\u201eRemont i izolacja \u015bcian piwnicy budynku DK 13 Muz od ulicy Plac \u017bo\u0142nierza Polskiego\u201d.<\/strong><\/div>\r\n<ol start=\"2\">\r\n<li>Tryb post\u0119powania: post\u0119powanie o udzielenie zam\u00f3wienia, prowadzonego w trybie art. 2 ust 1 pkt 1 ustawy Prawo zam\u00f3wie\u0144 publicznych, kt\u00f3rego warto\u015b\u0107 nie przekracza wyra\u017conej w z\u0142otych r\u00f3wnowarto\u015bci kwoty 30 000 euro<\/li>\r\n<\/ol>\r\n<div>W zwi\u0105zku z przeprowadzeniem procedury zam\u00f3wienia publicznego wy\u0142oniono Wykonawc\u0119:<\/div>\r\n<div>&nbsp;<\/div>\r\n<div><strong>JK Adam Kania ul. <\/strong><strong>Andrzeja Ma\u0142kowskiego 19\/2, 70-306 Szczecin<br><br><\/strong><\/div>\r\n<\/div>\r\n<div>&nbsp;<\/div>\r\n<div>\r\n<p>Tutaj znajdziecie Pa\u0144stwo regulamin udzielania zam\u00f3wie\u0144 publicznych Domu Kultury \u201e13 Muz\u201d.<\/p>\r\n<center>\r\n<p><strong>ZARZ\u0104DZENIE Nr 1\/2021<\/strong><\/p>\r\n<p><strong>Dyrektora Domu Kultury \u201e13 Muz\u201d w Szczecinie<\/strong><\/p>\r\n<p><strong>z dnia 6 stycznia 2021 roku <\/strong><strong>w sprawie Regulaminu udzielania zam\u00f3wie\u0144 wy\u0142\u0105czonych z obowi\u0105zku stosowania ustawy Prawo zam\u00f3wie\u0144 publicznych<\/strong><\/p>\r\n<\/center><center><a href=\"https:\/\/13muz.eu\/wp-content\/uploads\/2021\/03\/Zarzadzenie-Nr-1-2021-regulamin-zamowien-wylaczonych-z-obowiazku-stosowania-ustawy-PZP.pdf\" target=\"_blank\" rel=\"noopener noreferrer\"><img loading=\"lazy\" decoding=\"async\" class=\"aligncenter wp-image-14177\" src=\"https:\/\/13muz.eu\/wp-content\/uploads\/2018\/06\/pdf-file-format-symbol-150x150.png\" alt=\"\" width=\"70\" height=\"70\" srcset=\"https:\/\/13muz.eu\/wp-content\/uploads\/2018\/06\/pdf-file-format-symbol-150x150.png 150w, https:\/\/13muz.eu\/wp-content\/uploads\/2018\/06\/pdf-file-format-symbol-130x130.png 130w, https:\/\/13muz.eu\/wp-content\/uploads\/2018\/06\/pdf-file-format-symbol.png 256w\" sizes=\"auto, (max-width: 70px) 100vw, 70px\" \/><\/a><\/center><\/div>\r\n<\/div><\/div>\r\n<\/div><\/div>\r\n","protected":false},"excerpt":{"rendered":"<p>Og\u0142oszenie o zam\u00f3wieniu publicznym na&nbsp; kompleksowa obs\u0142uga techniczna projektu \u201eReymont &#8211; \u017bywe opowie\u015bci\u201d realizowanego w ramach programu NCK Reymont &#8211; Interwencje 2025 &#8211; data publikacji 11.03.2025 Wi\u0119cej informacji &#8211; kliknij tutaj Informacja o wyborze oferty I. Przedmiot zam\u00f3wienia:Przedmiotem zam\u00f3wienia jest kompleksowa obs\u0142uga techniczna projektu \u201eReymont \u2014 \u017bywe opowie\u015bci\u201c realizowanego w ramach programu NCK Reymont \u2014 Interwencje 2025, obejmuj\u0105ca:1. Stworzenie platformy internetowej w formie strony internetowej projektu, dostosowanej do wymaga\u0144 WCAG 2.1, wraz z zamieszczeniem na niej materia\u0142\u00f3w projektowych.2. Nagranie i monta\u017c 6 podcast\u00f3w o d\u0142ugo\u015bci od 17 do 23 minut oraz umieszczenie ich na platformie Spotify i stronie projektu.3. Nagranie [&hellip;]<\/p>\n","protected":false},"author":1,"featured_media":0,"parent":0,"menu_order":0,"comment_status":"closed","ping_status":"closed","template":"","meta":{"ngg_post_thumbnail":0,"_price":"","_stock":"","_tribe_ticket_header":"","_tribe_default_ticket_provider":"","_ticket_start_date":"","_ticket_end_date":"","_tribe_ticket_show_description":"","_tribe_ticket_show_not_going":false,"_tribe_ticket_use_global_stock":"","_tribe_ticket_global_stock_level":"","_global_stock_mode":"","_global_stock_cap":"","_tribe_rsvp_for_event":"","_tribe_ticket_going_count":"","_tribe_ticket_not_going_count":"","_tribe_tickets_list":"[]","_tribe_ticket_has_attendee_info_fields":false,"footnotes":"","_tec_slr_enabled":"","_tec_slr_layout":""},"class_list":["post-135","page","type-page","status-publish","hentry"],"ticketed":false,"post_mailing_queue_ids":[],"_links":{"self":[{"href":"https:\/\/13muz.eu\/en\/wp-json\/wp\/v2\/pages\/135","targetHints":{"allow":["GET"]}}],"collection":[{"href":"https:\/\/13muz.eu\/en\/wp-json\/wp\/v2\/pages"}],"about":[{"href":"https:\/\/13muz.eu\/en\/wp-json\/wp\/v2\/types\/page"}],"author":[{"embeddable":true,"href":"https:\/\/13muz.eu\/en\/wp-json\/wp\/v2\/users\/1"}],"replies":[{"embeddable":true,"href":"https:\/\/13muz.eu\/en\/wp-json\/wp\/v2\/comments?post=135"}],"version-history":[{"count":0,"href":"https:\/\/13muz.eu\/en\/wp-json\/wp\/v2\/pages\/135\/revisions"}],"wp:attachment":[{"href":"https:\/\/13muz.eu\/en\/wp-json\/wp\/v2\/media?parent=135"}],"curies":[{"name":"wp","href":"https:\/\/api.w.org\/{rel}","templated":true}]}}