{"id":133,"date":"2017-12-07T11:16:03","date_gmt":"2017-12-07T11:16:03","guid":{"rendered":"http:\/\/test.13muz.eu\/?page_id=133"},"modified":"2025-08-08T13:12:44","modified_gmt":"2025-08-08T11:12:44","slug":"budzet","status":"publish","type":"page","link":"https:\/\/13muz.eu\/en\/budzet\/","title":{"rendered":"Bud\u017cet"},"content":{"rendered":"<p style=\"text-align: justify;\">Dom Kultury ,,13 Muz&#8221; prowadzi gospodark\u0119 finansow\u0105 na zasadach okre\u015blonych w ustawie o organizowaniu i prowadzeniu dzia\u0142alno\u015bci kulturalnej &#8211; samodzielnie gospodaruje mieniem oraz prowadzi samodzieln\u0105 gospodark\u0119 finansow\u0105 w ramach posiadanych \u015brodk\u00f3w, kieruj\u0105c si\u0119 zasadami efektywno\u015bci ich wykorzystania. ,,13 Muz&#8221; uzyskuje \u015brodki finansowe na prowadzenie dzia\u0142alno\u015bci z nast\u0119puj\u0105cych \u017ar\u00f3de\u0142:<\/p>\r\n<ul>\r\n<li>dzia\u0142alno\u015bci statutowej,<\/li>\r\n<li>najmu sk\u0142adnik\u00f3w maj\u0105tkowych,<\/li>\r\n<li>dotacji podmiotowej i celowej z bud\u017cetu Gminy Miasto Szczecin,<\/li>\r\n<li>dotacji celowej na zadania z bud\u017cetu pa\u0144stwa, z cz\u0119\u015bci, kt\u00f3rej dysponentem jest minister w\u0142a\u015bciwy do spraw kultury i ochrony dziedzictwa narodowego,<\/li>\r\n<li>\u015brodk\u00f3w otrzymanych od os\u00f3b fizycznych i prawnych,<\/li>\r\n<li>innych \u017ar\u00f3de\u0142,<\/li>\r\n<li>dzia\u0142alno\u015bci gospodarczej.<\/li>\r\n<\/ul>\r\n<table border=\"0\" frame=\"VOID\" rules=\"NONE\" cellspacing=\"0\"><colgroup> <col width=\"86\"> <col width=\"143\"> <col width=\"143\"> <col width=\"143\"> <col width=\"143\"><\/colgroup>\r\n<tbody>\r\n<tr>\r\n<td align=\"CENTER\" valign=\"MIDDLE\" width=\"86\" height=\"51\"><span style=\"font-family: Calibri;\">&nbsp;<\/span><\/td>\r\n<td align=\"CENTER\" valign=\"MIDDLE\" bgcolor=\"#CCCCCC\" width=\"143\"><b><span style=\"font-family: Calibri;\">PRZYCHODY OG\u00d3\u0141EM (wg RZiS)<\/span><\/b><\/td>\r\n<td align=\"CENTER\" valign=\"MIDDLE\" bgcolor=\"#CCCCCC\" width=\"143\"><b><span style=\"font-family: Calibri;\">Dotacja podmiotowa z bud\u017cetu Miasta Szczecin <\/span><\/b><\/td>\r\n<td align=\"CENTER\" valign=\"MIDDLE\" bgcolor=\"#CCCCCC\" width=\"143\"><b><span style=\"font-family: Calibri;\">Dotacja celowa z bud\u017cetu Miasta Szczecin <\/span><\/b><\/td>\r\n<td align=\"CENTER\" valign=\"MIDDLE\" bgcolor=\"#CCCCCC\" width=\"143\"><b><span style=\"font-family: Calibri;\">Dotacja inwestycyjna z bud\u017cetu Miasta Szczecin <\/span><\/b><\/td>\r\n<\/tr>\r\n<tr>\r\n<td align=\"CENTER\" valign=\"MIDDLE\" bgcolor=\"#DDDDDD\" height=\"21\"><span style=\"font-family: Calibri;\">2012<\/span><\/td>\r\n<td align=\"CENTER\" valign=\"MIDDLE\"><span style=\"font-family: Calibri;\">2&nbsp;071&nbsp;344 z\u0142<\/span><\/td>\r\n<td align=\"CENTER\" valign=\"MIDDLE\"><span style=\"font-family: Calibri;\">1&nbsp;481&nbsp;344 z\u0142<\/span><\/td>\r\n<td align=\"CENTER\" valign=\"MIDDLE\"><span style=\"font-family: Calibri;\">216&nbsp;999 z\u0142<\/span><\/td>\r\n<td align=\"CENTER\" valign=\"MIDDLE\"><span style=\"font-family: Calibri;\">&#8211;<\/span><\/td>\r\n<\/tr>\r\n<tr>\r\n<td align=\"CENTER\" valign=\"MIDDLE\" bgcolor=\"#CCCCCC\" height=\"21\"><span style=\"font-family: Calibri;\">2013<\/span><\/td>\r\n<td align=\"CENTER\" valign=\"MIDDLE\" bgcolor=\"#EEEEEE\"><span style=\"font-family: Calibri;\">1&nbsp;565&nbsp;401 z\u0142<\/span><\/td>\r\n<td align=\"CENTER\" valign=\"MIDDLE\" bgcolor=\"#EEEEEE\"><span style=\"font-family: Calibri;\">1&nbsp;373&nbsp;000 z\u0142<\/span><\/td>\r\n<td align=\"CENTER\" valign=\"MIDDLE\" bgcolor=\"#EEEEEE\"><span style=\"font-family: Calibri;\">7&nbsp;000 z\u0142<\/span><\/td>\r\n<td align=\"CENTER\" valign=\"MIDDLE\" bgcolor=\"#EEEEEE\"><span style=\"font-family: Calibri;\">&#8211;<\/span><\/td>\r\n<\/tr>\r\n<tr>\r\n<td align=\"CENTER\" valign=\"MIDDLE\" bgcolor=\"#DDDDDD\" height=\"21\"><span style=\"font-family: Calibri;\">2014<\/span><\/td>\r\n<td align=\"CENTER\" valign=\"MIDDLE\"><span style=\"font-family: Calibri;\">1&nbsp;942&nbsp;846 z\u0142<\/span><\/td>\r\n<td align=\"CENTER\" valign=\"MIDDLE\"><span style=\"font-family: Calibri;\">1&nbsp;383&nbsp;771 z\u0142<\/span><\/td>\r\n<td align=\"CENTER\" valign=\"MIDDLE\"><span style=\"font-family: Calibri;\">80&nbsp;000 z\u0142<\/span><\/td>\r\n<td align=\"CENTER\" valign=\"MIDDLE\"><span style=\"font-family: Calibri;\">&#8211;<\/span><\/td>\r\n<\/tr>\r\n<tr>\r\n<td align=\"CENTER\" valign=\"MIDDLE\" bgcolor=\"#CCCCCC\" height=\"21\"><span style=\"font-family: Calibri;\">2015<\/span><\/td>\r\n<td align=\"CENTER\" valign=\"MIDDLE\" bgcolor=\"#EEEEEE\"><span style=\"font-family: Calibri;\">1&nbsp;757&nbsp;740 z\u0142<\/span><\/td>\r\n<td align=\"CENTER\" valign=\"MIDDLE\" bgcolor=\"#EEEEEE\"><span style=\"font-family: Calibri;\">1&nbsp;376&nbsp;108 z\u0142<\/span><\/td>\r\n<td align=\"CENTER\" valign=\"MIDDLE\" bgcolor=\"#EEEEEE\"><span style=\"font-family: Calibri;\">&#8211;<\/span><\/td>\r\n<td align=\"CENTER\" valign=\"MIDDLE\" bgcolor=\"#EEEEEE\"><span style=\"font-family: Calibri;\">300&nbsp;000 z\u0142<\/span><\/td>\r\n<\/tr>\r\n<tr>\r\n<td align=\"CENTER\" valign=\"MIDDLE\" bgcolor=\"#DDDDDD\" height=\"21\"><span style=\"font-family: Calibri;\">2016<\/span><\/td>\r\n<td align=\"CENTER\" valign=\"MIDDLE\"><span style=\"font-family: Calibri;\">1&nbsp;836&nbsp;202 z\u0142<\/span><\/td>\r\n<td align=\"CENTER\" valign=\"MIDDLE\"><span style=\"font-family: Calibri;\">1&nbsp;577&nbsp;275 z\u0142<\/span><\/td>\r\n<td align=\"CENTER\" valign=\"MIDDLE\"><span style=\"font-family: Calibri;\">&#8211;<\/span><\/td>\r\n<td align=\"CENTER\" valign=\"MIDDLE\"><span style=\"font-family: Calibri;\">316&nbsp;015 z\u0142<\/span><\/td>\r\n<\/tr>\r\n<tr>\r\n<td align=\"CENTER\" valign=\"MIDDLE\" bgcolor=\"#CCCCCC\" height=\"19\"><span style=\"font-family: Calibri;\">2017<\/span><\/td>\r\n<td align=\"CENTER\" valign=\"MIDDLE\" bgcolor=\"#EEEEEE\"><span style=\"font-family: Calibri;\">2&nbsp;428&nbsp;927 z\u0142<\/span><\/td>\r\n<td align=\"CENTER\" valign=\"MIDDLE\" bgcolor=\"#EEEEEE\"><span style=\"font-family: Calibri;\">1&nbsp;302&nbsp;299 z\u0142<\/span><\/td>\r\n<td align=\"CENTER\" valign=\"MIDDLE\" bgcolor=\"#EEEEEE\"><span style=\"font-family: Calibri;\">540&nbsp;000 z\u0142<\/span><\/td>\r\n<td align=\"CENTER\" valign=\"MIDDLE\" bgcolor=\"#EEEEEE\"><span style=\"font-family: Calibri;\">350&nbsp;000 z\u0142<\/span><\/td>\r\n<\/tr>\r\n<tr>\r\n<td align=\"CENTER\" valign=\"MIDDLE\" bgcolor=\"#DDDDDD\" height=\"21\"><span style=\"font-family: Calibri;\">2018<\/span><\/td>\r\n<td align=\"CENTER\" valign=\"MIDDLE\"><span style=\"font-family: Calibri;\">2&nbsp;700 213 z\u0142<\/span><\/td>\r\n<td align=\"CENTER\" valign=\"MIDDLE\"><span style=\"font-family: Calibri;\">1&nbsp;486 326 z\u0142<\/span><\/td>\r\n<td align=\"CENTER\" valign=\"MIDDLE\"><span style=\"font-family: Calibri;\">650 000 z\u0142<\/span><\/td>\r\n<td align=\"CENTER\" valign=\"MIDDLE\"><span style=\"font-family: Calibri;\">12&nbsp;300 z\u0142<\/span><\/td>\r\n<\/tr>\r\n<tr>\r\n<td align=\"CENTER\" valign=\"MIDDLE\" bgcolor=\"#CCCCCC\" height=\"19\"><span style=\"font-family: Calibri;\">2019<\/span><\/td>\r\n<td align=\"CENTER\" valign=\"MIDDLE\" bgcolor=\"#EEEEEE\"><span style=\"font-family: Calibri;\">2&nbsp;960&nbsp;698 z\u0142<\/span><\/td>\r\n<td align=\"CENTER\" valign=\"MIDDLE\" bgcolor=\"#EEEEEE\"><span style=\"font-family: Calibri;\">1&nbsp;506&nbsp;168 z\u0142<\/span><\/td>\r\n<td align=\"CENTER\" valign=\"MIDDLE\" bgcolor=\"#EEEEEE\"><span style=\"font-family: Calibri;\">750&nbsp;000 z\u0142<\/span><\/td>\r\n<td align=\"CENTER\" valign=\"MIDDLE\" bgcolor=\"#EEEEEE\"><span style=\"font-family: Calibri;\">0 z\u0142<\/span><\/td>\r\n<\/tr>\r\n<tr>\r\n<td align=\"CENTER\" valign=\"MIDDLE\" bgcolor=\"#DDDDDD\" height=\"21\"><span style=\"font-family: Calibri;\">2020<\/span><\/td>\r\n<td align=\"CENTER\" valign=\"MIDDLE\"><span style=\"font-family: Calibri;\">2&nbsp;155 120 z\u0142<\/span><\/td>\r\n<td align=\"CENTER\" valign=\"MIDDLE\"><span style=\"font-family: Calibri;\">1&nbsp;515 538 z\u0142<\/span><\/td>\r\n<td align=\"CENTER\" valign=\"MIDDLE\"><span style=\"font-family: Calibri;\">330 000 z\u0142<\/span><\/td>\r\n<td align=\"CENTER\" valign=\"MIDDLE\"><span style=\"font-family: Calibri;\">0 z\u0142<\/span><\/td>\r\n<\/tr>\r\n<tr>\r\n<td align=\"CENTER\" valign=\"MIDDLE\" bgcolor=\"#CCCCCC\" height=\"19\"><span style=\"font-family: Calibri;\">2021<\/span><\/td>\r\n<td align=\"CENTER\" valign=\"MIDDLE\" bgcolor=\"#EEEEEE\"><span style=\"font-family: Calibri;\">2&nbsp;684&nbsp;874 z\u0142<\/span><\/td>\r\n<td align=\"CENTER\" valign=\"MIDDLE\" bgcolor=\"#EEEEEE\"><span style=\"font-family: Calibri;\">1&nbsp;515&nbsp;538 z\u0142<\/span><\/td>\r\n<td align=\"CENTER\" valign=\"MIDDLE\" bgcolor=\"#EEEEEE\"><span style=\"font-family: Calibri;\">654&nbsp;965 z\u0142<\/span><\/td>\r\n<td align=\"CENTER\" valign=\"MIDDLE\" bgcolor=\"#EEEEEE\"><span style=\"font-family: Calibri;\">369&nbsp;146 z\u0142<\/span><\/td>\r\n<\/tr>\r\n<tr>\r\n<td align=\"CENTER\" valign=\"MIDDLE\" bgcolor=\"#DDDDDD\" height=\"21\"><span style=\"font-family: Calibri;\">2022<\/span><\/td>\r\n<td align=\"CENTER\" valign=\"MIDDLE\"><span style=\"font-family: Calibri;\">2&nbsp;251 177 z\u0142<\/span><\/td>\r\n<td align=\"CENTER\" valign=\"MIDDLE\"><span style=\"font-family: Calibri;\">1&nbsp;502 664 z\u0142<\/span><\/td>\r\n<td align=\"CENTER\" valign=\"MIDDLE\"><span style=\"font-family: Calibri;\">125 000 z\u0142<\/span><\/td>\r\n<td align=\"CENTER\" valign=\"MIDDLE\"><span style=\"font-family: Calibri;\">390 000 z\u0142<\/span><\/td>\r\n<\/tr>\r\n<tr>\r\n<td align=\"CENTER\" valign=\"MIDDLE\" bgcolor=\"#CCCCCC\" height=\"19\"><span style=\"font-family: Calibri;\">2023<\/span><\/td>\r\n<td align=\"CENTER\" valign=\"MIDDLE\" bgcolor=\"#EEEEEE\"><span style=\"font-family: Calibri;\">1&nbsp;861&nbsp;118 z\u0142<\/span><\/td>\r\n<td align=\"CENTER\" valign=\"MIDDLE\" bgcolor=\"#EEEEEE\"><span style=\"font-family: Calibri;\">1&nbsp;502&nbsp;644 z\u0142<\/span><\/td>\r\n<td align=\"CENTER\" valign=\"MIDDLE\" bgcolor=\"#EEEEEE\"><span style=\"font-family: Calibri;\">95&nbsp;000 z\u0142<\/span><\/td>\r\n<td align=\"CENTER\" valign=\"MIDDLE\" bgcolor=\"#EEEEEE\"><span style=\"font-family: Calibri;\">390&nbsp;000 z\u0142<\/span><\/td>\r\n<\/tr>\r\n<tr>\r\n<td align=\"CENTER\" valign=\"MIDDLE\" bgcolor=\"#DDDDDD\" height=\"21\"><span style=\"font-family: Calibri;\">2024<\/span><\/td>\r\n<td align=\"CENTER\" valign=\"MIDDLE\"><span style=\"font-family: Calibri;\">2&nbsp;188 404 z\u0142<\/span><\/td>\r\n<td align=\"CENTER\" valign=\"MIDDLE\"><span style=\"font-family: Calibri;\">1&nbsp;760 354 z\u0142<\/span><\/td>\r\n<td align=\"CENTER\" valign=\"MIDDLE\"><span style=\"font-family: Calibri;\">109 200 z\u0142<\/span><\/td>\r\n<td align=\"CENTER\" valign=\"MIDDLE\"><span style=\"font-family: Calibri;\">188 000 z\u0142<\/span><\/td>\r\n<\/tr>\r\n<\/tbody>\r\n<\/table>\r\n","protected":false},"excerpt":{"rendered":"<p>Dom Kultury ,,13 Muz&#8221; prowadzi gospodark\u0119 finansow\u0105 na zasadach okre\u015blonych w ustawie o organizowaniu i prowadzeniu dzia\u0142alno\u015bci kulturalnej &#8211; samodzielnie gospodaruje mieniem oraz prowadzi samodzieln\u0105 gospodark\u0119 finansow\u0105 w ramach posiadanych \u015brodk\u00f3w, kieruj\u0105c si\u0119 zasadami efektywno\u015bci ich wykorzystania. ,,13 Muz&#8221; uzyskuje \u015brodki finansowe na prowadzenie dzia\u0142alno\u015bci z nast\u0119puj\u0105cych \u017ar\u00f3de\u0142: dzia\u0142alno\u015bci statutowej, najmu sk\u0142adnik\u00f3w maj\u0105tkowych, dotacji podmiotowej i celowej z bud\u017cetu Gminy Miasto Szczecin, dotacji celowej na zadania z bud\u017cetu pa\u0144stwa, z cz\u0119\u015bci, kt\u00f3rej dysponentem jest minister w\u0142a\u015bciwy do spraw kultury i ochrony dziedzictwa narodowego, \u015brodk\u00f3w otrzymanych od os\u00f3b fizycznych i prawnych, innych \u017ar\u00f3de\u0142, dzia\u0142alno\u015bci gospodarczej. &nbsp; PRZYCHODY OG\u00d3\u0141EM (wg RZiS) Dotacja [&hellip;]<\/p>\n","protected":false},"author":1,"featured_media":0,"parent":0,"menu_order":0,"comment_status":"closed","ping_status":"closed","template":"","meta":{"ngg_post_thumbnail":0,"_price":"","_stock":"","_tribe_ticket_header":"","_tribe_default_ticket_provider":"","_ticket_start_date":"","_ticket_end_date":"","_tribe_ticket_show_description":"","_tribe_ticket_show_not_going":false,"_tribe_ticket_use_global_stock":"","_tribe_ticket_global_stock_level":"","_global_stock_mode":"","_global_stock_cap":"","_tribe_rsvp_for_event":"","_tribe_ticket_going_count":"","_tribe_ticket_not_going_count":"","_tribe_tickets_list":"[]","_tribe_ticket_has_attendee_info_fields":false,"footnotes":"","_tec_slr_enabled":"","_tec_slr_layout":""},"class_list":["post-133","page","type-page","status-publish","hentry"],"ticketed":false,"post_mailing_queue_ids":[],"_links":{"self":[{"href":"https:\/\/13muz.eu\/en\/wp-json\/wp\/v2\/pages\/133","targetHints":{"allow":["GET"]}}],"collection":[{"href":"https:\/\/13muz.eu\/en\/wp-json\/wp\/v2\/pages"}],"about":[{"href":"https:\/\/13muz.eu\/en\/wp-json\/wp\/v2\/types\/page"}],"author":[{"embeddable":true,"href":"https:\/\/13muz.eu\/en\/wp-json\/wp\/v2\/users\/1"}],"replies":[{"embeddable":true,"href":"https:\/\/13muz.eu\/en\/wp-json\/wp\/v2\/comments?post=133"}],"version-history":[{"count":0,"href":"https:\/\/13muz.eu\/en\/wp-json\/wp\/v2\/pages\/133\/revisions"}],"wp:attachment":[{"href":"https:\/\/13muz.eu\/en\/wp-json\/wp\/v2\/media?parent=133"}],"curies":[{"name":"wp","href":"https:\/\/api.w.org\/{rel}","templated":true}]}}