{"id":131,"date":"2017-12-07T11:15:54","date_gmt":"2017-12-07T11:15:54","guid":{"rendered":"http:\/\/test.13muz.eu\/?page_id=131"},"modified":"2020-04-27T11:05:58","modified_gmt":"2020-04-27T09:05:58","slug":"majatek","status":"publish","type":"page","link":"https:\/\/13muz.eu\/en\/majatek\/","title":{"rendered":"Maj\u0105tek"},"content":{"rendered":"<p style=\"text-align: justify;\">Dom Kultury \u201e13 Muz\u201d zlokalizowany jest na Placu \u017bo\u0142nierza Polskiego 2 w Szczecinie. Budynek znajduje si\u0119 na geodezyjnych dzia\u0142kach budowlanych: 17\/9 pow. 983m2 w obr\u0119bie nr 36 SZCZECIN \u015aR\u00d3DMIE\u015aCIE. Dzia\u0142ka zabudowana jest dwukondygnacyjnym murowanym budynkiem u\u017cytkowym z cz\u0119\u015bciowo u\u017cytkowym poddaszem o powierzchni u\u017cytkowej 1597m2.<\/p>\n<p style=\"text-align: justify;\">Dzia\u0142ka nr 17\/9 stanowi cz\u0119\u015b\u0107 terenu starego miasta Szczecina wpisanego do rejestru zabytk\u00f3w wojew\u00f3dztwa zachodniopomorskiego pod nr A-1 na podstawie orzeczenia konserwatorskiego z dnia 28.11.1952r. znak l.dz. K.O.I-3\/52. Posadowiony na dzia\u0142ce j.w. budynek wpisany jest do rejestru zabytk\u00f3w wojew\u00f3dztwa zachodniopomorskiego pod nr 17 na podstawie orzeczenia konserwatorskiego z dnia 18.06.1954r. znak: KI-V-O\/19\/54.<\/p>\n<p style=\"text-align: justify;\">Podstaw\u0119 prawn\u0105 stanowi Akt Notarialny z dnia 08.09.2006r., rep. \u201eA\u201d numer 4060\/2006 w ramach, kt\u00f3rego przekazano budynek wraz z przynale\u017cn\u0105 do niego dzia\u0142k\u0105 na rzecz Domu Kultury \u201e13 Muz\u201d w nieodp\u0142atne u\u017cytkowanie na czas nieoznaczony.<\/p>\n<p style=\"text-align: justify;\">Nieruchomo\u015b\u0107 nie jest obci\u0105\u017cona \u017cadnymi prawami na rzecz os\u00f3b trzecich.<\/p>\n<p style=\"text-align: justify;\">W ksi\u0119dze wieczystej nr Kw\/sz1s\/000\/98559\/8 w dziale I-sp wpisane jest prawo przechodu i przejazdu przez dzia\u0142k\u0119 17\/16 obj\u0119t\u0105 ksi\u0119g\u0105 wieczyst\u0105 kw nr 105915\/5 na rzecz ka\u017cdoczesnego w\u0142a\u015bciciela dzia\u0142ek nr 17\/7 i 17\/9.<\/p>\n<p style=\"text-align: justify;\">W budynku zlokalizowane s\u0105 :<\/p>\n<p style=\"text-align: justify;\">piwnice przystosowane do prowadzenia dzia\u0142alno\u015bci gastronomicznej,<br \/>\nSala Kominkowa,<br \/>\nSala Lustrzana,<br \/>\nSala Edukacyjna,<br \/>\nGaleria \u201eTworz\u0119Si\u0119!\u201d,<br \/>\nGaleria \u201eJedna Druga\u201d,<br \/>\nzaplecze warsztatowe.&nbsp;<\/p>\n","protected":false},"excerpt":{"rendered":"<p>Dom Kultury \u201e13 Muz\u201d zlokalizowany jest na Placu \u017bo\u0142nierza Polskiego 2 w Szczecinie. Budynek znajduje si\u0119 na geodezyjnych dzia\u0142kach budowlanych: 17\/9 pow. 983m2 w obr\u0119bie nr 36 SZCZECIN \u015aR\u00d3DMIE\u015aCIE. Dzia\u0142ka zabudowana jest dwukondygnacyjnym murowanym budynkiem u\u017cytkowym z cz\u0119\u015bciowo u\u017cytkowym poddaszem o powierzchni u\u017cytkowej 1597m2. Dzia\u0142ka nr 17\/9 stanowi cz\u0119\u015b\u0107 terenu starego miasta Szczecina wpisanego do rejestru zabytk\u00f3w wojew\u00f3dztwa zachodniopomorskiego pod nr A-1 na podstawie orzeczenia konserwatorskiego z dnia 28.11.1952r. znak l.dz. K.O.I-3\/52. Posadowiony na dzia\u0142ce j.w. budynek wpisany jest do rejestru zabytk\u00f3w wojew\u00f3dztwa zachodniopomorskiego pod nr 17 na podstawie orzeczenia konserwatorskiego z dnia 18.06.1954r. znak: KI-V-O\/19\/54. Podstaw\u0119 prawn\u0105 stanowi Akt [&hellip;]<\/p>\n","protected":false},"author":1,"featured_media":0,"parent":0,"menu_order":0,"comment_status":"closed","ping_status":"closed","template":"","meta":{"ngg_post_thumbnail":0,"_price":"","_stock":"","_tribe_ticket_header":"","_tribe_default_ticket_provider":"","_ticket_start_date":"","_ticket_end_date":"","_tribe_ticket_show_description":"","_tribe_ticket_show_not_going":false,"_tribe_ticket_use_global_stock":"","_tribe_ticket_global_stock_level":"","_global_stock_mode":"","_global_stock_cap":"","_tribe_rsvp_for_event":"","_tribe_ticket_going_count":"","_tribe_ticket_not_going_count":"","_tribe_tickets_list":"[]","_tribe_ticket_has_attendee_info_fields":false,"footnotes":"","_tec_slr_enabled":"","_tec_slr_layout":""},"class_list":["post-131","page","type-page","status-publish","hentry"],"ticketed":false,"post_mailing_queue_ids":[],"_links":{"self":[{"href":"https:\/\/13muz.eu\/en\/wp-json\/wp\/v2\/pages\/131","targetHints":{"allow":["GET"]}}],"collection":[{"href":"https:\/\/13muz.eu\/en\/wp-json\/wp\/v2\/pages"}],"about":[{"href":"https:\/\/13muz.eu\/en\/wp-json\/wp\/v2\/types\/page"}],"author":[{"embeddable":true,"href":"https:\/\/13muz.eu\/en\/wp-json\/wp\/v2\/users\/1"}],"replies":[{"embeddable":true,"href":"https:\/\/13muz.eu\/en\/wp-json\/wp\/v2\/comments?post=131"}],"version-history":[{"count":0,"href":"https:\/\/13muz.eu\/en\/wp-json\/wp\/v2\/pages\/131\/revisions"}],"wp:attachment":[{"href":"https:\/\/13muz.eu\/en\/wp-json\/wp\/v2\/media?parent=131"}],"curies":[{"name":"wp","href":"https:\/\/api.w.org\/{rel}","templated":true}]}}