{"id":13,"date":"2017-11-28T23:11:12","date_gmt":"2017-11-28T23:11:12","guid":{"rendered":"http:\/\/test.13muz.eu\/?page_id=13"},"modified":"2021-05-26T11:42:58","modified_gmt":"2021-05-26T09:42:58","slug":"klub-dom-kultury-historia","status":"publish","type":"page","link":"https:\/\/13muz.eu\/en\/klub-dom-kultury-historia\/","title":{"rendered":"Klub\/Dom Kultury &#8211; Historia"},"content":{"rendered":"<h3 style=\"text-align: justify;\">Pocz\u0105tki<\/h3>\n<p style=\"text-align: justify;\">Klub Literacko &#8211; Artystyczny, p\u00f3\u017aniejszy Dom Kultury \u201e13 Muz\u201d, powsta\u0142 w maju 1946 roku. Klub mie\u015bci\u0142 si\u0119 pocz\u0105tkowo przy alei Wojska Polskiego 73, w siedzibie Polskiego Radia Szczecin. W\u015br\u00f3d tw\u00f3rc\u00f3w tego miejsca znale\u017ali si\u0119: Tymoteusz Karpowicz (poeta, dramaturg), Walerian Lachnitt (krytyk literacki i teatralny) oraz Stanis\u0142aw Telega (poeta i pisarz).<\/p>\n<p style=\"text-align: justify;\">&nbsp;<\/p>\n<h3 style=\"text-align: justify;\">Ga\u0142czy\u0144ski<\/h3>\n<p style=\"text-align: justify;\">Pierwszy wojewoda szczeci\u0144ski, Leonard Borkowicz poprzez Zwi\u0105zek Literat\u00f3w Polskich wystosowa\u0142 zaproszenie do Szczecina, adresowane do poet\u00f3w w Polsce, na kt\u00f3re odpowiedzia\u0142 m.in. Konstanty Ildefons Ga\u0142czy\u0144ski. W 1947 roku Ga\u0142czy\u0144ski zdecydowa\u0142 si\u0119 przenie\u015b\u0107 z Krakowa i zamieszka\u0142 w Szczecinie. Jego pobyt nie trwa\u0142 d\u0142ugo, bowiem w czerwcu 1949 roku uleg\u0142 ci\u0119\u017ckiemu zawa\u0142owi serca i od tego czasu przebywa\u0142 ju\u017c w Warszawie. Jak donosi legenda, to w\u0142a\u015bnie on jest tw\u00f3rc\u0105 dodania do nazwy Klubu okre\u015blenia \u201e13 Muz\u201d; wspomnian\u0105 \u201e13 Muz\u0105\u201d mia\u0142a by\u0107 <strong><a href=\"https:\/\/13muz.eu\/helena-kurcyusz-patronka-domu-kultury-13-muz-trzynasta-muza\/\" target=\"_blank\" rel=\"noopener noreferrer\">Helena Kurcyusz<\/a><\/strong> &#8211; animatorka kultury powojennego Szczecina, z wykszta\u0142cenia architekt, z powo\u0142ania malarka.<\/p>\n<p style=\"text-align: justify;\">&nbsp;<\/p>\n<h3>Pa\u0142ac pod G\u0142owami<\/h3>\n<p style=\"text-align: justify;\">Budynek Klubu 13 Muz i Muzeum Sztuki Wsp\u00f3\u0142czesnej mie\u015bci si\u0119 w gmachu zwanym obecnie Pa\u0142acem pod G\u0142owami. Pa\u0142ac pod G\u0142owami jest po\u0142o\u017cony wzd\u0142u\u017c Placu \u017bo\u0142nierza Polskiego pomi\u0119dzy ulicami Starom\u0142y\u0144sk\u0105 i Tkack\u0105. Powsta\u0142 w latach 1887-1889 z dw\u00f3ch po\u0142\u0105czonych ze sob\u0105 budynk\u00f3w. Przed 1945 rokiem mie\u015bci\u0142a si\u0119 tu siedziba tzw. Okr\u0119gu Militarnego (Wehrkreis I). Wcze\u015bniej, w drugiej po\u0142owie XVIII wieku sta\u0142o tu sze\u015b\u0107 budynk\u00f3w, w tym \u0142a\u017ania ko\u015bcio\u0142a Mariackiego i kamienice mieszcza\u0144skie, kt\u00f3re stopniowo przebudowano dla potrzeby poczty kr\u00f3lewskiej i w\u0142adz wojskowych, a nast\u0119pnie w ca\u0142o\u015bci na siedzib\u0119 komendantury wojskowej.<\/p>\n<p style=\"text-align: justify;\">Zbombardowane skrzyd\u0142o wschodnie, odbudowane po zniszczeniach II wojny \u015bwiatowej w latach 1962-1965 oraz w 1975-1980, przeznaczano na galeri\u0119 sztuki wsp\u00f3\u0142czesnej Muzeum Narodowego w Szczecinie, natomiast mniej zniszczone skrzyd\u0142o zachodnie po wojnie pocz\u0105tkowo zaj\u0119\u0142o Polskie Towarzystwo Turystyczno-Krajoznawcze (PTTK), a nast\u0119pnie w 1955 roku z siedziby przy alei Wojska Polskiego 73 przeprowadzi\u0142 si\u0119 do niego literacko-artystyczny klub pracy tw\u00f3rczej \u2013 Klub \u201e13 Muz\u201d.<\/p>\n<p style=\"text-align: justify;\">Nazwa pa\u0142acu pochodzi od dziewi\u0119ciu g\u0142\u00f3w wsp\u00f3\u0142czesnych nam szczecinian, kt\u00f3rych wykonanie zleci\u0142 konserwator wojew\u00f3dzki Stefan Kwilecki, zwi\u0105zanych z szeroko poj\u0119t\u0105 kultur\u0105 naszego miasta, i umieszczonych nad oknami pierwszego pi\u0119tra. Zast\u0105pi\u0142y one umieszczone tu wcze\u015bniej przez Niemc\u00f3w g\u0142owy stylizowane na antycznych bohater\u00f3w-heros\u00f3w. Patrz\u0105c od strony wej\u015bcia do Galerii Sztuki Wsp\u00f3\u0142czesnej MN, czyli od strony ul. Starom\u0142y\u0144skiej, nad szczytem okna umieszczono g\u0142ow\u0119 archeologa i dyrektora MN W\u0142adys\u0142awa Filipowiaka, a nast\u0119pnie podobnie od strony Placu \u017bo\u0142nierza, historyk sztuki Zofii Krzymuskiej-Fafius, architekta i konserwatora Stefana Kwileckiego, pisarza i marynisty Jana Papugi, architekta odpowiedzialnego za uk\u0142ad przestrzenny i architektur\u0119 odbudowywanego Szczecina Bohdana Sk\u0142odowskiego, malarki Janiny Kosi\u0144skiej-Brzozowskiej, dziennikarza i polityka J\u00f3zefa Bareckiego, kompozytora i muzykologa Antoniego Huebnera, i na koniec re\u017cysera J\u00f3zefa Grudy (w\u0142a\u015bc. Witold Zyndram-Ko\u015bcia\u0142kowski h. Syrokomla).&nbsp;<\/p>\n<p style=\"text-align: justify;\">Obiekt zosta\u0142 wpisany do Wojew\u00f3dzkiego Rejestru Zabytk\u00f3w pod numerem 17 (decyzja Kl.V-0\/19\/54 z dnia 18 czerwca 1954, nazwa na li\u015bcie: pa\u0142ac ob. muzeum).<\/p>\n<p style=\"text-align: justify;\">&nbsp;<\/p>\n<h3 style=\"text-align: justify;\">Klub 13 Muz \/ Og\u00f3lnopolski Przegl\u0105d Teatr\u00f3w Ma\u0142ych Form<\/h3>\n<p style=\"text-align: justify;\">Wraz z nowym miejscem przyj\u0119to nazw\u0119: Dom Kultury Klub 13 Muz Zwi\u0105zk\u00f3w i Stowarzysze\u0144 Tw\u00f3rczych. W latach 1948-1949 Klubem zarz\u0105dzali: Jerzy Andrzejewski i Henryk Boehlke. W tym okresie Klub 13 Muz go\u015bci\u0142 takie znakomite nazwiska, jak: Czes\u0142aw Mi\u0142osz, Julian Przybo\u015b, Jerzy Zawieyski. Wydarzeniem na skal\u0119 Polski by\u0142 wiecz\u00f3r autorski Tadeusza Borowskiego.<br \/>\nOd 1957 roku organizowano liczne wystawy, wieczory teatralne poetyckie, literackie. Goszczono mi\u0119dzy innymi: Stefana Kisielewskiego, Jerzego Waldorfa, Jaros\u0142awa Iwaszkiewicza, Kazimier\u0119 I\u0142\u0142akowicz\u00f3wn\u0119. Powsta\u0142 mi\u0119dzy innymi Teatr Ma\u0142ych Form. W 1964 roku powo\u0142ano Szczeci\u0144ski Tydzie\u0144 Teatralny, w tym Og\u00f3lnopolski Przegl\u0105d Teatr\u00f3w Ma\u0142ych Form .<br \/>\nPodj\u0119ty w latach osiemdziesi\u0105tych remont budynku przerwa\u0142 dzia\u0142alno\u015b\u0107 Klubu. Gdy uruchomiono go ponownie po dw\u00f3ch latach, nadano mu form\u0119 Domu Kultury podleg\u0142ego Wydzia\u0142owi Edukacji i Kultury Urz\u0119du Miasta Szczecin.<\/p>\n<p style=\"text-align: justify;\">&nbsp;<\/p>\n<h3 style=\"text-align: justify;\">Po transformacji<\/h3>\n<p style=\"text-align: justify;\">W po\u0142owie lat 90. stanowisko dyrektora Klubu 13 Muz obj\u0105\u0142 Henryk G\u0119sikowski, wielki mi\u0142o\u015bnik Melpomeny. Za jego kadencji odby\u0142a si\u0119 niezliczona ilo\u015b\u0107 wa\u017cnych dla miasta i niezapomniana przez widz\u00f3w spektakli teatralnych. Nast\u0119pnie w latach 1997 \u2013 2005 dyrektorem Domu Kultury Klub 13 Muz by\u0142 Bogdan Ronin Walknowski. W tym czasie z powodzeniem odbywa\u0142y si\u0119 wydarzenia cykliczne: Niedzielny Salon Muzyczny, Czwartki Literackie, Promocja M\u0142odych Muzyk\u00f3w. Dzia\u0142a\u0142 Teatr Klubu 13 Muz, jesieni\u0105 mia\u0142 miejsce Og\u00f3lnopolski Jesienny Salon Teatralny (tzw. teatr jednego aktora), a w ramach Zaczarowanej Doro\u017cki literaci oraz plastycy prezentowali szerokiej publiczno\u015bci owoce swojej tw\u00f3rczo\u015bci. Tradycje muzyczne kontynuowa\u0142 Jaromir Gajewski, kt\u00f3ry by\u0142 dyrektorem 13 Muz w latach 2005 \u2013 2007. Za jego kadencji szczeci\u0144ska publiczno\u015b\u0107 mia\u0142a okazje uczestniczy\u0107 w Mi\u0119dzynarodowym Festiwalu Muzyki Wsp\u00f3\u0142czesnej im. Witolda Lutos\u0142awskiego, Szczeci\u0144skim Lecie Jazzowym oraz Festiwalu Kultury. W latach 2004-2006 odnowiono fasad\u0119 budynku.<\/p>\n<p style=\"text-align: justify;\">&nbsp;<\/p>\n<h3 style=\"text-align: justify;\">13muz &#8211; o\u015brodek sztuki wsp\u00f3\u0142czesnej<\/h3>\n<p style=\"text-align: justify;\">Kolejnym etapem dzia\u0142alno\u015bci 13muz by\u0142a zmiana zarz\u0105dzania oraz przeobra\u017cenia w nowoczesn\u0105 instytucj\u0119 kultury po roku 2000. Ukierunkowane, celowe dzia\u0142ania podj\u0119to w roku 2008.<\/p>\n<p style=\"text-align: justify;\">&nbsp;<\/p>\n<h3 style=\"text-align: justify;\">Dom Kultury \u201e13 Muz\u201d &#8211; modelowy dom kultury<\/h3>\n<p style=\"text-align: justify;\">Od stycznia 2017 dyrektorem Domu Kultury \u201e13 Muz\u201d zosta\u0142 Waldemar Kulpa. &nbsp;Pisz\u0105c plan strategiczny funkcjonowania instytucji kultury miasta Szczecin, okre\u015bli\u0142 wyb\u00f3r zada\u0144 i dzia\u0142a\u0144 jakie nale\u017cy podj\u0105\u0107, aby Dom Kultury sta\u0142 si\u0119 miejscem &nbsp;odpowiadaj\u0105cym na potrzeby szczeci\u0144skiego \u015brodowiska. Miejscem przyczyniaj\u0105cym si\u0119 jednocze\u015bnie do rozwoju kultury i amatorskich ruch\u00f3w artystycznych oraz zapewniaj\u0105cym dost\u0119p do szeroko rozumianej kultury i sztuki. Instytucj\u0105 otwart\u0105 na zmieniaj\u0105ce si\u0119 potrzeby u\u017cytkownik\u00f3w w ka\u017cdym przedziale wiekowym. Ju\u017c pierwsze miesi\u0105ce pokaza\u0142y, jak zmienia si\u0119 funkcja tego miejsca, jak otwiera si\u0119 ponownie na kulturalne potrzeby mieszka\u0144c\u00f3w naszego miasta.<\/p>\n<p style=\"text-align: justify;\">\u0179r\u00f3d\u0142a: http:\/\/pl.wikipedia.org\/wiki\/Klub_13_Muz, pobrano dn.11.11.2014<br \/>\nhttp:\/\/zarchiwumszczecina.pl\/palac-pod-glowami\/, pobrano d. 11.11. 2014<br \/>\nEncyklopedia Szczecina. T. 1. Szczecin; red. T. Bia\u0142eck; Uniwersytet Szczeci\u0144ski, Instytut Historii, Zak\u0142ad Historii Pomorza Zachodniego, 1999, s. 520. ISBN 83-7241-089-5<br \/>\n\u017ar\u00f3d\u0142a w\u0142asne 13muz<\/p>\n","protected":false},"excerpt":{"rendered":"<p>Pocz\u0105tki Klub Literacko &#8211; Artystyczny, p\u00f3\u017aniejszy Dom Kultury \u201e13 Muz\u201d, powsta\u0142 w maju 1946 roku. Klub mie\u015bci\u0142 si\u0119 pocz\u0105tkowo przy alei Wojska Polskiego 73, w siedzibie Polskiego Radia Szczecin. W\u015br\u00f3d tw\u00f3rc\u00f3w tego miejsca znale\u017ali si\u0119: Tymoteusz Karpowicz (poeta, dramaturg), Walerian Lachnitt (krytyk literacki i teatralny) oraz Stanis\u0142aw Telega (poeta i pisarz). &nbsp; Ga\u0142czy\u0144ski Pierwszy wojewoda szczeci\u0144ski, Leonard Borkowicz poprzez Zwi\u0105zek Literat\u00f3w Polskich wystosowa\u0142 zaproszenie do Szczecina, adresowane do poet\u00f3w w Polsce, na kt\u00f3re odpowiedzia\u0142 m.in. Konstanty Ildefons Ga\u0142czy\u0144ski. W 1947 roku Ga\u0142czy\u0144ski zdecydowa\u0142 si\u0119 przenie\u015b\u0107 z Krakowa i zamieszka\u0142 w Szczecinie. Jego pobyt nie trwa\u0142 d\u0142ugo, bowiem w czerwcu 1949 [&hellip;]<\/p>\n","protected":false},"author":1,"featured_media":0,"parent":0,"menu_order":0,"comment_status":"closed","ping_status":"closed","template":"","meta":{"ngg_post_thumbnail":0,"_price":"","_stock":"","_tribe_ticket_header":"","_tribe_default_ticket_provider":"","_ticket_start_date":"","_ticket_end_date":"","_tribe_ticket_show_description":"","_tribe_ticket_show_not_going":false,"_tribe_ticket_use_global_stock":"","_tribe_ticket_global_stock_level":"","_global_stock_mode":"","_global_stock_cap":"","_tribe_rsvp_for_event":"","_tribe_ticket_going_count":"","_tribe_ticket_not_going_count":"","_tribe_tickets_list":"[]","_tribe_ticket_has_attendee_info_fields":false,"footnotes":"","_tec_slr_enabled":"","_tec_slr_layout":""},"class_list":["post-13","page","type-page","status-publish","hentry"],"ticketed":false,"post_mailing_queue_ids":[],"_links":{"self":[{"href":"https:\/\/13muz.eu\/en\/wp-json\/wp\/v2\/pages\/13","targetHints":{"allow":["GET"]}}],"collection":[{"href":"https:\/\/13muz.eu\/en\/wp-json\/wp\/v2\/pages"}],"about":[{"href":"https:\/\/13muz.eu\/en\/wp-json\/wp\/v2\/types\/page"}],"author":[{"embeddable":true,"href":"https:\/\/13muz.eu\/en\/wp-json\/wp\/v2\/users\/1"}],"replies":[{"embeddable":true,"href":"https:\/\/13muz.eu\/en\/wp-json\/wp\/v2\/comments?post=13"}],"version-history":[{"count":0,"href":"https:\/\/13muz.eu\/en\/wp-json\/wp\/v2\/pages\/13\/revisions"}],"wp:attachment":[{"href":"https:\/\/13muz.eu\/en\/wp-json\/wp\/v2\/media?parent=13"}],"curies":[{"name":"wp","href":"https:\/\/api.w.org\/{rel}","templated":true}]}}