{"id":127,"date":"2017-12-07T11:15:30","date_gmt":"2017-12-07T11:15:30","guid":{"rendered":"http:\/\/test.13muz.eu\/?page_id=127"},"modified":"2023-03-16T11:03:07","modified_gmt":"2023-03-16T10:03:07","slug":"przedmiot-dzialalnosci","status":"publish","type":"page","link":"https:\/\/13muz.eu\/en\/przedmiot-dzialalnosci\/","title":{"rendered":"Przedmiot dzia\u0142alno\u015bci"},"content":{"rendered":"<h4>Zakres dzia\u0142alno\u015bci<\/h4>\n<div>\n<div style=\"text-align: justify;\">Celem dzia\u0142alno\u015bci \u201e13 Muz\u201d jest rozpoznawanie, rozbudzanie i zaspokajanie potrzeb i aspiracji kulturalnych spo\u0142ecze\u0144stwa poprzez tworzenie, upowszechnianie, organizowanie oraz promowanie dzia\u0142alno\u015bci artystycznej i kulturalnej na terenie swojego dzia\u0142ania, ze szczeg\u00f3lnym uwzgl\u0119dnieniem lokalnych \u015brodowisk tw\u00f3rczych i artystycznych.<\/div>\n<div style=\"text-align: justify;\">&nbsp;<\/div>\n<div style=\"text-align: justify;\">Do zakresu statutowej dzia\u0142alno\u015bci \u201e13 Muz\u201d nale\u017cy:<\/div>\n<div style=\"text-align: justify;\">1) organizowanie, tworzenie oraz upowszechnianie program\u00f3w i projekt\u00f3w artystycznych i kulturalnych;<\/div>\n<div style=\"text-align: justify;\">2) prowadzenie edukacji kulturalnej i artystycznej, organizowanie r\u00f3\u017cnorodnych form edukacji kulturalnej i wychowania przez sztuk\u0119;<\/div>\n<div style=\"text-align: justify;\">3) organizacja imprez kulturalnych o zasi\u0119gu lokalnym, krajowym i mi\u0119dzynarodowym;<\/div>\n<div style=\"text-align: justify;\">4) organizacja i realizacja imprez okoliczno\u015bciowych;<\/div>\n<div style=\"text-align: justify;\">5) wsp\u00f3\u0142praca z instytucjami, stowarzyszeniami i zwi\u0105zkami tw\u00f3rczymi oraz tw\u00f3rcami indywidualnymi;<\/div>\n<div style=\"text-align: justify;\">6) prowadzenie dzia\u0142alno\u015bci promocyjnej i wydawniczej;<\/div>\n<div style=\"text-align: justify;\">7) wsp\u00f3\u0142praca i wymiana kulturalna krajowa i zagraniczna.<\/div>\n<div style=\"text-align: justify;\">&nbsp;<\/div>\n<div style=\"text-align: justify;\">\u201e13 Muz\u201d mo\u017ce prowadzi\u0107, jako dodatkow\u0105, dzia\u0142alno\u015b\u0107 inn\u0105 ni\u017c kulturalna na zasadach zgodnych z obowi\u0105zuj\u0105cymi przepisami, w nast\u0119puj\u0105cym zakresie:<br \/>\n1) realizacji imprez zleconych,<br \/>\n2) realizacji us\u0142ug promocyjno-reklamowych,<br \/>\n3) realizacji us\u0142ug wydawniczych,<br \/>\n4) realizacji us\u0142ug handlowych i gastronomicznych,<br \/>\n5) wynajmu i dzier\u017cawy posiadanego maj\u0105tku ruchomego oraz nieruchomego.<\/div>\n<div style=\"text-align: justify;\">&nbsp;<\/div>\n<div style=\"text-align: justify;\">\u015arodki uzyskiwane z dzia\u0142alno\u015bci, o kt\u00f3rej mowa w ust. 1 mog\u0105 by\u0107 wykorzystane wy\u0142\u0105cznie na dzia\u0142alno\u015b\u0107 statutow\u0105 \u201e13 Muz\u201d.<\/div>\n<\/div>\n","protected":false},"excerpt":{"rendered":"<p>Zakres dzia\u0142alno\u015bci Celem dzia\u0142alno\u015bci \u201e13 Muz\u201d jest rozpoznawanie, rozbudzanie i zaspokajanie potrzeb i aspiracji kulturalnych spo\u0142ecze\u0144stwa poprzez tworzenie, upowszechnianie, organizowanie oraz promowanie dzia\u0142alno\u015bci artystycznej i kulturalnej na terenie swojego dzia\u0142ania, ze szczeg\u00f3lnym uwzgl\u0119dnieniem lokalnych \u015brodowisk tw\u00f3rczych i artystycznych. &nbsp; Do zakresu statutowej dzia\u0142alno\u015bci \u201e13 Muz\u201d nale\u017cy: 1) organizowanie, tworzenie oraz upowszechnianie program\u00f3w i projekt\u00f3w artystycznych i kulturalnych; 2) prowadzenie edukacji kulturalnej i artystycznej, organizowanie r\u00f3\u017cnorodnych form edukacji kulturalnej i wychowania przez sztuk\u0119; 3) organizacja imprez kulturalnych o zasi\u0119gu lokalnym, krajowym i mi\u0119dzynarodowym; 4) organizacja i realizacja imprez okoliczno\u015bciowych; 5) wsp\u00f3\u0142praca z instytucjami, stowarzyszeniami i zwi\u0105zkami tw\u00f3rczymi oraz tw\u00f3rcami indywidualnymi; 6) [&hellip;]<\/p>\n","protected":false},"author":1,"featured_media":0,"parent":0,"menu_order":0,"comment_status":"closed","ping_status":"closed","template":"","meta":{"ngg_post_thumbnail":0,"_price":"","_stock":"","_tribe_ticket_header":"","_tribe_default_ticket_provider":"","_ticket_start_date":"","_ticket_end_date":"","_tribe_ticket_show_description":"","_tribe_ticket_show_not_going":false,"_tribe_ticket_use_global_stock":"","_tribe_ticket_global_stock_level":"","_global_stock_mode":"","_global_stock_cap":"","_tribe_rsvp_for_event":"","_tribe_ticket_going_count":"","_tribe_ticket_not_going_count":"","_tribe_tickets_list":"[]","_tribe_ticket_has_attendee_info_fields":false,"footnotes":"","_tec_slr_enabled":"","_tec_slr_layout":""},"class_list":["post-127","page","type-page","status-publish","hentry"],"ticketed":false,"post_mailing_queue_ids":[],"_links":{"self":[{"href":"https:\/\/13muz.eu\/en\/wp-json\/wp\/v2\/pages\/127","targetHints":{"allow":["GET"]}}],"collection":[{"href":"https:\/\/13muz.eu\/en\/wp-json\/wp\/v2\/pages"}],"about":[{"href":"https:\/\/13muz.eu\/en\/wp-json\/wp\/v2\/types\/page"}],"author":[{"embeddable":true,"href":"https:\/\/13muz.eu\/en\/wp-json\/wp\/v2\/users\/1"}],"replies":[{"embeddable":true,"href":"https:\/\/13muz.eu\/en\/wp-json\/wp\/v2\/comments?post=127"}],"version-history":[{"count":0,"href":"https:\/\/13muz.eu\/en\/wp-json\/wp\/v2\/pages\/127\/revisions"}],"wp:attachment":[{"href":"https:\/\/13muz.eu\/en\/wp-json\/wp\/v2\/media?parent=127"}],"curies":[{"name":"wp","href":"https:\/\/api.w.org\/{rel}","templated":true}]}}