{"id":123,"date":"2017-12-07T11:14:45","date_gmt":"2017-12-07T11:14:45","guid":{"rendered":"http:\/\/test.13muz.eu\/?page_id=123"},"modified":"2022-04-26T11:58:20","modified_gmt":"2022-04-26T09:58:20","slug":"statut","status":"publish","type":"page","link":"https:\/\/13muz.eu\/en\/statut\/","title":{"rendered":"Statut"},"content":{"rendered":"<div>Za\u0142\u0105cznik do uchwa\u0142y Nr XI\/346\/19 Rady Miasta Szczecin z dnia 22 pa\u017adziernika 2019 r.<\/div>\n<h3>STATUT DOMU KULTURY \u201e13 MUZ\u201d W SZCZECINIE<a href=\"https:\/\/13muz.eu\/wp-content\/uploads\/2022\/04\/Statut-DK-13-Muz.pdf\" target=\"_blank\" rel=\"noopener noreferrer\"><img loading=\"lazy\" decoding=\"async\" class=\"alignright wp-image-14177\" src=\"https:\/\/13muz.eu\/wp-content\/uploads\/2018\/06\/pdf-file-format-symbol-150x150.png\" alt=\"\" width=\"81\" height=\"81\" srcset=\"https:\/\/13muz.eu\/wp-content\/uploads\/2018\/06\/pdf-file-format-symbol-150x150.png 150w, https:\/\/13muz.eu\/wp-content\/uploads\/2018\/06\/pdf-file-format-symbol-130x130.png 130w, https:\/\/13muz.eu\/wp-content\/uploads\/2018\/06\/pdf-file-format-symbol.png 256w\" sizes=\"auto, (max-width: 81px) 100vw, 81px\" \/><\/a>&nbsp;<\/h3>\n<div>\n<h4>Rozdzia\u0142 1.<br>Postanowienia og\u00f3lne<\/h4>\n<div>\u00a7 1.<\/div>\n<div>Dom Kultury \u201e13 Muz\u201d w Szczecinie, zwany dalej \u201e13 Muz\u201d, dzia\u0142a na podstawie uchwa\u0142y Miejskiej Rady Narodowej w Szczecinie Nr VIII\/71\/85 z dnia 25 wrze\u015bnia 1985 r. w sprawie utworzenia Domu Kultury \u015arodowisk Tw\u00f3rczych \u201eKlub 13 Muz\u201d, ustawy o organizowaniu i prowadzeniu dzia\u0142alno\u015bci kulturalnej z dnia 25 pa\u017adziernika 1991 r. (Dz. U. z 2001 r. Nr 13, poz. 123 z p\u00f3\u017an. zm.) oraz niniejszego statutu.<\/div>\n<\/div>\n<div>&nbsp;<\/div>\n<div>\u00a7 2.<\/div>\n<div>1. \u201e13 Muz\u201d jest samorz\u0105dow\u0105 instytucj\u0105 kultury, dzia\u0142aj\u0105c\u0105 w formie organizacyjnej w\u0142a\u015bciwej dla domu kultury.<\/div>\n<div>2. \u201e13 Muz\u201d posiada osobowo\u015b\u0107 prawn\u0105 i jest wpisany do Rejestru instytucji kultury prowadzonego przez organizatora pod numerem 2\/97.<\/div>\n<div>3. Organizatorem \u201e13 Muz\u201d jest Gmina Miasto Szczecin.<\/div>\n<div>&nbsp;<\/div>\n<div>\u00a7 3.<\/div>\n<div>1. Terenem dzia\u0142ania \u201e13 Muz\u201d jest miasto Szczecin, a tak\u017ce ca\u0142y kraj i zagranica.<\/div>\n<div>2. Siedzib\u0105 \u201e13 Muz\u201d jest miasto Szczecin.<\/div>\n<div>3. \u201e13 Muz\u201d u\u017cywa piecz\u0119ci pod\u0142u\u017cnej z pe\u0142n\u0105 nazw\u0105 i adresem siedziby.<\/div>\n<div>4. (uchylony).<\/div>\n<div>&nbsp;<\/div>\n<div>\n<h4>Rozdzia\u0142 2.<br>Zakres dzia\u0142alno\u015bci<\/h4>\n<div>\n<div>\u00a7 4.<\/div>\n<div>1. Celem dzia\u0142alno\u015bci \u201e13 Muz\u201d jest rozpoznawanie, rozbudzanie i zaspokajanie potrzeb i aspiracji kulturalnych spo\u0142ecze\u0144stwa poprzez tworzenie, upowszechnianie, organizowanie oraz promowanie dzia\u0142alno\u015bci artystycznej i kulturalnej na terenie swojego dzia\u0142ania, ze szczeg\u00f3lnym uwzgl\u0119dnieniem lokalnych \u015brodowisk tw\u00f3rczych i artystycznych.<\/div>\n<div>2. Do zakresu statutowej dzia\u0142alno\u015bci \u201e13 Muz\u201d nale\u017cy:<\/div>\n<div>1) organizowanie, tworzenie oraz upowszechnianie program\u00f3w i projekt\u00f3w artystycznych i kulturalnych;<\/div>\n<div>2) prowadzenie edukacji kulturalnej i artystycznej, organizowanie r\u00f3\u017cnorodnych form edukacji kulturalnej i wychowania przez sztuk\u0119;<\/div>\n<div>3) organizacja imprez kulturalnych o zasi\u0119gu lokalnym, krajowym i mi\u0119dzynarodowym;<\/div>\n<div>4) organizacja i realizacja imprez okoliczno\u015bciowych;<\/div>\n<div>5) wsp\u00f3\u0142praca z instytucjami, stowarzyszeniami i zwi\u0105zkami tw\u00f3rczymi oraz tw\u00f3rcami indywidualnymi;<\/div>\n<div>6) prowadzenie dzia\u0142alno\u015bci promocyjnej i wydawniczej;<\/div>\n<div>7) wsp\u00f3\u0142praca i wymiana kulturalna krajowa i zagraniczna.<\/div>\n<div>&nbsp;<\/div>\n<div>\u00a7 5.<\/div>\n<div>1. \u201e13 Muz\u201d mo\u017ce prowadzi\u0107, jako dodatkow\u0105, dzia\u0142alno\u015b\u0107 inn\u0105 ni\u017c kulturalna na zasadach zgodnych z obowi\u0105zuj\u0105cymi przepisami, w nast\u0119puj\u0105cym zakresie:<br>1) realizacji imprez zleconych,<br>2) realizacji us\u0142ug promocyjno- reklamowych,<br>3) realizacji us\u0142ug wydawniczych,<br>4) realizacji us\u0142ug handlowych i gastronomicznych,<br>5) wynajmu i dzier\u017cawy posiadanego maj\u0105tku ruchomego oraz nieruchomego.<br>2. \u015arodki uzyskiwane z dzia\u0142alno\u015bci, o kt\u00f3rej mowa w ust. 1 mog\u0105 by\u0107 wykorzystane wy\u0142\u0105cznie na dzia\u0142alno\u015b\u0107 statutow\u0105 \u201e13 Muz\u201d.<\/div>\n<div>&nbsp;<\/div>\n<div>\n<h4>Rozdzia\u0142 3.<br>Organy zarz\u0105dzaj\u0105ce i doradcze oraz spos\u00f3b ich powo\u0142ywania<\/h4>\n<div>\n<div>\u00a7 6.<\/div>\n<div>1. \u201e13 Muzami\u201d kieruje dyrektor, kt\u00f3ry organizuje jego dzia\u0142alno\u015b\u0107 i reprezentuje go na zewn\u0105trz, a tak\u017ce odpowiada za prawid\u0142ow\u0105 realizacj\u0119 dzia\u0142alno\u015bci statutowej, w\u0142a\u015bciwe gospodarowanie mieniem i \u015brodkami finansowymi instytucji.<\/div>\n<div>2. Dyrektor mo\u017ce powo\u0142a\u0107 i odwo\u0142a\u0107 zast\u0119pc\u0119 dyrektora, po zasi\u0119gni\u0119ciu opinii Prezydenta Miasta.<\/div>\n<div>3. Dyrektora powo\u0142uje i odwo\u0142uje Prezydent Miasta w trybie przewidzianym ustaw\u0105 o organizowaniu i prowadzeniu dzia\u0142alno\u015bci kulturalnej.<\/div>\n<div>\n<div>&nbsp;<\/div>\n<div>\u00a7 6a. (uchylony).<\/div>\n<div>&nbsp;<\/div>\n<div>\u00a7 7.<\/div>\n<div>1. Dyrektor mo\u017ce powo\u0142a\u0107 zesp\u00f3\u0142 konsultacyjny jako w\u0142asny organ doradczy i opiniodawczy.<\/div>\n<div>2. Zasady i tryb pracy zespo\u0142u konsultacyjnego okre\u015bla regulamin organizacyjny \u201e13 Muz\u201d.<\/div>\n<div>&nbsp;<\/div>\n<div>\u00a7 8.<\/div>\n<div>Organizacj\u0119 wewn\u0119trzn\u0105 \u201e13 Muz\u201d okre\u015bla regulamin organizacyjny nadany przez dyrektora, po zasi\u0119gni\u0119ciu opinii organizatora oraz opinii dzia\u0142aj\u0105cych w \u201e13 Muzach\u201d organizacji zwi\u0105zkowych i stowarzysze\u0144 tw\u00f3rc\u00f3w.<\/div>\n<div>&nbsp;<\/div>\n<div>\n<h4>Rozdzia\u0142 4.<br>\u0179r\u00f3d\u0142a finansowania<\/h4>\n<div>\n<div>\u00a7 9.<\/div>\n<div>1. \u201e13 Muz\u201d prowadzi gospodark\u0119 finansow\u0105 na zasadach okre\u015blonych w ustawie o organizowaniu i prowadzeniu dzia\u0142alno\u015bci kulturalnej.<\/div>\n<div>2. \u201e13 Muz\u201d gospodaruje samodzielnie przydzielon\u0105 i nabyt\u0105 cz\u0119\u015bci\u0105 mienia oraz prowadzi samodzieln\u0105 gospodark\u0119 w ramach posiadanych \u015brodk\u00f3w, kieruj\u0105c si\u0119 zasadami efektywno\u015bci ich wykorzystania. Podstaw\u0105 gospodarki finansowej instytucji kultury jest plan finansowy ustalony przez dyrektora, z zachowaniem wysoko\u015bci dotacji organizatora.<\/div>\n<div>3. Plan finansowy \u201e13 Muz\u201d oraz sprawozdania finansowe podlegaj\u0105 przedstawieniu organizatorowi.<\/div>\n<div>4. Organem zatwierdzaj\u0105cym roczne sprawozdanie finansowe z wykonania bud\u017cetu instytucji jest Prezydent Miasta Szczecin.<\/div>\n<div>5. Roczne sprawozdanie finansowe podlega obligatoryjnemu badaniu przez bieg\u0142ego rewidenta przed jego zatwierdzeniem.<\/div>\n<div>&nbsp;<\/div>\n<div>\u00a7 10.<\/div>\n<div>1. \u201e13 Muz\u201d mo\u017ce uzyskiwa\u0107 \u015brodki finansowe na prowadzenie dzia\u0142alno\u015bci z nast\u0119puj\u0105cych \u017ar\u00f3de\u0142:<\/div>\n<div>1) dzia\u0142alno\u015bci statutowej;<\/div>\n<div>2) sprzeda\u017cy sk\u0142adnik\u00f3w maj\u0105tku ruchomego;<\/div>\n<div>3) najmu i dzier\u017cawy sk\u0142adnik\u00f3w maj\u0105tkowych;<\/div>\n<div>4) dotacji podmiotowej i celowej z bud\u017cetu Gminy Miasto Szczecin;<\/div>\n<div>5) dotacji celowej na zadania obj\u0119te mecenatem pa\u0144stwa, w tym dotacje celowe na finansowanie lub dofinansowanie koszt\u00f3w realizacji inwestycji, z bud\u017cetu pa\u0144stwa z cz\u0119\u015bci, kt\u00f3rej dysponentem jest minister w\u0142a\u015bciwy do spraw kultury i ochrony dziedzictwa narodowego;<\/div>\n<div>6) \u015brodk\u00f3w otrzymanych od os\u00f3b fizycznych i prawnych;<\/div>\n<div>7) innych \u017ar\u00f3de\u0142;<\/div>\n<div>8) dzia\u0142alno\u015bci gospodarczej.<\/div>\n<div>2. Wysoko\u015b\u0107 rocznej dotacji na dzia\u0142alno\u015b\u0107 \u201e13 Muz\u201d ustala organizator i przekazuje \u015brodki finansowe&nbsp;w formie:<\/div>\n<div>1) dotacji podmiotowej na dofinansowanie dzia\u0142alno\u015bci bie\u017c\u0105cej w zakresie realizowanych zada\u0144 statutowych, w tym na utrzymanie i remonty obiekt\u00f3w;<\/div>\n<div>2) dotacji celowej na finansowanie lub dofinansowanie koszt\u00f3w realizacji inwestycji;<\/div>\n<div>3) dotacji celowej na realizacj\u0119 wskazanych zada\u0144 i program\u00f3w.<\/div>\n<div>&nbsp;<\/div>\n<h4>Rozdzia\u0142 5.<br>Zasady dokonywania zmian statutowych<\/h4>\n<div>\n<div>\u00a7 11.<\/div>\n<div>Zmian w Statucie \u201e13 Muz\u201d dokonuje Rada Miasta Szczecin w trybie w\u0142a\u015bciwym do jego nadania.<\/div>\n<div>\n<div>&nbsp;<\/div>\n<div>\u00a7 12.<\/div>\n<div>Likwidacja \u201e13 Muz\u201d mo\u017ce nast\u0105pi\u0107 na mocy uchwa\u0142y Rady Miasta.<\/div>\n<\/div>\n<\/div>\n<\/div>\n<\/div>\n<\/div>\n<\/div>\n<\/div>\n<\/div>\n<\/div>\n\n\n<p><\/p>\n","protected":false},"excerpt":{"rendered":"<p>Za\u0142\u0105cznik do uchwa\u0142y Nr XI\/346\/19 Rady Miasta Szczecin z dnia 22 pa\u017adziernika 2019 r. STATUT DOMU KULTURY \u201e13 MUZ\u201d W SZCZECINIE&nbsp; Rozdzia\u0142 1.Postanowienia og\u00f3lne \u00a7 1. Dom Kultury \u201e13 Muz\u201d w Szczecinie, zwany dalej \u201e13 Muz\u201d, dzia\u0142a na podstawie uchwa\u0142y Miejskiej Rady Narodowej w Szczecinie Nr VIII\/71\/85 z dnia 25 wrze\u015bnia 1985 r. w sprawie utworzenia Domu Kultury \u015arodowisk Tw\u00f3rczych \u201eKlub 13 Muz\u201d, ustawy o organizowaniu i prowadzeniu dzia\u0142alno\u015bci kulturalnej z dnia 25 pa\u017adziernika 1991 r. (Dz. U. z 2001 r. Nr 13, poz. 123 z p\u00f3\u017an. zm.) oraz niniejszego statutu. &nbsp; \u00a7 2. 1. \u201e13 Muz\u201d jest samorz\u0105dow\u0105 instytucj\u0105 [&hellip;]<\/p>\n","protected":false},"author":1,"featured_media":0,"parent":0,"menu_order":0,"comment_status":"closed","ping_status":"closed","template":"","meta":{"ngg_post_thumbnail":0,"_price":"","_stock":"","_tribe_ticket_header":"","_tribe_default_ticket_provider":"","_ticket_start_date":"","_ticket_end_date":"","_tribe_ticket_show_description":"","_tribe_ticket_show_not_going":false,"_tribe_ticket_use_global_stock":"","_tribe_ticket_global_stock_level":"","_global_stock_mode":"","_global_stock_cap":"","_tribe_rsvp_for_event":"","_tribe_ticket_going_count":"","_tribe_ticket_not_going_count":"","_tribe_tickets_list":"[]","_tribe_ticket_has_attendee_info_fields":false,"footnotes":"","_tec_slr_enabled":"","_tec_slr_layout":""},"class_list":["post-123","page","type-page","status-publish","hentry"],"ticketed":false,"post_mailing_queue_ids":[],"_links":{"self":[{"href":"https:\/\/13muz.eu\/en\/wp-json\/wp\/v2\/pages\/123","targetHints":{"allow":["GET"]}}],"collection":[{"href":"https:\/\/13muz.eu\/en\/wp-json\/wp\/v2\/pages"}],"about":[{"href":"https:\/\/13muz.eu\/en\/wp-json\/wp\/v2\/types\/page"}],"author":[{"embeddable":true,"href":"https:\/\/13muz.eu\/en\/wp-json\/wp\/v2\/users\/1"}],"replies":[{"embeddable":true,"href":"https:\/\/13muz.eu\/en\/wp-json\/wp\/v2\/comments?post=123"}],"version-history":[{"count":0,"href":"https:\/\/13muz.eu\/en\/wp-json\/wp\/v2\/pages\/123\/revisions"}],"wp:attachment":[{"href":"https:\/\/13muz.eu\/en\/wp-json\/wp\/v2\/media?parent=123"}],"curies":[{"name":"wp","href":"https:\/\/api.w.org\/{rel}","templated":true}]}}