{"id":121,"date":"2017-12-07T11:14:35","date_gmt":"2017-12-07T11:14:35","guid":{"rendered":"http:\/\/test.13muz.eu\/?page_id=121"},"modified":"2020-12-30T18:23:29","modified_gmt":"2020-12-30T17:23:29","slug":"status-prawny","status":"publish","type":"page","link":"https:\/\/13muz.eu\/en\/status-prawny\/","title":{"rendered":"Status prawny"},"content":{"rendered":"<h4>Podstawa prawna dzia\u0142ania<\/h4>\n<p>Dom Kultury \u201e13 Muz\u201d jest instytucj\u0105 kultury powo\u0142an\u0105 Uchwa\u0142a MRN w Szczecinie Nr VIII\/71\/85 z dnia 25 wrze\u015bnia 1985 r.<\/p>\n<p>Dziennik Urz\u0119dowy Wojew\u00f3dztwa Zachodniopomorskiego poz. 1676<\/p>\n<p>link do strony&nbsp;<a href=\"http:\/\/g.ekspert.infor.pl\/p\/_dane\/akty_pdf\/U83\/2013\/72\/1676.pdf#zoom=90\" target=\"_blank\" rel=\"noopener noreferrer\"><em>http:\/\/g.ekspert.infor.pl\/p\/_dane\/akty_pdf\/U83\/2013\/72\/1676.pdf#zoom=90<\/em><\/a><\/p>\n<p>Aktualizacja 2019 &#8211; Dziennik Urz\u0119dowy Wojew\u00f3dztwa Zachodniopomorskiego poz. 6093<\/p>\n<p>link do strony <a href=\"http:\/\/e-dziennik.szczecin.uw.gov.pl\/WDU_Z\/2019\/6093\/oryginal\/akt.pdf\" target=\"_blank\" rel=\"noopener noreferrer\"><em>http:\/\/e-dziennik.szczecin.uw.gov.pl\/WDU_Z\/2019\/6093\/oryginal\/akt.pdf<\/em><\/a><\/p>\n<h4>Osobowo\u015b\u0107 prawna<\/h4>\n<p>Dom Kultury \u201e13 Muz\u201d &nbsp;dzia\u0142a w formie samorz\u0105dowej instytucji kultury. Posiada osobowo\u015b\u0107 prawn\u0105 i jest wpisany do Rejestru Instytucji Kultury prowadzonego przez organizatora pod numerem 2\/97.<\/p>\n<p>link do <em><a href=\"http:\/\/bip.um.szczecin.pl\/chapter_50803.asp\" target=\"_blank\" rel=\"noopener noreferrer\">Ksi\u0119gi rejestrowej instytucji kultury<\/a><\/em><\/p>\n<h4>Postanowienia og\u00f3lne<\/h4>\n<p>Pe\u0142na nazwa instytucji: Dom Kultury \u201e13 Muz\u201d w Szczecinie.<\/p>\n<ul>\n<li>Organizatorem DK \u201e13 Muz\u201d &nbsp;jest Gmina Miasto Szczecin.<\/li>\n<li>Terenem dzia\u0142ania DK \u201e13 Muz\u201d jest Miasto Szczecin, a tak\u017ce ca\u0142y kraj i zagranica.<\/li>\n<li>Siedzib\u0105 DK \u201e13 Muz\u201d jest miasto Szczecin.<\/li>\n<li>Dom Kultury \u201e13 Muz\u201d u\u017cywa piecz\u0105tki pod\u0142u\u017cnej z pe\u0142n\u0105 nazw\u0105, adresem siedziby oraz numerem NIP, REGON.<\/li>\n<\/ul>\n","protected":false},"excerpt":{"rendered":"<p>Podstawa prawna dzia\u0142ania Dom Kultury \u201e13 Muz\u201d jest instytucj\u0105 kultury powo\u0142an\u0105 Uchwa\u0142a MRN w Szczecinie Nr VIII\/71\/85 z dnia 25 wrze\u015bnia 1985 r. Dziennik Urz\u0119dowy Wojew\u00f3dztwa Zachodniopomorskiego poz. 1676 link do strony&nbsp;http:\/\/g.ekspert.infor.pl\/p\/_dane\/akty_pdf\/U83\/2013\/72\/1676.pdf#zoom=90 Aktualizacja 2019 &#8211; Dziennik Urz\u0119dowy Wojew\u00f3dztwa Zachodniopomorskiego poz. 6093 link do strony http:\/\/e-dziennik.szczecin.uw.gov.pl\/WDU_Z\/2019\/6093\/oryginal\/akt.pdf Osobowo\u015b\u0107 prawna Dom Kultury \u201e13 Muz\u201d &nbsp;dzia\u0142a w formie samorz\u0105dowej instytucji kultury. Posiada osobowo\u015b\u0107 prawn\u0105 i jest wpisany do Rejestru Instytucji Kultury prowadzonego przez organizatora pod numerem 2\/97. link do Ksi\u0119gi rejestrowej instytucji kultury Postanowienia og\u00f3lne Pe\u0142na nazwa instytucji: Dom Kultury \u201e13 Muz\u201d w Szczecinie. Organizatorem DK \u201e13 Muz\u201d &nbsp;jest Gmina Miasto Szczecin. Terenem dzia\u0142ania [&hellip;]<\/p>\n","protected":false},"author":1,"featured_media":0,"parent":0,"menu_order":0,"comment_status":"closed","ping_status":"closed","template":"","meta":{"ngg_post_thumbnail":0,"_price":"","_stock":"","_tribe_ticket_header":"","_tribe_default_ticket_provider":"","_ticket_start_date":"","_ticket_end_date":"","_tribe_ticket_show_description":"","_tribe_ticket_show_not_going":false,"_tribe_ticket_use_global_stock":"","_tribe_ticket_global_stock_level":"","_global_stock_mode":"","_global_stock_cap":"","_tribe_rsvp_for_event":"","_tribe_ticket_going_count":"","_tribe_ticket_not_going_count":"","_tribe_tickets_list":"[]","_tribe_ticket_has_attendee_info_fields":false,"footnotes":"","_tec_slr_enabled":"","_tec_slr_layout":""},"class_list":["post-121","page","type-page","status-publish","hentry"],"ticketed":false,"post_mailing_queue_ids":[],"_links":{"self":[{"href":"https:\/\/13muz.eu\/en\/wp-json\/wp\/v2\/pages\/121","targetHints":{"allow":["GET"]}}],"collection":[{"href":"https:\/\/13muz.eu\/en\/wp-json\/wp\/v2\/pages"}],"about":[{"href":"https:\/\/13muz.eu\/en\/wp-json\/wp\/v2\/types\/page"}],"author":[{"embeddable":true,"href":"https:\/\/13muz.eu\/en\/wp-json\/wp\/v2\/users\/1"}],"replies":[{"embeddable":true,"href":"https:\/\/13muz.eu\/en\/wp-json\/wp\/v2\/comments?post=121"}],"version-history":[{"count":0,"href":"https:\/\/13muz.eu\/en\/wp-json\/wp\/v2\/pages\/121\/revisions"}],"wp:attachment":[{"href":"https:\/\/13muz.eu\/en\/wp-json\/wp\/v2\/media?parent=121"}],"curies":[{"name":"wp","href":"https:\/\/api.w.org\/{rel}","templated":true}]}}