{"id":119,"date":"2017-12-07T11:14:13","date_gmt":"2017-12-07T11:14:13","guid":{"rendered":"http:\/\/test.13muz.eu\/?page_id=119"},"modified":"2020-04-08T18:53:56","modified_gmt":"2020-04-08T16:53:56","slug":"wynajem-sal","status":"publish","type":"page","link":"https:\/\/13muz.eu\/en\/wynajem-sal\/","title":{"rendered":"Wynajem sal"},"content":{"rendered":"<div class=\"box pure\">\n<p>Opr\u00f3cz tworzenia i organizowania wydarze\u0144 artystycznych prowadzimy tak\u017ce dzia\u0142alno\u015b\u0107 wydawnicz\u0105 i wynajmujemy przestrzenie na potrzeby organizacji r\u00f3\u017cnych (nie tylko artystycznych) wydarze\u0144.<\/p>\n<\/div>\n<ul class=\"sitemap\">\n<li style=\"list-style-type: none;\">\n<ul>\n<li style=\"text-align: left;\"><a class=\"list-main\" href=\"http:\/\/13muz.eu\/wynajem-sali-kominkowej\/\">Wynajem sali kominkowej<\/a><\/li>\n<li style=\"text-align: left;\"><a class=\"list-main\" href=\"http:\/\/13muz.eu\/wynajem-sali-lustrzanej\/\">Wynajem sali lustrzanej<\/a><\/li>\n<\/ul>\n<\/li>\n<\/ul>\n","protected":false},"excerpt":{"rendered":"<p>Opr\u00f3cz tworzenia i organizowania wydarze\u0144 artystycznych prowadzimy tak\u017ce dzia\u0142alno\u015b\u0107 wydawnicz\u0105 i wynajmujemy przestrzenie na potrzeby organizacji r\u00f3\u017cnych (nie tylko artystycznych) wydarze\u0144. Wynajem sali kominkowej Wynajem sali lustrzanej<\/p>\n","protected":false},"author":1,"featured_media":0,"parent":0,"menu_order":0,"comment_status":"closed","ping_status":"closed","template":"","meta":{"ngg_post_thumbnail":0,"_price":"","_stock":"","_tribe_ticket_header":"","_tribe_default_ticket_provider":"","_ticket_start_date":"","_ticket_end_date":"","_tribe_ticket_show_description":"","_tribe_ticket_show_not_going":false,"_tribe_ticket_use_global_stock":"","_tribe_ticket_global_stock_level":"","_global_stock_mode":"","_global_stock_cap":"","_tribe_rsvp_for_event":"","_tribe_ticket_going_count":"","_tribe_ticket_not_going_count":"","_tribe_tickets_list":"[]","_tribe_ticket_has_attendee_info_fields":false,"footnotes":"","_tec_slr_enabled":"","_tec_slr_layout":""},"class_list":["post-119","page","type-page","status-publish","hentry"],"ticketed":false,"post_mailing_queue_ids":[],"_links":{"self":[{"href":"https:\/\/13muz.eu\/en\/wp-json\/wp\/v2\/pages\/119","targetHints":{"allow":["GET"]}}],"collection":[{"href":"https:\/\/13muz.eu\/en\/wp-json\/wp\/v2\/pages"}],"about":[{"href":"https:\/\/13muz.eu\/en\/wp-json\/wp\/v2\/types\/page"}],"author":[{"embeddable":true,"href":"https:\/\/13muz.eu\/en\/wp-json\/wp\/v2\/users\/1"}],"replies":[{"embeddable":true,"href":"https:\/\/13muz.eu\/en\/wp-json\/wp\/v2\/comments?post=119"}],"version-history":[{"count":0,"href":"https:\/\/13muz.eu\/en\/wp-json\/wp\/v2\/pages\/119\/revisions"}],"wp:attachment":[{"href":"https:\/\/13muz.eu\/en\/wp-json\/wp\/v2\/media?parent=119"}],"curies":[{"name":"wp","href":"https:\/\/api.w.org\/{rel}","templated":true}]}}