{"id":115,"date":"2017-12-07T11:13:50","date_gmt":"2017-12-07T11:13:50","guid":{"rendered":"http:\/\/test.13muz.eu\/?page_id=115"},"modified":"2025-10-17T14:30:31","modified_gmt":"2025-10-17T12:30:31","slug":"partnerzy","status":"publish","type":"page","link":"https:\/\/13muz.eu\/en\/partnerzy\/","title":{"rendered":"Partnerzy"},"content":{"rendered":"<p>&nbsp; &nbsp; &nbsp;<\/p>\n<div class=\"resident-box\">\n<div class=\"resident-number\">1.<\/div>\n<div class=\"resident-text\"><a href=\"https:\/\/13muz.eu\/wydawnictwo-forma\/\" target=\"_blank\" rel=\"noopener noreferrer\"><strong>Wydawnictwo Forma<\/strong> &#8211; Szczeci\u0144skie spotkania literackie \u201e13 Muz\u201d: Z g\u00f3rnej p\u00f3\u0142ki<\/a><\/div>\n<\/div>\n<div class=\"resident-box\">\n<div class=\"resident-number\">2.<\/div>\n<div class=\"resident-text\"><a href=\"https:\/\/13muz.eu\/stowarzyszenie-szok-szczecinska-offensywa-kulturalna\/\" target=\"_blank\" rel=\"noopener noreferrer\"><strong>Stowarzyszenie SZOK Szczeci\u0144ska Offensywa Kulturalna<\/strong> &#8211; koncerty, wydarzenia<\/a><\/div>\n<\/div>\n<div class=\"resident-box\">\n<div class=\"resident-number\">3.<\/div>\n<div class=\"resident-text\"><a href=\"https:\/\/13muz.eu\/panstwowe-liceum-sztuk-plastycznych-im-constantina-brancusiego-w-szczecinie\/\" target=\"_blank\" rel=\"noopener noreferrer\"><strong>Pa\u0144stwowe Liceum Sztuk Plastycznych im. Constantina Brancusiego w Szczecinie<\/strong> &#8211; Wystawy w Galerii Foyer<\/a><\/div>\n<\/div>\n<div class=\"resident-box\">\n<div class=\"resident-number\">4.<\/div>\n<div class=\"resident-text\"><a href=\"https:\/\/13muz.eu\/stowarzyszenie-polskich-artystow-muzykow\/\" target=\"_blank\" rel=\"noopener noreferrer\"><strong>Stowarzyszenie Polskich Artyst\u00f3w Muzyk\u00f3w<\/strong> &#8211; Koncerty z cyklu Harmonie<\/a><\/div>\n<\/div>\n<div class=\"resident-box\">\n<div class=\"resident-number\">5.<\/div>\n<div class=\"resident-text\"><a href=\"http:\/\/13muz.eu\/rezydenci-zachodniopomorskie-stowarzyszenie-jazzowe\/\" target=\"_blank\" rel=\"noopener noreferrer\"><strong>Zachodniopomorskie Stowarzyszenie Jazzowe<\/strong> &#8211; Poniedzia\u0142ek Jazz Fana<\/a><\/div>\n<\/div>\n<div class=\"resident-box\">\n<div class=\"resident-number\">6.<\/div>\n<div class=\"resident-text\"><a href=\"https:\/\/13muz.eu\/trio-animato\/\" target=\"_blank\" rel=\"noopener noreferrer\"><strong>Trio Animato<\/strong> &#8211; koncerty<\/a><\/div>\n<\/div>\n<div class=\"resident-box\">\n<div class=\"resident-number\">7.<\/div>\n<div class=\"resident-text\"><a href=\"https:\/\/13muz.eu\/zespol-panstwowych-szkol-muzycznych-im-feliksa-nowowiejskiego-w-szczecinie\/\" target=\"_blank\" rel=\"noopener noreferrer\"><strong>Zesp\u00f3\u0142 Pa\u0144stwowych Szk\u00f3\u0142 Muzycznych im. Feliksa Nowowiejskiego w Szczecinie<\/strong> &#8211; koncerty<\/a><\/div>\n<\/div>\n<div class=\"resident-box\">\n<div class=\"resident-number\">8.<\/div>\n<div class=\"resident-text\"><a href=\"http:\/\/13muz.eu\/rezydenci-stowarzyszenie-officyna\/\" target=\"_blank\" rel=\"noopener noreferrer\"><strong>Stowarzyszenie OFFicyna<\/strong> &#8211; SFF<\/a><\/div>\n<\/div>\n<div class=\"resident-box\">\n<div class=\"resident-number\">9.<\/div>\n<div class=\"resident-text\"><a href=\"https:\/\/13muz.eu\/stowarzyszenie-eko-spol\/\" target=\"_blank\" rel=\"noopener noreferrer\"><strong>Stowarzyszenie Eko-Spol<\/strong> <\/a><\/div>\n<\/div>\n<div class=\"resident-box\">\n<div class=\"resident-number\">10.<\/div>\n<div class=\"resident-text\"><a href=\"https:\/\/13muz.eu\/centrum-inicjatyw-rodzinnych\/\" target=\"_blank\" rel=\"noopener noreferrer\"><strong>Centrum Inicjatyw Rodzinnych<\/strong> <\/a><\/div>\n<\/div>\n<div class=\"resident-box\">\n<div class=\"resident-number\">11.<\/div>\n<div class=\"resident-text\"><a href=\"https:\/\/13muz.eu\/centrum-seniora\/\" target=\"_blank\" rel=\"noopener noreferrer\"><strong>Centrum Seniora<\/strong> &#8211; wsp\u00f3\u0142praca z Salonem Artystycznym Senior\u00f3w<\/a><\/div>\n<\/div>\n<div class=\"resident-box\">\n<div class=\"resident-number\">12.<\/div>\n<div class=\"resident-text\"><a href=\"http:\/\/13muz.eu\/rezydenci-miejska-biblioteka-publiczna-w-szczecinie\" target=\"_blank\" rel=\"noopener noreferrer\"><strong>Miejska Biblioteka Publiczna w Szczecinie<\/strong> <\/a><\/div>\n<\/div>\n<div class=\"resident-box\">\n<div class=\"resident-number\">13.<\/div>\n<div class=\"resident-text\"><a href=\"https:\/\/13muz.eu\/fundacja-na-rzecz-instrumentow-detych\/\" target=\"_blank\" rel=\"noopener noreferrer\"><strong>Fundacja na Rzecz Instrument\u00f3w D\u0119tych<\/strong> &#8211; Mi\u0119dzynarodowy Festiwal Saksofonowy<\/a><\/div>\n<\/div>\n<div class=\"resident-box\">\n<div class=\"resident-number\">14.<\/div>\n<div class=\"resident-text\"><a href=\"https:\/\/13muz.eu\/nienudno\/\" target=\"_blank\" rel=\"noopener noreferrer\"><strong>Nienudno<\/strong> &#8211; p\u00f3\u0142kolonie zimowe i letnie<\/a><\/div>\n<\/div>\n<div class=\"resident-box\">\n<div class=\"resident-number\">15.<\/div>\n<div class=\"resident-text\"><a href=\"http:\/\/13muz.eu\/rezydenci-fundacja-strefa-melomana\/\" target=\"_blank\" rel=\"noopener noreferrer\"><strong>Fundacja Strefa Melomana<\/strong> &#8211; koncerty kameralne<\/a><\/div>\n<\/div>\n<div class=\"resident-box\">\n<div class=\"resident-number\">16.<\/div>\n<div class=\"resident-text\"><a href=\"http:\/\/13muz.eu\/rezydenci-agencja-artystyczna-violinist\/\" target=\"_blank\" rel=\"noopener noreferrer\"><strong>Agencja Artystyczna Violinist<\/strong> &#8211; koncerty, wydarzenia<\/a><\/div>\n<\/div>\n<div class=\"resident-box\">\n<div class=\"resident-number\">17.<\/div>\n<div class=\"resident-text\"><a href=\"https:\/\/13muz.eu\/glowa-mala\/\" target=\"_blank\" rel=\"noopener noreferrer\"><strong>G\u0142owa ma\u0142a<\/strong> &#8211; spektakle teatralne dla najm\u0142odszych<\/a><\/div>\n<\/div>\n<div class=\"resident-box\">\n<div class=\"resident-number\">18.<\/div>\n<div class=\"resident-text\"><a href=\"http:\/\/13muz.eu\/rezydenci-stowarzyszenie-nordic-culture-house\/\" target=\"_blank\" rel=\"noopener noreferrer\"><strong>Stowarzyszenie Nordic Culture House<\/strong> &#8211; Dni Skandynawskie, wydarzenia<\/a><\/div>\n<\/div>\n","protected":false},"excerpt":{"rendered":"<p>&nbsp; &nbsp; &nbsp; 1. Wydawnictwo Forma &#8211; Szczeci\u0144skie spotkania literackie \u201e13 Muz\u201d: Z g\u00f3rnej p\u00f3\u0142ki 2. Stowarzyszenie SZOK Szczeci\u0144ska Offensywa Kulturalna &#8211; koncerty, wydarzenia 3. Pa\u0144stwowe Liceum Sztuk Plastycznych im. Constantina Brancusiego w Szczecinie &#8211; Wystawy w Galerii Foyer 4. Stowarzyszenie Polskich Artyst\u00f3w Muzyk\u00f3w &#8211; Koncerty z cyklu Harmonie 5. Zachodniopomorskie Stowarzyszenie Jazzowe &#8211; Poniedzia\u0142ek Jazz Fana 6. Trio Animato &#8211; koncerty 7. Zesp\u00f3\u0142 Pa\u0144stwowych Szk\u00f3\u0142 Muzycznych im. Feliksa Nowowiejskiego w Szczecinie &#8211; koncerty 8. Stowarzyszenie OFFicyna &#8211; SFF 9. Stowarzyszenie Eko-Spol 10. Centrum Inicjatyw Rodzinnych 11. Centrum Seniora &#8211; wsp\u00f3\u0142praca z Salonem Artystycznym Senior\u00f3w 12. Miejska Biblioteka Publiczna w [&hellip;]<\/p>\n","protected":false},"author":1,"featured_media":0,"parent":0,"menu_order":0,"comment_status":"closed","ping_status":"closed","template":"","meta":{"ngg_post_thumbnail":0,"_price":"","_stock":"","_tribe_ticket_header":"","_tribe_default_ticket_provider":"","_ticket_start_date":"","_ticket_end_date":"","_tribe_ticket_show_description":"","_tribe_ticket_show_not_going":false,"_tribe_ticket_use_global_stock":"","_tribe_ticket_global_stock_level":"","_global_stock_mode":"","_global_stock_cap":"","_tribe_rsvp_for_event":"","_tribe_ticket_going_count":"","_tribe_ticket_not_going_count":"","_tribe_tickets_list":"[]","_tribe_ticket_has_attendee_info_fields":false,"footnotes":"","_tec_slr_enabled":"","_tec_slr_layout":""},"class_list":["post-115","page","type-page","status-publish","hentry"],"ticketed":false,"post_mailing_queue_ids":[],"_links":{"self":[{"href":"https:\/\/13muz.eu\/en\/wp-json\/wp\/v2\/pages\/115","targetHints":{"allow":["GET"]}}],"collection":[{"href":"https:\/\/13muz.eu\/en\/wp-json\/wp\/v2\/pages"}],"about":[{"href":"https:\/\/13muz.eu\/en\/wp-json\/wp\/v2\/types\/page"}],"author":[{"embeddable":true,"href":"https:\/\/13muz.eu\/en\/wp-json\/wp\/v2\/users\/1"}],"replies":[{"embeddable":true,"href":"https:\/\/13muz.eu\/en\/wp-json\/wp\/v2\/comments?post=115"}],"version-history":[{"count":0,"href":"https:\/\/13muz.eu\/en\/wp-json\/wp\/v2\/pages\/115\/revisions"}],"wp:attachment":[{"href":"https:\/\/13muz.eu\/en\/wp-json\/wp\/v2\/media?parent=115"}],"curies":[{"name":"wp","href":"https:\/\/api.w.org\/{rel}","templated":true}]}}