{"id":1130,"date":"2018-05-04T18:00:02","date_gmt":"2018-05-04T16:00:02","guid":{"rendered":"http:\/\/test.13muz.eu\/?page_id=1130"},"modified":"2018-05-31T00:38:37","modified_gmt":"2018-05-30T22:38:37","slug":"pozostale-wydarzenia","status":"publish","type":"page","link":"https:\/\/13muz.eu\/en\/pozostale-wydarzenia\/","title":{"rendered":"Pozosta\u0142e wydarzenia"},"content":{"rendered":"\t<div class=\"ngg-albumoverview\">\n\t\t\t\t\t<div class=\"ngg-album-compact\">\n\t\t\t\t<div class=\"ngg-album-compactbox\">\n\t\t\t\t\t<div class=\"ngg-album-link\">\n\t\t\t\t\t\t\t\t\t\t\t\t\t<a title=' 95 urodziny Helenki i Halinki z SAS' href='https:\/\/13muz.eu\/en\/pozostale-wydarzenia\/nggallery\/wydarzenia\/95-urodziny-helenki-i-halinki-z-sas'>\n\t\t\t\t\t\t\t\t<img class=\"Thumb\"\n\t\t\t\t\t\t\t\t\talt=\" 95 urodziny Helenki i Halinki z SAS\"\n\t\t\t\t\t\t\t\t\tsrc=\"https:\/\/13muz.eu\/http%3A\/test.13muz.eu\/wp-content\/gallery\/95-urodziny-helenki-i-halinki-z-sas\/cache\/20260428_143219.jpg-nggid0537471-ngg0dyn-238x158x100-00f0w010c011r110f110r010t010.jpg\"\/>\n\t\t\t\t\t\t\t<\/a>\n\t\t\t\t\t\t\t\t\t\t\t<\/div>\n\t\t\t\t<\/div>\n\t\t\t\t\t\t\t\t<h4>\n\t\t\t\t\t<a class='ngg-album-desc'\n\t\t\t\t\t\ttitle=' 95 urodziny Helenki i Halinki z SAS' href='https:\/\/13muz.eu\/en\/pozostale-wydarzenia\/nggallery\/wydarzenia\/95-urodziny-helenki-i-halinki-z-sas'style=\"max-width: 258px\"\t\t\t\t\t>\n\t\t\t\t\t\t 95 urodziny Helenki i Halinki z SAS\t\t\t\t\t<\/a>\n\t\t\t\t<\/h4>\n\t\t\t\t<p class=\"ngg-album-gallery-image-counter\">\n\t\t\t\t\t\t\t\t\t\t\t<strong>39<\/strong>&nbsp;Photos\t\t\t\t\t\t\t\t\t<\/p>\n\t\t\t<\/div>\n\t\t\t\t\t<div class=\"ngg-album-compact\">\n\t\t\t\t<div class=\"ngg-album-compactbox\">\n\t\t\t\t\t<div class=\"ngg-album-link\">\n\t\t\t\t\t\t\t\t\t\t\t\t\t<a title='Spotkania w szko\u0142ach z projektami Temat Rzeka i Lecim za Szczecin' href='https:\/\/13muz.eu\/en\/pozostale-wydarzenia\/nggallery\/wydarzenia\/spotkania-w-szkolach-z-projektami-temat-rzeka-i-lecim-za-szczecin'>\n\t\t\t\t\t\t\t\t<img class=\"Thumb\"\n\t\t\t\t\t\t\t\t\talt=\"Spotkania w szko\u0142ach z projektami Temat Rzeka i Lecim za Szczecin\"\n\t\t\t\t\t\t\t\t\tsrc=\"https:\/\/13muz.eu\/http%3A\/test.13muz.eu\/wp-content\/gallery\/spotkania-w-szkolach-z-projektami-temat-rzeka-i-lecim-za-szczecin\/cache\/20260424_125346.jpg-nggid0537469-ngg0dyn-238x158x100-00f0w010c011r110f110r010t010.jpg\"\/>\n\t\t\t\t\t\t\t<\/a>\n\t\t\t\t\t\t\t\t\t\t\t<\/div>\n\t\t\t\t<\/div>\n\t\t\t\t\t\t\t\t<h4>\n\t\t\t\t\t<a class='ngg-album-desc'\n\t\t\t\t\t\ttitle='Spotkania w szko\u0142ach z projektami Temat Rzeka i Lecim za Szczecin' href='https:\/\/13muz.eu\/en\/pozostale-wydarzenia\/nggallery\/wydarzenia\/spotkania-w-szkolach-z-projektami-temat-rzeka-i-lecim-za-szczecin'style=\"max-width: 258px\"\t\t\t\t\t>\n\t\t\t\t\t\tSpotkania w szko\u0142ach z projektami Temat Rzeka i Lecim za Szczecin\t\t\t\t\t<\/a>\n\t\t\t\t<\/h4>\n\t\t\t\t<p class=\"ngg-album-gallery-image-counter\">\n\t\t\t\t\t\t\t\t\t\t\t<strong>20<\/strong>&nbsp;Photos\t\t\t\t\t\t\t\t\t<\/p>\n\t\t\t<\/div>\n\t\t\t\t\t<div class=\"ngg-album-compact\">\n\t\t\t\t<div class=\"ngg-album-compactbox\">\n\t\t\t\t\t<div class=\"ngg-album-link\">\n\t\t\t\t\t\t\t\t\t\t\t\t\t<a title='Lecim za Szczecin _ Lass uns jenseits 9_10' href='https:\/\/13muz.eu\/en\/pozostale-wydarzenia\/nggallery\/wydarzenia\/lecim-za-szczecin-_-lass-uns-jenseits-9_10'>\n\t\t\t\t\t\t\t\t<img class=\"Thumb\"\n\t\t\t\t\t\t\t\t\talt=\"Lecim za Szczecin _ Lass uns jenseits 9_10\"\n\t\t\t\t\t\t\t\t\tsrc=\"https:\/\/13muz.eu\/http%3A\/test.13muz.eu\/wp-content\/gallery\/lecim-za-szczecin-_-lass-uns-jenseits-9_10\/cache\/20260422_RS_ROBS0913.jpg-nggid0537449-ngg0dyn-238x158x100-00f0w010c011r110f110r010t010.jpg\"\/>\n\t\t\t\t\t\t\t<\/a>\n\t\t\t\t\t\t\t\t\t\t\t<\/div>\n\t\t\t\t<\/div>\n\t\t\t\t\t\t\t\t<h4>\n\t\t\t\t\t<a class='ngg-album-desc'\n\t\t\t\t\t\ttitle='Lecim za Szczecin _ Lass uns jenseits 9_10' href='https:\/\/13muz.eu\/en\/pozostale-wydarzenia\/nggallery\/wydarzenia\/lecim-za-szczecin-_-lass-uns-jenseits-9_10'style=\"max-width: 258px\"\t\t\t\t\t>\n\t\t\t\t\t\tLecim za Szczecin _ Lass uns jenseits 9_10\t\t\t\t\t<\/a>\n\t\t\t\t<\/h4>\n\t\t\t\t<p class=\"ngg-album-gallery-image-counter\">\n\t\t\t\t\t\t\t\t\t\t\t<strong>20<\/strong>&nbsp;Photos\t\t\t\t\t\t\t\t\t<\/p>\n\t\t\t<\/div>\n\t\t\t\t\t<div class=\"ngg-album-compact\">\n\t\t\t\t<div class=\"ngg-album-compactbox\">\n\t\t\t\t\t<div class=\"ngg-album-link\">\n\t\t\t\t\t\t\t\t\t\t\t\t\t<a title='Lecim za Szczecin _ Lass uns jenseits Szczecin fliegen 7_8' href='https:\/\/13muz.eu\/en\/pozostale-wydarzenia\/nggallery\/wydarzenia\/lecim-za-szczecin-_-lass-uns-jenseits-szczecin-fliegen-7_8'>\n\t\t\t\t\t\t\t\t<img class=\"Thumb\"\n\t\t\t\t\t\t\t\t\talt=\"Lecim za Szczecin _ Lass uns jenseits Szczecin fliegen 7_8\"\n\t\t\t\t\t\t\t\t\tsrc=\"https:\/\/13muz.eu\/http%3A\/test.13muz.eu\/wp-content\/gallery\/20260325-lecim-za-szczecin-_-lass-uns-jenseits-szczecin-fliegen-7_8\/cache\/20260325_RS_PA__0181.jpg-nggid0537106-ngg0dyn-238x158x100-00f0w010c011r110f110r010t010.jpg\"\/>\n\t\t\t\t\t\t\t<\/a>\n\t\t\t\t\t\t\t\t\t\t\t<\/div>\n\t\t\t\t<\/div>\n\t\t\t\t\t\t\t\t<h4>\n\t\t\t\t\t<a class='ngg-album-desc'\n\t\t\t\t\t\ttitle='Lecim za Szczecin _ Lass uns jenseits Szczecin fliegen 7_8' href='https:\/\/13muz.eu\/en\/pozostale-wydarzenia\/nggallery\/wydarzenia\/lecim-za-szczecin-_-lass-uns-jenseits-szczecin-fliegen-7_8'style=\"max-width: 258px\"\t\t\t\t\t>\n\t\t\t\t\t\tLecim za Szczecin _ Lass uns jenseits Szczecin fliegen 7_8\t\t\t\t\t<\/a>\n\t\t\t\t<\/h4>\n\t\t\t\t<p class=\"ngg-album-gallery-image-counter\">\n\t\t\t\t\t\t\t\t\t\t\t<strong>15<\/strong>&nbsp;Photos\t\t\t\t\t\t\t\t\t<\/p>\n\t\t\t<\/div>\n\t\t\t\t\t<div class=\"ngg-album-compact\">\n\t\t\t\t<div class=\"ngg-album-compactbox\">\n\t\t\t\t\t<div class=\"ngg-album-link\">\n\t\t\t\t\t\t\t\t\t\t\t\t\t<a title='Je\u017celi mi\u0142o\u015b\u0107 jest - program poetycko-muzyczny z wierszami i piosenkami Agnieszki Osieckiej w 90. rocznic\u0119 urodzin poetki' href='https:\/\/13muz.eu\/en\/pozostale-wydarzenia\/nggallery\/wydarzenia\/jezeli-milosc-jest-program-poetycko-muzyczny-z-wierszami-i-piosenkami-agnieszki-osieckiej-w-90-rocznice-urodzin-poetki'>\n\t\t\t\t\t\t\t\t<img class=\"Thumb\"\n\t\t\t\t\t\t\t\t\talt=\"Je\u017celi mi\u0142o\u015b\u0107 jest - program poetycko-muzyczny z wierszami i piosenkami Agnieszki Osieckiej w 90. rocznic\u0119 urodzin poetki\"\n\t\t\t\t\t\t\t\t\tsrc=\"https:\/\/13muz.eu\/http%3A\/test.13muz.eu\/wp-content\/gallery\/jezeli-milosc-jest-program-poetycko-muzyczny-z-wierszami-i-piosenkami-agnieszki-osieckiej-w-90-rocznice-urodzin-poetki\/cache\/20260313_RS_ROBS1326.jpg-nggid0536953-ngg0dyn-238x158x100-00f0w010c011r110f110r010t010.jpg\"\/>\n\t\t\t\t\t\t\t<\/a>\n\t\t\t\t\t\t\t\t\t\t\t<\/div>\n\t\t\t\t<\/div>\n\t\t\t\t\t\t\t\t<h4>\n\t\t\t\t\t<a class='ngg-album-desc'\n\t\t\t\t\t\ttitle='Je\u017celi mi\u0142o\u015b\u0107 jest - program poetycko-muzyczny z wierszami i piosenkami Agnieszki Osieckiej w 90. rocznic\u0119 urodzin poetki' href='https:\/\/13muz.eu\/en\/pozostale-wydarzenia\/nggallery\/wydarzenia\/jezeli-milosc-jest-program-poetycko-muzyczny-z-wierszami-i-piosenkami-agnieszki-osieckiej-w-90-rocznice-urodzin-poetki'style=\"max-width: 258px\"\t\t\t\t\t>\n\t\t\t\t\t\tJe\u017celi mi\u0142o\u015b\u0107 jest - program poetycko-muzyczny z wierszami i piosenkami Agnieszki Osieckiej w 90. rocznic\u0119 urodzin poetki\t\t\t\t\t<\/a>\n\t\t\t\t<\/h4>\n\t\t\t\t<p class=\"ngg-album-gallery-image-counter\">\n\t\t\t\t\t\t\t\t\t\t\t<strong>70<\/strong>&nbsp;Photos\t\t\t\t\t\t\t\t\t<\/p>\n\t\t\t<\/div>\n\t\t\t\t\t<div class=\"ngg-album-compact\">\n\t\t\t\t<div class=\"ngg-album-compactbox\">\n\t\t\t\t\t<div class=\"ngg-album-link\">\n\t\t\t\t\t\t\t\t\t\t\t\t\t<a title='Kobie\u0107my sobie szczerze - program satyryczno-komediowy z okazji Dnia Kobiet - Kabaretu Fo-Pa z DK 13 Muz' href='https:\/\/13muz.eu\/en\/pozostale-wydarzenia\/nggallery\/wydarzenia\/kobiecmy-sobie-szczerze-program-satyryczno-komediowy-z-okazji-dnia-kobiet-kabaretu-fo-pa-z-dk-13-muz'>\n\t\t\t\t\t\t\t\t<img class=\"Thumb\"\n\t\t\t\t\t\t\t\t\talt=\"Kobie\u0107my sobie szczerze - program satyryczno-komediowy z okazji Dnia Kobiet - Kabaretu Fo-Pa z DK 13 Muz\"\n\t\t\t\t\t\t\t\t\tsrc=\"https:\/\/13muz.eu\/http%3A\/test.13muz.eu\/wp-content\/gallery\/kobiecmy-sobie-szczerze-program-satyryczno-komediowy-z-okazji-dnia-kobiet-kabaretu-fo-pa-z-dk-13-muz\/cache\/20260305_RS_ROBS0514.jpg-nggid0536798-ngg0dyn-238x158x100-00f0w010c011r110f110r010t010.jpg\"\/>\n\t\t\t\t\t\t\t<\/a>\n\t\t\t\t\t\t\t\t\t\t\t<\/div>\n\t\t\t\t<\/div>\n\t\t\t\t\t\t\t\t<h4>\n\t\t\t\t\t<a class='ngg-album-desc'\n\t\t\t\t\t\ttitle='Kobie\u0107my sobie szczerze - program satyryczno-komediowy z okazji Dnia Kobiet - Kabaretu Fo-Pa z DK 13 Muz' href='https:\/\/13muz.eu\/en\/pozostale-wydarzenia\/nggallery\/wydarzenia\/kobiecmy-sobie-szczerze-program-satyryczno-komediowy-z-okazji-dnia-kobiet-kabaretu-fo-pa-z-dk-13-muz'style=\"max-width: 258px\"\t\t\t\t\t>\n\t\t\t\t\t\tKobie\u0107my sobie szczerze - program satyryczno-komediowy z okazji Dnia Kobiet - Kabaretu Fo-Pa z DK 13 Muz\t\t\t\t\t<\/a>\n\t\t\t\t<\/h4>\n\t\t\t\t<p class=\"ngg-album-gallery-image-counter\">\n\t\t\t\t\t\t\t\t\t\t\t<strong>70<\/strong>&nbsp;Photos\t\t\t\t\t\t\t\t\t<\/p>\n\t\t\t<\/div>\n\t\t\t\t\t<div class=\"ngg-album-compact\">\n\t\t\t\t<div class=\"ngg-album-compactbox\">\n\t\t\t\t\t<div class=\"ngg-album-link\">\n\t\t\t\t\t\t\t\t\t\t\t\t\t<a title='Lecim za Szczecin_Lass uns jenseits Szczecin fliegen 5_6' href='https:\/\/13muz.eu\/en\/pozostale-wydarzenia\/nggallery\/wydarzenia\/lecim-za-szczecin_lass-uns-jenseits-szczecin-fliegen-5_6'>\n\t\t\t\t\t\t\t\t<img class=\"Thumb\"\n\t\t\t\t\t\t\t\t\talt=\"Lecim za Szczecin_Lass uns jenseits Szczecin fliegen 5_6\"\n\t\t\t\t\t\t\t\t\tsrc=\"https:\/\/13muz.eu\/http%3A\/test.13muz.eu\/wp-content\/gallery\/lecim-za-szczecin_lass-uns-jenseits-szczecin-fliegen-5_6\/cache\/20260225_RS_ROBS2286.jpg-nggid0536656-ngg0dyn-238x158x100-00f0w010c011r110f110r010t010.jpg\"\/>\n\t\t\t\t\t\t\t<\/a>\n\t\t\t\t\t\t\t\t\t\t\t<\/div>\n\t\t\t\t<\/div>\n\t\t\t\t\t\t\t\t<h4>\n\t\t\t\t\t<a class='ngg-album-desc'\n\t\t\t\t\t\ttitle='Lecim za Szczecin_Lass uns jenseits Szczecin fliegen 5_6' href='https:\/\/13muz.eu\/en\/pozostale-wydarzenia\/nggallery\/wydarzenia\/lecim-za-szczecin_lass-uns-jenseits-szczecin-fliegen-5_6'style=\"max-width: 258px\"\t\t\t\t\t>\n\t\t\t\t\t\tLecim za Szczecin_Lass uns jenseits Szczecin fliegen 5_6\t\t\t\t\t<\/a>\n\t\t\t\t<\/h4>\n\t\t\t\t<p class=\"ngg-album-gallery-image-counter\">\n\t\t\t\t\t\t\t\t\t\t\t<strong>20<\/strong>&nbsp;Photos\t\t\t\t\t\t\t\t\t<\/p>\n\t\t\t<\/div>\n\t\t\t\t\t<div class=\"ngg-album-compact\">\n\t\t\t\t<div class=\"ngg-album-compactbox\">\n\t\t\t\t\t<div class=\"ngg-album-link\">\n\t\t\t\t\t\t\t\t\t\t\t\t\t<a title='Lecim za Szczecin_Lass uns jenseits Szczecin fliegen 3_4' href='https:\/\/13muz.eu\/en\/pozostale-wydarzenia\/nggallery\/wydarzenia\/lecim-za-szczecin_lass-uns-jenseits-szczecin-fliegen-3_4'>\n\t\t\t\t\t\t\t\t<img class=\"Thumb\"\n\t\t\t\t\t\t\t\t\talt=\"Lecim za Szczecin_Lass uns jenseits Szczecin fliegen 3_4\"\n\t\t\t\t\t\t\t\t\tsrc=\"https:\/\/13muz.eu\/http%3A\/test.13muz.eu\/wp-content\/gallery\/lecim-za-szczecin_lass-uns-jenseits-szczecin-fliegen-3_4\/cache\/20260128_RS_ROBS3757.jpg-nggid0536321-ngg0dyn-238x158x100-00f0w010c011r110f110r010t010.jpg\"\/>\n\t\t\t\t\t\t\t<\/a>\n\t\t\t\t\t\t\t\t\t\t\t<\/div>\n\t\t\t\t<\/div>\n\t\t\t\t\t\t\t\t<h4>\n\t\t\t\t\t<a class='ngg-album-desc'\n\t\t\t\t\t\ttitle='Lecim za Szczecin_Lass uns jenseits Szczecin fliegen 3_4' href='https:\/\/13muz.eu\/en\/pozostale-wydarzenia\/nggallery\/wydarzenia\/lecim-za-szczecin_lass-uns-jenseits-szczecin-fliegen-3_4'style=\"max-width: 258px\"\t\t\t\t\t>\n\t\t\t\t\t\tLecim za Szczecin_Lass uns jenseits Szczecin fliegen 3_4\t\t\t\t\t<\/a>\n\t\t\t\t<\/h4>\n\t\t\t\t<p class=\"ngg-album-gallery-image-counter\">\n\t\t\t\t\t\t\t\t\t\t\t<strong>25<\/strong>&nbsp;Photos\t\t\t\t\t\t\t\t\t<\/p>\n\t\t\t<\/div>\n\t\t\t\t\t<div class=\"ngg-album-compact\">\n\t\t\t\t<div class=\"ngg-album-compactbox\">\n\t\t\t\t\t<div class=\"ngg-album-link\">\n\t\t\t\t\t\t\t\t\t\t\t\t\t<a title='I Festiwal Sztuki S\u0142owa im. K. I. Ga\u0142czy\u0144skiego - Zielona Muza w DK 13 Muz w 121. rocznic\u0119 urodzin poety' href='https:\/\/13muz.eu\/en\/pozostale-wydarzenia\/nggallery\/wydarzenia\/i-festiwal-sztuki-slowa-im-k-i-galczynskiego-zielona-muza-w-dk-13-muz-w-121-rocznice-urodzin-poety'>\n\t\t\t\t\t\t\t\t<img class=\"Thumb\"\n\t\t\t\t\t\t\t\t\talt=\"I Festiwal Sztuki S\u0142owa im. K. I. Ga\u0142czy\u0144skiego - Zielona Muza w DK 13 Muz w 121. rocznic\u0119 urodzin poety\"\n\t\t\t\t\t\t\t\t\tsrc=\"https:\/\/13muz.eu\/http%3A\/test.13muz.eu\/wp-content\/gallery\/i-festiwal-sztuki-slowa-im-k-i-galczynskiego-zielona-muza-w-dk-13-muz-w-121-rocznice-urodzin-poety\/cache\/20260123_RS_ROBS9993.jpg-nggid0536203-ngg0dyn-238x158x100-00f0w010c011r110f110r010t010.jpg\"\/>\n\t\t\t\t\t\t\t<\/a>\n\t\t\t\t\t\t\t\t\t\t\t<\/div>\n\t\t\t\t<\/div>\n\t\t\t\t\t\t\t\t<h4>\n\t\t\t\t\t<a class='ngg-album-desc'\n\t\t\t\t\t\ttitle='I Festiwal Sztuki S\u0142owa im. K. I. Ga\u0142czy\u0144skiego - Zielona Muza w DK 13 Muz w 121. rocznic\u0119 urodzin poety' href='https:\/\/13muz.eu\/en\/pozostale-wydarzenia\/nggallery\/wydarzenia\/i-festiwal-sztuki-slowa-im-k-i-galczynskiego-zielona-muza-w-dk-13-muz-w-121-rocznice-urodzin-poety'style=\"max-width: 258px\"\t\t\t\t\t>\n\t\t\t\t\t\tI Festiwal Sztuki S\u0142owa im. K. I. Ga\u0142czy\u0144skiego - Zielona Muza w DK 13 Muz w 121. rocznic\u0119 urodzin poety\t\t\t\t\t<\/a>\n\t\t\t\t<\/h4>\n\t\t\t\t<p class=\"ngg-album-gallery-image-counter\">\n\t\t\t\t\t\t\t\t\t\t\t<strong>118<\/strong>&nbsp;Photos\t\t\t\t\t\t\t\t\t<\/p>\n\t\t\t<\/div>\n\t\t\t\t\t<div class=\"ngg-album-compact\">\n\t\t\t\t<div class=\"ngg-album-compactbox\">\n\t\t\t\t\t<div class=\"ngg-album-link\">\n\t\t\t\t\t\t\t\t\t\t\t\t\t<a title='Lecim za Szczecin_Lass uns jenseits Szczecin fliegen' href='https:\/\/13muz.eu\/en\/pozostale-wydarzenia\/nggallery\/wydarzenia\/lecim-za-szczecin_lass-uns-jenseits-szczecin-fliegen'>\n\t\t\t\t\t\t\t\t<img class=\"Thumb\"\n\t\t\t\t\t\t\t\t\talt=\"Lecim za Szczecin_Lass uns jenseits Szczecin fliegen\"\n\t\t\t\t\t\t\t\t\tsrc=\"https:\/\/13muz.eu\/http%3A\/test.13muz.eu\/wp-content\/gallery\/lecim-za-szczecin_lass-uns-jenseits-szczecin-fliegen\/cache\/20251212_RS_ROBS5077.jpg-nggid0535682-ngg0dyn-238x158x100-00f0w010c011r110f110r010t010.jpg\"\/>\n\t\t\t\t\t\t\t<\/a>\n\t\t\t\t\t\t\t\t\t\t\t<\/div>\n\t\t\t\t<\/div>\n\t\t\t\t\t\t\t\t<h4>\n\t\t\t\t\t<a class='ngg-album-desc'\n\t\t\t\t\t\ttitle='Lecim za Szczecin_Lass uns jenseits Szczecin fliegen' href='https:\/\/13muz.eu\/en\/pozostale-wydarzenia\/nggallery\/wydarzenia\/lecim-za-szczecin_lass-uns-jenseits-szczecin-fliegen'style=\"max-width: 258px\"\t\t\t\t\t>\n\t\t\t\t\t\tLecim za Szczecin_Lass uns jenseits Szczecin fliegen\t\t\t\t\t<\/a>\n\t\t\t\t<\/h4>\n\t\t\t\t<p class=\"ngg-album-gallery-image-counter\">\n\t\t\t\t\t\t\t\t\t\t\t<strong>25<\/strong>&nbsp;Photos\t\t\t\t\t\t\t\t\t<\/p>\n\t\t\t<\/div>\n\t\t\t\t\t<div class=\"ngg-album-compact\">\n\t\t\t\t<div class=\"ngg-album-compactbox\">\n\t\t\t\t\t<div class=\"ngg-album-link\">\n\t\t\t\t\t\t\t\t\t\t\t\t\t<a title='Konferencja prasowa dot. cyklu filmowego Lecim za Szczecin' href='https:\/\/13muz.eu\/en\/pozostale-wydarzenia\/nggallery\/wydarzenia\/konferencja-prasowa-dot-cyklu-filmowego-lecim-za-szczecin'>\n\t\t\t\t\t\t\t\t<img class=\"Thumb\"\n\t\t\t\t\t\t\t\t\talt=\"Konferencja prasowa dot. cyklu filmowego Lecim za Szczecin\"\n\t\t\t\t\t\t\t\t\tsrc=\"https:\/\/13muz.eu\/http%3A\/test.13muz.eu\/wp-content\/gallery\/konferencja-prasowa-dot-cyklu-filmowego-lecim-za-szczecin\/cache\/20251211_RS_ROBS3617.jpg-nggid0535654-ngg0dyn-238x158x100-00f0w010c011r110f110r010t010.jpg\"\/>\n\t\t\t\t\t\t\t<\/a>\n\t\t\t\t\t\t\t\t\t\t\t<\/div>\n\t\t\t\t<\/div>\n\t\t\t\t\t\t\t\t<h4>\n\t\t\t\t\t<a class='ngg-album-desc'\n\t\t\t\t\t\ttitle='Konferencja prasowa dot. cyklu filmowego Lecim za Szczecin' href='https:\/\/13muz.eu\/en\/pozostale-wydarzenia\/nggallery\/wydarzenia\/konferencja-prasowa-dot-cyklu-filmowego-lecim-za-szczecin'style=\"max-width: 258px\"\t\t\t\t\t>\n\t\t\t\t\t\tKonferencja prasowa dot. cyklu filmowego Lecim za Szczecin\t\t\t\t\t<\/a>\n\t\t\t\t<\/h4>\n\t\t\t\t<p class=\"ngg-album-gallery-image-counter\">\n\t\t\t\t\t\t\t\t\t\t\t<strong>10<\/strong>&nbsp;Photos\t\t\t\t\t\t\t\t\t<\/p>\n\t\t\t<\/div>\n\t\t\t\t\t<div class=\"ngg-album-compact\">\n\t\t\t\t<div class=\"ngg-album-compactbox\">\n\t\t\t\t\t<div class=\"ngg-album-link\">\n\t\t\t\t\t\t\t\t\t\t\t\t\t<a title='Szczeci\u0144ska Trzynastka_S\u0142awosz Uzna\u0144ski-Wi\u015bniewski_Mural' href='https:\/\/13muz.eu\/en\/pozostale-wydarzenia\/nggallery\/wydarzenia\/szczecinska-trzynastka_slawosz-uznanski-wisniewski_mural'>\n\t\t\t\t\t\t\t\t<img class=\"Thumb\"\n\t\t\t\t\t\t\t\t\talt=\"Szczeci\u0144ska Trzynastka_S\u0142awosz Uzna\u0144ski-Wi\u015bniewski_Mural\"\n\t\t\t\t\t\t\t\t\tsrc=\"https:\/\/13muz.eu\/http%3A\/test.13muz.eu\/wp-content\/gallery\/szczecinska-trzynastka_slawosz-uznanski-wisniewski_mural\/cache\/20251210_RS_ROBS2875.jpg-nggid0535529-ngg0dyn-238x158x100-00f0w010c011r110f110r010t010.jpg\"\/>\n\t\t\t\t\t\t\t<\/a>\n\t\t\t\t\t\t\t\t\t\t\t<\/div>\n\t\t\t\t<\/div>\n\t\t\t\t\t\t\t\t<h4>\n\t\t\t\t\t<a class='ngg-album-desc'\n\t\t\t\t\t\ttitle='Szczeci\u0144ska Trzynastka_S\u0142awosz Uzna\u0144ski-Wi\u015bniewski_Mural' href='https:\/\/13muz.eu\/en\/pozostale-wydarzenia\/nggallery\/wydarzenia\/szczecinska-trzynastka_slawosz-uznanski-wisniewski_mural'style=\"max-width: 258px\"\t\t\t\t\t>\n\t\t\t\t\t\tSzczeci\u0144ska Trzynastka_S\u0142awosz Uzna\u0144ski-Wi\u015bniewski_Mural\t\t\t\t\t<\/a>\n\t\t\t\t<\/h4>\n\t\t\t\t<p class=\"ngg-album-gallery-image-counter\">\n\t\t\t\t\t\t\t\t\t\t\t<strong>5<\/strong>&nbsp;Photos\t\t\t\t\t\t\t\t\t<\/p>\n\t\t\t<\/div>\n\t\t\t\t<br class=\"ngg-clear\"\/>\n\t\t<div class='ngg-navigation'><span class='current'>1<\/span>\n<a class='page-numbers' data-pageid='2' href='https:\/\/13muz.eu\/en\/pozostale-wydarzenia\/nggallery\/page\/2'>2<\/a>\n<span class='ellipsis'>...<\/span>\n<a class='page-numbers' data-pageid='16' href='https:\/\/13muz.eu\/en\/pozostale-wydarzenia\/nggallery\/page\/16'>16<\/a>\n<a class='prev' href='https:\/\/13muz.eu\/en\/pozostale-wydarzenia\/nggallery\/page\/2' data-pageid=2>&#9658;<\/a><\/div>\t<\/div>\n\n","protected":false},"excerpt":{"rendered":"","protected":false},"author":1,"featured_media":0,"parent":0,"menu_order":0,"comment_status":"closed","ping_status":"closed","template":"","meta":{"ngg_post_thumbnail":0,"_price":"","_stock":"","_tribe_ticket_header":"","_tribe_default_ticket_provider":"","_ticket_start_date":"","_ticket_end_date":"","_tribe_ticket_show_description":"","_tribe_ticket_show_not_going":false,"_tribe_ticket_use_global_stock":"","_tribe_ticket_global_stock_level":"","_global_stock_mode":"","_global_stock_cap":"","_tribe_rsvp_for_event":"","_tribe_ticket_going_count":"","_tribe_ticket_not_going_count":"","_tribe_tickets_list":"[]","_tribe_ticket_has_attendee_info_fields":false,"footnotes":"","_tec_slr_enabled":"","_tec_slr_layout":""},"class_list":["post-1130","page","type-page","status-publish","hentry"],"ticketed":false,"post_mailing_queue_ids":[],"_links":{"self":[{"href":"https:\/\/13muz.eu\/en\/wp-json\/wp\/v2\/pages\/1130","targetHints":{"allow":["GET"]}}],"collection":[{"href":"https:\/\/13muz.eu\/en\/wp-json\/wp\/v2\/pages"}],"about":[{"href":"https:\/\/13muz.eu\/en\/wp-json\/wp\/v2\/types\/page"}],"author":[{"embeddable":true,"href":"https:\/\/13muz.eu\/en\/wp-json\/wp\/v2\/users\/1"}],"replies":[{"embeddable":true,"href":"https:\/\/13muz.eu\/en\/wp-json\/wp\/v2\/comments?post=1130"}],"version-history":[{"count":0,"href":"https:\/\/13muz.eu\/en\/wp-json\/wp\/v2\/pages\/1130\/revisions"}],"wp:attachment":[{"href":"https:\/\/13muz.eu\/en\/wp-json\/wp\/v2\/media?parent=1130"}],"curies":[{"name":"wp","href":"https:\/\/api.w.org\/{rel}","templated":true}]}}