{"id":1122,"date":"2018-05-04T17:59:00","date_gmt":"2018-05-04T15:59:00","guid":{"rendered":"http:\/\/test.13muz.eu\/?page_id=1122"},"modified":"2024-12-11T14:49:08","modified_gmt":"2024-12-11T13:49:08","slug":"wernisaze","status":"publish","type":"page","link":"https:\/\/13muz.eu\/en\/wernisaze\/","title":{"rendered":"Wernisa\u017ce"},"content":{"rendered":"\t<div class=\"ngg-albumoverview\">\n\t\t\t\t\t<div class=\"ngg-album-compact\">\n\t\t\t\t<div class=\"ngg-album-compactbox\">\n\t\t\t\t\t<div class=\"ngg-album-link\">\n\t\t\t\t\t\t\t\t\t\t\t\t\t<a title='Galeria Foyer - Izabela Herbich - Miejska utopia - grafika' href='https:\/\/13muz.eu\/en\/wernisaze\/nggallery\/wernisaze\/galeria-foyer-izabela-herbich-miejska-utopia-grafika'>\n\t\t\t\t\t\t\t\t<img class=\"Thumb\"\n\t\t\t\t\t\t\t\t\talt=\"Galeria Foyer - Izabela Herbich - Miejska utopia - grafika\"\n\t\t\t\t\t\t\t\t\tsrc=\"https:\/\/13muz.eu\/http%3A\/test.13muz.eu\/wp-content\/gallery\/galeria-foyer-izabela-herbich-miejska-utopia-grafika\/cache\/20260415_RS_ROBS9606.jpg-nggid0537311-ngg0dyn-238x158x100-00f0w010c011r110f110r010t010.jpg\"\/>\n\t\t\t\t\t\t\t<\/a>\n\t\t\t\t\t\t\t\t\t\t\t<\/div>\n\t\t\t\t<\/div>\n\t\t\t\t\t\t\t\t<h4>\n\t\t\t\t\t<a class='ngg-album-desc'\n\t\t\t\t\t\ttitle='Galeria Foyer - Izabela Herbich - Miejska utopia - grafika' href='https:\/\/13muz.eu\/en\/wernisaze\/nggallery\/wernisaze\/galeria-foyer-izabela-herbich-miejska-utopia-grafika'style=\"max-width: 258px\"\t\t\t\t\t>\n\t\t\t\t\t\tGaleria Foyer - Izabela Herbich - Miejska utopia - grafika\t\t\t\t\t<\/a>\n\t\t\t\t<\/h4>\n\t\t\t\t<p class=\"ngg-album-gallery-image-counter\">\n\t\t\t\t\t\t\t\t\t\t\t<strong>55<\/strong>&nbsp;Photos\t\t\t\t\t\t\t\t\t<\/p>\n\t\t\t<\/div>\n\t\t\t\t\t<div class=\"ngg-album-compact\">\n\t\t\t\t<div class=\"ngg-album-compactbox\">\n\t\t\t\t\t<div class=\"ngg-album-link\">\n\t\t\t\t\t\t\t\t\t\t\t\t\t<a title='Galeria Enter - Lena \u017bbikowska - M\u00f3j Szczecin' href='https:\/\/13muz.eu\/en\/wernisaze\/nggallery\/wernisaze\/galeria-enter-lena-zbikowska-moj-szczecin'>\n\t\t\t\t\t\t\t\t<img class=\"Thumb\"\n\t\t\t\t\t\t\t\t\talt=\"Galeria Enter - Lena \u017bbikowska - M\u00f3j Szczecin\"\n\t\t\t\t\t\t\t\t\tsrc=\"https:\/\/13muz.eu\/http%3A\/test.13muz.eu\/wp-content\/gallery\/galeria-enter-lena-zbikowska-moj-szczecin\/cache\/20260409_RS_ROBS6607.jpg-nggid0537121-ngg0dyn-238x158x100-00f0w010c011r110f110r010t010.jpg\"\/>\n\t\t\t\t\t\t\t<\/a>\n\t\t\t\t\t\t\t\t\t\t\t<\/div>\n\t\t\t\t<\/div>\n\t\t\t\t\t\t\t\t<h4>\n\t\t\t\t\t<a class='ngg-album-desc'\n\t\t\t\t\t\ttitle='Galeria Enter - Lena \u017bbikowska - M\u00f3j Szczecin' href='https:\/\/13muz.eu\/en\/wernisaze\/nggallery\/wernisaze\/galeria-enter-lena-zbikowska-moj-szczecin'style=\"max-width: 258px\"\t\t\t\t\t>\n\t\t\t\t\t\tGaleria Enter - Lena \u017bbikowska - M\u00f3j Szczecin\t\t\t\t\t<\/a>\n\t\t\t\t<\/h4>\n\t\t\t\t<p class=\"ngg-album-gallery-image-counter\">\n\t\t\t\t\t\t\t\t\t\t\t<strong>90<\/strong>&nbsp;Photos\t\t\t\t\t\t\t\t\t<\/p>\n\t\t\t<\/div>\n\t\t\t\t\t<div class=\"ngg-album-compact\">\n\t\t\t\t<div class=\"ngg-album-compactbox\">\n\t\t\t\t\t<div class=\"ngg-album-link\">\n\t\t\t\t\t\t\t\t\t\t\t\t\t<a title='Galeria Foyer - Plakaty plus animacje _ offline plus online - wystawa zbiorowa student\u00f3w i absolwent\u00f3w Akademii Sztuki' href='https:\/\/13muz.eu\/en\/wernisaze\/nggallery\/wernisaze\/galeria-foyer-plakaty-plus-animacje-_-offline-plus-online-wystawa-zbiorowa-studentow-i-absolwentow-akademii-sztuki'>\n\t\t\t\t\t\t\t\t<img class=\"Thumb\"\n\t\t\t\t\t\t\t\t\talt=\"Galeria Foyer - Plakaty plus animacje _ offline plus online - wystawa zbiorowa student\u00f3w i absolwent\u00f3w Akademii Sztuki\"\n\t\t\t\t\t\t\t\t\tsrc=\"https:\/\/13muz.eu\/http%3A\/test.13muz.eu\/wp-content\/gallery\/galeria-foyer-plakaty-plus-animacje-_-offline-plus-online-wystawa-zbiorowa-studentow-i-absolwentow-akademii-sztuki\/cache\/20260311_RS_ROBS0009.jpg-nggid0536865-ngg0dyn-238x158x100-00f0w010c011r110f110r010t010.jpg\"\/>\n\t\t\t\t\t\t\t<\/a>\n\t\t\t\t\t\t\t\t\t\t\t<\/div>\n\t\t\t\t<\/div>\n\t\t\t\t\t\t\t\t<h4>\n\t\t\t\t\t<a class='ngg-album-desc'\n\t\t\t\t\t\ttitle='Galeria Foyer - Plakaty plus animacje _ offline plus online - wystawa zbiorowa student\u00f3w i absolwent\u00f3w Akademii Sztuki' href='https:\/\/13muz.eu\/en\/wernisaze\/nggallery\/wernisaze\/galeria-foyer-plakaty-plus-animacje-_-offline-plus-online-wystawa-zbiorowa-studentow-i-absolwentow-akademii-sztuki'style=\"max-width: 258px\"\t\t\t\t\t>\n\t\t\t\t\t\tGaleria Foyer - Plakaty plus animacje _ offline plus online - wystawa zbiorowa student\u00f3w i absolwent\u00f3w Akademii Sztuki\t\t\t\t\t<\/a>\n\t\t\t\t<\/h4>\n\t\t\t\t<p class=\"ngg-album-gallery-image-counter\">\n\t\t\t\t\t\t\t\t\t\t\t<strong>37<\/strong>&nbsp;Photos\t\t\t\t\t\t\t\t\t<\/p>\n\t\t\t<\/div>\n\t\t\t\t\t<div class=\"ngg-album-compact\">\n\t\t\t\t<div class=\"ngg-album-compactbox\">\n\t\t\t\t\t<div class=\"ngg-album-link\">\n\t\t\t\t\t\t\t\t\t\t\t\t\t<a title='Galeria Enter - Janusz S\u0142awek Piszczatowski - Ziarno i Pixele - wystawa fotografii' href='https:\/\/13muz.eu\/en\/wernisaze\/nggallery\/wernisaze\/galeria-enter-janusz-slawek-piszczatowski-ziarno-i-pixele-wystawa-fotografii'>\n\t\t\t\t\t\t\t\t<img class=\"Thumb\"\n\t\t\t\t\t\t\t\t\talt=\"Galeria Enter - Janusz S\u0142awek Piszczatowski - Ziarno i Pixele - wystawa fotografii\"\n\t\t\t\t\t\t\t\t\tsrc=\"https:\/\/13muz.eu\/http%3A\/test.13muz.eu\/wp-content\/gallery\/galeria-enter-janusz-slawek-piszczatowski-ziarno-i-pixele-wystawa-fotografii\/cache\/20260305_RS_ROBS0334.jpg-nggid0536767-ngg0dyn-238x158x100-00f0w010c011r110f110r010t010.jpg\"\/>\n\t\t\t\t\t\t\t<\/a>\n\t\t\t\t\t\t\t\t\t\t\t<\/div>\n\t\t\t\t<\/div>\n\t\t\t\t\t\t\t\t<h4>\n\t\t\t\t\t<a class='ngg-album-desc'\n\t\t\t\t\t\ttitle='Galeria Enter - Janusz S\u0142awek Piszczatowski - Ziarno i Pixele - wystawa fotografii' href='https:\/\/13muz.eu\/en\/wernisaze\/nggallery\/wernisaze\/galeria-enter-janusz-slawek-piszczatowski-ziarno-i-pixele-wystawa-fotografii'style=\"max-width: 258px\"\t\t\t\t\t>\n\t\t\t\t\t\tGaleria Enter - Janusz S\u0142awek Piszczatowski - Ziarno i Pixele - wystawa fotografii\t\t\t\t\t<\/a>\n\t\t\t\t<\/h4>\n\t\t\t\t<p class=\"ngg-album-gallery-image-counter\">\n\t\t\t\t\t\t\t\t\t\t\t<strong>70<\/strong>&nbsp;Photos\t\t\t\t\t\t\t\t\t<\/p>\n\t\t\t<\/div>\n\t\t\t\t\t<div class=\"ngg-album-compact\">\n\t\t\t\t<div class=\"ngg-album-compactbox\">\n\t\t\t\t\t<div class=\"ngg-album-link\">\n\t\t\t\t\t\t\t\t\t\t\t\t\t<a title='Faustyna Szacho\u0144, Nadia Al Zaben - Wspomnienia - malarstwo i grafika' href='https:\/\/13muz.eu\/en\/wernisaze\/nggallery\/wernisaze\/faustyna-szachon-nadia-al-zaben-wspomnienia-malarstwo-i-grafika'>\n\t\t\t\t\t\t\t\t<img class=\"Thumb\"\n\t\t\t\t\t\t\t\t\talt=\"Faustyna Szacho\u0144, Nadia Al Zaben - Wspomnienia - malarstwo i grafika\"\n\t\t\t\t\t\t\t\t\tsrc=\"https:\/\/13muz.eu\/http%3A\/test.13muz.eu\/wp-content\/gallery\/faustyna-szachon-nadia-al-zaben-wspomnienia-malarstwo-i-grafika\/cache\/20260218_RS_ROBS1068.jpg-nggid0536559-ngg0dyn-238x158x100-00f0w010c011r110f110r010t010.jpg\"\/>\n\t\t\t\t\t\t\t<\/a>\n\t\t\t\t\t\t\t\t\t\t\t<\/div>\n\t\t\t\t<\/div>\n\t\t\t\t\t\t\t\t<h4>\n\t\t\t\t\t<a class='ngg-album-desc'\n\t\t\t\t\t\ttitle='Faustyna Szacho\u0144, Nadia Al Zaben - Wspomnienia - malarstwo i grafika' href='https:\/\/13muz.eu\/en\/wernisaze\/nggallery\/wernisaze\/faustyna-szachon-nadia-al-zaben-wspomnienia-malarstwo-i-grafika'style=\"max-width: 258px\"\t\t\t\t\t>\n\t\t\t\t\t\tFaustyna Szacho\u0144, Nadia Al Zaben - Wspomnienia - malarstwo i grafika\t\t\t\t\t<\/a>\n\t\t\t\t<\/h4>\n\t\t\t\t<p class=\"ngg-album-gallery-image-counter\">\n\t\t\t\t\t\t\t\t\t\t\t<strong>60<\/strong>&nbsp;Photos\t\t\t\t\t\t\t\t\t<\/p>\n\t\t\t<\/div>\n\t\t\t\t\t<div class=\"ngg-album-compact\">\n\t\t\t\t<div class=\"ngg-album-compactbox\">\n\t\t\t\t\t<div class=\"ngg-album-link\">\n\t\t\t\t\t\t\t\t\t\t\t\t\t<a title='Galeria Enter - Beata Piechocka _ Ohrim Siergiej - Dwa \u015awiaty - wystawa fotografii' href='https:\/\/13muz.eu\/en\/wernisaze\/nggallery\/wernisaze\/galeria-enter-beata-piechocka-_-ohrim-siergiej-dwa-swiaty-wystawa-fotografii'>\n\t\t\t\t\t\t\t\t<img class=\"Thumb\"\n\t\t\t\t\t\t\t\t\talt=\"Galeria Enter - Beata Piechocka _ Ohrim Siergiej - Dwa \u015awiaty - wystawa fotografii\"\n\t\t\t\t\t\t\t\t\tsrc=\"https:\/\/13muz.eu\/http%3A\/test.13muz.eu\/wp-content\/gallery\/galeria-enter-beata-piechocka-_-ohrim-siergiej-dwa-swiaty-wystawa-fotografii\/cache\/20260205_RS_ROBS6830.jpg-nggid0536467-ngg0dyn-238x158x100-00f0w010c011r110f110r010t010.jpg\"\/>\n\t\t\t\t\t\t\t<\/a>\n\t\t\t\t\t\t\t\t\t\t\t<\/div>\n\t\t\t\t<\/div>\n\t\t\t\t\t\t\t\t<h4>\n\t\t\t\t\t<a class='ngg-album-desc'\n\t\t\t\t\t\ttitle='Galeria Enter - Beata Piechocka _ Ohrim Siergiej - Dwa \u015awiaty - wystawa fotografii' href='https:\/\/13muz.eu\/en\/wernisaze\/nggallery\/wernisaze\/galeria-enter-beata-piechocka-_-ohrim-siergiej-dwa-swiaty-wystawa-fotografii'style=\"max-width: 258px\"\t\t\t\t\t>\n\t\t\t\t\t\tGaleria Enter - Beata Piechocka _ Ohrim Siergiej - Dwa \u015awiaty - wystawa fotografii\t\t\t\t\t<\/a>\n\t\t\t\t<\/h4>\n\t\t\t\t<p class=\"ngg-album-gallery-image-counter\">\n\t\t\t\t\t\t\t\t\t\t\t<strong>50<\/strong>&nbsp;Photos\t\t\t\t\t\t\t\t\t<\/p>\n\t\t\t<\/div>\n\t\t\t\t\t<div class=\"ngg-album-compact\">\n\t\t\t\t<div class=\"ngg-album-compactbox\">\n\t\t\t\t\t<div class=\"ngg-album-link\">\n\t\t\t\t\t\t\t\t\t\t\t\t\t<a title='Galeria Foyer - Julia Troszczy\u0144ska i Julia Bielecka - Po dw\u00f3ch stronach soczewki - grafika i malarstwo' href='https:\/\/13muz.eu\/en\/wernisaze\/nggallery\/wernisaze\/galeria-foyer-julia-troszczynska-i-julia-bielecka-po-dwoch-stronach-soczewki-grafika-i-malarstwo'>\n\t\t\t\t\t\t\t\t<img class=\"Thumb\"\n\t\t\t\t\t\t\t\t\talt=\"Galeria Foyer - Julia Troszczy\u0144ska i Julia Bielecka - Po dw\u00f3ch stronach soczewki - grafika i malarstwo\"\n\t\t\t\t\t\t\t\t\tsrc=\"https:\/\/13muz.eu\/http%3A\/test.13muz.eu\/wp-content\/gallery\/galeria-foyer-julia-troszczynska-i-julia-bielecka-po-dwoch-stronach-soczewki-grafika-i-malarstwo\/cache\/20260114_RS_ROBS7525.jpg-nggid0535986-ngg0dyn-238x158x100-00f0w010c011r110f110r010t010.jpg\"\/>\n\t\t\t\t\t\t\t<\/a>\n\t\t\t\t\t\t\t\t\t\t\t<\/div>\n\t\t\t\t<\/div>\n\t\t\t\t\t\t\t\t<h4>\n\t\t\t\t\t<a class='ngg-album-desc'\n\t\t\t\t\t\ttitle='Galeria Foyer - Julia Troszczy\u0144ska i Julia Bielecka - Po dw\u00f3ch stronach soczewki - grafika i malarstwo' href='https:\/\/13muz.eu\/en\/wernisaze\/nggallery\/wernisaze\/galeria-foyer-julia-troszczynska-i-julia-bielecka-po-dwoch-stronach-soczewki-grafika-i-malarstwo'style=\"max-width: 258px\"\t\t\t\t\t>\n\t\t\t\t\t\tGaleria Foyer - Julia Troszczy\u0144ska i Julia Bielecka - Po dw\u00f3ch stronach soczewki - grafika i malarstwo\t\t\t\t\t<\/a>\n\t\t\t\t<\/h4>\n\t\t\t\t<p class=\"ngg-album-gallery-image-counter\">\n\t\t\t\t\t\t\t\t\t\t\t<strong>60<\/strong>&nbsp;Photos\t\t\t\t\t\t\t\t\t<\/p>\n\t\t\t<\/div>\n\t\t\t\t\t<div class=\"ngg-album-compact\">\n\t\t\t\t<div class=\"ngg-album-compactbox\">\n\t\t\t\t\t<div class=\"ngg-album-link\">\n\t\t\t\t\t\t\t\t\t\t\t\t\t<a title='Galeria Enter - Maciej Nesterowicz - Lovenia' href='https:\/\/13muz.eu\/en\/wernisaze\/nggallery\/wernisaze\/galeria-enter-maciej-nesterowicz-lovenia'>\n\t\t\t\t\t\t\t\t<img class=\"Thumb\"\n\t\t\t\t\t\t\t\t\talt=\"Galeria Enter - Maciej Nesterowicz - Lovenia\"\n\t\t\t\t\t\t\t\t\tsrc=\"https:\/\/13muz.eu\/http%3A\/test.13muz.eu\/wp-content\/gallery\/galeria-enter-maciej-nesterowicz-lovenia\/cache\/20260108_RS_ROBS4778.jpg-nggid0535870-ngg0dyn-238x158x100-00f0w010c011r110f110r010t010.jpg\"\/>\n\t\t\t\t\t\t\t<\/a>\n\t\t\t\t\t\t\t\t\t\t\t<\/div>\n\t\t\t\t<\/div>\n\t\t\t\t\t\t\t\t<h4>\n\t\t\t\t\t<a class='ngg-album-desc'\n\t\t\t\t\t\ttitle='Galeria Enter - Maciej Nesterowicz - Lovenia' href='https:\/\/13muz.eu\/en\/wernisaze\/nggallery\/wernisaze\/galeria-enter-maciej-nesterowicz-lovenia'style=\"max-width: 258px\"\t\t\t\t\t>\n\t\t\t\t\t\tGaleria Enter - Maciej Nesterowicz - Lovenia\t\t\t\t\t<\/a>\n\t\t\t\t<\/h4>\n\t\t\t\t<p class=\"ngg-album-gallery-image-counter\">\n\t\t\t\t\t\t\t\t\t\t\t<strong>45<\/strong>&nbsp;Photos\t\t\t\t\t\t\t\t\t<\/p>\n\t\t\t<\/div>\n\t\t\t\t\t<div class=\"ngg-album-compact\">\n\t\t\t\t<div class=\"ngg-album-compactbox\">\n\t\t\t\t\t<div class=\"ngg-album-link\">\n\t\t\t\t\t\t\t\t\t\t\t\t\t<a title='Galeria Foyer - NIE - \u0179LE. Pomi\u0119dzy dwoma \u015bwiatami- sacrum i profanum w malarstwie' href='https:\/\/13muz.eu\/en\/wernisaze\/nggallery\/wernisaze\/galeria-foyer-nie-zle-pomiedzy-dwoma-swiatami-sacrum-i-profanum-w-malarstwie'>\n\t\t\t\t\t\t\t\t<img class=\"Thumb\"\n\t\t\t\t\t\t\t\t\talt=\"Galeria Foyer - NIE - \u0179LE. Pomi\u0119dzy dwoma \u015bwiatami- sacrum i profanum w malarstwie\"\n\t\t\t\t\t\t\t\t\tsrc=\"https:\/\/13muz.eu\/http%3A\/test.13muz.eu\/wp-content\/gallery\/galeria-foyer-nie-zle-pomiedzy-dwoma-swiatami-sacrum-i-profanum-w-malarstwie\/cache\/20251210_RS_ROBS3149.jpg-nggid0535579-ngg0dyn-238x158x100-00f0w010c011r110f110r010t010.jpg\"\/>\n\t\t\t\t\t\t\t<\/a>\n\t\t\t\t\t\t\t\t\t\t\t<\/div>\n\t\t\t\t<\/div>\n\t\t\t\t\t\t\t\t<h4>\n\t\t\t\t\t<a class='ngg-album-desc'\n\t\t\t\t\t\ttitle='Galeria Foyer - NIE - \u0179LE. Pomi\u0119dzy dwoma \u015bwiatami- sacrum i profanum w malarstwie' href='https:\/\/13muz.eu\/en\/wernisaze\/nggallery\/wernisaze\/galeria-foyer-nie-zle-pomiedzy-dwoma-swiatami-sacrum-i-profanum-w-malarstwie'style=\"max-width: 258px\"\t\t\t\t\t>\n\t\t\t\t\t\tGaleria Foyer - NIE - \u0179LE. Pomi\u0119dzy dwoma \u015bwiatami- sacrum i profanum w malarstwie\t\t\t\t\t<\/a>\n\t\t\t\t<\/h4>\n\t\t\t\t<p class=\"ngg-album-gallery-image-counter\">\n\t\t\t\t\t\t\t\t\t\t\t<strong>75<\/strong>&nbsp;Photos\t\t\t\t\t\t\t\t\t<\/p>\n\t\t\t<\/div>\n\t\t\t\t\t<div class=\"ngg-album-compact\">\n\t\t\t\t<div class=\"ngg-album-compactbox\">\n\t\t\t\t\t<div class=\"ngg-album-link\">\n\t\t\t\t\t\t\t\t\t\t\t\t\t<a title='Galeria Enter - Ewa Lidia - Poszukiwania 2.0_Syzyf - fotografia, grafika _ Maria Kulbacka - Fragmenty 2.0_pi\u0119kno jest w nas... - grafika, rysunek' href='https:\/\/13muz.eu\/en\/wernisaze\/nggallery\/wernisaze\/galeria-enter-ewa-lidia-poszukiwania-2-0_syzyf-fotografia-grafika-_-maria-kulbacka-fragmenty-2-0_piekno-jest-w-nas-grafika-rysunek'>\n\t\t\t\t\t\t\t\t<img class=\"Thumb\"\n\t\t\t\t\t\t\t\t\talt=\"Galeria Enter - Ewa Lidia - Poszukiwania 2.0_Syzyf - fotografia, grafika _ Maria Kulbacka - Fragmenty 2.0_pi\u0119kno jest w nas... - grafika, rysunek\"\n\t\t\t\t\t\t\t\t\tsrc=\"https:\/\/13muz.eu\/http%3A\/test.13muz.eu\/wp-content\/gallery\/galeria-enter-ewa-lidia-poszukiwania-2-0_syzyf-fotografia-grafika-_-maria-kulbacka-fragmenty-2-0_piekno-jest-w-nas-grafika-rysunek\/cache\/20251204_RS_ROBS1868.jpg-nggid0535425-ngg0dyn-238x158x100-00f0w010c011r110f110r010t010.jpg\"\/>\n\t\t\t\t\t\t\t<\/a>\n\t\t\t\t\t\t\t\t\t\t\t<\/div>\n\t\t\t\t<\/div>\n\t\t\t\t\t\t\t\t<h4>\n\t\t\t\t\t<a class='ngg-album-desc'\n\t\t\t\t\t\ttitle='Galeria Enter - Ewa Lidia - Poszukiwania 2.0_Syzyf - fotografia, grafika _ Maria Kulbacka - Fragmenty 2.0_pi\u0119kno jest w nas... - grafika, rysunek' href='https:\/\/13muz.eu\/en\/wernisaze\/nggallery\/wernisaze\/galeria-enter-ewa-lidia-poszukiwania-2-0_syzyf-fotografia-grafika-_-maria-kulbacka-fragmenty-2-0_piekno-jest-w-nas-grafika-rysunek'style=\"max-width: 258px\"\t\t\t\t\t>\n\t\t\t\t\t\tGaleria Enter - Ewa Lidia - Poszukiwania 2.0_Syzyf - fotografia, grafika _ Maria Kulbacka - Fragmenty 2.0_pi\u0119kno jest w nas... - grafika, rysunek\t\t\t\t\t<\/a>\n\t\t\t\t<\/h4>\n\t\t\t\t<p class=\"ngg-album-gallery-image-counter\">\n\t\t\t\t\t\t\t\t\t\t\t<strong>75<\/strong>&nbsp;Photos\t\t\t\t\t\t\t\t\t<\/p>\n\t\t\t<\/div>\n\t\t\t\t\t<div class=\"ngg-album-compact\">\n\t\t\t\t<div class=\"ngg-album-compactbox\">\n\t\t\t\t\t<div class=\"ngg-album-link\">\n\t\t\t\t\t\t\t\t\t\t\t\t\t<a title='Galeria Enter - Maciej Mielnicki - rysunek' href='https:\/\/13muz.eu\/en\/wernisaze\/nggallery\/wernisaze\/galeria-enter-maciej-mielnicki-rysunek'>\n\t\t\t\t\t\t\t\t<img class=\"Thumb\"\n\t\t\t\t\t\t\t\t\talt=\"Galeria Enter - Maciej Mielnicki - rysunek\"\n\t\t\t\t\t\t\t\t\tsrc=\"https:\/\/13muz.eu\/http%3A\/test.13muz.eu\/wp-content\/gallery\/galeria-enter-maciej-mielnicki-rysunek\/cache\/20251106_RS_PA__6564.jpg-nggid0535071-ngg0dyn-238x158x100-00f0w010c011r110f110r010t010.jpg\"\/>\n\t\t\t\t\t\t\t<\/a>\n\t\t\t\t\t\t\t\t\t\t\t<\/div>\n\t\t\t\t<\/div>\n\t\t\t\t\t\t\t\t<h4>\n\t\t\t\t\t<a class='ngg-album-desc'\n\t\t\t\t\t\ttitle='Galeria Enter - Maciej Mielnicki - rysunek' href='https:\/\/13muz.eu\/en\/wernisaze\/nggallery\/wernisaze\/galeria-enter-maciej-mielnicki-rysunek'style=\"max-width: 258px\"\t\t\t\t\t>\n\t\t\t\t\t\tGaleria Enter - Maciej Mielnicki - rysunek\t\t\t\t\t<\/a>\n\t\t\t\t<\/h4>\n\t\t\t\t<p class=\"ngg-album-gallery-image-counter\">\n\t\t\t\t\t\t\t\t\t\t\t<strong>40<\/strong>&nbsp;Photos\t\t\t\t\t\t\t\t\t<\/p>\n\t\t\t<\/div>\n\t\t\t\t\t<div class=\"ngg-album-compact\">\n\t\t\t\t<div class=\"ngg-album-compactbox\">\n\t\t\t\t\t<div class=\"ngg-album-link\">\n\t\t\t\t\t\t\t\t\t\t\t\t\t<a title='Galeria Foyer - Andrzej Buko - Moja tw\u00f3rczo\u015b\u0107 - ebru' href='https:\/\/13muz.eu\/en\/wernisaze\/nggallery\/wernisaze\/galeria-foyer-andrzej-buko-moja-tworczosc-ebru'>\n\t\t\t\t\t\t\t\t<img class=\"Thumb\"\n\t\t\t\t\t\t\t\t\talt=\"Galeria Foyer - Andrzej Buko - Moja tw\u00f3rczo\u015b\u0107 - ebru\"\n\t\t\t\t\t\t\t\t\tsrc=\"https:\/\/13muz.eu\/http%3A\/test.13muz.eu\/wp-content\/gallery\/galeria-foyer-andrzej-buko-moja-tworczosc-ebru\/cache\/20251105_RS_ROBS6540.jpg-nggid0535027-ngg0dyn-238x158x100-00f0w010c011r110f110r010t010.jpg\"\/>\n\t\t\t\t\t\t\t<\/a>\n\t\t\t\t\t\t\t\t\t\t\t<\/div>\n\t\t\t\t<\/div>\n\t\t\t\t\t\t\t\t<h4>\n\t\t\t\t\t<a class='ngg-album-desc'\n\t\t\t\t\t\ttitle='Galeria Foyer - Andrzej Buko - Moja tw\u00f3rczo\u015b\u0107 - ebru' href='https:\/\/13muz.eu\/en\/wernisaze\/nggallery\/wernisaze\/galeria-foyer-andrzej-buko-moja-tworczosc-ebru'style=\"max-width: 258px\"\t\t\t\t\t>\n\t\t\t\t\t\tGaleria Foyer - Andrzej Buko - Moja tw\u00f3rczo\u015b\u0107 - ebru\t\t\t\t\t<\/a>\n\t\t\t\t<\/h4>\n\t\t\t\t<p class=\"ngg-album-gallery-image-counter\">\n\t\t\t\t\t\t\t\t\t\t\t<strong>95<\/strong>&nbsp;Photos\t\t\t\t\t\t\t\t\t<\/p>\n\t\t\t<\/div>\n\t\t\t\t<br class=\"ngg-clear\"\/>\n\t\t<div class='ngg-navigation'><span class='current'>1<\/span>\n<a class='page-numbers' data-pageid='2' href='https:\/\/13muz.eu\/en\/wernisaze\/nggallery\/page\/2'>2<\/a>\n<span class='ellipsis'>...<\/span>\n<a class='page-numbers' data-pageid='12' href='https:\/\/13muz.eu\/en\/wernisaze\/nggallery\/page\/12'>12<\/a>\n<a class='prev' href='https:\/\/13muz.eu\/en\/wernisaze\/nggallery\/page\/2' data-pageid=2>&#9658;<\/a><\/div>\t<\/div>\n\n","protected":false},"excerpt":{"rendered":"","protected":false},"author":1,"featured_media":0,"parent":0,"menu_order":0,"comment_status":"closed","ping_status":"closed","template":"","meta":{"ngg_post_thumbnail":0,"_price":"","_stock":"","_tribe_ticket_header":"","_tribe_default_ticket_provider":"","_ticket_start_date":"","_ticket_end_date":"","_tribe_ticket_show_description":"","_tribe_ticket_show_not_going":false,"_tribe_ticket_use_global_stock":"","_tribe_ticket_global_stock_level":"","_global_stock_mode":"","_global_stock_cap":"","_tribe_rsvp_for_event":"","_tribe_ticket_going_count":"","_tribe_ticket_not_going_count":"","_tribe_tickets_list":"[]","_tribe_ticket_has_attendee_info_fields":false,"footnotes":"","_tec_slr_enabled":"","_tec_slr_layout":""},"class_list":["post-1122","page","type-page","status-publish","hentry"],"ticketed":false,"post_mailing_queue_ids":[],"_links":{"self":[{"href":"https:\/\/13muz.eu\/en\/wp-json\/wp\/v2\/pages\/1122","targetHints":{"allow":["GET"]}}],"collection":[{"href":"https:\/\/13muz.eu\/en\/wp-json\/wp\/v2\/pages"}],"about":[{"href":"https:\/\/13muz.eu\/en\/wp-json\/wp\/v2\/types\/page"}],"author":[{"embeddable":true,"href":"https:\/\/13muz.eu\/en\/wp-json\/wp\/v2\/users\/1"}],"replies":[{"embeddable":true,"href":"https:\/\/13muz.eu\/en\/wp-json\/wp\/v2\/comments?post=1122"}],"version-history":[{"count":0,"href":"https:\/\/13muz.eu\/en\/wp-json\/wp\/v2\/pages\/1122\/revisions"}],"wp:attachment":[{"href":"https:\/\/13muz.eu\/en\/wp-json\/wp\/v2\/media?parent=1122"}],"curies":[{"name":"wp","href":"https:\/\/api.w.org\/{rel}","templated":true}]}}